{"id":8641,"date":"2021-02-02T10:57:00","date_gmt":"2021-02-02T09:57:00","guid":{"rendered":"http:\/\/innocentiemangonipiante.it\/2021\/02\/02\/download-innocenti-e-mangoni-plant-app\/"},"modified":"2025-10-09T11:39:27","modified_gmt":"2025-10-09T09:39:27","slug":"download-i-m-plant-app","status":"publish","type":"page","link":"https:\/\/innocentiemangonipiante.it\/en\/download-i-m-plant-app\/","title":{"rendered":"Download I&#038;M plant App"},"content":{"rendered":"<p><a href=\"https:\/\/apps.apple.com\/it\/app\/i-m-plant\/id1553071465\" rel=\"nofollow noopener\" target=\"_blank\"><img decoding=\"async\" src=\"\/wp-content\/uploads\/2023\/07\/appstore.jpg\" alt=\"scarica app innocenti e mangoni su app store\" title=\"\"><\/a><br \/>\n<a href=\"https:\/\/play.google.com\/store\/apps\/details?id=it.innocentiemangonipiante.clienti&#038;hl=it\" rel=\"nofollow noopener\" target=\"_blank\"><img decoding=\"async\" src=\"\/wp-content\/uploads\/2023\/07\/googleplay-1.jpg\" alt=\"scarica app innocenti e mangoni su google play\" title=\"\"><\/a><\/p>\n<h1>Download I&#038;M App. Stay Connected<\/h1>\n<div>\n<p><strong>I&amp;M PLANT.APP<\/strong> is the digital nursery of Innocenti &amp; Mangoni Piante.<\/p>\n<p>Shorten the distance with the use of technology. An App that does it all: communicate with your dedicated sales manager, receive personalized offers, check availability of our plants, enter our nurseries through the new 360\u00b0 virtual tour experience.<\/p>\n<p>We aim to put at disposal the digitalization of our nurseries to our clients in order to improve supply and consulting services.<\/p>\n<p><strong>I&amp;M PLANT.APP<\/strong> allows each of our customers, be these <strong>Garden Centres<\/strong>, <strong>Landscaping Companies<\/strong>, <strong>Plant Nurseries<\/strong>, <strong>Public Bodies<\/strong> or <strong>General Contractors<\/strong>, to virtually enter in our nursery, discover all the varieties of plants we grow, choose preferred quantities and sizes and place an order.<\/p>\n<p>We like to think that our plants are an integral part of our family and of our land.<\/p>\n<p>We look after them with consistency and love in the fertile plain in Pistoia of over 320 hectares where we grow 1500 varieties of ornamental plants of every shape and size, trees and shrubs, Mediterranean species, fruit trees, roses, species grown using <a href=\"https:\/\/innocentiemangonipiante.it\/en\/topiary-art-plants-with-shapes\/\">topiary<\/a> techniques from natural shapes to the most geometrical or eccentric designs.<\/p>\n<p>Our main production sectors are:<\/p>\n<p><strong>YOUNG PLANTS NURSERY<\/strong><\/p>\n<p><strong>OPEN GROUND NURSERY<\/strong><\/p>\n<p><strong>CONTAINER NURSERY<\/strong><\/p>\n<p><strong>SHAPED PLANTS<\/strong><\/p>\n<p>\u00a0<\/p>\n<p>Download <strong>I&amp;M PLANT.APP<\/strong>, stay connected with us.<\/p>\n<\/div>\n<hr>\n<p><a href=\"https:\/\/apps.apple.com\/it\/app\/i-m-plant\/id1553071465\" rel=\"nofollow noopener\" target=\"_blank\"><img decoding=\"async\" src=\"\/wp-content\/uploads\/2023\/07\/appstore.jpg\" alt=\"scarica app innocenti e mangoni su app store\" title=\"\"><\/a><br \/>\n<a href=\"https:\/\/play.google.com\/store\/apps\/details?id=it.innocentiemangonipiante.clienti&#038;hl=it\" rel=\"nofollow noopener\" target=\"_blank\"><img decoding=\"async\" src=\"\/wp-content\/uploads\/2023\/07\/googleplay-1.jpg\" alt=\"scarica app innocenti e mangoni su google play\" title=\"\"><\/a><\/p>\n<ul>\n<li>\n<p>        <img decoding=\"async\" src=\"\/wp-content\/uploads\/2025\/01\/Plant-app-2025-1-1.jpg\" alt=\"app innocenti e mangoni su smartphone\" title=\"\"><\/p>\n<p><a href=\"https:\/\/apps.innocentiemangonipiante.it\/\">Read more<\/a><\/p>\n<\/li>\n<li>\n<p>        <img decoding=\"async\" src=\"\/wp-content\/uploads\/2025\/01\/Plant-app-2025-2-eng.jpg\" alt=\"dashboard app innocenti e mangoni su smartphone\" title=\"\"><\/p>\n<p><a href=\"https:\/\/apps.innocentiemangonipiante.it\/\">Read more<\/a><\/p>\n<\/li>\n<li>\n<p>        <img decoding=\"async\" src=\"\/wp-content\/uploads\/2025\/09\/Plant-app-2025-3-eng.jpg\" alt=\"cerca pianta su app innocenti e mangoni su smartphone\" title=\"\"><\/p>\n<p><a href=\"https:\/\/apps.innocentiemangonipiante.it\/\">Read more<\/a><\/p>\n<\/li>\n<li>\n<p>        <img decoding=\"async\" src=\"\/wp-content\/uploads\/2025\/01\/Plant-app-2025-4-eng.jpg\" alt=\"offerte personalizzate su app innocenti e mangoni su smartphone\" title=\"\"><\/p>\n<p><a href=\"https:\/\/apps.innocentiemangonipiante.it\/\">Read more<\/a><\/p>\n<\/li>\n<li>\n<p>        <img decoding=\"async\" src=\"\/wp-content\/uploads\/2025\/09\/Plant-app-2025-5-eng.jpg\" alt=\"elenco ordini su app innocenti e mangoni su smartphone\" title=\"\"><\/p>\n<p><a href=\"https:\/\/apps.innocentiemangonipiante.it\/\">Read more<\/a><\/p>\n<\/li>\n<li>\n<p>        <img decoding=\"async\" src=\"\/wp-content\/uploads\/2025\/01\/Plant-app-2025-6-eng.jpg\" alt=\"carrello dell&#039;app innocenti e mangoni su smartphone\" title=\"\"><\/p>\n<p><a href=\"https:\/\/apps.innocentiemangonipiante.it\/\">Read more<\/a><\/p>\n<\/li>\n<li>\n<p>        <img decoding=\"async\" src=\"\/wp-content\/uploads\/2025\/01\/Plant-app-2025-7-eng.jpg\" alt=\"nursery virtual tour su app innocenti e mangoni su smartphone\" title=\"\"><\/p>\n<p><a href=\"https:\/\/apps.innocentiemangonipiante.it\/\">Read more<\/a><\/p>\n<\/li>\n<\/ul>\n<p><!--more--><br \/>\n<!-- {\"name\":\"PAGINA SCARICA APP\",\"type\":\"layout\",\"children\":[{\"type\":\"section\",\"props\":{\"class\":\"videoapp\",\"css\":\".el-section {aspect-ratio: 16\\\/9;}\",\"header_transparent\":\"dark\",\"header_transparent_noplaceholder\":true,\"image_position\":\"center-center\",\"padding\":\"xlarge\",\"style\":\"default\",\"title_breakpoint\":\"xl\",\"title_position\":\"top-left\",\"title_rotation\":\"left\",\"vertical_align\":\"middle\",\"video\":\"wp-content\\\/uploads\\\/2025\\\/09\\\/Video-presentazione-APP.mp4\",\"video_height\":\"800\",\"width\":\"\"},\"children\":[{\"type\":\"row\",\"children\":[{\"type\":\"column\",\"props\":{\"image_position\":\"center-center\",\"position_sticky_breakpoint\":\"m\",\"width_medium\":\"1-1\"}}]}],\"name\":\"AAA-RIGA-VERDE\"},{\"type\":\"section\",\"props\":{\"class\":\"tastiscaricoapp\",\"css\":\".el-section img {border-radius: 10px;}\",\"image_position\":\"center-center\",\"style\":\"default\",\"title_breakpoint\":\"xl\",\"title_position\":\"top-left\",\"title_rotation\":\"left\",\"vertical_align\":\"middle\",\"width\":\"xlarge\"},\"children\":[{\"type\":\"row\",\"props\":{\"layout\":\"1-2,1-2\"},\"children\":[{\"type\":\"column\",\"props\":{\"image_position\":\"center-center\",\"position_sticky_breakpoint\":\"m\",\"width_medium\":\"1-2\"},\"children\":[{\"type\":\"image\",\"props\":{\"image\":\"wp-content\\\/uploads\\\/2023\\\/07\\\/appstore.jpg\",\"image_alt\":\"scarica app innocenti e mangoni su app store\",\"image_svg_color\":\"emphasis\",\"link\":\"https:\\\/\\\/apps.apple.com\\\/it\\\/app\\\/i-m-plant\\\/id1553071465\",\"margin\":\"default\",\"text_align\":\"right\"}}]},{\"type\":\"column\",\"props\":{\"image_position\":\"center-center\",\"position_sticky_breakpoint\":\"m\",\"width_medium\":\"1-2\"},\"children\":[{\"type\":\"image\",\"props\":{\"image\":\"wp-content\\\/uploads\\\/2023\\\/07\\\/googleplay-1.jpg\",\"image_alt\":\"scarica app innocenti e mangoni su google play\",\"image_svg_color\":\"emphasis\",\"link\":\"https:\\\/\\\/play.google.com\\\/store\\\/apps\\\/details?id=it.innocentiemangonipiante.clienti&hl=it\",\"margin\":\"default\"}}]}]}]},{\"type\":\"section\",\"props\":{\"image\":\"images\\\/2021\\\/icone\\\/iem-vivaio--109.jpg\",\"image_position\":\"bottom-right\",\"style\":\"default\",\"title_breakpoint\":\"xl\",\"title_position\":\"top-left\",\"title_rotation\":\"left\",\"vertical_align\":\"middle\",\"width\":\"xlarge\"},\"children\":[{\"type\":\"row\",\"children\":[{\"type\":\"column\",\"props\":{\"image_position\":\"center-center\",\"position_sticky_breakpoint\":\"m\"},\"children\":[{\"type\":\"headline\",\"props\":{\"content\":\"Download I&M App. Stay Connected\",\"title_color\":\"primary\",\"title_element\":\"h1\",\"title_style\":\"heading-medium\"}}]}]},{\"type\":\"row\",\"children\":[{\"type\":\"column\",\"props\":{\"image_position\":\"center-center\",\"position_sticky_breakpoint\":\"m\"},\"children\":[{\"type\":\"text\",\"props\":{\"column_breakpoint\":\"m\",\"content\":\"\n\n<p><strong>I&amp;M PLANT.APP<\\\/strong> is the digital nursery of Innocenti &amp; Mangoni Piante.<\\\/p>\\n\n\n<p>Shorten the distance with the use of technology. An App that does it all: communicate with your dedicated sales manager, receive personalized offers, check availability of our plants, enter our nurseries through the new 360\\u00b0 virtual tour experience.<\\\/p>\\n\n\n<p>We aim to put at disposal the digitalization of our nurseries to our clients in order to improve supply and consulting services.<\\\/p>\\n\n\n<p><strong>I&amp;M PLANT.APP<\\\/strong> allows each of our customers, be these <strong>Garden Centres<\\\/strong>, <strong>Landscaping Companies<\\\/strong>, <strong>Plant Nurseries<\\\/strong>, <strong>Public Bodies<\\\/strong> or <strong>General Contractors<\\\/strong>, to virtually enter in our nursery, discover all the varieties of plants we grow, choose preferred quantities and sizes and place an order.<\\\/p>\\n\n\n<p>We like to think that our plants are an integral part of our family and of our land.<\\\/p>\\n\n\n<p>We look after them with consistency and love in the fertile plain in Pistoia of over 320 hectares where we grow 1500 varieties of ornamental plants of every shape and size, trees and shrubs, Mediterranean species, fruit trees, roses, species grown using topiary techniques from natural shapes to the most geometrical or eccentric designs.<\\\/p>\\n\n\n<p>Our main production sectors are:<\\\/p>\\n\n\n<p><strong>YOUNG PLANTS NURSERY<\\\/strong><\\\/p>\\n\n\n<p><strong>OPEN GROUND NURSERY<\\\/strong><\\\/p>\\n\n\n<p><strong>CONTAINER NURSERY<\\\/strong><\\\/p>\\n\n\n<p><strong>SHAPED PLANTS<\\\/strong><\\\/p>\\n\n\n<p>\\u00a0<\\\/p>\\n\n\n<p>Download <strong>I&amp;M PLANT.APP<\\\/strong>, stay connected with us.<\\\/p>\",\"margin\":\"default\"}},{\"type\":\"divider\",\"props\":{\"divider_element\":\"hr\"}}]}]}]},{\"type\":\"section\",\"props\":{\"class\":\"tastiscaricoapp\",\"css\":\".el-section img {border-radius: 10px;}\",\"image_position\":\"center-center\",\"style\":\"default\",\"title_breakpoint\":\"xl\",\"title_position\":\"top-left\",\"title_rotation\":\"left\",\"vertical_align\":\"middle\",\"width\":\"xlarge\"},\"children\":[{\"type\":\"row\",\"props\":{\"layout\":\"1-2,1-2\"},\"children\":[{\"type\":\"column\",\"props\":{\"image_position\":\"center-center\",\"position_sticky_breakpoint\":\"m\",\"width_medium\":\"1-2\"},\"children\":[{\"type\":\"image\",\"props\":{\"image\":\"wp-content\\\/uploads\\\/2023\\\/07\\\/appstore.jpg\",\"image_alt\":\"scarica app innocenti e mangoni su app store\",\"image_svg_color\":\"emphasis\",\"link\":\"https:\\\/\\\/apps.apple.com\\\/it\\\/app\\\/i-m-plant\\\/id1553071465\",\"margin\":\"default\",\"text_align\":\"right\"}}]},{\"type\":\"column\",\"props\":{\"image_position\":\"center-center\",\"position_sticky_breakpoint\":\"m\",\"width_medium\":\"1-2\"},\"children\":[{\"type\":\"image\",\"props\":{\"image\":\"wp-content\\\/uploads\\\/2023\\\/07\\\/googleplay-1.jpg\",\"image_alt\":\"scarica app innocenti e mangoni su google play\",\"image_svg_color\":\"emphasis\",\"link\":\"https:\\\/\\\/play.google.com\\\/store\\\/apps\\\/details?id=it.innocentiemangonipiante.clienti&hl=it\",\"margin\":\"default\"}}]}]}]},{\"type\":\"section\",\"props\":{\"image\":\"wp-content\\\/uploads\\\/2023\\\/08\\\/piedino-1.svg\",\"image_position\":\"center-center\",\"media_overlay\":\"#F5F5F3\",\"padding\":\"none\",\"style\":\"default\",\"title_breakpoint\":\"xl\",\"title_position\":\"top-left\",\"title_rotation\":\"left\",\"vertical_align\":\"middle\",\"width\":\"\"},\"children\":[{\"type\":\"row\",\"children\":[{\"type\":\"column\",\"props\":{\"image_position\":\"center-center\",\"position_sticky_breakpoint\":\"m\"},\"children\":[{\"type\":\"overlay-slider\",\"props\":{\"image_transition\":\"scale-up\",\"image_width\":\"400\",\"link_style\":\"default\",\"link_text\":\"Read more\",\"margin\":\"default\",\"meta_align\":\"below-title\",\"meta_element\":\"div\",\"meta_style\":\"text-meta\",\"nav\":\"\",\"nav_align\":\"center\",\"nav_breakpoint\":\"s\",\"overlay_hover\":true,\"overlay_mode\":\"caption\",\"overlay_padding\":\"large\",\"overlay_position\":\"bottom-center\",\"overlay_style\":\"overlay-primary\",\"overlay_transition\":\"fade\",\"show_content\":false,\"show_hover_image\":true,\"show_link\":false,\"show_meta\":true,\"show_title\":false,\"slidenav\":\"outside\",\"slidenav_breakpoint\":\"s\",\"slidenav_margin\":\"medium\",\"slidenav_outside_breakpoint\":\"xl\",\"slider_autoplay\":true,\"slider_autoplay_interval\":\"15\",\"slider_autoplay_pause\":true,\"slider_center\":true,\"slider_finite\":true,\"slider_gap\":\"default\",\"slider_width\":\"fixed\",\"slider_width_default\":\"1-2\",\"slider_width_medium\":\"1-4\",\"text_align\":\"center\",\"title_element\":\"h3\",\"title_hover_style\":\"reset\"},\"children\":[{\"type\":\"overlay-slider_item\",\"props\":{\"content\":\"\",\"image\":\"wp-content\\\/uploads\\\/2025\\\/01\\\/Plant-app-2025-1-1.jpg\",\"image_alt\":\"app innocenti e mangoni su smartphone\",\"link\":\"https:\\\/\\\/apps.innocentiemangonipiante.it\\\/\",\"title\":\"\"}},{\"type\":\"overlay-slider_item\",\"props\":{\"content\":\"\",\"image\":\"wp-content\\\/uploads\\\/2025\\\/01\\\/Plant-app-2025-2-eng.jpg\",\"image_alt\":\"dashboard app innocenti e mangoni su smartphone\",\"link\":\"https:\\\/\\\/apps.innocentiemangonipiante.it\\\/\",\"title\":\"\"}},{\"type\":\"overlay-slider_item\",\"props\":{\"content\":\"\",\"image\":\"wp-content\\\/uploads\\\/2025\\\/09\\\/Plant-app-2025-3-eng.jpg\",\"image_alt\":\"cerca pianta su app innocenti e mangoni su smartphone\",\"link\":\"https:\\\/\\\/apps.innocentiemangonipiante.it\\\/\"}},{\"type\":\"overlay-slider_item\",\"props\":{\"content\":\"\",\"image\":\"wp-content\\\/uploads\\\/2025\\\/01\\\/Plant-app-2025-4-eng.jpg\",\"image_alt\":\"offerte personalizzate su app innocenti e mangoni su smartphone\",\"link\":\"https:\\\/\\\/apps.innocentiemangonipiante.it\\\/\"}},{\"type\":\"overlay-slider_item\",\"props\":{\"content\":\"\",\"image\":\"wp-content\\\/uploads\\\/2025\\\/09\\\/Plant-app-2025-5-eng.jpg\",\"image_alt\":\"elenco ordini su app innocenti e mangoni su smartphone\",\"link\":\"https:\\\/\\\/apps.innocentiemangonipiante.it\\\/\"}},{\"type\":\"overlay-slider_item\",\"props\":{\"content\":\"\",\"image\":\"wp-content\\\/uploads\\\/2025\\\/01\\\/Plant-app-2025-6-eng.jpg\",\"image_alt\":\"carrello dell'app innocenti e mangoni su smartphone\",\"link\":\"https:\\\/\\\/apps.innocentiemangonipiante.it\\\/\"}},{\"type\":\"overlay-slider_item\",\"props\":{\"content\":\"\",\"image\":\"wp-content\\\/uploads\\\/2025\\\/01\\\/Plant-app-2025-7-eng.jpg\",\"image_alt\":\"nursery virtual tour su app innocenti e mangoni su smartphone\",\"link\":\"https:\\\/\\\/apps.innocentiemangonipiante.it\\\/\"}}]}]}]}]},{\"type\":\"section\",\"props\":{\"class\":\"tastiscaricoapp\",\"image_position\":\"center-center\",\"status\":\"disabled\",\"style\":\"default\",\"title_breakpoint\":\"xl\",\"title_position\":\"top-left\",\"title_rotation\":\"left\",\"vertical_align\":\"middle\",\"width\":\"xlarge\"},\"children\":[{\"type\":\"row\",\"props\":{\"layout\":\"1-2,1-2\"},\"children\":[{\"type\":\"column\",\"props\":{\"image_position\":\"center-center\",\"position_sticky_breakpoint\":\"m\",\"width_medium\":\"1-2\"},\"children\":[{\"type\":\"image\",\"props\":{\"image\":\"wp-content\\\/uploads\\\/2023\\\/07\\\/appstore.jpg\",\"image_alt\":\"scarica app innocenti e mangoni su app store\",\"image_svg_color\":\"emphasis\",\"link\":\"https:\\\/\\\/apps.apple.com\\\/it\\\/app\\\/i-m-plant\\\/id1553071465\",\"margin\":\"default\",\"text_align\":\"right\"}}]},{\"type\":\"column\",\"props\":{\"image_position\":\"center-center\",\"position_sticky_breakpoint\":\"m\",\"width_medium\":\"1-2\"},\"children\":[{\"type\":\"image\",\"props\":{\"image\":\"wp-content\\\/uploads\\\/2023\\\/07\\\/googleplay-1.jpg\",\"image_alt\":\"scarica app innocenti e mangoni su google play\",\"image_svg_color\":\"emphasis\",\"link\":\"https:\\\/\\\/play.google.com\\\/store\\\/apps\\\/details?id=it.innocentiemangonipiante.clienti&hl=it\",\"margin\":\"default\"}}]}]}]}],\"version\":\"4.2.13\",\"yooessentialsVersion\":\"2.1.5\"} --><\/p>\n","protected":false},"excerpt":{"rendered":"<div>\n<p>\u00a0<\/p>\n<p>\u00a0<\/p>\n<p>\u00a0<\/p>\n<p>\u00a0<\/p>\n<p>\u00a0<\/p>\n<p>\u00a0<\/p>\n<p>\u00a0<\/p>\n<p>\u00a0<\/p>\n<p>\u00a0<\/p>\n<p>\u00a0<\/p>\n<p>\u00a0<\/p>\n<\/div>\n<h1>Download I&#038;M App. Stay Connected<\/h1>\n<div>\n<p><strong>I&amp;M PLANT.APP<\/strong> is the digital nursery of Innocenti &amp; Mangoni Piante.<\/p>\n<p>Shorten the distance with the use of technology. An App that does it all: communicate with your dedicated sales manager, receive personalized offers, check availability of our plants, enter our nurseries through the new 360\u00b0 virtual tour experience.<\/p>\n<p>We aim to put at disposal the digitalization of our nurseries to our clients in order to improve supply and consulting services.<\/p>\n<p><strong>I&amp;M PLANT.APP<\/strong> allows each of our customers, be these <strong>Garden Centres<\/strong>, <strong>Landscaping Companies<\/strong>, <strong>Plant Nurseries<\/strong>, <strong>Public Bodies<\/strong> or <strong>General Contractors<\/strong>, to virtually enter in our nursery, discover all the varieties of plants we grow, choose preferred quantities and sizes and place an order.<\/p>\n<p>We like to think that our plants are an integral part of our family and of our land.<\/p>\n<p>We look after them with consistency and love in the fertile plain in Pistoia of over 320 hectares where we grow 1500 varieties of ornamental plants of every shape and size, trees and shrubs, Mediterranean species, fruit trees, roses, species grown using topiary techniques from natural shapes to the most geometrical or eccentric designs.<\/p>\n<p>Our main production sectors are:<\/p>\n<p><strong>YOUNG PLANTS NURSERY<\/strong><\/p>\n<p><strong>OPEN GROUND NURSERY<\/strong><\/p>\n<p><strong>CONTAINER NURSERY<\/strong><\/p>\n<p><strong>SHAPED PLANTS<\/strong><\/p>\n<p>\u00a0<\/p>\n<p>Download <strong>I&amp;M PLANT.APP<\/strong>, stay connected with us.<\/p>\n<\/div>\n<hr>\n<p><video src=\"\/images\/video\/ad%20app%20INGLESEmp4.mp4\" poster=\"\"><\/video><br \/>\n<a href=\"https:\/\/apps.apple.com\/us\/app\/i-m-plant\/id1553071465\"><img decoding=\"async\" src=\"http:\/\/innocentiemangonipiante.it\/wp-content\/uploads\/2011\/05\/appstore.jpg\" alt=\"\"><\/a><br \/>\n<a href=\"https:\/\/play.google.com\/store\/apps\/details?id=it.innocentiemangonipiante.clienti&#038;hl=en\"><img decoding=\"async\" src=\"http:\/\/innocentiemangonipiante.it\/wp-content\/uploads\/2011\/05\/googleplay.jpg\" alt=\"\"><\/a><\/p>\n<hr>\n<ul>\n<li>\n<p>        <img decoding=\"async\" src=\"http:\/\/innocentiemangonipiante.it\/wp-content\/uploads\/2021\/02\/screenshot_iphone_11_amm_APP-scaled.jpg\" alt=\"\"><\/p>\n<div>\n<p>Testo funzionalit\u00e0 di nquesta pagina\u00a0Testo funzionalit\u00e0 di nquesta paginaTesto funzionalit\u00e0 di nquesta paginaTesto funzionalit\u00e0 di nquesta paginaTesto funzionalit\u00e0 di nquesta paginaTesto funzionalit\u00e0 di nquesta paginaTesto funzionalit\u00e0 di <strong>nquesta<\/strong> paginaTesto funzionalit\u00e0 di nquesta pagina<\/p>\n<p>\u00a0<\/p>\n<p><strong><a href=\"INSTALLA ADESSO\">INSTALLA ADESSO<\/a><\/strong><\/p>\n<\/div>\n<p><a href=\"#\">Read more<\/a><\/p>\n<\/li>\n<li>\n<p>        <img decoding=\"async\" src=\"http:\/\/innocentiemangonipiante.it\/wp-content\/uploads\/2021\/02\/screenshot_iphone_11_amm_DASHBOARD-scaled.jpg\" alt=\"\"><\/p>\n<div>\n<p>Testo funzionalit\u00e0 di nquesta pagina\u00a0Testo funzionalit\u00e0 di nquesta paginaTesto funzionalit\u00e0 di nquesta paginaTesto funzionalit\u00e0 di nquesta paginaTesto funzionalit\u00e0 di nquesta paginaTesto funzionalit\u00e0 di nquesta paginaTesto funzionalit\u00e0 di\u00a0<strong>nquesta<\/strong>\u00a0paginaTesto funzionalit\u00e0 di nquesta pagina<\/p>\n<p>\u00a0<\/p>\n<p><strong><a href=\"INSTALLA ADESSO\">INSTALLA ADESSO<\/a><\/strong><\/p>\n<\/div>\n<\/li>\n<li>\n<p>        <img decoding=\"async\" src=\"http:\/\/innocentiemangonipiante.it\/wp-content\/uploads\/2021\/02\/screenshot_iphone_11_amm_CERCA_PIANTA-scaled.jpg\" alt=\"\"><\/p>\n<div>\n<p>Testo funzionalit\u00e0 di nquesta pagina\u00a0Testo funzionalit\u00e0 di nquesta paginaTesto funzionalit\u00e0 di nquesta paginaTesto funzionalit\u00e0 di nquesta paginaTesto funzionalit\u00e0 di nquesta paginaTesto funzionalit\u00e0 di nquesta paginaTesto funzionalit\u00e0 di\u00a0<strong>nquesta<\/strong>\u00a0paginaTesto funzionalit\u00e0 di nquesta pagina<\/p>\n<p>\u00a0<\/p>\n<p><strong><a href=\"INSTALLA ADESSO\">INSTALLA ADESSO<\/a><\/strong><\/p>\n<\/div>\n<\/li>\n<li>\n<p>        <img decoding=\"async\" src=\"http:\/\/innocentiemangonipiante.it\/wp-content\/uploads\/2021\/02\/screenshot_iphone_11_amm_OFFERTE_PERSONALIZZATE-scaled.jpg\" alt=\"\"><\/p>\n<div>\n<p>Testo funzionalit\u00e0 di nquesta pagina\u00a0Testo funzionalit\u00e0 di nquesta paginaTesto funzionalit\u00e0 di nquesta paginaTesto funzionalit\u00e0 di nquesta paginaTesto funzionalit\u00e0 di nquesta paginaTesto funzionalit\u00e0 di nquesta paginaTesto funzionalit\u00e0 di\u00a0<strong>nquesta<\/strong>\u00a0paginaTesto funzionalit\u00e0 di nquesta pagina<\/p>\n<p>\u00a0<\/p>\n<p><strong><a href=\"INSTALLA ADESSO\">INSTALLA ADESSO<\/a><\/strong><\/p>\n<\/div>\n<\/li>\n<li>\n<p>        <img decoding=\"async\" src=\"http:\/\/innocentiemangonipiante.it\/wp-content\/uploads\/2021\/02\/screenshot_iphone_11_amm_ELENCO_ORDINI.jpg\" alt=\"\"><\/p>\n<div>\n<p>Testo funzionalit\u00e0 di nquesta pagina\u00a0Testo funzionalit\u00e0 di nquesta paginaTesto funzionalit\u00e0 di nquesta paginaTesto funzionalit\u00e0 di nquesta paginaTesto funzionalit\u00e0 di nquesta paginaTesto funzionalit\u00e0 di nquesta paginaTesto funzionalit\u00e0 di\u00a0<strong>nquesta<\/strong>\u00a0paginaTesto funzionalit\u00e0 di nquesta pagina<\/p>\n<p>\u00a0<\/p>\n<p><strong><a href=\"INSTALLA ADESSO\">INSTALLA ADESSO<\/a><\/strong><\/p>\n<\/div>\n<\/li>\n<li>\n<p>        <img decoding=\"async\" src=\"http:\/\/innocentiemangonipiante.it\/wp-content\/uploads\/2021\/02\/screenshot_iphone_11_amm_METTI_NEL_CARRELLO-scaled.jpg\" alt=\"\"><\/p>\n<div>\n<p>Testo funzionalit\u00e0 di nquesta pagina\u00a0Testo funzionalit\u00e0 di nquesta paginaTesto funzionalit\u00e0 di nquesta paginaTesto funzionalit\u00e0 di nquesta paginaTesto funzionalit\u00e0 di nquesta paginaTesto funzionalit\u00e0 di nquesta paginaTesto funzionalit\u00e0 di\u00a0<strong>nquesta<\/strong>\u00a0paginaTesto funzionalit\u00e0 di nquesta pagina<\/p>\n<p>\u00a0<\/p>\n<p><strong><a href=\"INSTALLA ADESSO\">INSTALLA ADESSO<\/a><\/strong><\/p>\n<\/div>\n<\/li>\n<li>\n<p>        <img decoding=\"async\" src=\"http:\/\/innocentiemangonipiante.it\/wp-content\/uploads\/2021\/02\/screenshot_iphone_11_amm_VIRTUAL_TOUR-scaled.jpg\" alt=\"\"><\/p>\n<div>\n<p>Testo funzionalit\u00e0 di nquesta pagina\u00a0Testo funzionalit\u00e0 di nquesta paginaTesto funzionalit\u00e0 di nquesta paginaTesto funzionalit\u00e0 di nquesta paginaTesto funzionalit\u00e0 di nquesta paginaTesto funzionalit\u00e0 di nquesta paginaTesto funzionalit\u00e0 di\u00a0<strong>nquesta<\/strong>\u00a0paginaTesto funzionalit\u00e0 di nquesta pagina<\/p>\n<p>\u00a0<\/p>\n<p><strong><a href=\"INSTALLA ADESSO\">INSTALLA ADESSO<\/a><\/strong><\/p>\n<\/div>\n<\/li>\n<\/ul>\n<p><a href=\"https:\/\/apps.apple.com\/us\/app\/i-m-plant\/id1553071465\"><img decoding=\"async\" src=\"http:\/\/innocentiemangonipiante.it\/wp-content\/uploads\/2011\/05\/appstore.jpg\" alt=\"\"><\/a><br \/>\n<a href=\"https:\/\/play.google.com\/store\/apps\/details?id=it.innocentiemangonipiante.clienti&#038;hl=en\"><img decoding=\"async\" src=\"http:\/\/innocentiemangonipiante.it\/wp-content\/uploads\/2011\/05\/googleplay.jpg\" alt=\"\"><\/a><\/p>\n","protected":false},"author":2,"featured_media":17315,"parent":0,"menu_order":6,"comment_status":"open","ping_status":"closed","template":"","meta":{"_acf_changed":false,"footnotes":""},"class_list":["post-8641","page","type-page","status-publish","has-post-thumbnail","hentry"],"acf":[],"_links":{"self":[{"href":"https:\/\/innocentiemangonipiante.it\/en\/wp-json\/wp\/v2\/pages\/8641","targetHints":{"allow":["GET"]}}],"collection":[{"href":"https:\/\/innocentiemangonipiante.it\/en\/wp-json\/wp\/v2\/pages"}],"about":[{"href":"https:\/\/innocentiemangonipiante.it\/en\/wp-json\/wp\/v2\/types\/page"}],"author":[{"embeddable":true,"href":"https:\/\/innocentiemangonipiante.it\/en\/wp-json\/wp\/v2\/users\/2"}],"replies":[{"embeddable":true,"href":"https:\/\/innocentiemangonipiante.it\/en\/wp-json\/wp\/v2\/comments?post=8641"}],"version-history":[{"count":0,"href":"https:\/\/innocentiemangonipiante.it\/en\/wp-json\/wp\/v2\/pages\/8641\/revisions"}],"wp:featuredmedia":[{"embeddable":true,"href":"https:\/\/innocentiemangonipiante.it\/en\/wp-json\/wp\/v2\/media\/17315"}],"wp:attachment":[{"href":"https:\/\/innocentiemangonipiante.it\/en\/wp-json\/wp\/v2\/media?parent=8641"}],"curies":[{"name":"wp","href":"https:\/\/api.w.org\/{rel}","templated":true}]}}