{"id":26298,"date":"2023-11-04T03:02:15","date_gmt":"2023-11-04T02:02:15","guid":{"rendered":"http:\/\/innocentiemangonipiante.it\/sambucus-nigra-black-beauty\/"},"modified":"2024-02-02T10:40:30","modified_gmt":"2024-02-02T09:40:30","slug":"sambucus-nigra-black-beauty","status":"publish","type":"product","link":"https:\/\/innocentiemangonipiante.it\/en\/sambucus-nigra-black-beauty\/","title":{"rendered":"SAMBUCUS nigra &#8216;Black Beauty&#8217;"},"content":{"rendered":"<p>Arbuste caduc avec feuilles pourpre fonc\u00e9. Floraison rose \u00e0 la fin du printemps et d\u00e9but d\u2019\u00e9t\u00e9.<\/p>\n","protected":false},"excerpt":{"rendered":"<p>Arbuste caduc avec feuilles pourpre fonc\u00e9. Floraison rose \u00e0 la fin du printemps et d\u00e9but d\u2019\u00e9t\u00e9.<\/p>\n","protected":false},"featured_media":61267,"template":"","meta":{"_acf_changed":false},"product_brand":[],"product_cat":[8811],"product_tag":[10896],"class_list":{"0":"post-26298","1":"product","2":"type-product","3":"status-publish","4":"has-post-thumbnail","6":"product_cat-deciduous-trees-and-shrubs","7":"product_tag-natural","8":"pa_altezza-massima-300-en-2","9":"pa_altezza-massima-400-en","10":"pa_colore-delle-foglie-red","11":"pa_colore-fioritura-pink","12":"pa_famiglia-caprifoliaceae-en","13":"pa_genere-sambucus-en","14":"pa_inquinamento-smog-resistant","15":"pa_origine-holland-en","16":"pa_periodo-fioritura-june","17":"pa_periodo-fioritura-may","18":"pa_periodo-fruttificazione-august","19":"pa_periodo-fruttificazione-september","20":"pa_portamento-rounded","21":"pa_profumo-intense","22":"pa_resistenza-climatica-very-high","23":"pa_resistenza-del-suolo-resistant-to-calcareous-soils","24":"pa_resistenza-del-suolo-resistant-to-wet-soil","25":"pa_salinita-resistance-to-salt-spray-atmospheres","26":"pa_specie-varieta-nigra-black-beauty","27":"pa_utilizzo-hedges","28":"pa_utilizzo-small-gardens","30":"first","31":"instock","32":"purchasable","33":"product-type-simple"},"acf":[],"_links":{"self":[{"href":"https:\/\/innocentiemangonipiante.it\/en\/wp-json\/wp\/v2\/product\/26298","targetHints":{"allow":["GET"]}}],"collection":[{"href":"https:\/\/innocentiemangonipiante.it\/en\/wp-json\/wp\/v2\/product"}],"about":[{"href":"https:\/\/innocentiemangonipiante.it\/en\/wp-json\/wp\/v2\/types\/product"}],"wp:featuredmedia":[{"embeddable":true,"href":"https:\/\/innocentiemangonipiante.it\/en\/wp-json\/wp\/v2\/media\/61267"}],"wp:attachment":[{"href":"https:\/\/innocentiemangonipiante.it\/en\/wp-json\/wp\/v2\/media?parent=26298"}],"wp:term":[{"taxonomy":"product_brand","embeddable":true,"href":"https:\/\/innocentiemangonipiante.it\/en\/wp-json\/wp\/v2\/product_brand?post=26298"},{"taxonomy":"product_cat","embeddable":true,"href":"https:\/\/innocentiemangonipiante.it\/en\/wp-json\/wp\/v2\/product_cat?post=26298"},{"taxonomy":"product_tag","embeddable":true,"href":"https:\/\/innocentiemangonipiante.it\/en\/wp-json\/wp\/v2\/product_tag?post=26298"}],"curies":[{"name":"wp","href":"https:\/\/api.w.org\/{rel}","templated":true}]}}