{"id":18532,"date":"2023-07-05T08:53:37","date_gmt":"2023-07-05T06:53:37","guid":{"rendered":"http:\/\/innocentiemangonipiante.it\/?page_id=18532"},"modified":"2024-01-15T17:03:05","modified_gmt":"2024-01-15T16:03:05","slug":"produccion-de-plantas","status":"publish","type":"page","link":"https:\/\/innocentiemangonipiante.it\/es\/produccion-de-plantas\/","title":{"rendered":"Producci\u00f3n de plantas"},"content":{"rendered":"<h1>Producci\u00f3n de plantas<\/h1>\n<p><img decoding=\"async\" src=\"\/wp-content\/uploads\/2023\/11\/DSC09333.jpg\" alt=\"Giovani Piante\" title=\"\"><\/p>\n<h3>Plantas j\u00f3venes<\/h3>\n<div>Producir plantas j\u00f3venes, con una producci\u00f3n en maceta 9 y maceta 13, permite a nuestra empresa garantizar al cliente:<\/div>\n<ul>\n<li>\n<p>        <img decoding=\"async\" src=\"\/wp-content\/uploads\/2023\/08\/foglia-1-chiara.svg\" alt=\"\" title=\"\"><\/p>\n<div>Trazabilidad de la planta<\/div>\n<\/li>\n<li>\n<p>        <img decoding=\"async\" src=\"\/wp-content\/uploads\/2023\/08\/foglia-1-chiara.svg\" alt=\"\" title=\"\"><\/p>\n<div>Calidad del producto<\/div>\n<\/li>\n<li>\n<p>        <img decoding=\"async\" src=\"\/wp-content\/uploads\/2023\/08\/foglia-1-chiara.svg\" alt=\"\" title=\"\"><\/p>\n<div>Programaci\u00f3n de producci\u00f3n<\/div>\n<\/li>\n<li>\n<p>        <img decoding=\"async\" src=\"\/wp-content\/uploads\/2023\/08\/foglia-1-chiara.svg\" alt=\"\" title=\"\"><\/p>\n<div>Desarrollo de nuevas variedades<\/div>\n<\/li>\n<li>\n<p>        <img decoding=\"async\" src=\"\/wp-content\/uploads\/2023\/08\/foglia-1-chiara.svg\" alt=\"\" title=\"\"><\/p>\n<div>Precio competitivo<\/div>\n<\/li>\n<\/ul>\n<div>El cultivo se realiza en nuevos invernaderos, sombrillas y estructuras completamente renovadas; seguimos procesos rigurosos y controlados para apoyar el crecimiento de plantas sanas y perfectas para convertirse en el coraz\u00f3n verde de nuevos proyectos.<\/div>\n<p>\n    <a href=\"\/es\/produccion-en-viveros-de-plantas-jovenes\/\">Nuestras plantas j\u00f3venes<\/a>\n<\/p>\n<h3>Cultivo en campo abierto<\/h3>\n<div>\n<p>Grandes ejemplares para la realizaci\u00f3n de parques, jardines y avenidas de efecto inmediato.<\/p>\n<p>\u00c1rboles especialmente seleccionados para resistir f\u00e1cilmente a factores de estr\u00e9s ambiental t\u00edpicos del entorno urbano.<\/p>\n<p>Arbustos persistentes y caducifolios de porte erecto o agrandado para espacios peque\u00f1os, centros urbanos o jardines de peque\u00f1as dimensiones.<\/p>\n<p>Con\u00edferas, desde los m\u00e1s peque\u00f1os hasta los m\u00e1s majestuosos, que resisten incluso los inviernos m\u00e1s duros.<\/p>\n<\/div>\n<p>\n    <a href=\"\/es\/viveros-con-cultivos-plantas-en-tierra\/\">Nuestros cultivos en campo abierto<\/a>\n<\/p>\n<p><img decoding=\"async\" src=\"\/wp-content\/uploads\/2024\/01\/Coltivazione-in-piena-terra-DJI_0079-scaled.jpg\" alt=\"Coltivazione in piena terra\" title=\"\"><br \/>\n<img decoding=\"async\" src=\"\/wp-content\/uploads\/2024\/01\/coltivazione-in-contenitore-DSC02356-scaled.jpg\" alt=\"Coltivazione in contenitore\" title=\"\"><\/p>\n<h3>Cultivo en maceta<\/h3>\n<div>\n<p>Hemos invertido mucho en esta t\u00e9cnica de producci\u00f3n logrando garantizar a nuestra clientela una ampl\u00edsima gama de productos siempre listos para ser entregados y posteriormente colocados en su lugar.<\/p>\n<p>De hecho, a trav\u00e9s del cultivo en contenedor es posible liberarse de los tiempos fisiol\u00f3gicos de las plantas que limitan los per\u00edodos en los que es posible procesarlas.<\/p>\n<p>En nuestros viveros, esta direcci\u00f3n de producci\u00f3n se lleva a cabo utilizando <strong>sustratos<\/strong> especialmente preparados seg\u00fan las necesidades edafol\u00f3gicas de cada variedad, tanto en superficies al aire libre como bajo estructuras, como <strong>invernaderos y sombrillas<\/strong>, Nos permite mantener un alto nivel de calidad durante todo el a\u00f1o.<\/p>\n<\/div>\n<p>\n    <a href=\"\/es\/plantas-cultivo-en-maceta\/\">Nuestros cultivos en maceta<\/a>\n<\/p>\n<h3>Plantas formadas<\/h3>\n<div>\n<p>Cada planta nace y crece con su propio porte natural, sin embargo, el hombre siempre ha tratado de dar forma a su apariencia para poder crear con ellas el jard\u00edn ideal.<\/p>\n<p>Nuestro personal, con formaci\u00f3n constante y experiencia adquirida a lo largo del tiempo, es capaz de crear verdaderas obras de arte vegetales.<\/p>\n<p>Nuestra gama de plantas formadas est\u00e1 en constante evoluci\u00f3n, con variedades persistentes y caducas criadas con formas cl\u00e1sicas, modernas o imaginativas.<\/p>\n<\/div>\n<p>\n    <a href=\"\/es\/plantas-formadas-en-vivero\/\">Nuestras plantas formadas<\/a>\n<\/p>\n<p><img decoding=\"async\" src=\"\/wp-content\/uploads\/2023\/07\/piante-formate-in-vivai.jpg\" alt=\"\" title=\"\"><br \/>\n<img decoding=\"async\" src=\"\/wp-content\/uploads\/2023\/07\/Arte-topiaria.jpeg\" alt=\"Arte topiaria\" title=\"\"><\/p>\n<h3>Topiary para uso ornamental<\/h3>\n<div>Usando Ligustrum delavayanum e Ilex crenata, realizamos desde hace tiempo, una amplia gama de \u201cTopiaria\u201d representando animales, objetos, monumentos c\u00e9lebres, formas geom\u00e9tricas y mucho m\u00e1s.<\/div>\n<p>\n    <a href=\"\/es\/topiary-plantas-con-formas\/\">Nuestra topiary<\/a>\n<\/p>\n<p><!--more--><br \/>\n<!-- {\"type\":\"layout\",\"children\":[{\"name\":\"Hero\",\"type\":\"section\",\"props\":{\"header_transparent\":\"dark\",\"header_transparent_noplaceholder\":true,\"height\":\"percent\",\"image\":\"wp-content\\\/uploads\\\/2024\\\/01\\\/produzione-piante-in-vivaio-2.jpg\",\"image_position\":\"center-center\",\"image_size\":\"cover\",\"image_width\":\"2560\",\"overlap\":false,\"padding\":\"xlarge\",\"style\":\"secondary\",\"title_breakpoint\":\"xl\",\"title_position\":\"top-left\",\"title_rotation\":\"left\",\"vertical_align\":\"middle\",\"video_height\":\"1200\",\"width\":\"\"},\"children\":[{\"type\":\"row\",\"children\":[{\"type\":\"column\",\"props\":{\"image_position\":\"center-center\",\"position_sticky_breakpoint\":\"m\",\"width_medium\":\"1-1\"}}]}]},{\"name\":\"About us\",\"type\":\"section\",\"props\":{\"animation\":\"fade\",\"image_effect\":\"fixed\",\"image_fixed\":true,\"image_position\":\"center-center\",\"image_size\":\"cover\",\"padding\":\"xlarge\",\"style\":\"default\",\"title_breakpoint\":\"xl\",\"title_position\":\"top-left\",\"title_rotation\":\"left\",\"vertical_align\":\"middle\",\"width\":\"large\"},\"children\":[{\"type\":\"row\",\"props\":{\"margin\":\"large\"},\"children\":[{\"type\":\"column\",\"props\":{\"image_position\":\"center-center\",\"position_sticky_breakpoint\":\"m\",\"width_medium\":\"1-1\"},\"children\":[{\"type\":\"headline\",\"props\":{\"block_align\":\"center\",\"content\":\"Producci\\u00f3n de plantas\",\"margin_remove_bottom\":false,\"margin_remove_top\":false,\"text_align\":\"center\",\"title_color\":\"primary\",\"title_element\":\"h1\",\"title_style\":\"heading-medium\"}}]}]}]},{\"type\":\"section\",\"props\":{\"image_position\":\"center-center\",\"padding\":\"none\",\"padding_remove_bottom\":false,\"padding_remove_top\":false,\"style\":\"muted\",\"title_breakpoint\":\"xl\",\"title_position\":\"top-left\",\"title_rotation\":\"left\",\"vertical_align\":\"middle\",\"width\":\"large\",\"width_expand\":\"left\"},\"children\":[{\"type\":\"row\",\"props\":{\"column_gap\":\"large\",\"layout\":\"2-3,1-3\",\"row_gap\":\"large\"},\"children\":[{\"type\":\"column\",\"props\":{\"image_position\":\"center-center\",\"position_sticky_breakpoint\":\"m\",\"vertical_align\":\"middle\",\"width_large\":\"2-3\"},\"children\":[{\"type\":\"image\",\"props\":{\"animation\":\"none\",\"container_padding_remove\":true,\"image\":\"wp-content\\\/uploads\\\/2023\\\/11\\\/DSC09333.jpg\",\"image_alt\":\"Giovani Piante\",\"image_loading\":true,\"image_svg_color\":\"emphasis\",\"image_width\":\"1300\",\"margin\":\"\",\"parallax_easing\":\"0.3\",\"parallax_end\":\"20vh + 20%\",\"parallax_x\":\"-50,0\"}}]},{\"type\":\"column\",\"props\":{\"image_position\":\"center-center\",\"position_sticky_breakpoint\":\"m\",\"vertical_align\":\"middle\",\"width_large\":\"1-3\"},\"children\":[{\"type\":\"divider\",\"props\":{\"animation\":\"none\",\"divider_align\":\"left\",\"divider_align_breakpoint\":\"l\",\"divider_align_fallback\":\"center\",\"divider_element\":\"div\",\"divider_style\":\"small\",\"parallax_x\":\"150,0\"}},{\"type\":\"headline\",\"props\":{\"animation\":\"none\",\"content\":\"Plantas j\\u00f3venes\",\"margin_remove_top\":true,\"parallax_end\":\"60vh + 60%\",\"parallax_y\":\"0,-50\",\"text_align\":\"left\",\"text_align_breakpoint\":\"l\",\"text_align_fallback\":\"center\",\"title_element\":\"h3\",\"title_style\":\"h1\"}},{\"type\":\"text\",\"props\":{\"animation\":\"none\",\"block_align_breakpoint\":\"l\",\"block_align_fallback\":\"center\",\"column_breakpoint\":\"m\",\"content\":\"Producir plantas j\\u00f3venes, con una producci\\u00f3n en maceta 9 y maceta 13, permite a nuestra empresa garantizar al cliente:\",\"margin\":\"medium\",\"margin_remove_top\":false,\"maxwidth\":\"xlarge\",\"maxwidth_breakpoint\":\"m\",\"parallax_easing\":\"0.3\",\"parallax_x\":\"150,0\",\"text_align\":\"left\",\"text_align_breakpoint\":\"l\",\"text_align_fallback\":\"center\"}},{\"type\":\"list\",\"props\":{\"column_breakpoint\":\"m\",\"image_align\":\"left\",\"image_svg_color\":\"emphasis\",\"image_vertical_align\":true,\"list_element\":\"ul\",\"list_horizontal_separator\":\", \",\"list_type\":\"vertical\",\"show_image\":true,\"show_link\":true},\"children\":[{\"type\":\"list_item\",\"props\":{\"content\":\"Trazabilidad de la planta\",\"icon\":\"\",\"image\":\"wp-content\\\/uploads\\\/2023\\\/08\\\/foglia-1-chiara.svg\"}},{\"type\":\"list_item\",\"props\":{\"content\":\"Calidad del producto\",\"icon\":\"\",\"image\":\"wp-content\\\/uploads\\\/2023\\\/08\\\/foglia-1-chiara.svg\"}},{\"type\":\"list_item\",\"props\":{\"content\":\"Programaci\\u00f3n de producci\\u00f3n\",\"icon\":\"\",\"image\":\"wp-content\\\/uploads\\\/2023\\\/08\\\/foglia-1-chiara.svg\"}},{\"type\":\"list_item\",\"props\":{\"content\":\"Desarrollo de nuevas variedades\",\"icon\":\"\",\"image\":\"wp-content\\\/uploads\\\/2023\\\/08\\\/foglia-1-chiara.svg\"}},{\"type\":\"list_item\",\"props\":{\"content\":\"Precio competitivo\",\"icon\":\"\",\"image\":\"wp-content\\\/uploads\\\/2023\\\/08\\\/foglia-1-chiara.svg\"}}]},{\"type\":\"text\",\"props\":{\"animation\":\"none\",\"block_align_breakpoint\":\"l\",\"block_align_fallback\":\"center\",\"column_breakpoint\":\"m\",\"content\":\"El cultivo se realiza en nuevos invernaderos, sombrillas y estructuras completamente renovadas; seguimos procesos rigurosos y controlados para apoyar el crecimiento de plantas sanas y perfectas para convertirse en el coraz\\u00f3n verde de nuevos proyectos.\",\"margin\":\"medium\",\"margin_remove_top\":false,\"maxwidth\":\"xlarge\",\"maxwidth_breakpoint\":\"m\",\"parallax_easing\":\"0.3\",\"parallax_x\":\"150,0\",\"text_align\":\"left\",\"text_align_breakpoint\":\"l\",\"text_align_fallback\":\"center\"}},{\"type\":\"button\",\"props\":{\"animation\":\"none\",\"grid_column_gap\":\"small\",\"grid_row_gap\":\"small\",\"margin\":\"\",\"parallax_easing\":\"0.3\",\"parallax_x\":\"150,0\",\"text_align\":\"left\",\"text_align_breakpoint\":\"l\",\"text_align_fallback\":\"center\"},\"children\":[{\"type\":\"button_item\",\"props\":{\"button_style\":\"text\",\"content\":\"Nuestras plantas j\\u00f3venes\",\"icon_align\":\"left\",\"link\":\"es\\\/produccion-en-viveros-de-plantas-jovenes\\\/\"}}]}]}]}],\"name\":\"Portfolio 01\"},{\"type\":\"section\",\"props\":{\"image_position\":\"center-center\",\"padding\":\"large\",\"padding_remove_bottom\":false,\"padding_remove_top\":false,\"style\":\"default\",\"title_breakpoint\":\"xl\",\"title_position\":\"top-left\",\"title_rotation\":\"left\",\"vertical_align\":\"middle\",\"width\":\"large\",\"width_expand\":\"right\"},\"children\":[{\"type\":\"row\",\"props\":{\"column_gap\":\"large\",\"layout\":\"1-3,2-3\",\"row_gap\":\"large\"},\"children\":[{\"type\":\"column\",\"props\":{\"image_position\":\"center-center\",\"order_first\":\"l\",\"position_sticky_breakpoint\":\"m\",\"vertical_align\":\"middle\",\"width_large\":\"1-3\"},\"children\":[{\"type\":\"divider\",\"props\":{\"animation\":\"none\",\"divider_align\":\"left\",\"divider_align_breakpoint\":\"l\",\"divider_align_fallback\":\"center\",\"divider_element\":\"div\",\"divider_style\":\"small\",\"parallax_x\":\"150,0\"}},{\"type\":\"headline\",\"props\":{\"animation\":\"parallax\",\"content\":\"Cultivo en campo abierto\",\"margin_remove_top\":true,\"parallax_breakpoint\":\"m\",\"parallax_easing\":\"1\",\"parallax_end\":\"60vh + 60%\",\"parallax_opacity\":\"0.3,1\",\"parallax_y\":\"30,0\",\"text_align\":\"left\",\"text_align_breakpoint\":\"l\",\"text_align_fallback\":\"center\",\"title_element\":\"h3\",\"title_style\":\"h1\"}},{\"type\":\"text\",\"props\":{\"block_align_breakpoint\":\"l\",\"block_align_fallback\":\"center\",\"column_breakpoint\":\"m\",\"content\":\"\n\n<p>Grandes ejemplares para la realizaci\\u00f3n de parques, jardines y avenidas de efecto inmediato.<\\\/p>\\n\n\n<p>\\u00c1rboles especialmente seleccionados para resistir f\\u00e1cilmente a factores de estr\\u00e9s ambiental t\\u00edpicos del entorno urbano.<\\\/p>\\n\n\n<p>Arbustos persistentes y caducifolios de porte erecto o agrandado para espacios peque\\u00f1os, centros urbanos o jardines de peque\\u00f1as dimensiones.<\\\/p>\\n\n\n<p>Con\\u00edferas, desde los m\\u00e1s peque\\u00f1os hasta los m\\u00e1s majestuosos, que resisten incluso los inviernos m\\u00e1s duros.<\\\/p>\",\"margin\":\"medium\",\"margin_remove_top\":false,\"maxwidth\":\"xlarge\",\"maxwidth_breakpoint\":\"m\",\"parallax_breakpoint\":\"m\",\"parallax_easing\":\"0.3\",\"parallax_end\":\"50vh + 50%\",\"parallax_opacity\":\"0.7,1\",\"parallax_x\":\"-150,0\",\"text_align\":\"left\",\"text_align_breakpoint\":\"l\",\"text_align_fallback\":\"center\"}},{\"type\":\"button\",\"props\":{\"animation\":\"none\",\"grid_column_gap\":\"small\",\"grid_row_gap\":\"small\",\"margin\":\"\",\"parallax_breakpoint\":\"m\",\"parallax_easing\":\"0.3\",\"parallax_end\":\"50vh + 50%\",\"parallax_opacity\":\"0.7,1\",\"parallax_x\":\"-150,0\",\"text_align\":\"left\",\"text_align_breakpoint\":\"l\",\"text_align_fallback\":\"center\"},\"children\":[{\"type\":\"button_item\",\"props\":{\"button_style\":\"text\",\"content\":\"Nuestros cultivos en campo abierto\",\"icon_align\":\"left\",\"link\":\"es\\\/viveros-con-cultivos-plantas-en-tierra\\\/\"}}]}]},{\"type\":\"column\",\"props\":{\"image_position\":\"center-center\",\"order_first\":\"xs\",\"position_sticky_breakpoint\":\"m\",\"vertical_align\":\"middle\",\"width_large\":\"2-3\"},\"children\":[{\"type\":\"image\",\"props\":{\"animation\":\"none\",\"container_padding_remove\":true,\"image\":\"wp-content\\\/uploads\\\/2024\\\/01\\\/Coltivazione-in-piena-terra-DJI_0079-scaled.jpg\",\"image_alt\":\"Coltivazione in piena terra\",\"image_svg_color\":\"emphasis\",\"image_width\":\"1300\",\"margin\":\"\",\"parallax_easing\":\"0.3\",\"parallax_end\":\"20vh + 20%\",\"parallax_x\":\"-50,0\"}}]}]}],\"name\":\"Portfolio 02\"},{\"type\":\"section\",\"props\":{\"image_position\":\"center-center\",\"padding\":\"none\",\"padding_remove_bottom\":true,\"padding_remove_top\":false,\"style\":\"muted\",\"title_breakpoint\":\"xl\",\"title_position\":\"top-left\",\"title_rotation\":\"left\",\"vertical_align\":\"middle\",\"width\":\"large\",\"width_expand\":\"left\"},\"children\":[{\"type\":\"row\",\"props\":{\"column_gap\":\"large\",\"layout\":\"2-3,1-3\",\"row_gap\":\"large\"},\"children\":[{\"type\":\"column\",\"props\":{\"image_position\":\"center-center\",\"position_sticky_breakpoint\":\"m\",\"vertical_align\":\"middle\",\"width_large\":\"2-3\"},\"children\":[{\"type\":\"image\",\"props\":{\"animation\":\"none\",\"container_padding_remove\":true,\"image\":\"wp-content\\\/uploads\\\/2024\\\/01\\\/coltivazione-in-contenitore-DSC02356-scaled.jpg\",\"image_alt\":\"Coltivazione in contenitore\",\"image_svg_color\":\"emphasis\",\"image_width\":\"1300\",\"margin\":\"\",\"parallax_easing\":\"0.3\",\"parallax_end\":\"20vh + 20%\",\"parallax_x\":\"-50,0\"}}]},{\"type\":\"column\",\"props\":{\"image_position\":\"center-center\",\"position_sticky_breakpoint\":\"m\",\"vertical_align\":\"middle\",\"width_large\":\"1-3\"},\"children\":[{\"type\":\"divider\",\"props\":{\"animation\":\"none\",\"divider_align\":\"left\",\"divider_align_breakpoint\":\"l\",\"divider_align_fallback\":\"center\",\"divider_element\":\"div\",\"divider_style\":\"small\",\"parallax_x\":\"150,0\"}},{\"type\":\"headline\",\"props\":{\"animation\":\"parallax\",\"content\":\"Cultivo en maceta\",\"margin_remove_top\":true,\"parallax_breakpoint\":\"m\",\"parallax_easing\":\"1\",\"parallax_end\":\"60vh + 60%\",\"parallax_opacity\":\"0.3,1\",\"parallax_y\":\"30,0\",\"text_align\":\"left\",\"text_align_breakpoint\":\"l\",\"text_align_fallback\":\"center\",\"title_element\":\"h3\",\"title_style\":\"h1\"}},{\"type\":\"text\",\"props\":{\"animation\":\"none\",\"block_align_breakpoint\":\"l\",\"block_align_fallback\":\"center\",\"column_breakpoint\":\"m\",\"content\":\"\n\n<p>Hemos invertido mucho en esta t\\u00e9cnica de producci\\u00f3n logrando garantizar a nuestra clientela una ampl\\u00edsima gama de productos siempre listos para ser entregados y posteriormente colocados en su lugar.<\\\/p>\\n\n\n<p>De hecho, a trav\\u00e9s del cultivo en contenedor es posible liberarse de los tiempos fisiol\\u00f3gicos de las plantas que limitan los per\\u00edodos en los que es posible procesarlas.<\\\/p>\\n\n\n<p>En nuestros viveros, esta direcci\\u00f3n de producci\\u00f3n se lleva a cabo utilizando <strong>sustratos<\\\/strong> especialmente preparados seg\\u00fan las necesidades edafol\\u00f3gicas de cada variedad, tanto en superficies al aire libre como bajo estructuras, como <strong>invernaderos y sombrillas<\\\/strong>, Nos permite mantener un alto nivel de calidad durante todo el a\\u00f1o.<\\\/p>\",\"margin\":\"medium\",\"margin_remove_top\":false,\"maxwidth\":\"xlarge\",\"maxwidth_breakpoint\":\"m\",\"parallax_easing\":\"0.3\",\"parallax_x\":\"150,0\",\"text_align\":\"left\",\"text_align_breakpoint\":\"l\",\"text_align_fallback\":\"center\"}},{\"type\":\"button\",\"props\":{\"animation\":\"none\",\"grid_column_gap\":\"small\",\"grid_row_gap\":\"small\",\"margin\":\"\",\"parallax_easing\":\"0.3\",\"parallax_x\":\"150,0\",\"text_align\":\"left\",\"text_align_breakpoint\":\"l\",\"text_align_fallback\":\"center\"},\"children\":[{\"type\":\"button_item\",\"props\":{\"button_style\":\"text\",\"content\":\"Nuestros cultivos en maceta\",\"icon_align\":\"left\",\"link\":\"es\\\/plantas-cultivo-en-maceta\\\/\"}}]}]}]}],\"name\":\"Portfolio 03\"},{\"type\":\"section\",\"props\":{\"image_position\":\"center-center\",\"padding\":\"large\",\"padding_remove_bottom\":false,\"padding_remove_top\":false,\"style\":\"default\",\"title_breakpoint\":\"xl\",\"title_position\":\"top-left\",\"title_rotation\":\"left\",\"vertical_align\":\"middle\",\"width\":\"large\",\"width_expand\":\"right\"},\"children\":[{\"type\":\"row\",\"props\":{\"column_gap\":\"large\",\"layout\":\"1-3,2-3\",\"row_gap\":\"large\"},\"children\":[{\"type\":\"column\",\"props\":{\"image_position\":\"center-center\",\"order_first\":\"l\",\"position_sticky_breakpoint\":\"m\",\"vertical_align\":\"middle\",\"width_large\":\"1-3\"},\"children\":[{\"type\":\"divider\",\"props\":{\"animation\":\"none\",\"divider_align\":\"left\",\"divider_align_breakpoint\":\"l\",\"divider_align_fallback\":\"center\",\"divider_element\":\"div\",\"divider_style\":\"small\",\"parallax_x\":\"150,0\"}},{\"type\":\"headline\",\"props\":{\"animation\":\"parallax\",\"content\":\"Plantas formadas\",\"margin_remove_top\":true,\"parallax_breakpoint\":\"m\",\"parallax_easing\":\"1\",\"parallax_end\":\"60vh + 60%\",\"parallax_opacity\":\"0.3,1\",\"parallax_y\":\"30,0\",\"text_align\":\"left\",\"text_align_breakpoint\":\"l\",\"text_align_fallback\":\"center\",\"title_element\":\"h3\",\"title_style\":\"h1\"}},{\"type\":\"text\",\"props\":{\"animation\":\"none\",\"block_align_breakpoint\":\"l\",\"block_align_fallback\":\"center\",\"column_breakpoint\":\"m\",\"content\":\"\n\n<p>Cada planta nace y crece con su propio porte natural, sin embargo, el hombre siempre ha tratado de dar forma a su apariencia para poder crear con ellas el jard\\u00edn ideal.<\\\/p>\\n\n\n<p>Nuestro personal, con formaci\\u00f3n constante y experiencia adquirida a lo largo del tiempo, es capaz de crear verdaderas obras de arte vegetales.<\\\/p>\\n\n\n<p>Nuestra gama de plantas formadas est\\u00e1 en constante evoluci\\u00f3n, con variedades persistentes y caducas criadas con formas cl\\u00e1sicas, modernas o imaginativas.<\\\/p>\",\"margin\":\"medium\",\"margin_remove_top\":false,\"maxwidth\":\"xlarge\",\"maxwidth_breakpoint\":\"m\",\"parallax_breakpoint\":\"m\",\"parallax_easing\":\"0.3\",\"parallax_end\":\"50vh + 50%\",\"parallax_opacity\":\"0.7,1\",\"parallax_x\":\"-150,0\",\"text_align\":\"left\",\"text_align_breakpoint\":\"l\",\"text_align_fallback\":\"center\"}},{\"type\":\"button\",\"props\":{\"animation\":\"none\",\"grid_column_gap\":\"small\",\"grid_row_gap\":\"small\",\"margin\":\"\",\"parallax_breakpoint\":\"m\",\"parallax_easing\":\"0.3\",\"parallax_end\":\"50vh + 50%\",\"parallax_opacity\":\"0.7,1\",\"parallax_x\":\"-150,0\",\"text_align\":\"left\",\"text_align_breakpoint\":\"l\",\"text_align_fallback\":\"center\"},\"children\":[{\"type\":\"button_item\",\"props\":{\"button_style\":\"text\",\"content\":\"Nuestras plantas formadas\",\"icon_align\":\"left\",\"link\":\"es\\\/plantas-formadas-en-vivero\\\/\"}}]}]},{\"type\":\"column\",\"props\":{\"image_position\":\"center-center\",\"order_first\":\"xs\",\"position_sticky_breakpoint\":\"m\",\"vertical_align\":\"middle\",\"width_large\":\"2-3\"},\"children\":[{\"type\":\"image\",\"props\":{\"animation\":\"none\",\"container_padding_remove\":true,\"image\":\"wp-content\\\/uploads\\\/2023\\\/07\\\/piante-formate-in-vivai.jpg\",\"image_svg_color\":\"emphasis\",\"image_width\":\"1300\",\"margin\":\"\",\"parallax_easing\":\"0.3\",\"parallax_end\":\"20vh + 20%\",\"parallax_x\":\"-50,0\"}}]}]}],\"name\":\"Portfolio 04\"},{\"type\":\"section\",\"props\":{\"image_position\":\"center-center\",\"padding\":\"none\",\"padding_remove_bottom\":false,\"padding_remove_top\":true,\"style\":\"muted\",\"title_breakpoint\":\"xl\",\"title_position\":\"top-left\",\"title_rotation\":\"left\",\"vertical_align\":\"middle\",\"width\":\"large\",\"width_expand\":\"left\"},\"children\":[{\"type\":\"row\",\"props\":{\"column_gap\":\"large\",\"layout\":\"2-3,1-3\",\"row_gap\":\"large\"},\"children\":[{\"type\":\"column\",\"props\":{\"image_position\":\"center-center\",\"position_sticky_breakpoint\":\"m\",\"vertical_align\":\"middle\",\"width_large\":\"2-3\"},\"children\":[{\"type\":\"image\",\"props\":{\"animation\":\"none\",\"container_padding_remove\":true,\"image\":\"wp-content\\\/uploads\\\/2023\\\/07\\\/Arte-topiaria.jpeg\",\"image_alt\":\"Arte topiaria\",\"image_svg_color\":\"emphasis\",\"image_width\":\"1300\",\"margin\":\"\",\"parallax_easing\":\"0.3\",\"parallax_end\":\"20vh + 20%\",\"parallax_x\":\"-50,0\"}}]},{\"type\":\"column\",\"props\":{\"image_position\":\"center-center\",\"position_sticky_breakpoint\":\"m\",\"vertical_align\":\"middle\",\"width_large\":\"1-3\"},\"children\":[{\"type\":\"divider\",\"props\":{\"animation\":\"none\",\"divider_align\":\"left\",\"divider_align_breakpoint\":\"l\",\"divider_align_fallback\":\"center\",\"divider_element\":\"div\",\"divider_style\":\"small\",\"parallax_x\":\"150,0\"}},{\"type\":\"headline\",\"props\":{\"animation\":\"parallax\",\"content\":\"Topiary para uso ornamental\",\"margin_remove_top\":true,\"parallax_breakpoint\":\"m\",\"parallax_easing\":\"1\",\"parallax_end\":\"60vh + 60%\",\"parallax_opacity\":\"0.3,1\",\"parallax_y\":\"30,0\",\"text_align\":\"left\",\"text_align_breakpoint\":\"l\",\"text_align_fallback\":\"center\",\"title_element\":\"h3\",\"title_style\":\"h1\"}},{\"type\":\"text\",\"props\":{\"animation\":\"none\",\"block_align_breakpoint\":\"l\",\"block_align_fallback\":\"center\",\"column_breakpoint\":\"m\",\"content\":\"Usando Ligustrum delavayanum e Ilex crenata, realizamos desde hace tiempo, una amplia gama de \\u201cTopiaria\\u201d representando animales, objetos, monumentos c\\u00e9lebres, formas geom\\u00e9tricas y mucho m\\u00e1s.\",\"margin\":\"medium\",\"margin_remove_top\":false,\"maxwidth\":\"xlarge\",\"maxwidth_breakpoint\":\"m\",\"parallax_easing\":\"0.3\",\"parallax_x\":\"150,0\",\"text_align\":\"left\",\"text_align_breakpoint\":\"l\",\"text_align_fallback\":\"center\"}},{\"type\":\"button\",\"props\":{\"animation\":\"none\",\"grid_column_gap\":\"small\",\"grid_row_gap\":\"small\",\"margin\":\"\",\"parallax_easing\":\"0.3\",\"parallax_x\":\"150,0\",\"text_align\":\"left\",\"text_align_breakpoint\":\"l\",\"text_align_fallback\":\"center\"},\"children\":[{\"type\":\"button_item\",\"props\":{\"button_style\":\"text\",\"content\":\"Nuestra topiary\",\"icon_align\":\"left\",\"link\":\"es\\\/topiary-plantas-con-formas\\\/\"}}]}]}]}],\"name\":\"Portfolio 03\"},{\"type\":\"section\",\"props\":{\"image_position\":\"center-center\",\"style\":\"default\",\"title_breakpoint\":\"xl\",\"title_position\":\"top-left\",\"title_rotation\":\"left\",\"vertical_align\":\"middle\",\"width\":\"default\"},\"children\":[{\"type\":\"row\",\"children\":[{\"type\":\"column\",\"props\":{\"image_position\":\"center-center\",\"position_sticky_breakpoint\":\"m\"}}]}]}],\"version\":\"4.2.11\",\"yooessentialsVersion\":\"2.1.5\"} --><\/p>\n","protected":false},"excerpt":{"rendered":"<p>Producci\u00f3n de plantas Plantas j\u00f3venes Producir plantas j\u00f3venes, con una producci\u00f3n en maceta 9 y maceta 13, permite a nuestra empresa garantizar al cliente: Trazabilidad de la planta Calidad del producto Programaci\u00f3n de producci\u00f3n Desarrollo de nuevas variedades Precio competitivo El cultivo se realiza en nuevos invernaderos, sombrillas y estructuras completamente renovadas; seguimos procesos rigurosos [&hellip;]<\/p>\n","protected":false},"author":1,"featured_media":17534,"parent":0,"menu_order":0,"comment_status":"closed","ping_status":"closed","template":"","meta":{"_acf_changed":false,"footnotes":""},"class_list":["post-18532","page","type-page","status-publish","has-post-thumbnail","hentry"],"acf":[],"_links":{"self":[{"href":"https:\/\/innocentiemangonipiante.it\/es\/wp-json\/wp\/v2\/pages\/18532","targetHints":{"allow":["GET"]}}],"collection":[{"href":"https:\/\/innocentiemangonipiante.it\/es\/wp-json\/wp\/v2\/pages"}],"about":[{"href":"https:\/\/innocentiemangonipiante.it\/es\/wp-json\/wp\/v2\/types\/page"}],"author":[{"embeddable":true,"href":"https:\/\/innocentiemangonipiante.it\/es\/wp-json\/wp\/v2\/users\/1"}],"replies":[{"embeddable":true,"href":"https:\/\/innocentiemangonipiante.it\/es\/wp-json\/wp\/v2\/comments?post=18532"}],"version-history":[{"count":0,"href":"https:\/\/innocentiemangonipiante.it\/es\/wp-json\/wp\/v2\/pages\/18532\/revisions"}],"wp:featuredmedia":[{"embeddable":true,"href":"https:\/\/innocentiemangonipiante.it\/es\/wp-json\/wp\/v2\/media\/17534"}],"wp:attachment":[{"href":"https:\/\/innocentiemangonipiante.it\/es\/wp-json\/wp\/v2\/media?parent=18532"}],"curies":[{"name":"wp","href":"https:\/\/api.w.org\/{rel}","templated":true}]}}