{"id":65945,"date":"2024-10-14T11:10:31","date_gmt":"2024-10-14T09:10:31","guid":{"rendered":"https:\/\/innocentiemangonipiante.it\/piante-esotiche\/"},"modified":"2024-10-14T13:06:01","modified_gmt":"2024-10-14T11:06:01","slug":"plantas-exoticas","status":"publish","type":"page","link":"https:\/\/innocentiemangonipiante.it\/es\/plantas-exoticas\/","title":{"rendered":"Plantas ex\u00f3ticas"},"content":{"rendered":"<h1>Plantas ex\u00f3ticas<\/h1>\n<div>\n<p>Nuestras plantas ex\u00f3ticas permiten crear un jard\u00edn <strong>\u201cMediterr\u00e1neo\u201d<\/strong> en todas las latitudes. Estas est\u00e1n disponibles en m\u00faltiples variedades y tama\u00f1os.<\/p>\n<p>Seleccionamos cuidadosamente cada planta ex\u00f3tica por su <strong>resistencia<\/strong> y <strong>capacidad de adaptarse<\/strong> a diversos climas, garantizando que pueda prosperar y crecer exuberante.<\/p>\n<p>Ya sea para grandes jardines, terrazas panor\u00e1micas o peque\u00f1os rincones verdes, las plantas ex\u00f3ticas transforman cualquier espacio en un oasis de biodiversidad y belleza.<\/p>\n<\/div>\n<p><img decoding=\"async\" src=\"\/wp-content\/uploads\/2024\/10\/pianta-esotica.png\" alt=\"Pianta esotica\" title=\"\"><\/p>\n<h4>Surtido varietal de plantas ex\u00f3ticas en vivero<\/h4>\n<h3>EJEMPLARES DE PLANTAS EX\u00d3TICAS<\/h3>\n<div>\n<\/div>\n<h2>Piante esotiche<\/h2>\n<ul>\n<li>\n<p>        <img decoding=\"async\" src=\"\/wp-content\/uploads\/2024\/10\/piante-esotiche-EL_01474-dimensioni-grandi.jpeg\" alt=\"Plantas ex\u00f3ticas\" title=\"\"><\/p>\n<h3>piante-esotiche-EL_01474 &#8211; dimensioni grandi<\/h3>\n<\/li>\n<li>\n<p>        <img decoding=\"async\" src=\"\/wp-content\/uploads\/2024\/10\/piante-esotiche-EL_01465-dimensioni-grandi.jpeg\" alt=\"Plantas ex\u00f3ticas\" title=\"\"><\/p>\n<h3>piante-esotiche-EL_01465 &#8211; dimensioni grandi<\/h3>\n<\/li>\n<li>\n<p>        <img decoding=\"async\" src=\"\/wp-content\/uploads\/2024\/10\/piante-esotiche-DSC02701-scaled.jpeg\" alt=\"Plantas ex\u00f3ticas\" title=\"\"><\/p>\n<h3>piante-esotiche-DSC02701<\/h3>\n<\/li>\n<li>\n<p>        <img decoding=\"async\" src=\"\/wp-content\/uploads\/2024\/10\/piante-esotiche-IEM08410-scaled.jpg\" alt=\"Plantas ex\u00f3ticas\" title=\"\"><\/p>\n<h3>piante-esotiche-IEM08410<\/h3>\n<\/li>\n<li>\n<p>        <img decoding=\"async\" src=\"\/wp-content\/uploads\/2024\/10\/piante-esotiche-DSC06271-Modifica2.jpg\" alt=\"Plantas ex\u00f3ticas\" title=\"\"><\/p>\n<h3>piante-esotiche-DSC06271-Modifica2<\/h3>\n<\/li>\n<li>\n<p>        <img decoding=\"async\" src=\"\/wp-content\/uploads\/2024\/10\/piante-esotiche-DSC00236-esotiche.jpg\" alt=\"Plantas ex\u00f3ticas\" title=\"\"><\/p>\n<h3>piante-esotiche-DSC00236-esotiche<\/h3>\n<\/li>\n<\/ul>\n<p><!--more--><br \/>\n<!-- {\"type\":\"layout\",\"children\":[{\"name\":\"Hero\",\"type\":\"section\",\"props\":{\"header_transparent\":\"dark\",\"header_transparent_noplaceholder\":true,\"height\":\"percent\",\"image\":\"wp-content\\\/uploads\\\/2024\\\/10\\\/piante-esotiche.jpg\",\"image_position\":\"center-center\",\"image_size\":\"cover\",\"image_width\":\"2560\",\"overlap\":false,\"padding\":\"xlarge\",\"style\":\"secondary\",\"title_breakpoint\":\"xl\",\"title_position\":\"top-left\",\"title_rotation\":\"left\",\"vertical_align\":\"middle\",\"video_height\":\"1200\",\"width\":\"\"},\"children\":[{\"type\":\"row\",\"children\":[{\"type\":\"column\",\"props\":{\"image_position\":\"center-center\",\"position_sticky_breakpoint\":\"m\",\"width_medium\":\"1-1\"}}]}]},{\"name\":\"About\",\"type\":\"section\",\"props\":{\"animation\":\"fade\",\"image_position\":\"center-center\",\"overlap\":false,\"padding\":\"large\",\"padding_remove_bottom\":false,\"style\":\"default\",\"title_breakpoint\":\"xl\",\"title_position\":\"top-left\",\"title_rotation\":\"left\",\"vertical_align\":\"middle\",\"width\":\"large\"},\"children\":[{\"type\":\"row\",\"props\":{\"column_gap\":\"large\",\"layout\":\"1-2,1-2\",\"row_gap\":\"large\"},\"children\":[{\"type\":\"column\",\"props\":{\"image_position\":\"center-center\",\"position_sticky_breakpoint\":\"m\",\"vertical_align\":\"middle\",\"width_medium\":\"1-2\"},\"children\":[{\"type\":\"headline\",\"props\":{\"content\":\"Plantas ex\\u00f3ticas\",\"margin\":\"remove-vertical\",\"title_color\":\"primary\",\"title_element\":\"h1\",\"title_style\":\"heading-medium\"}},{\"type\":\"text\",\"props\":{\"column_breakpoint\":\"m\",\"content\":\"\n\n<p>Nuestras plantas ex\\u00f3ticas permiten crear un jard\\u00edn <strong>\\u201cMediterr\\u00e1neo\\u201d<\\\/strong> en todas las latitudes. Estas est\\u00e1n disponibles en m\\u00faltiples variedades y tama\\u00f1os.<\\\/p>\\n\n\n<p>Seleccionamos cuidadosamente cada planta ex\\u00f3tica por su <strong>resistencia<\\\/strong> y <strong>capacidad de adaptarse<\\\/strong> a diversos climas, garantizando que pueda prosperar y crecer exuberante.<\\\/p>\\n\n\n<p>Ya sea para grandes jardines, terrazas panor\\u00e1micas o peque\\u00f1os rincones verdes, las plantas ex\\u00f3ticas transforman cualquier espacio en un oasis de biodiversidad y belleza.<\\\/p>\",\"margin\":\"large\"}}]},{\"type\":\"column\",\"props\":{\"image_position\":\"center-center\",\"position_sticky_breakpoint\":\"m\",\"vertical_align\":\"bottom\",\"width_medium\":\"1-2\"},\"children\":[{\"type\":\"image\",\"props\":{\"image\":\"wp-content\\\/uploads\\\/2024\\\/10\\\/pianta-esotica.png\",\"image_alt\":\"Pianta esotica\",\"image_svg_color\":\"emphasis\",\"margin\":\"default\"}}]}]}]},{\"name\":\"Menu\",\"type\":\"section\",\"props\":{\"animation\":\"fade\",\"image\":\"wp-content\\\/uploads\\\/2024\\\/10\\\/Piante-esotiche-PAN06567-scaled.jpg\",\"image_position\":\"center-center\",\"image_size\":\"cover\",\"image_width\":\"2560\",\"media_overlay\":\"rgba(34, 32, 30, 0.7)\",\"overlap\":true,\"padding\":\"large\",\"padding_remove_top\":false,\"preserve_color\":false,\"style\":\"secondary\",\"title_breakpoint\":\"xl\",\"title_position\":\"top-left\",\"title_rotation\":\"left\",\"vertical_align\":\"middle\",\"width\":\"large\"},\"children\":[{\"type\":\"row\",\"children\":[{\"type\":\"column\",\"props\":{\"image_position\":\"center-center\",\"position_sticky_breakpoint\":\"m\",\"width_medium\":\"1-1\"},\"children\":[{\"type\":\"headline\",\"props\":{\"content\":\"Surtido varietal de plantas ex\\u00f3ticas en vivero\",\"text_align\":\"center\",\"text_align_breakpoint\":\"s\",\"title_element\":\"h4\",\"title_style\":\"h3\"}},{\"type\":\"headline\",\"props\":{\"content\":\"EJEMPLARES DE PLANTAS EX\\u00d3TICAS\",\"margin\":\"remove-vertical\",\"text_align\":\"center\",\"text_align_breakpoint\":\"s\",\"title_element\":\"h3\",\"title_style\":\"heading-small\"}},{\"type\":\"overlay-slider\",\"props\":{\"content_style\":\"text-lead\",\"image_height\":\"500\",\"image_width\":\"500\",\"link_style\":\"default\",\"link_text\":\"\",\"margin\":\"large\",\"meta_align\":\"below-title\",\"meta_element\":\"div\",\"meta_style\":\"text-meta\",\"nav\":\"\",\"nav_align\":\"center\",\"nav_breakpoint\":\"s\",\"overlay_link\":true,\"overlay_maxwidth\":\"2xlarge\",\"overlay_mode\":\"caption\",\"overlay_position\":\"bottom-center\",\"overlay_style\":\"overlay-primary\",\"overlay_transition\":\"fade\",\"show_content\":true,\"show_hover_image\":true,\"show_link\":true,\"show_meta\":true,\"show_title\":true,\"slidenav\":\"outside\",\"slidenav_breakpoint\":\"xl\",\"slidenav_hover\":true,\"slidenav_margin\":\"medium\",\"slidenav_outside_breakpoint\":\"xl\",\"slider_autoplay_pause\":true,\"slider_gap\":\"default\",\"slider_width\":\"fixed\",\"slider_width_default\":\"1-1\",\"slider_width_medium\":\"1-3\",\"text_align\":\"left\",\"title_element\":\"h3\",\"title_font_family\":\"primary\",\"title_hover_style\":\"reset\",\"title_link\":true,\"title_style\":\"h4\"},\"children\":[{\"type\":\"overlay-slider_item\",\"props\":{\"yooessentials_access_conditions\":[],\"yooessentials_access_mode\":\"AND\"},\"source\":{\"props\":{\"title\":{\"filters\":{\"search\":\"\"},\"name\":\"title\"},\"image\":{\"filters\":{\"search\":\"\"},\"name\":\"featuredImage.url\"},\"image_alt\":{\"filters\":{\"search\":\"\"},\"name\":\"featuredImage.alt\"},\"link\":{\"filters\":{\"search\":\"\"},\"name\":\"link\"},\"_condition\":{\"filters\":{\"condition\":\"!!\"},\"arguments\":{\"separator\":\", \",\"show_link\":true,\"link_style\":\"\"},\"name\":\"product_tagString\"}},\"query\":{\"name\":\"products.customProducts\",\"arguments\":{\"terms\":[5449],\"product_cat_operator\":\"IN\",\"product_tag_operator\":\"IN\",\"product_visibility_operator\":\"IN\",\"users\":[],\"users_operator\":\"IN\",\"offset\":0,\"limit\":16,\"order\":\"rand\",\"order_direction\":\"DESC\"}}}}],\"name\":\"*slider piante filtrate bene\"}]}]}]},{\"type\":\"section\",\"props\":{\"animation\":\"fade\",\"animation_delay\":\"100\",\"image_position\":\"center-center\",\"padding_remove_bottom\":true,\"style\":\"primary\",\"title_breakpoint\":\"xl\",\"title_position\":\"top-left\",\"title_rotation\":\"left\",\"vertical_align\":\"middle\",\"width\":\"\"},\"children\":[{\"type\":\"row\",\"children\":[{\"type\":\"column\",\"props\":{\"image_position\":\"center-center\",\"position_sticky_breakpoint\":\"m\"},\"children\":[{\"type\":\"headline\",\"props\":{\"content\":\"Piante esotiche\",\"text_align\":\"center\",\"title_decoration\":\"line\",\"title_element\":\"h2\",\"title_style\":\"h2\",\"yooessentials_access_conditions\":[],\"yooessentials_access_mode\":\"AND\"}},{\"type\":\"gallery\",\"props\":{\"filter_align\":\"left\",\"filter_all\":true,\"filter_grid_breakpoint\":\"m\",\"filter_grid_width\":\"auto\",\"filter_position\":\"top\",\"filter_style\":\"tab\",\"grid_column_gap\":\"collapse\",\"grid_default\":\"2\",\"grid_medium\":\"3\",\"grid_row_gap\":\"collapse\",\"image_height\":\"600\",\"image_width\":\"900\",\"item_animation\":true,\"link_style\":\"default\",\"link_text\":\"Read more\",\"margin\":\"default\",\"meta_align\":\"below-title\",\"meta_element\":\"div\",\"meta_style\":\"text-meta\",\"overlay_hover\":false,\"overlay_mode\":\"cover\",\"overlay_position\":\"center\",\"overlay_style\":\"\",\"overlay_transition\":\"fade\",\"show_content\":false,\"show_hover_image\":true,\"show_link\":true,\"show_meta\":false,\"show_title\":false,\"text_align\":\"center\",\"text_color\":\"light\",\"title_element\":\"h3\",\"title_hover_style\":\"reset\"},\"children\":[{\"type\":\"gallery_item\",\"props\":{\"image\":\"wp-content\\\/uploads\\\/2024\\\/10\\\/piante-esotiche-EL_01474-dimensioni-grandi.jpeg\",\"image_alt\":\"Plantas ex\\u00f3ticas\",\"title\":\"piante-esotiche-EL_01474 - dimensioni grandi\"}},{\"type\":\"gallery_item\",\"props\":{\"image\":\"wp-content\\\/uploads\\\/2024\\\/10\\\/piante-esotiche-EL_01465-dimensioni-grandi.jpeg\",\"image_alt\":\"Plantas ex\\u00f3ticas\",\"title\":\"piante-esotiche-EL_01465 - dimensioni grandi\"}},{\"type\":\"gallery_item\",\"props\":{\"image\":\"wp-content\\\/uploads\\\/2024\\\/10\\\/piante-esotiche-DSC02701-scaled.jpeg\",\"image_alt\":\"Plantas ex\\u00f3ticas\",\"title\":\"piante-esotiche-DSC02701\"}},{\"type\":\"gallery_item\",\"props\":{\"image\":\"wp-content\\\/uploads\\\/2024\\\/10\\\/piante-esotiche-IEM08410-scaled.jpg\",\"image_alt\":\"Plantas ex\\u00f3ticas\",\"title\":\"piante-esotiche-IEM08410\"}},{\"type\":\"gallery_item\",\"props\":{\"image\":\"wp-content\\\/uploads\\\/2024\\\/10\\\/piante-esotiche-DSC06271-Modifica2.jpg\",\"image_alt\":\"Plantas ex\\u00f3ticas\",\"title\":\"piante-esotiche-DSC06271-Modifica2\"}},{\"type\":\"gallery_item\",\"props\":{\"image\":\"wp-content\\\/uploads\\\/2024\\\/10\\\/piante-esotiche-DSC00236-esotiche.jpg\",\"image_alt\":\"Plantas ex\\u00f3ticas\",\"title\":\"piante-esotiche-DSC00236-esotiche\"}}]}]}]}],\"name\":\"galleria pie di pagina\"}],\"version\":\"4.2.13\",\"yooessentialsVersion\":\"2.1.5\"} --><\/p>\n","protected":false},"excerpt":{"rendered":"<p>Plantas ex\u00f3ticas Nuestras plantas ex\u00f3ticas permiten crear un jard\u00edn \u201cMediterr\u00e1neo\u201d en todas las latitudes. Estas est\u00e1n disponibles en m\u00faltiples variedades y tama\u00f1os. Seleccionamos cuidadosamente cada planta ex\u00f3tica por su resistencia y capacidad de adaptarse a diversos climas, garantizando que pueda prosperar y crecer exuberante. Ya sea para grandes jardines, terrazas panor\u00e1micas o peque\u00f1os rincones verdes, [&hellip;]<\/p>\n","protected":false},"author":1,"featured_media":65869,"parent":0,"menu_order":0,"comment_status":"closed","ping_status":"closed","template":"","meta":{"_acf_changed":false,"footnotes":""},"class_list":["post-65945","page","type-page","status-publish","has-post-thumbnail","hentry"],"acf":[],"_links":{"self":[{"href":"https:\/\/innocentiemangonipiante.it\/es\/wp-json\/wp\/v2\/pages\/65945","targetHints":{"allow":["GET"]}}],"collection":[{"href":"https:\/\/innocentiemangonipiante.it\/es\/wp-json\/wp\/v2\/pages"}],"about":[{"href":"https:\/\/innocentiemangonipiante.it\/es\/wp-json\/wp\/v2\/types\/page"}],"author":[{"embeddable":true,"href":"https:\/\/innocentiemangonipiante.it\/es\/wp-json\/wp\/v2\/users\/1"}],"replies":[{"embeddable":true,"href":"https:\/\/innocentiemangonipiante.it\/es\/wp-json\/wp\/v2\/comments?post=65945"}],"version-history":[{"count":0,"href":"https:\/\/innocentiemangonipiante.it\/es\/wp-json\/wp\/v2\/pages\/65945\/revisions"}],"wp:featuredmedia":[{"embeddable":true,"href":"https:\/\/innocentiemangonipiante.it\/es\/wp-json\/wp\/v2\/media\/65869"}],"wp:attachment":[{"href":"https:\/\/innocentiemangonipiante.it\/es\/wp-json\/wp\/v2\/media?parent=65945"}],"curies":[{"name":"wp","href":"https:\/\/api.w.org\/{rel}","templated":true}]}}