{"id":7648,"date":"2014-11-24T10:52:25","date_gmt":"2014-11-24T09:52:25","guid":{"rendered":"http:\/\/innocentiemangonipiante.it\/2014\/11\/24\/plantas-cultivo-en-maceta\/"},"modified":"2024-01-15T18:11:53","modified_gmt":"2024-01-15T17:11:53","slug":"plantas-cultivo-en-maceta","status":"publish","type":"page","link":"https:\/\/innocentiemangonipiante.it\/es\/plantas-cultivo-en-maceta\/","title":{"rendered":"Cultivo en maceta"},"content":{"rendered":"<h1>Cultivo en contenedor<\/h1>\n<div>\n<p>Hemos invertido mucho en esta t\u00e9cnica de producci\u00f3n logrando garantizar a nuestra clientela una ampl\u00edsima gama de productos siempre listos para ser entregados y posteriormente colocados en su lugar.<\/p>\n<p>De hecho, a trav\u00e9s del cultivo en contenedor es posible liberarse de los tiempos fisiol\u00f3gicos de las plantas que limitan los per\u00edodos en los que es posible procesarlas.<\/p>\n<p>En nuestros viveros, esta direcci\u00f3n de producci\u00f3n se lleva a cabo utilizando <strong>sustratos<\/strong> especialmente preparados seg\u00fan las necesidades edafol\u00f3gicas de cada variedad, tanto en superficies al aire libre como bajo estructuras, como <strong>invernaderos y sombrillas<\/strong>, Nos permite mantener un alto nivel de calidad durante todo el a\u00f1o.<\/p>\n<\/div>\n<p><img decoding=\"async\" src=\"\/wp-content\/uploads\/2024\/01\/PAN01346-050-060-clt-15-pittosporum-tobira-nanum_piante-in-contenitore.png\" alt=\"\" title=\"\"><\/p>\n<h4>Variedad de plantas cultivadas en macetas<\/h4>\n<h3>ESPEC\u00cdMENES DE PLANTAS CULTIVADAS EN CONTENEDORES<\/h3>\n<div>\n<\/div>\n<div>Contenedores<\/div>\n<ul>\n<li>\n<p>        <img decoding=\"async\" src=\"\/wp-content\/uploads\/2023\/07\/Condizionamento-CLT-contenitore.svg\" alt=\"Contenedor LT.\" title=\"\"><\/p>\n<h3>Contenedor<\/h3>\n<p><a href=\"\/es\/contenedor\/clt-es\"><\/a><\/p>\n<\/li>\n<li>\n<p>        <img decoding=\"async\" src=\"\/wp-content\/uploads\/2023\/07\/Condizionamento-VQLT-vaso-quadrato-LT.svg\" alt=\"jarr\u00f3n cuadrado LT.\" title=\"\"><\/p>\n<h3>Florero cuadrado<\/h3>\n<p><a href=\"\/es\/contenedor\/vqlt-es\"><\/a><\/p>\n<\/li>\n<li>\n<p>        <img decoding=\"async\" src=\"\/wp-content\/uploads\/2023\/07\/Condizionamento-COUPE-ciotola.svg\" alt=\"Coupe recipiente \u2300\" title=\"\"><\/p>\n<h3>Bol<\/h3>\n<p><a href=\"\/es\/contenedor\/bol\"><\/a><\/p>\n<\/li>\n<li>\n<p>        <img decoding=\"async\" src=\"\/wp-content\/uploads\/2023\/07\/Condizionamento-KLT-cassa-di-legno-LT.svg\" alt=\"Caja de madera LT.\" title=\"\"><\/p>\n<h3>Caja de madera<\/h3>\n<p><a href=\"\/es\/contenedor\/caja-de-madera\"><\/a><\/p>\n<\/li>\n<li>\n<p>        <img decoding=\"async\" src=\"\/wp-content\/uploads\/2023\/07\/Condizionamento-DECO-DESIGN-vasi-decorativi.svg\" alt=\"Jarr\u00f3n decorativo DECO DESIGN\" title=\"\"><\/p>\n<h3>Deco design<\/h3>\n<p><a href=\"\/es\/contenedor\/deco-es\"><\/a><\/p>\n<\/li>\n<li>\n<p>        <img decoding=\"async\" src=\"\/wp-content\/uploads\/2023\/10\/Condizionamento-AIR-POT.svg\" alt=\"\" title=\"\"><\/p>\n<h3>Air-pot<\/h3>\n<p><a href=\"\/es\/contenedor\/air-pot-es\/\"><\/a><\/p>\n<\/li>\n<li>\n<p>        <img decoding=\"async\" src=\"\/wp-content\/uploads\/2023\/10\/Condizionamento-LANT-PLAST.svg\" alt=\"PLANT PLAST\" title=\"\"><\/p>\n<h3>Plant plast<\/h3>\n<p><a href=\"\/es\/contenedor\/plant-plast-es\/\"><\/a><\/p>\n<\/li>\n<\/ul>\n<h2>Cultivo de plantas en contenedores<\/h2>\n<ul>\n<li>\n<p>        <img decoding=\"async\" src=\"\/wp-content\/uploads\/2023\/06\/coltivazione-piante-in-contenitore-per-garden-center.jpg\" alt=\"\" title=\"\"><\/p>\n<h3>coltivazione-piante-in-contenitore-per-garden-center<\/h3>\n<\/li>\n<li>\n<p>        <img decoding=\"async\" src=\"\/wp-content\/uploads\/2011\/05\/coltivazione-piante-in-contenitore-3.jpg\" alt=\"\" title=\"\"><\/p>\n<h3>coltivazione-piante-in-contenitore-3<\/h3>\n<\/li>\n<li>\n<p>        <img decoding=\"async\" src=\"\/wp-content\/uploads\/2023\/07\/1IN8043-scaled.jpg\" alt=\"\" title=\"\"><\/p>\n<h3>_1IN8043<\/h3>\n<\/li>\n<li>\n<p>        <img decoding=\"async\" src=\"\/wp-content\/uploads\/2023\/07\/1IN8839-scaled.jpg\" alt=\"\" title=\"\"><\/p>\n<h3>_1IN8839<\/h3>\n<\/li>\n<li>\n<p>        <img decoding=\"async\" src=\"\/wp-content\/uploads\/2023\/07\/1IN9018-scaled.jpg\" alt=\"\" title=\"\"><\/p>\n<h3>_1IN9018<\/h3>\n<\/li>\n<li>\n<p>        <img decoding=\"async\" src=\"\/wp-content\/uploads\/2023\/07\/DSC1439-scaled.jpg\" alt=\"\" title=\"\"><\/p>\n<h3>_DSC1439<\/h3>\n<\/li>\n<li>\n<p>        <img decoding=\"async\" src=\"\/wp-content\/uploads\/2023\/07\/DSC5938-scaled.jpg\" alt=\"\" title=\"\"><\/p>\n<h3>_DSC5938<\/h3>\n<\/li>\n<li>\n<p>        <img decoding=\"async\" src=\"\/wp-content\/uploads\/2023\/07\/DSC6249-scaled.jpg\" alt=\"\" title=\"\"><\/p>\n<h3>_DSC6249<\/h3>\n<\/li>\n<li>\n<p>        <img decoding=\"async\" src=\"\/wp-content\/uploads\/2023\/07\/DJI_0272-scaled.jpg\" alt=\"\" title=\"\"><\/p>\n<h3>DCIM100MEDIADJI_0272.JPG<\/h3>\n<\/li>\n<\/ul>\n<ul>\n<li>\n<\/li>\n<li>\n<\/li>\n<li>\n<\/li>\n<li>\n<\/li>\n<\/ul>\n<p><!--more--><br \/>\n<!-- {\"type\":\"layout\",\"children\":[{\"name\":\"Hero\",\"type\":\"section\",\"props\":{\"header_transparent\":\"dark\",\"header_transparent_noplaceholder\":true,\"height\":\"percent\",\"image_position\":\"center-center\",\"image_size\":\"cover\",\"image_width\":\"2560\",\"overlap\":false,\"padding\":\"xlarge\",\"style\":\"secondary\",\"title_breakpoint\":\"xl\",\"title_position\":\"top-left\",\"title_rotation\":\"left\",\"vertical_align\":\"middle\",\"video\":\"wp-content\\\/uploads\\\/2023\\\/11\\\/coltivazione-in-contenitore.mp4\",\"video_height\":\"1200\",\"width\":\"\"},\"children\":[{\"type\":\"row\",\"children\":[{\"type\":\"column\",\"props\":{\"image_position\":\"center-center\",\"position_sticky_breakpoint\":\"m\",\"width_medium\":\"1-1\"}}]}]},{\"name\":\"About\",\"type\":\"section\",\"props\":{\"animation\":\"fade\",\"image_position\":\"center-center\",\"overlap\":true,\"padding\":\"large\",\"padding_remove_bottom\":false,\"style\":\"default\",\"title_breakpoint\":\"xl\",\"title_position\":\"top-left\",\"title_rotation\":\"left\",\"vertical_align\":\"middle\",\"width\":\"large\"},\"children\":[{\"type\":\"row\",\"props\":{\"column_gap\":\"large\",\"layout\":\"1-2,1-2\",\"row_gap\":\"large\"},\"children\":[{\"type\":\"column\",\"props\":{\"image_position\":\"center-center\",\"position_sticky_breakpoint\":\"m\",\"vertical_align\":\"middle\",\"width_medium\":\"1-2\"},\"children\":[{\"type\":\"headline\",\"props\":{\"content\":\"Cultivo en contenedor\",\"margin\":\"remove-vertical\",\"title_color\":\"primary\",\"title_element\":\"h1\",\"title_style\":\"heading-medium\"}},{\"type\":\"text\",\"props\":{\"column_breakpoint\":\"m\",\"content\":\"\n\n<p>Hemos invertido mucho en esta t\\u00e9cnica de producci\\u00f3n logrando garantizar a nuestra clientela una ampl\\u00edsima gama de productos siempre listos para ser entregados y posteriormente colocados en su lugar.<\\\/p>\\n\n\n<p>De hecho, a trav\\u00e9s del cultivo en contenedor es posible liberarse de los tiempos fisiol\\u00f3gicos de las plantas que limitan los per\\u00edodos en los que es posible procesarlas.<\\\/p>\\n\n\n<p>En nuestros viveros, esta direcci\\u00f3n de producci\\u00f3n se lleva a cabo utilizando <strong>sustratos<\\\/strong> especialmente preparados seg\\u00fan las necesidades edafol\\u00f3gicas de cada variedad, tanto en superficies al aire libre como bajo estructuras, como <strong>invernaderos y sombrillas<\\\/strong>, Nos permite mantener un alto nivel de calidad durante todo el a\\u00f1o.<\\\/p>\",\"margin\":\"large\"}}]},{\"type\":\"column\",\"props\":{\"image_position\":\"center-center\",\"position_sticky_breakpoint\":\"m\",\"vertical_align\":\"middle\",\"width_medium\":\"1-2\"},\"children\":[{\"type\":\"image\",\"props\":{\"image\":\"wp-content\\\/uploads\\\/2024\\\/01\\\/PAN01346-050-060-clt-15-pittosporum-tobira-nanum_piante-in-contenitore.png\",\"image_svg_color\":\"emphasis\",\"margin\":\"default\"}}]}]}]},{\"name\":\"Menu\",\"type\":\"section\",\"props\":{\"animation\":\"fade\",\"image\":\"wp-content\\\/uploads\\\/2023\\\/07\\\/DSC06317-scaled.jpg\",\"image_position\":\"center-center\",\"image_size\":\"cover\",\"image_width\":\"2560\",\"media_overlay\":\"rgba(34, 32, 30, 0.7)\",\"overlap\":true,\"padding\":\"large\",\"preserve_color\":false,\"style\":\"secondary\",\"title_breakpoint\":\"xl\",\"title_position\":\"top-left\",\"title_rotation\":\"left\",\"vertical_align\":\"middle\",\"width\":\"large\"},\"children\":[{\"type\":\"row\",\"children\":[{\"type\":\"column\",\"props\":{\"image_position\":\"center-center\",\"position_sticky_breakpoint\":\"m\",\"width_medium\":\"1-1\"},\"children\":[{\"type\":\"headline\",\"props\":{\"content\":\"Variedad de plantas cultivadas en macetas\",\"text_align\":\"center\",\"text_align_breakpoint\":\"s\",\"title_element\":\"h4\",\"title_style\":\"h3\"}},{\"type\":\"headline\",\"props\":{\"content\":\"ESPEC\\u00cdMENES DE PLANTAS CULTIVADAS EN CONTENEDORES\",\"margin\":\"remove-vertical\",\"text_align\":\"center\",\"text_align_breakpoint\":\"s\",\"title_element\":\"h3\",\"title_style\":\"heading-small\"}},{\"type\":\"overlay-slider\",\"props\":{\"content_style\":\"text-lead\",\"image_height\":\"500\",\"image_width\":\"500\",\"link_style\":\"default\",\"link_text\":\"\",\"margin\":\"large\",\"meta_align\":\"below-title\",\"meta_element\":\"div\",\"meta_style\":\"text-meta\",\"nav\":\"\",\"nav_align\":\"center\",\"nav_breakpoint\":\"s\",\"overlay_link\":true,\"overlay_maxwidth\":\"2xlarge\",\"overlay_mode\":\"caption\",\"overlay_position\":\"bottom-center\",\"overlay_style\":\"overlay-primary\",\"overlay_transition\":\"fade\",\"show_content\":true,\"show_hover_image\":true,\"show_link\":true,\"show_meta\":true,\"show_title\":true,\"slidenav\":\"outside\",\"slidenav_breakpoint\":\"xl\",\"slidenav_hover\":false,\"slidenav_margin\":\"medium\",\"slidenav_outside_breakpoint\":\"xl\",\"slider_autoplay_pause\":true,\"slider_gap\":\"default\",\"slider_width\":\"fixed\",\"slider_width_default\":\"1-1\",\"slider_width_medium\":\"1-3\",\"text_align\":\"left\",\"title_element\":\"h3\",\"title_font_family\":\"primary\",\"title_hover_style\":\"reset\",\"title_style\":\"h4\",\"yooessentials_access_conditions\":[],\"yooessentials_access_mode\":\"AND\"},\"children\":[{\"type\":\"overlay-slider_item\",\"source\":{\"props\":{\"title\":{\"filters\":{\"search\":\"\"},\"name\":\"title\"},\"image\":{\"filters\":{\"search\":\"\"},\"name\":\"featuredImage.url\"},\"image_alt\":{\"filters\":{\"search\":\"\"},\"name\":\"featuredImage.alt\"},\"link\":{\"filters\":{\"search\":\"\"},\"name\":\"link\"}},\"query\":{\"name\":\"products.customProducts\",\"arguments\":{\"terms\":[],\"product_cat_operator\":\"IN\",\"product_tag_operator\":\"IN\",\"product_visibility_operator\":\"IN\",\"users\":[],\"users_operator\":\"IN\",\"offset\":0,\"limit\":16,\"order\":\"rand\",\"order_direction\":\"DESC\"}}},\"props\":{\"yooessentials_access_conditions\":[{\"type\":\"yooessentials_access_dynamic\",\"id\":\"ci_B507F7\",\"props\":{\"condition\":\"~=\",\"condition_value\":\"CLT\"},\"source_extended\":{\"props\":{\"value\":{\"name\":\"woocommerce.additional_information\"}}}},{\"type\":\"yooessentials_access_dynamic\",\"id\":\"ci_4F84EF\",\"props\":{\"condition\":\"~=\",\"condition_value\":\"coupe\"},\"source_extended\":{\"props\":{\"value\":{\"name\":\"woocommerce.additional_information\"}}}},{\"type\":\"yooessentials_access_dynamic\",\"id\":\"ci_543EB1\",\"props\":{\"condition\":\"~=\",\"condition_value\":\"vqlt\"},\"source_extended\":{\"props\":{\"value\":{\"name\":\"woocommerce.additional_information\"}}}},{\"type\":\"yooessentials_access_dynamic\",\"id\":\"ci_2086EA\",\"props\":{\"condition\":\"~=\",\"condition_value\":\"klt\"},\"source_extended\":{\"props\":{\"value\":{\"name\":\"woocommerce.additional_information\"}}}}],\"yooessentials_access_mode\":\"OR\"}}],\"name\":\"*griglia piante filtrate bene\"}]}]}]},{\"type\":\"section\",\"props\":{\"image_position\":\"center-center\",\"padding\":\"xsmall\",\"style\":\"primary\",\"title_breakpoint\":\"xl\",\"title_position\":\"top-left\",\"title_rotation\":\"left\",\"vertical_align\":\"middle\",\"width\":\"default\"},\"children\":[{\"type\":\"row\",\"children\":[{\"type\":\"column\",\"props\":{\"image_position\":\"center-center\",\"position_sticky_breakpoint\":\"m\"}}],\"props\":{\"column_gap\":\"collapse\",\"row_gap\":\"collapse\"}}]},{\"name\":\"Benefits\",\"type\":\"section\",\"props\":{\"image_position\":\"center-center\",\"image_size\":\"cover\",\"padding\":\"large\",\"padding_remove_bottom\":false,\"padding_remove_top\":false,\"style\":\"default\",\"title_breakpoint\":\"xl\",\"title_position\":\"top-left\",\"title_rotation\":\"left\",\"vertical_align\":\"middle\",\"width\":\"xlarge\"},\"children\":[{\"type\":\"row\",\"children\":[{\"type\":\"column\",\"props\":{\"image_position\":\"center-center\",\"position_sticky_breakpoint\":\"m\",\"width_medium\":\"1-1\"},\"children\":[{\"type\":\"headline\",\"props\":{\"content\":\"Contenedores\",\"margin\":\"medium\",\"margin_remove_top\":false,\"text_align\":\"center\",\"title_color\":\"primary\",\"title_element\":\"div\",\"title_style\":\"h1\"}},{\"type\":\"grid\",\"props\":{\"content_column_breakpoint\":\"m\",\"content_margin\":\"remove\",\"filter_align\":\"left\",\"filter_all\":true,\"filter_grid_breakpoint\":\"m\",\"filter_grid_width\":\"auto\",\"filter_position\":\"top\",\"filter_style\":\"tab\",\"grid_column_align\":true,\"grid_default\":\"3\",\"grid_medium\":\"4\",\"icon_width\":80,\"image_align\":\"top\",\"image_grid_breakpoint\":\"m\",\"image_grid_width\":\"1-2\",\"image_svg_color\":\"emphasis\",\"item_animation\":true,\"link_style\":\"default\",\"link_text\":\"\",\"margin\":\"default\",\"meta_align\":\"below-title\",\"meta_element\":\"div\",\"meta_style\":\"text-meta\",\"panel_link\":true,\"show_content\":true,\"show_image\":true,\"show_link\":true,\"show_meta\":true,\"show_title\":true,\"text_align\":\"center\",\"title_align\":\"top\",\"title_element\":\"h3\",\"title_grid_breakpoint\":\"m\",\"title_grid_width\":\"1-2\",\"title_hover_style\":\"reset\",\"title_link\":true,\"title_margin\":\"small\",\"title_style\":\"h4\"},\"children\":[{\"type\":\"grid_item\",\"props\":{\"content\":\"\",\"image\":\"wp-content\\\/uploads\\\/2023\\\/07\\\/Condizionamento-CLT-contenitore.svg\",\"image_alt\":\"Contenedor LT.\",\"link\":\"es\\\/contenedor\\\/clt-es\",\"title\":\"Contenedor\"}},{\"type\":\"grid_item\",\"props\":{\"content\":\"\",\"image\":\"wp-content\\\/uploads\\\/2023\\\/07\\\/Condizionamento-VQLT-vaso-quadrato-LT.svg\",\"image_alt\":\"jarr\\u00f3n cuadrado LT.\",\"link\":\"es\\\/contenedor\\\/vqlt-es\",\"title\":\"Florero cuadrado\"}},{\"type\":\"grid_item\",\"props\":{\"content\":\"\",\"image\":\"wp-content\\\/uploads\\\/2023\\\/07\\\/Condizionamento-COUPE-ciotola.svg\",\"image_alt\":\"Coupe recipiente \\u2300\",\"link\":\"es\\\/contenedor\\\/bol\",\"title\":\"Bol\"}},{\"type\":\"grid_item\",\"props\":{\"content\":\"\",\"image\":\"wp-content\\\/uploads\\\/2023\\\/07\\\/Condizionamento-KLT-cassa-di-legno-LT.svg\",\"image_alt\":\"Caja de madera LT.\",\"link\":\"es\\\/contenedor\\\/caja-de-madera\",\"title\":\"Caja de madera\"}},{\"type\":\"grid_item\",\"props\":{\"content\":\"\",\"image\":\"wp-content\\\/uploads\\\/2023\\\/07\\\/Condizionamento-DECO-DESIGN-vasi-decorativi.svg\",\"image_alt\":\"Jarr\\u00f3n decorativo DECO DESIGN\",\"link\":\"es\\\/contenedor\\\/deco-es\",\"title\":\"Deco design\"}},{\"type\":\"grid_item\",\"props\":{\"image\":\"wp-content\\\/uploads\\\/2023\\\/10\\\/Condizionamento-AIR-POT.svg\",\"link\":\"es\\\/contenedor\\\/air-pot-es\\\/\",\"title\":\"Air-pot\"}},{\"type\":\"grid_item\",\"props\":{\"image\":\"wp-content\\\/uploads\\\/2023\\\/10\\\/Condizionamento-LANT-PLAST.svg\",\"image_alt\":\"PLANT PLAST\",\"link\":\"es\\\/contenedor\\\/plant-plast-es\\\/\",\"title\":\"Plant plast\"}}]}]}]}]},{\"type\":\"section\",\"props\":{\"animation\":\"fade\",\"animation_delay\":\"100\",\"image_position\":\"center-center\",\"padding_remove_bottom\":true,\"style\":\"primary\",\"title_breakpoint\":\"xl\",\"title_position\":\"top-left\",\"title_rotation\":\"left\",\"vertical_align\":\"middle\",\"width\":\"\"},\"children\":[{\"type\":\"row\",\"children\":[{\"type\":\"column\",\"props\":{\"image_position\":\"center-center\",\"position_sticky_breakpoint\":\"m\"},\"children\":[{\"type\":\"headline\",\"props\":{\"content\":\"Cultivo de plantas en contenedores\",\"text_align\":\"center\",\"title_decoration\":\"line\",\"title_element\":\"h2\",\"title_style\":\"h2\"}},{\"type\":\"gallery\",\"props\":{\"filter_align\":\"left\",\"filter_all\":true,\"filter_grid_breakpoint\":\"m\",\"filter_grid_width\":\"auto\",\"filter_position\":\"top\",\"filter_style\":\"tab\",\"grid_column_gap\":\"collapse\",\"grid_default\":\"3\",\"grid_medium\":\"3\",\"grid_row_gap\":\"collapse\",\"image_height\":\"600\",\"image_width\":\"900\",\"item_animation\":true,\"link_style\":\"default\",\"link_text\":\"Read more\",\"margin\":\"default\",\"meta_align\":\"below-title\",\"meta_element\":\"div\",\"meta_style\":\"text-meta\",\"overlay_hover\":false,\"overlay_mode\":\"cover\",\"overlay_position\":\"center\",\"overlay_style\":\"\",\"overlay_transition\":\"fade\",\"show_content\":false,\"show_hover_image\":true,\"show_link\":true,\"show_meta\":false,\"show_title\":false,\"text_align\":\"center\",\"text_color\":\"light\",\"title_element\":\"h3\",\"title_hover_style\":\"reset\"},\"children\":[{\"type\":\"gallery_item\",\"props\":{\"image\":\"wp-content\\\/uploads\\\/2023\\\/06\\\/coltivazione-piante-in-contenitore-per-garden-center.jpg\",\"title\":\"coltivazione-piante-in-contenitore-per-garden-center\"}},{\"type\":\"gallery_item\",\"props\":{\"image\":\"wp-content\\\/uploads\\\/2011\\\/05\\\/coltivazione-piante-in-contenitore-3.jpg\",\"title\":\"coltivazione-piante-in-contenitore-3\"}},{\"type\":\"gallery_item\",\"props\":{\"image\":\"wp-content\\\/uploads\\\/2023\\\/07\\\/1IN8043-scaled.jpg\",\"title\":\"_1IN8043\"}},{\"type\":\"gallery_item\",\"props\":{\"image\":\"wp-content\\\/uploads\\\/2023\\\/07\\\/1IN8839-scaled.jpg\",\"title\":\"_1IN8839\"}},{\"type\":\"gallery_item\",\"props\":{\"image\":\"wp-content\\\/uploads\\\/2023\\\/07\\\/1IN9018-scaled.jpg\",\"title\":\"_1IN9018\"}},{\"type\":\"gallery_item\",\"props\":{\"image\":\"wp-content\\\/uploads\\\/2023\\\/07\\\/DSC1439-scaled.jpg\",\"title\":\"_DSC1439\"}},{\"type\":\"gallery_item\",\"props\":{\"image\":\"wp-content\\\/uploads\\\/2023\\\/07\\\/DSC5938-scaled.jpg\",\"title\":\"_DSC5938\"}},{\"type\":\"gallery_item\",\"props\":{\"image\":\"wp-content\\\/uploads\\\/2023\\\/07\\\/DSC6249-scaled.jpg\",\"title\":\"_DSC6249\"}},{\"type\":\"gallery_item\",\"props\":{\"image\":\"wp-content\\\/uploads\\\/2023\\\/07\\\/DJI_0272-scaled.jpg\",\"title\":\"DCIM100MEDIADJI_0272.JPG\"}}]}]}]}],\"name\":\"galleria pie di pagina\"},{\"type\":\"section\",\"props\":{\"image_position\":\"center-center\",\"padding\":\"none\",\"style\":\"default\",\"title_breakpoint\":\"xl\",\"title_position\":\"top-left\",\"title_rotation\":\"left\",\"vertical_align\":\"middle\",\"width\":\"\"},\"children\":[{\"type\":\"row\",\"children\":[{\"type\":\"column\",\"props\":{\"image_position\":\"center-center\",\"position_sticky_breakpoint\":\"m\"},\"children\":[{\"type\":\"grid\",\"props\":{\"content_column_breakpoint\":\"m\",\"filter_align\":\"left\",\"filter_all\":true,\"filter_grid_breakpoint\":\"m\",\"filter_grid_width\":\"auto\",\"filter_position\":\"top\",\"filter_style\":\"tab\",\"grid_column_align\":true,\"grid_column_gap\":\"collapse\",\"grid_default\":\"1\",\"grid_medium\":\"4\",\"grid_row_gap\":\"collapse\",\"icon_width\":80,\"image_align\":\"top\",\"image_grid_breakpoint\":\"m\",\"image_grid_width\":\"1-2\",\"image_svg_color\":\"emphasis\",\"item_animation\":true,\"link_style\":\"primary\",\"link_text\":\"Descubre m\\u00e1s\",\"margin\":\"default\",\"meta_align\":\"below-title\",\"meta_element\":\"div\",\"meta_style\":\"text-meta\",\"panel_link\":true,\"panel_padding\":\"default\",\"panel_style\":\"tile-checked\",\"show_content\":true,\"show_image\":true,\"show_link\":true,\"show_meta\":true,\"show_title\":true,\"text_align\":\"center\",\"title_align\":\"top\",\"title_element\":\"h3\",\"title_grid_breakpoint\":\"m\",\"title_grid_width\":\"1-2\",\"title_hover_style\":\"reset\",\"title_link\":true},\"children\":[{\"type\":\"grid_item\",\"props\":{\"link_text\":\"Descubre m\\u00e1s\",\"panel_style\":\"card-secondary\"},\"source\":{\"query\":{\"name\":\"pages.customPage\",\"arguments\":{\"users\":[],\"users_operator\":\"IN\",\"offset\":0,\"order\":\"date\",\"order_direction\":\"DESC\",\"id\":7650}},\"props\":{\"title\":{\"filters\":{\"search\":\"\"},\"name\":\"title\"},\"link\":{\"filters\":{\"search\":\"\"},\"name\":\"link\"},\"content\":{\"filters\":{\"search\":\"\",\"limit\":150},\"arguments\":{\"show_intro_text\":true},\"name\":\"content\"}}}},{\"type\":\"grid_item\",\"props\":{\"panel_style\":\"card-primary\"},\"source\":{\"query\":{\"name\":\"pages.customPage\",\"arguments\":{\"users\":[],\"users_operator\":\"IN\",\"offset\":0,\"order\":\"date\",\"order_direction\":\"DESC\",\"id\":9085}},\"props\":{\"title\":{\"filters\":{\"search\":\"\"},\"name\":\"title\"},\"link\":{\"filters\":{\"search\":\"\"},\"name\":\"link\"},\"content\":{\"filters\":{\"search\":\"\",\"limit\":150},\"arguments\":{\"show_intro_text\":true},\"name\":\"content\"}}}},{\"type\":\"grid_item\",\"props\":{\"panel_style\":\"card-secondary\"},\"source\":{\"query\":{\"name\":\"pages.customPage\",\"arguments\":{\"users\":[],\"users_operator\":\"IN\",\"offset\":0,\"order\":\"date\",\"order_direction\":\"DESC\",\"id\":9092}},\"props\":{\"title\":{\"filters\":{\"search\":\"\"},\"name\":\"title\"},\"link\":{\"filters\":{\"search\":\"\"},\"name\":\"link\"},\"content\":{\"filters\":{\"search\":\"\",\"limit\":150},\"arguments\":{\"show_intro_text\":true},\"name\":\"content\"}}}},{\"type\":\"grid_item\",\"props\":{\"link_text\":\"Scopri di pi\\u00f9\",\"panel_style\":\"card-primary\"},\"source\":{\"query\":{\"name\":\"pages.customPage\",\"arguments\":{\"users\":[],\"users_operator\":\"IN\",\"offset\":0,\"order\":\"date\",\"order_direction\":\"DESC\",\"id\":7655}},\"props\":{\"title\":{\"filters\":{\"search\":\"\"},\"name\":\"title\"},\"link\":{\"filters\":{\"search\":\"\"},\"name\":\"link\"},\"content\":{\"filters\":{\"search\":\"\",\"limit\":150},\"arguments\":{\"show_intro_text\":true},\"name\":\"content\"}}}}]}]}]}],\"name\":\"_Correlati produzione SPA\"}],\"version\":\"4.2.11\",\"yooessentialsVersion\":\"2.1.5\"} --><\/p>\n","protected":false},"excerpt":{"rendered":"<p>Cultivo en maceta<\/p>\n<p>Hemos invertido mucho en esta t\u00e9cnica de producci\u00f3n, logrando garantizar a nuestros clientes una vasta gama de productos siempre listos para ser entregados y sucesivamente instalados en el domicilio.<\/p>\n<p>De hecho, por medio del cultivo en macetas es posible desvincularse de los tiempos fisiol\u00f3gicos de las plantas ya que limitan los periodos en los que es posible trabajarlas.<\/p>\n<p>En nuestros viveros, esta orientaci\u00f3n en la producci\u00f3n se desarrolla utilizando <a href=\"es\/tag\/sustratos.html\"><b>sustratos<\/b><\/a> preparados a prop\u00f3sito seg\u00fan las exigencias pedol\u00f3gicas de cada variedad, tanto en superficies al aire libre como dentro de estructuras como <a href=\"es\/tag\/invernaderos.html\"><b>invernaderos<\/b><\/a> y <a href=\"es\/tag\/sistemas-de-sombreo.html\"><b>sistemas de sombreo<\/b><\/a>, permiti\u00e9ndonos mantener un est\u00e1ndar elevado de calidad durante todo el a\u00f1o.<\/p>\n<p>Solicitar nuestro cat\u00e1logo<\/p>\n<p>Nuestro cat\u00e1logo plantas<\/p>\n","protected":false},"author":2,"featured_media":10053,"parent":0,"menu_order":24,"comment_status":"open","ping_status":"closed","template":"","meta":{"_acf_changed":false,"footnotes":""},"class_list":["post-7648","page","type-page","status-publish","has-post-thumbnail","hentry"],"acf":[],"_links":{"self":[{"href":"https:\/\/innocentiemangonipiante.it\/es\/wp-json\/wp\/v2\/pages\/7648","targetHints":{"allow":["GET"]}}],"collection":[{"href":"https:\/\/innocentiemangonipiante.it\/es\/wp-json\/wp\/v2\/pages"}],"about":[{"href":"https:\/\/innocentiemangonipiante.it\/es\/wp-json\/wp\/v2\/types\/page"}],"author":[{"embeddable":true,"href":"https:\/\/innocentiemangonipiante.it\/es\/wp-json\/wp\/v2\/users\/2"}],"replies":[{"embeddable":true,"href":"https:\/\/innocentiemangonipiante.it\/es\/wp-json\/wp\/v2\/comments?post=7648"}],"version-history":[{"count":0,"href":"https:\/\/innocentiemangonipiante.it\/es\/wp-json\/wp\/v2\/pages\/7648\/revisions"}],"wp:featuredmedia":[{"embeddable":true,"href":"https:\/\/innocentiemangonipiante.it\/es\/wp-json\/wp\/v2\/media\/10053"}],"wp:attachment":[{"href":"https:\/\/innocentiemangonipiante.it\/es\/wp-json\/wp\/v2\/media?parent=7648"}],"curies":[{"name":"wp","href":"https:\/\/api.w.org\/{rel}","templated":true}]}}