{"id":7650,"date":"2015-01-21T17:39:20","date_gmt":"2015-01-21T16:39:20","guid":{"rendered":"http:\/\/innocentiemangonipiante.it\/2015\/01\/21\/produccion-en-viveros-de-plantas-jovenes\/"},"modified":"2024-01-15T17:30:13","modified_gmt":"2024-01-15T16:30:13","slug":"produccion-en-viveros-de-plantas-jovenes","status":"publish","type":"page","link":"https:\/\/innocentiemangonipiante.it\/es\/produccion-en-viveros-de-plantas-jovenes\/","title":{"rendered":"Plantas j\u00f3venes"},"content":{"rendered":"<h1>\n<p>Plantas j\u00f3venes,<br \/>grandes proyectos<\/p>\n<\/h1>\n<div>\n<p>Desde 2016, este es un sector en el que estamos invirtiendo mucho, tanto desde el punto de vista productivo como estructural.<\/p>\n<\/div>\n<div>\n<p>La producci\u00f3n de <strong>macetas 9<\/strong> y <strong>macetas 13<\/strong> est\u00e1 constituida tanto por la gama varietal cl\u00e1sica como por numerosas variedades nuevas, puestas en producci\u00f3n gracias a la adquisici\u00f3n de decenas de licencias de multiplicaci\u00f3n de los m\u00e1s importantes seleccionadores internacionales: Hoy en d\u00eda tenemos m\u00e1s de\u00a0<strong>80 variedades patentadas en producci\u00f3n<\/strong>.<\/p>\n<\/div>\n<p><img decoding=\"async\" src=\"\/wp-content\/uploads\/2023\/11\/1IN3363-scontornato.png\" alt=\"Plantas j\u00f3venes\" title=\"\"><\/p>\n<h3>Variedad varietal de plantas j\u00f3venes<\/h3>\n<h2>M\u00c1S DE 1200 VARIEDADES DE PLANTAS J\u00d3VENES<\/h2>\n<div>\n<p>Mientras tanto, hemos mejorado el proceso de producci\u00f3n para obtener un producto homog\u00e9neneneo listo para un cultivo de calidad y ha comenzado una renovaci\u00f3n significativa de las instalaciones de producci\u00f3n con la construcci\u00f3n de nuevos invernaderos y sombrillas.<\/p>\n<\/div>\n<p>\n    <a href=\"\/es\/contenedor\/vs-es\/\">Descubre todas las plantas j\u00f3venes<\/a>\n<\/p>\n<ul>\n<li>\n<p>        <img decoding=\"async\" src=\"\/wp-content\/uploads\/2023\/11\/1IN3327.jpg\" alt=\"\" title=\"\"><\/p>\n<h3>_1IN3327<\/h3>\n<\/li>\n<li>\n<p>        <img decoding=\"async\" src=\"\/wp-content\/uploads\/2023\/11\/1IN3329.jpg\" alt=\"\" title=\"\"><\/p>\n<h3>_1IN3329<\/h3>\n<\/li>\n<li>\n<p>        <img decoding=\"async\" src=\"\/wp-content\/uploads\/2023\/11\/1IN3330-2-scontornata.png\" alt=\"\" title=\"\"><\/p>\n<h3>_1IN3330-2-scontornata<\/h3>\n<\/li>\n<li>\n<p>        <img decoding=\"async\" src=\"\/wp-content\/uploads\/2023\/11\/1IN3345-scontornata.png\" alt=\"\" title=\"\"><\/p>\n<h3>_1IN3345-scontornata<\/h3>\n<\/li>\n<li>\n<p>        <img decoding=\"async\" src=\"\/wp-content\/uploads\/2023\/11\/1IN3346-scontornata.png\" alt=\"\" title=\"\"><\/p>\n<h3>_1IN3346-scontornata<\/h3>\n<\/li>\n<li>\n<p>        <img decoding=\"async\" src=\"\/wp-content\/uploads\/2023\/11\/1IN3347-scontornata.png\" alt=\"\" title=\"\"><\/p>\n<h3>_1IN3347-scontornata<\/h3>\n<\/li>\n<li>\n<p>        <img decoding=\"async\" src=\"\/wp-content\/uploads\/2023\/11\/1IN3348-2-scontornata.png\" alt=\"\" title=\"\"><\/p>\n<h3>_1IN3348-2-scontornata<\/h3>\n<\/li>\n<li>\n<p>        <img decoding=\"async\" src=\"\/wp-content\/uploads\/2023\/11\/1IN3349.jpg\" alt=\"\" title=\"\"><\/p>\n<h3>_1IN3349<\/h3>\n<\/li>\n<li>\n<p>        <img decoding=\"async\" src=\"\/wp-content\/uploads\/2023\/11\/1IN3352-scontornata.png\" alt=\"\" title=\"\"><\/p>\n<h3>_1IN3352-scontornata<\/h3>\n<\/li>\n<li>\n<p>        <img decoding=\"async\" src=\"\/wp-content\/uploads\/2023\/11\/1IN3354-scontornata.png\" alt=\"\" title=\"\"><\/p>\n<h3>_1IN3354-scontornata<\/h3>\n<\/li>\n<\/ul>\n<div>Los beneficios de una elecci\u00f3n consciente<\/div>\n<ul>\n<li>\n<h5>Trazabilidad de la planta<\/h5>\n<div>Lorem ipsum dolor sit amet, eleifend gravida non maecenas veritatis vestum eos, nisl volutpat.<\/div>\n<\/li>\n<li>\n<h5>Calidad del producto<\/h5>\n<div>Lorem ipsum dolor sit amet, eleifend gravida non maecenas veritatis vestum eos, nisl volutpat.<\/div>\n<\/li>\n<li>\n<h5>Programaci\u00f3n de la producci\u00f3n<\/h5>\n<div>Lorem ipsum dolor sit amet, eleifend gravida non maecenas veritatis vestum eos, nisl volutpat.<\/div>\n<\/li>\n<li>\n<h5>Desarrollo de nuevas variedades<\/h5>\n<div>Lorem ipsum dolor sit amet, eleifend gravida non maecenas veritatis vestum eos, nisl volutpat.<\/div>\n<\/li>\n<li>\n<h5>Precio competitivo<\/h5>\n<div>Lorem ipsum dolor sit amet, eleifend gravida non maecenas veritatis vestum eos, nisl volutpat.<\/div>\n<\/li>\n<\/ul>\n<ul>\n<li>\n<p>        <img decoding=\"async\" src=\"\/wp-content\/uploads\/2023\/07\/IMG_9393-scaled.jpg\" alt=\"\" title=\"\"><\/p>\n<h3>IMG_9393<\/h3>\n<\/li>\n<li>\n<p>        <img decoding=\"async\" src=\"\/wp-content\/uploads\/2023\/11\/DSC09152.jpg\" alt=\"\" title=\"\"><\/p>\n<h3>_1IN9842<\/h3>\n<\/li>\n<li>\n<p>        <img decoding=\"async\" src=\"\/wp-content\/uploads\/2024\/01\/DSC02489-20230706_baldacci_giovani_piante.jpg\" alt=\"\" title=\"\"><\/p>\n<h3>DSC02489-20230706_baldacci_giovani_piante<\/h3>\n<\/li>\n<li>\n<p>        <img decoding=\"async\" src=\"\/wp-content\/uploads\/2023\/11\/DSC09333.jpg\" alt=\"\" title=\"\"><\/p>\n<h3>_1IN0019<\/h3>\n<\/li>\n<li>\n<p>        <img decoding=\"async\" src=\"\/wp-content\/uploads\/2023\/07\/1IN9870-scaled.jpg\" alt=\"\" title=\"\"><\/p>\n<h3>_1IN9870<\/h3>\n<\/li>\n<li>\n<p>        <img decoding=\"async\" src=\"\/wp-content\/uploads\/2023\/11\/DSC09250.jpg\" alt=\"\" title=\"\"><\/p>\n<h3>_NIC2383<\/h3>\n<\/li>\n<\/ul>\n<ul>\n<li>\n<\/li>\n<li>\n<\/li>\n<li>\n<\/li>\n<li>\n<\/li>\n<\/ul>\n<p><!--more--><br \/>\n<!-- {\"type\":\"layout\",\"children\":[{\"name\":\"Hero\",\"type\":\"section\",\"props\":{\"header_transparent\":\"dark\",\"header_transparent_noplaceholder\":true,\"height\":\"percent\",\"image_position\":\"center-center\",\"image_size\":\"cover\",\"image_width\":\"2560\",\"overlap\":false,\"padding\":\"xlarge\",\"style\":\"secondary\",\"title_breakpoint\":\"xl\",\"title_position\":\"top-left\",\"title_rotation\":\"left\",\"vertical_align\":\"middle\",\"video\":\"wp-content\\\/uploads\\\/2023\\\/07\\\/Innocenti-Mangoni-Piante.mp4\",\"video_height\":\"1200\",\"width\":\"\"},\"children\":[{\"type\":\"row\",\"children\":[{\"type\":\"column\",\"props\":{\"image_position\":\"center-center\",\"position_sticky_breakpoint\":\"m\",\"width_medium\":\"1-1\"}}]}]},{\"name\":\"About\",\"type\":\"section\",\"props\":{\"animation\":\"fade\",\"height\":\"expand\",\"image_focal_point\":\"center-left\",\"image_position\":\"center-center\",\"media_background\":\"#F1EBDA\",\"media_blend_mode\":\"multiply\",\"overlap\":true,\"padding\":\"large\",\"style\":\"default\",\"title_breakpoint\":\"xl\",\"title_position\":\"top-left\",\"title_rotation\":\"left\",\"vertical_align\":\"middle\",\"width\":\"large\"},\"children\":[{\"type\":\"row\",\"props\":{\"alignment\":\"center\",\"column_gap\":\"large\",\"layout\":\"1-2,1-2\",\"row_gap\":\"large\"},\"children\":[{\"type\":\"column\",\"props\":{\"image_position\":\"center-center\",\"position_sticky_breakpoint\":\"m\",\"vertical_align\":\"middle\",\"width_medium\":\"1-2\"},\"children\":[{\"type\":\"headline\",\"props\":{\"content\":\"\n\n<p>Plantas j\\u00f3venes,<br \\\/>grandes proyectos<\\\/p>\",\"margin\":\"remove-vertical\",\"title_color\":\"primary\",\"title_element\":\"h1\",\"title_style\":\"heading-medium\"}},{\"type\":\"text\",\"props\":{\"column_breakpoint\":\"m\",\"content\":\"\n\n<p>Desde 2016, este es un sector en el que estamos invirtiendo mucho, tanto desde el punto de vista productivo como estructural.<\\\/p>\",\"margin\":\"default\",\"text_style\":\"large\"}},{\"type\":\"text\",\"props\":{\"column_breakpoint\":\"m\",\"content\":\"\n\n<p>La producci\\u00f3n de <strong>macetas 9<\\\/strong> y <strong>macetas 13<\\\/strong> est\\u00e1 constituida tanto por la gama varietal cl\\u00e1sica como por numerosas variedades nuevas, puestas en producci\\u00f3n gracias a la adquisici\\u00f3n de decenas de licencias de multiplicaci\\u00f3n de los m\\u00e1s importantes seleccionadores internacionales: Hoy en d\\u00eda tenemos m\\u00e1s de\\u00a0<strong>80 variedades patentadas en producci\\u00f3n<\\\/strong>.<\\\/p>\",\"margin\":\"default\"}}]},{\"type\":\"column\",\"props\":{\"image_position\":\"center-center\",\"image_size\":\"contain\",\"media_background\":\"#FAF9F1\",\"media_blend_mode\":\"multiply\",\"padding\":\"none\",\"position_sticky_breakpoint\":\"m\",\"width_medium\":\"1-2\"},\"children\":[{\"type\":\"image\",\"props\":{\"image\":\"wp-content\\\/uploads\\\/2023\\\/11\\\/1IN3363-scontornato.png\",\"image_alt\":\"Plantas j\\u00f3venes\",\"image_svg_color\":\"emphasis\",\"image_width\":\"600\",\"margin\":\"default\",\"text_align\":\"center\"}}]}]},{\"type\":\"row\",\"children\":[{\"type\":\"column\",\"props\":{\"image_position\":\"center-center\",\"position_sticky_breakpoint\":\"m\"}}]}]},{\"name\":\"Menu\",\"type\":\"section\",\"props\":{\"animation\":\"fade\",\"height\":\"percent\",\"image\":\"wp-content\\\/uploads\\\/2023\\\/11\\\/DSC09196.jpg\",\"image_effect\":\"parallax\",\"image_parallax_bgx\":\"100\",\"image_position\":\"center-center\",\"image_size\":\"cover\",\"image_width\":\"2560\",\"media_background\":\"#000000\",\"media_overlay\":\"rgba(0, 0, 0, 0.4)\",\"overlap\":true,\"padding\":\"large\",\"preserve_color\":false,\"style\":\"secondary\",\"title_breakpoint\":\"xl\",\"title_position\":\"top-left\",\"title_rotation\":\"left\",\"vertical_align\":\"middle\",\"width\":\"large\"},\"children\":[{\"type\":\"row\",\"children\":[{\"type\":\"column\",\"props\":{\"image_position\":\"center-center\",\"position_sticky_breakpoint\":\"m\",\"vertical_align\":\"middle\",\"width_medium\":\"3-5\"},\"children\":[{\"type\":\"headline\",\"props\":{\"content\":\"Variedad varietal de plantas j\\u00f3venes\",\"text_align\":\"left\",\"text_align_breakpoint\":\"s\",\"title_element\":\"h3\",\"title_style\":\"h3\"}},{\"type\":\"headline\",\"props\":{\"content\":\"M\\u00c1S DE 1200 VARIEDADES DE PLANTAS J\\u00d3VENES\",\"margin\":\"remove-vertical\",\"text_align\":\"left\",\"text_align_breakpoint\":\"s\",\"title_element\":\"h2\",\"title_style\":\"heading-small\"}},{\"type\":\"text\",\"props\":{\"column_breakpoint\":\"m\",\"content\":\"\n\n<p>Mientras tanto, hemos mejorado el proceso de producci\\u00f3n para obtener un producto homog\\u00e9neneneo listo para un cultivo de calidad y ha comenzado una renovaci\\u00f3n significativa de las instalaciones de producci\\u00f3n con la construcci\\u00f3n de nuevos invernaderos y sombrillas.<\\\/p>\",\"margin\":\"default\"}},{\"type\":\"button\",\"props\":{\"button_size\":\"large\",\"fullwidth\":false,\"grid_column_gap\":\"large\",\"grid_row_gap\":\"large\",\"margin\":\"medium\",\"text_align\":\"left\"},\"children\":[{\"type\":\"button_item\",\"props\":{\"button_style\":\"primary\",\"content\":\"Descubre todas las plantas j\\u00f3venes\",\"icon_align\":\"left\",\"link\":\"es\\\/contenedor\\\/vs-es\\\/\"}}]}]},{\"type\":\"column\",\"props\":{\"image_position\":\"center-center\",\"position_sticky_breakpoint\":\"m\",\"width_medium\":\"2-5\"}}],\"props\":{\"layout\":\"3-5,2-5\"}}]},{\"type\":\"section\",\"props\":{\"image\":\"wp-content\\\/uploads\\\/2023\\\/08\\\/piedino-1.svg\",\"image_position\":\"center-center\",\"media_overlay\":\"#FFFFFF\",\"padding\":\"none\",\"padding_remove_top\":false,\"style\":\"muted\",\"title_breakpoint\":\"xl\",\"title_position\":\"top-left\",\"title_rotation\":\"left\",\"vertical_align\":\"middle\",\"width\":\"\"},\"children\":[{\"type\":\"row\",\"children\":[{\"type\":\"column\",\"props\":{\"image_position\":\"center-center\",\"position_sticky_breakpoint\":\"m\"},\"children\":[{\"type\":\"overlay-slider\",\"props\":{\"block_align\":\"center\",\"class\":\"uk-hidden-touch\",\"css\":\".el-element .el-item > :nth-child(2) { z-index: 1; }\",\"image_height\":\"500\",\"link_style\":\"default\",\"link_text\":\"\",\"margin\":\"default\",\"meta_align\":\"below-title\",\"meta_element\":\"div\",\"meta_style\":\"text-meta\",\"nav\":\"\",\"nav_align\":\"center\",\"nav_breakpoint\":\"s\",\"overlay_hover\":false,\"overlay_link\":true,\"overlay_mode\":\"caption\",\"overlay_position\":\"bottom\",\"overlay_style\":\"overlay-primary\",\"overlay_transition\":\"fade\",\"show_content\":true,\"show_hover_image\":true,\"show_link\":true,\"show_meta\":false,\"show_title\":false,\"slidenav\":\"default\",\"slidenav_breakpoint\":\"s\",\"slidenav_margin\":\"medium\",\"slidenav_outside_breakpoint\":\"xl\",\"slider_autoplay_pause\":true,\"slider_gap\":\"\",\"slider_width\":\"fixed\",\"slider_width_default\":\"1-1\",\"slider_width_medium\":\"1-3\",\"text_align\":\"center\",\"text_color\":\"light\",\"title_element\":\"h3\",\"title_hover_style\":\"reset\"},\"children\":[{\"type\":\"overlay-slider_item\",\"props\":{\"image\":\"wp-content\\\/uploads\\\/2023\\\/11\\\/1IN3327.jpg\",\"title\":\"_1IN3327\"}},{\"type\":\"overlay-slider_item\",\"props\":{\"image\":\"wp-content\\\/uploads\\\/2023\\\/11\\\/1IN3329.jpg\",\"title\":\"_1IN3329\"}},{\"type\":\"overlay-slider_item\",\"props\":{\"image\":\"wp-content\\\/uploads\\\/2023\\\/11\\\/1IN3330-2-scontornata.png\",\"title\":\"_1IN3330-2-scontornata\"}},{\"type\":\"overlay-slider_item\",\"props\":{\"image\":\"wp-content\\\/uploads\\\/2023\\\/11\\\/1IN3345-scontornata.png\",\"title\":\"_1IN3345-scontornata\"}},{\"type\":\"overlay-slider_item\",\"props\":{\"image\":\"wp-content\\\/uploads\\\/2023\\\/11\\\/1IN3346-scontornata.png\",\"title\":\"_1IN3346-scontornata\"}},{\"type\":\"overlay-slider_item\",\"props\":{\"image\":\"wp-content\\\/uploads\\\/2023\\\/11\\\/1IN3347-scontornata.png\",\"title\":\"_1IN3347-scontornata\"}},{\"type\":\"overlay-slider_item\",\"props\":{\"image\":\"wp-content\\\/uploads\\\/2023\\\/11\\\/1IN3348-2-scontornata.png\",\"title\":\"_1IN3348-2-scontornata\"}},{\"type\":\"overlay-slider_item\",\"props\":{\"image\":\"wp-content\\\/uploads\\\/2023\\\/11\\\/1IN3349.jpg\",\"title\":\"_1IN3349\"}},{\"type\":\"overlay-slider_item\",\"props\":{\"image\":\"wp-content\\\/uploads\\\/2023\\\/11\\\/1IN3352-scontornata.png\",\"title\":\"_1IN3352-scontornata\"}},{\"type\":\"overlay-slider_item\",\"props\":{\"image\":\"wp-content\\\/uploads\\\/2023\\\/11\\\/1IN3354-scontornata.png\",\"title\":\"_1IN3354-scontornata\"}}],\"name\":\"Giovani Piante 2024 - ITA - slider\"}]}]}]},{\"name\":\"Benefits\",\"type\":\"section\",\"props\":{\"image_position\":\"center-center\",\"image_size\":\"cover\",\"padding\":\"large\",\"padding_remove_top\":false,\"style\":\"default\",\"title_breakpoint\":\"xl\",\"title_position\":\"top-left\",\"title_rotation\":\"left\",\"vertical_align\":\"middle\",\"width\":\"default\"},\"children\":[{\"type\":\"row\",\"children\":[{\"type\":\"column\",\"props\":{\"image_position\":\"center-center\",\"position_sticky_breakpoint\":\"m\",\"width_medium\":\"1-1\"},\"children\":[{\"type\":\"headline\",\"props\":{\"content\":\"Los beneficios de una elecci\\u00f3n consciente\",\"margin\":\"large\",\"margin_remove_top\":true,\"text_align\":\"center\",\"title_color\":\"primary\",\"title_element\":\"div\",\"title_style\":\"h1\"}},{\"type\":\"grid\",\"props\":{\"content_column_breakpoint\":\"m\",\"filter_align\":\"left\",\"filter_all\":true,\"filter_grid_breakpoint\":\"m\",\"filter_grid_width\":\"auto\",\"filter_position\":\"top\",\"filter_style\":\"tab\",\"grid_column_align\":true,\"grid_column_gap\":\"large\",\"grid_default\":\"1\",\"grid_medium\":\"3\",\"grid_row_align\":true,\"grid_row_gap\":\"large\",\"grid_small\":\"2\",\"icon_ratio\":\"2\",\"icon_width\":\"65\",\"image_align\":\"top\",\"image_grid_breakpoint\":\"m\",\"image_grid_width\":\"1-2\",\"image_svg_color\":\"emphasis\",\"item_animation\":true,\"link_style\":\"default\",\"link_text\":\"Read more\",\"margin\":\"medium\",\"meta_align\":\"below-title\",\"meta_element\":\"div\",\"meta_style\":\"text-meta\",\"parallax_easing\":\"1\",\"show_content\":false,\"show_image\":true,\"show_link\":true,\"show_meta\":true,\"show_title\":true,\"text_align\":\"center\",\"title_align\":\"top\",\"title_element\":\"h5\",\"title_grid_breakpoint\":\"m\",\"title_grid_width\":\"1-2\",\"title_hover_style\":\"reset\",\"title_style\":\"h4\"},\"children\":[{\"type\":\"grid_item\",\"props\":{\"content\":\"Lorem ipsum dolor sit amet, eleifend gravida non maecenas veritatis vestum eos, nisl volutpat.\",\"icon\":\"fontawesome-solid--map-marker-alt\",\"title\":\"Trazabilidad de la planta\"}},{\"type\":\"grid_item\",\"props\":{\"content\":\"Lorem ipsum dolor sit amet, eleifend gravida non maecenas veritatis vestum eos, nisl volutpat.\",\"icon\":\"fontawesome-brands--envira\",\"title\":\"Calidad del producto\"}},{\"type\":\"grid_item\",\"props\":{\"content\":\"Lorem ipsum dolor sit amet, eleifend gravida non maecenas veritatis vestum eos, nisl volutpat.\",\"icon\":\"fontawesome-regular--calendar-alt\",\"title\":\"Programaci\\u00f3n de la producci\\u00f3n\"}},{\"type\":\"grid_item\",\"props\":{\"content\":\"Lorem ipsum dolor sit amet, eleifend gravida non maecenas veritatis vestum eos, nisl volutpat.\",\"icon\":\"fontawesome-brands--pagelines\",\"title\":\"Desarrollo de nuevas variedades\"}},{\"type\":\"grid_item\",\"props\":{\"content\":\"Lorem ipsum dolor sit amet, eleifend gravida non maecenas veritatis vestum eos, nisl volutpat.\",\"icon\":\"fontawesome-regular--money-bill-alt\",\"title\":\"Precio competitivo\"}}]}]}]}]},{\"type\":\"section\",\"props\":{\"animation\":\"fade\",\"animation_delay\":\"100\",\"image_position\":\"center-center\",\"padding_remove_bottom\":true,\"style\":\"muted\",\"title_breakpoint\":\"xl\",\"title_position\":\"top-left\",\"title_rotation\":\"left\",\"vertical_align\":\"middle\",\"width\":\"\"},\"children\":[{\"type\":\"row\",\"children\":[{\"type\":\"column\",\"props\":{\"image_position\":\"center-center\",\"position_sticky_breakpoint\":\"m\"},\"children\":[{\"type\":\"headline\",\"props\":{\"text_align\":\"center\",\"title_decoration\":\"line\",\"title_element\":\"h2\",\"title_style\":\"h2\"},\"source\":{\"query\":{\"name\":\"pages.singlePage\"},\"props\":{\"content\":{\"filters\":{\"search\":\"\"},\"name\":\"title\"}}}},{\"type\":\"gallery\",\"props\":{\"filter_align\":\"left\",\"filter_all\":true,\"filter_grid_breakpoint\":\"m\",\"filter_grid_width\":\"auto\",\"filter_position\":\"top\",\"filter_style\":\"tab\",\"grid_column_gap\":\"collapse\",\"grid_default\":\"2\",\"grid_medium\":\"3\",\"grid_row_gap\":\"collapse\",\"image_height\":\"600\",\"image_width\":\"900\",\"item_animation\":true,\"link_style\":\"default\",\"link_text\":\"Read more\",\"margin\":\"default\",\"meta_align\":\"below-title\",\"meta_element\":\"div\",\"meta_style\":\"text-meta\",\"overlay_hover\":false,\"overlay_mode\":\"cover\",\"overlay_position\":\"center\",\"overlay_style\":\"\",\"overlay_transition\":\"fade\",\"show_content\":false,\"show_hover_image\":true,\"show_link\":true,\"show_meta\":false,\"show_title\":false,\"text_align\":\"center\",\"text_color\":\"light\",\"title_element\":\"h3\",\"title_hover_style\":\"reset\"},\"children\":[{\"type\":\"gallery_item\",\"props\":{\"image\":\"wp-content\\\/uploads\\\/2023\\\/07\\\/IMG_9393-scaled.jpg\",\"title\":\"IMG_9393\"}},{\"type\":\"gallery_item\",\"props\":{\"image\":\"wp-content\\\/uploads\\\/2023\\\/11\\\/DSC09152.jpg\",\"title\":\"_1IN9842\"}},{\"type\":\"gallery_item\",\"props\":{\"image\":\"wp-content\\\/uploads\\\/2024\\\/01\\\/DSC02489-20230706_baldacci_giovani_piante.jpg\",\"title\":\"DSC02489-20230706_baldacci_giovani_piante\"}},{\"type\":\"gallery_item\",\"props\":{\"image\":\"wp-content\\\/uploads\\\/2023\\\/11\\\/DSC09333.jpg\",\"title\":\"_1IN0019\"}},{\"type\":\"gallery_item\",\"props\":{\"image\":\"wp-content\\\/uploads\\\/2023\\\/07\\\/1IN9870-scaled.jpg\",\"title\":\"_1IN9870\"}},{\"type\":\"gallery_item\",\"props\":{\"image\":\"wp-content\\\/uploads\\\/2023\\\/11\\\/DSC09250.jpg\",\"title\":\"_NIC2383\"}}]}]}]}],\"name\":\"galleria pie di pagina\"},{\"type\":\"section\",\"props\":{\"image_position\":\"center-center\",\"padding\":\"none\",\"style\":\"default\",\"title_breakpoint\":\"xl\",\"title_position\":\"top-left\",\"title_rotation\":\"left\",\"vertical_align\":\"middle\",\"width\":\"\"},\"children\":[{\"type\":\"row\",\"children\":[{\"type\":\"column\",\"props\":{\"image_position\":\"center-center\",\"position_sticky_breakpoint\":\"m\"},\"children\":[{\"type\":\"grid\",\"props\":{\"content_column_breakpoint\":\"m\",\"filter_align\":\"left\",\"filter_all\":true,\"filter_grid_breakpoint\":\"m\",\"filter_grid_width\":\"auto\",\"filter_position\":\"top\",\"filter_style\":\"tab\",\"grid_column_align\":true,\"grid_column_gap\":\"collapse\",\"grid_default\":\"1\",\"grid_medium\":\"4\",\"grid_row_gap\":\"collapse\",\"icon_width\":80,\"image_align\":\"top\",\"image_grid_breakpoint\":\"m\",\"image_grid_width\":\"1-2\",\"image_svg_color\":\"emphasis\",\"item_animation\":true,\"link_style\":\"primary\",\"link_text\":\"Descubre m\\u00e1s\",\"margin\":\"default\",\"meta_align\":\"below-title\",\"meta_element\":\"div\",\"meta_style\":\"text-meta\",\"panel_link\":true,\"panel_padding\":\"default\",\"panel_style\":\"tile-checked\",\"show_content\":true,\"show_image\":true,\"show_link\":true,\"show_meta\":true,\"show_title\":true,\"text_align\":\"center\",\"title_align\":\"top\",\"title_element\":\"h3\",\"title_grid_breakpoint\":\"m\",\"title_grid_width\":\"1-2\",\"title_hover_style\":\"reset\",\"title_link\":true},\"children\":[{\"type\":\"grid_item\",\"props\":{\"panel_style\":\"card-primary\"},\"source\":{\"query\":{\"name\":\"pages.customPage\",\"arguments\":{\"users\":[],\"users_operator\":\"IN\",\"offset\":0,\"order\":\"date\",\"order_direction\":\"DESC\",\"id\":9085}},\"props\":{\"title\":{\"filters\":{\"search\":\"\"},\"name\":\"title\"},\"link\":{\"filters\":{\"search\":\"\"},\"name\":\"link\"},\"content\":{\"filters\":{\"search\":\"\",\"limit\":150},\"arguments\":{\"show_intro_text\":true},\"name\":\"content\"}}}},{\"type\":\"grid_item\",\"props\":{\"panel_style\":\"card-secondary\"},\"source\":{\"query\":{\"name\":\"pages.customPage\",\"arguments\":{\"users\":[],\"users_operator\":\"IN\",\"offset\":0,\"order\":\"date\",\"order_direction\":\"DESC\",\"id\":7648}},\"props\":{\"title\":{\"filters\":{\"search\":\"\"},\"name\":\"title\"},\"link\":{\"filters\":{\"search\":\"\"},\"name\":\"link\"},\"content\":{\"filters\":{\"search\":\"\",\"limit\":150},\"arguments\":{\"show_intro_text\":true},\"name\":\"content\"}}}},{\"type\":\"grid_item\",\"props\":{\"panel_style\":\"card-primary\"},\"source\":{\"query\":{\"name\":\"pages.customPage\",\"arguments\":{\"users\":[],\"users_operator\":\"IN\",\"offset\":0,\"order\":\"date\",\"order_direction\":\"DESC\",\"id\":9092}},\"props\":{\"title\":{\"filters\":{\"search\":\"\"},\"name\":\"title\"},\"link\":{\"filters\":{\"search\":\"\"},\"name\":\"link\"},\"content\":{\"filters\":{\"search\":\"\",\"limit\":150},\"arguments\":{\"show_intro_text\":true},\"name\":\"content\"}}}},{\"type\":\"grid_item\",\"props\":{\"link_text\":\"Scopri di pi\\u00f9\",\"panel_style\":\"card-secondary\"},\"source\":{\"query\":{\"name\":\"pages.customPage\",\"arguments\":{\"users\":[],\"users_operator\":\"IN\",\"offset\":0,\"order\":\"date\",\"order_direction\":\"DESC\",\"id\":7655}},\"props\":{\"title\":{\"filters\":{\"search\":\"\"},\"name\":\"title\"},\"link\":{\"filters\":{\"search\":\"\"},\"name\":\"link\"},\"content\":{\"filters\":{\"search\":\"\",\"limit\":150},\"arguments\":{\"show_intro_text\":true},\"name\":\"content\"}}}}]}]}]}],\"name\":\"_Correlati produzione ENG\"}],\"version\":\"4.2.11\",\"yooessentialsVersion\":\"2.1.5\"} --><\/p>\n","protected":false},"excerpt":{"rendered":"<p>Plantas j\u00f3venes<\/p>\n<p>Con la reciente adquisici\u00f3n de la hist\u00f3rica empresa de Pistoia \u2018<a href=\"es\/tag\/primo-baldacci-figli-di-loriano-eugenio-baldacci.html\"><b>PRIMO BALDACCI &#038; FIGLI di Loriano Eugenio Baldacci<\/b><\/a>\u2019, fundada en 1896 y durante muchos a\u00f1os especializada en la producci\u00f3n de plantas j\u00f3venes, \u201c<a href=\"es\/tag\/lider-italiano.html\"><b>l\u00edder italiano<\/b><\/a>\u201d por cantidad, gama de variedades y calidad; se agrega a nuestra oferta comercial un nuevo e importante sector, el de las <a href=\"es\/tag\/plantas-jovenes.html\"><b>plantas j\u00f3venes<\/b><\/a>.<\/p>\n<p>Solicitar nuestro cat\u00e1logo<\/p>\n<p>Nuestro cat\u00e1logo plantas<\/p>\n","protected":false},"author":2,"featured_media":10098,"parent":0,"menu_order":20,"comment_status":"open","ping_status":"closed","template":"","meta":{"_acf_changed":false,"footnotes":""},"class_list":["post-7650","page","type-page","status-publish","has-post-thumbnail","hentry"],"acf":[],"_links":{"self":[{"href":"https:\/\/innocentiemangonipiante.it\/es\/wp-json\/wp\/v2\/pages\/7650","targetHints":{"allow":["GET"]}}],"collection":[{"href":"https:\/\/innocentiemangonipiante.it\/es\/wp-json\/wp\/v2\/pages"}],"about":[{"href":"https:\/\/innocentiemangonipiante.it\/es\/wp-json\/wp\/v2\/types\/page"}],"author":[{"embeddable":true,"href":"https:\/\/innocentiemangonipiante.it\/es\/wp-json\/wp\/v2\/users\/2"}],"replies":[{"embeddable":true,"href":"https:\/\/innocentiemangonipiante.it\/es\/wp-json\/wp\/v2\/comments?post=7650"}],"version-history":[{"count":0,"href":"https:\/\/innocentiemangonipiante.it\/es\/wp-json\/wp\/v2\/pages\/7650\/revisions"}],"wp:featuredmedia":[{"embeddable":true,"href":"https:\/\/innocentiemangonipiante.it\/es\/wp-json\/wp\/v2\/media\/10098"}],"wp:attachment":[{"href":"https:\/\/innocentiemangonipiante.it\/es\/wp-json\/wp\/v2\/media?parent=7650"}],"curies":[{"name":"wp","href":"https:\/\/api.w.org\/{rel}","templated":true}]}}