{"id":7652,"date":"2017-05-01T12:15:00","date_gmt":"2017-05-01T10:15:00","guid":{"rendered":"http:\/\/innocentiemangonipiante.it\/2017\/03\/31\/tecnologias-de-vanguardia-por-viveros\/"},"modified":"2024-01-16T17:51:05","modified_gmt":"2024-01-16T16:51:05","slug":"tecnologias-de-vanguardia-por-viveros","status":"publish","type":"page","link":"https:\/\/innocentiemangonipiante.it\/es\/tecnologias-de-vanguardia-por-viveros\/","title":{"rendered":"Tecnolog\u00edas de vanguardia"},"content":{"rendered":"<h1>Tecnolog\u00edas de vanguardia para el cultivo de plantas<\/h1>\n<div>Uno de nuestros objetivos es el de acercar cada vez m\u00e1s al elevado conocimiento que hemos adquirido en este sector, las m\u00e1s modernas tecnolog\u00edas de cultivo existentes.<\/div>\n<h3><strong>Tecnologia GPS<\/strong><\/h3>\n<div>\n<p>Instalaciones de viveros de plena tierra con el uso de la\u00a0<b>tecnolog\u00eda GPS<\/b>.<\/p>\n<\/div>\n<h3><strong>Tecnologia Air-Pot<\/strong><\/h3>\n<div>Cultivo fuera de suelo de grandes ejemplares con el eficaz sistema <strong>Air-Pot<\/strong> con el cual garantizamos el mejor desarrollo del aparato radicular y reducimos al m\u00ednimo el riesgo de arraigo, <strong>riego localizado<\/strong> en todas nuestras \u00e1reas de producci\u00f3n.<\/div>\n<ul>\n<li>\n<p>        <img decoding=\"async\" src=\"\/wp-content\/uploads\/2023\/07\/DJI_0006-scaled.jpg\" alt=\"serra giovani piante\" title=\"\"><\/p>\n<h3>Vivaio 1<\/h3>\n<\/li>\n<li>\n<p>        <img decoding=\"async\" src=\"\/wp-content\/uploads\/2023\/07\/coltivazione-in-piena-terra9.jpg\" alt=\"giovani piante in serra\" title=\"\"><\/p>\n<h3>Vivaio 2<\/h3>\n<\/li>\n<\/ul>\n<ul>\n<li>\n<p>        <img decoding=\"async\" src=\"\/wp-content\/uploads\/2020\/07\/tecnologie-all-avanguardia5.jpg\" alt=\"\" title=\"\"><\/p>\n<h3>tecnologie-all-avanguardia5<\/h3>\n<\/li>\n<li>\n<p>        <img decoding=\"async\" src=\"\/wp-content\/uploads\/2020\/07\/tecnologie-all-avanguardia3.jpg\" alt=\"\" title=\"\"><\/p>\n<h3>tecnologie-all-avanguardia3<\/h3>\n<\/li>\n<li>\n<p>        <img decoding=\"async\" src=\"\/wp-content\/uploads\/2020\/07\/tecnologie-all-avanguardia4.jpg\" alt=\"\" title=\"\"><\/p>\n<h3>tecnologie-all-avanguardia4<\/h3>\n<\/li>\n<li>\n<p>        <img decoding=\"async\" src=\"\/wp-content\/uploads\/2023\/07\/tecnologie-all-avanguardia3.jpg\" alt=\"\" title=\"\"><\/p>\n<h3>tecnologie-all-avanguardia3<\/h3>\n<\/li>\n<li>\n<p>        <img decoding=\"async\" src=\"\/wp-content\/uploads\/2023\/07\/tecnologie-all-avanguardia4.jpg\" alt=\"\" title=\"\"><\/p>\n<h3>tecnologie-all-avanguardia4<\/h3>\n<\/li>\n<li>\n<p>        <img decoding=\"async\" src=\"\/wp-content\/uploads\/2023\/07\/tecnologie-all-avanguardia1.jpg\" alt=\"\" title=\"\"><\/p>\n<h3>tecnologie-all-avanguardia1<\/h3>\n<\/li>\n<\/ul>\n<p><!--more--><br \/>\n<!-- {\"type\":\"layout\",\"children\":[{\"name\":\"Hero\",\"type\":\"section\",\"props\":{\"header_transparent\":\"dark\",\"header_transparent_noplaceholder\":true,\"height\":\"percent\",\"image\":\"wp-content\\\/uploads\\\/2023\\\/07\\\/iem-piante-vivaio.jpg\",\"image_position\":\"center-center\",\"image_size\":\"cover\",\"image_width\":\"2560\",\"overlap\":false,\"padding\":\"xlarge\",\"style\":\"secondary\",\"title_breakpoint\":\"xl\",\"title_position\":\"top-left\",\"title_rotation\":\"left\",\"vertical_align\":\"middle\",\"video_height\":\"1200\",\"width\":\"\"},\"children\":[{\"type\":\"row\",\"children\":[{\"type\":\"column\",\"props\":{\"image_position\":\"center-center\",\"position_sticky_breakpoint\":\"m\",\"width_medium\":\"1-1\"}}]}]},{\"name\":\"About\",\"type\":\"section\",\"props\":{\"animation\":\"fade\",\"image_position\":\"center-center\",\"overlap\":true,\"padding\":\"xlarge\",\"style\":\"default\",\"title_breakpoint\":\"xl\",\"title_position\":\"top-left\",\"title_rotation\":\"left\",\"vertical_align\":\"middle\",\"width\":\"large\"},\"children\":[{\"type\":\"row\",\"props\":{\"column_gap\":\"large\",\"layout\":\"1-2,1-2\",\"row_gap\":\"large\"},\"children\":[{\"type\":\"column\",\"props\":{\"image_position\":\"center-center\",\"position_sticky_breakpoint\":\"m\",\"width_medium\":\"1-2\"},\"children\":[{\"type\":\"headline\",\"props\":{\"content\":\"Tecnolog\\u00edas de vanguardia para el cultivo de plantas\",\"margin\":\"remove-vertical\",\"title_color\":\"primary\",\"title_element\":\"h1\",\"title_style\":\"heading-small\"}},{\"type\":\"text\",\"props\":{\"column_breakpoint\":\"m\",\"content\":\"Uno de nuestros objetivos es el de acercar cada vez m\\u00e1s al elevado conocimiento que hemos adquirido en este sector, las m\\u00e1s modernas tecnolog\\u00edas de cultivo existentes.\",\"margin\":\"default\"}},{\"type\":\"headline\",\"props\":{\"content\":\"<strong>Tecnologia GPS<\\\/strong>\",\"margin\":\"remove-vertical\",\"title_element\":\"h3\",\"title_style\":\"h3\"}},{\"type\":\"text\",\"props\":{\"column_breakpoint\":\"m\",\"content\":\"\n\n<p>Instalaciones de viveros de plena tierra con el uso de la\\u00a0<b>tecnolog\\u00eda GPS<\\\/b>.<\\\/p>\",\"margin\":\"default\"}},{\"type\":\"headline\",\"props\":{\"content\":\"<strong>Tecnologia Air-Pot<\\\/strong>\",\"margin\":\"remove-vertical\",\"title_element\":\"h3\",\"title_style\":\"h3\"}},{\"type\":\"text\",\"props\":{\"column_breakpoint\":\"m\",\"content\":\"Cultivo fuera de suelo de grandes ejemplares con el eficaz sistema <strong>Air-Pot<\\\/strong> con el cual garantizamos el mejor desarrollo del aparato radicular y reducimos al m\\u00ednimo el riesgo de arraigo, <strong>riego localizado<\\\/strong> en todas nuestras \\u00e1reas de producci\\u00f3n.\",\"margin\":\"default\"}}]},{\"type\":\"column\",\"props\":{\"image_position\":\"center-center\",\"position_sticky_breakpoint\":\"m\",\"width_medium\":\"1-2\"},\"children\":[{\"type\":\"gallery\",\"props\":{\"class\":\"uk-hidden-touch\",\"css\":\".el-element .el-item > :nth-child(2) { z-index: 1; }\",\"filter\":false,\"filter_align\":\"left\",\"filter_all\":true,\"filter_grid_breakpoint\":\"m\",\"filter_grid_width\":\"auto\",\"filter_position\":\"top\",\"filter_style\":\"tab\",\"grid_column_gap\":\"small\",\"grid_default\":\"2\",\"grid_medium\":\"2\",\"grid_row_gap\":\"small\",\"image_height\":\"1000\",\"image_width\":\"610\",\"item_animation\":true,\"lightbox\":true,\"link_style\":\"default\",\"link_text\":\"\",\"margin\":\"default\",\"meta_align\":\"below-title\",\"meta_element\":\"div\",\"meta_style\":\"text-meta\",\"overlay_hover\":false,\"overlay_link\":true,\"overlay_mode\":\"caption\",\"overlay_position\":\"top\",\"overlay_style\":\"overlay-primary\",\"overlay_transition\":\"fade\",\"parallax_easing\":\"1\",\"show_content\":true,\"show_hover_image\":true,\"show_link\":true,\"show_meta\":false,\"show_title\":false,\"text_align\":\"center\",\"text_color\":\"light\",\"title_element\":\"h3\",\"title_hover_style\":\"reset\"},\"children\":[{\"type\":\"gallery_item\",\"props\":{\"hover_image\":\"\",\"image\":\"wp-content\\\/uploads\\\/2023\\\/07\\\/DJI_0006-scaled.jpg\",\"image_alt\":\"serra giovani piante\",\"title\":\"Vivaio 1\"}},{\"type\":\"gallery_item\",\"props\":{\"hover_image\":\"\",\"image\":\"wp-content\\\/uploads\\\/2023\\\/07\\\/coltivazione-in-piena-terra9.jpg\",\"image_alt\":\"giovani piante in serra\",\"title\":\"Vivaio 2\"}}]}]}]}]},{\"type\":\"section\",\"props\":{\"animation\":\"fade\",\"animation_delay\":\"100\",\"image_position\":\"center-center\",\"padding_remove_bottom\":true,\"style\":\"primary\",\"title_breakpoint\":\"xl\",\"title_position\":\"top-left\",\"title_rotation\":\"left\",\"vertical_align\":\"middle\",\"width\":\"\"},\"children\":[{\"type\":\"row\",\"children\":[{\"type\":\"column\",\"props\":{\"image_position\":\"center-center\",\"position_sticky_breakpoint\":\"m\"},\"children\":[{\"type\":\"headline\",\"props\":{\"text_align\":\"center\",\"title_decoration\":\"line\",\"title_element\":\"h2\",\"title_style\":\"h2\"},\"source\":{\"query\":{\"name\":\"pages.singlePage\"},\"props\":{\"content\":{\"filters\":{\"search\":\"\"},\"name\":\"title\"}}}},{\"type\":\"gallery\",\"props\":{\"filter_align\":\"left\",\"filter_all\":true,\"filter_grid_breakpoint\":\"m\",\"filter_grid_width\":\"auto\",\"filter_position\":\"top\",\"filter_style\":\"tab\",\"grid_column_gap\":\"collapse\",\"grid_default\":\"2\",\"grid_medium\":\"3\",\"grid_row_gap\":\"collapse\",\"image_height\":\"600\",\"image_width\":\"900\",\"item_animation\":true,\"link_style\":\"default\",\"link_text\":\"Read more\",\"margin\":\"default\",\"meta_align\":\"below-title\",\"meta_element\":\"div\",\"meta_style\":\"text-meta\",\"overlay_hover\":false,\"overlay_mode\":\"cover\",\"overlay_position\":\"center\",\"overlay_style\":\"\",\"overlay_transition\":\"fade\",\"show_content\":false,\"show_hover_image\":true,\"show_link\":true,\"show_meta\":false,\"show_title\":false,\"text_align\":\"center\",\"text_color\":\"light\",\"title_element\":\"h3\",\"title_hover_style\":\"reset\"},\"children\":[{\"type\":\"gallery_item\",\"props\":{\"image\":\"wp-content\\\/uploads\\\/2020\\\/07\\\/tecnologie-all-avanguardia5.jpg\",\"title\":\"tecnologie-all-avanguardia5\"}},{\"type\":\"gallery_item\",\"props\":{\"image\":\"wp-content\\\/uploads\\\/2020\\\/07\\\/tecnologie-all-avanguardia3.jpg\",\"title\":\"tecnologie-all-avanguardia3\"}},{\"type\":\"gallery_item\",\"props\":{\"image\":\"wp-content\\\/uploads\\\/2020\\\/07\\\/tecnologie-all-avanguardia4.jpg\",\"title\":\"tecnologie-all-avanguardia4\"}},{\"type\":\"gallery_item\",\"props\":{\"image\":\"wp-content\\\/uploads\\\/2023\\\/07\\\/tecnologie-all-avanguardia3.jpg\",\"title\":\"tecnologie-all-avanguardia3\"}},{\"type\":\"gallery_item\",\"props\":{\"image\":\"wp-content\\\/uploads\\\/2023\\\/07\\\/tecnologie-all-avanguardia4.jpg\",\"title\":\"tecnologie-all-avanguardia4\"}},{\"type\":\"gallery_item\",\"props\":{\"image\":\"wp-content\\\/uploads\\\/2023\\\/07\\\/tecnologie-all-avanguardia1.jpg\",\"title\":\"tecnologie-all-avanguardia1\"}}]}]}]}],\"name\":\"galleria pie di pagina\"}],\"version\":\"4.2.11\",\"yooessentialsVersion\":\"2.1.5\"} --><\/p>\n","protected":false},"excerpt":{"rendered":"<p>Tecnolog\u00edas de vanguardia<\/p>\n<p>Uno de nuestros objetivos es el de acercar cada vez m\u00e1s al elevado conocimiento que hemos adquirido en este sector, las m\u00e1s modernas tecnolog\u00edas de cultivo existentes: instalaciones de viveros de plena tierra con el uso de la <a href=\"es\/tag\/tecnologia-gps.html\"><b>tecnolog\u00eda GPS<\/b><\/a>, cultivo fuera de suelo de grandes ejemplares con el eficaz sistema <a href=\"es\/tag\/air-pot.html\"><b>Air-Pot<\/b><\/a> con el cual garantizamos el mejor desarrollo del aparato radicular y reducimos al m\u00ednimo el riesgo de arraigo, <a href=\"es\/tag\/riego-localizado.html\"><b>riego localizado<\/b><\/a> en todas nuestras \u00e1reas de producci\u00f3n.<\/p>\n<p>Esto nos permite garantizar una producci\u00f3n de especies y variedades bot\u00e1nicas con una calidad cada vez mayor.<\/p>\n<p>Experiencia y pasi\u00f3n<\/p>\n<p>La pasi\u00f3n por nuestro trabajo y la experiencia adquirida con los a\u00f1os, se enriquece con una formaci\u00f3n continua y peri\u00f3dica. En la b\u00fasqueda de servicios, siempre en evoluci\u00f3n, para guiar al cliente en todo momento, desde la primera visita a nuestro vivero, hasta la asistencia post-venta.<\/p>\n<p>Solicitar nuestro cat\u00e1logo<\/p>\n<p>Nuestro cat\u00e1logo plantas<\/p>\n","protected":false},"author":2,"featured_media":17571,"parent":0,"menu_order":3,"comment_status":"open","ping_status":"open","template":"","meta":{"_acf_changed":false,"footnotes":""},"class_list":["post-7652","page","type-page","status-publish","has-post-thumbnail","hentry"],"acf":[],"_links":{"self":[{"href":"https:\/\/innocentiemangonipiante.it\/es\/wp-json\/wp\/v2\/pages\/7652","targetHints":{"allow":["GET"]}}],"collection":[{"href":"https:\/\/innocentiemangonipiante.it\/es\/wp-json\/wp\/v2\/pages"}],"about":[{"href":"https:\/\/innocentiemangonipiante.it\/es\/wp-json\/wp\/v2\/types\/page"}],"author":[{"embeddable":true,"href":"https:\/\/innocentiemangonipiante.it\/es\/wp-json\/wp\/v2\/users\/2"}],"replies":[{"embeddable":true,"href":"https:\/\/innocentiemangonipiante.it\/es\/wp-json\/wp\/v2\/comments?post=7652"}],"version-history":[{"count":0,"href":"https:\/\/innocentiemangonipiante.it\/es\/wp-json\/wp\/v2\/pages\/7652\/revisions"}],"wp:featuredmedia":[{"embeddable":true,"href":"https:\/\/innocentiemangonipiante.it\/es\/wp-json\/wp\/v2\/media\/17571"}],"wp:attachment":[{"href":"https:\/\/innocentiemangonipiante.it\/es\/wp-json\/wp\/v2\/media?parent=7652"}],"curies":[{"name":"wp","href":"https:\/\/api.w.org\/{rel}","templated":true}]}}