{"id":9074,"date":"2021-02-02T10:57:00","date_gmt":"2021-02-02T09:57:00","guid":{"rendered":"http:\/\/innocentiemangonipiante.it\/2021\/02\/02\/download-innocenti-e-mangoni-plant-app-3\/"},"modified":"2025-10-09T11:40:53","modified_gmt":"2025-10-09T09:40:53","slug":"descarga-la-aplicacion-i-m-plant","status":"publish","type":"page","link":"https:\/\/innocentiemangonipiante.it\/es\/descarga-la-aplicacion-i-m-plant\/","title":{"rendered":"Descarga la aplicaci\u00f3n I&#038;M plant"},"content":{"rendered":"<p><a href=\"https:\/\/apps.apple.com\/it\/app\/i-m-plant\/id1553071465\" rel=\"nofollow noopener\" target=\"_blank\"><img decoding=\"async\" src=\"\/wp-content\/uploads\/2023\/07\/appstore.jpg\" alt=\"scarica app innocenti e mangoni su app store\" title=\"\"><\/a><br \/>\n<a href=\"https:\/\/play.google.com\/store\/apps\/details?id=it.innocentiemangonipiante.clienti&#038;hl=it\" rel=\"nofollow noopener\" target=\"_blank\"><img decoding=\"async\" src=\"\/wp-content\/uploads\/2023\/07\/googleplay-1.jpg\" alt=\"scarica app innocenti e mangoni su google play\" title=\"\"><\/a><\/p>\n<h1>Descarga la App &#038; Mantente conectado<\/h1>\n<div>\n<p>I&amp;M PLANT.APP es el vivero digital de plantas Innocenti &amp; Mangoni.<\/p>\n<p>Eliminar las distancias mediante el uso de tecnolog\u00edas. Una aplicaci\u00f3n para todo: comunicarse con su gerente de ventas dedicado, recibir ofertas personalizadas, conocer la disponibilidad de nuestras plantas, ingresar a nuestros viveros a trav\u00e9s de la nueva experiencia de los recorridos virtuales 360\u00b0.<\/p>\n<p>Queremos que la digitalizaci\u00f3n de nuestros viveros se pueda poner al servicio de todos nuestros operadores clientes para mejorar los abastecimientos y consultas.<\/p>\n<p>La I&amp;M PLANT.APP permite a cada uno de nuestros clientes, ya sea un Garden Center, una Empresa del Paisaje, un Viverista, un Ente P\u00fablico o un General Contractor, entrar virtualmente en nuestro vivero, descubrir todas las variedades de plantas que producimos, Elija la cantidad y el tama\u00f1o que desee y realizar un pedido.<\/p>\n<p>Nos gusta pensar en nuestras plantas como parte integral de nuestra familia y nuestra tierra.<\/p>\n<p>Los cuidamos con constancia y amor en la f\u00e9rtil llanura de Pistoia en m\u00e1s de 320 hect\u00e1reas con m\u00e1s de 1500 variedades entre plantas ornamentales de todas las formas, tama\u00f1os, \u00e1rboles y con\u00edferas, especies mediterr\u00e1neas, \u00e1rboles frutales, rosas, plantas formadas por el arte Topiaria de las formas naturales a las m\u00e1s geom\u00e9tricas o exc\u00e9ntricas.<\/p>\n<p>Los principales sectores de producci\u00f3n son:<\/p>\n<\/div>\n<ul>\n<li>\n<div>PLANTAS J\u00d3VENES<\/div>\n<\/li>\n<li>\n<div>CULTIVO EN CAMPO ABIERTO<\/div>\n<\/li>\n<li>\n<div>CULTIVO EN CONTENEDOR<\/div>\n<\/li>\n<li>\n<div>PLANTAS FORMADAS<\/div>\n<\/li>\n<\/ul>\n<div>\n<p>Descarga la I&amp;M PLANT.APP, mantente conectado con nosotros.<\/p>\n<\/div>\n<hr>\n<p><a href=\"https:\/\/apps.apple.com\/it\/app\/i-m-plant\/id1553071465\" rel=\"nofollow noopener\" target=\"_blank\"><img decoding=\"async\" src=\"\/wp-content\/uploads\/2023\/07\/appstore.jpg\" alt=\"scarica app innocenti e mangoni su app store\" title=\"\"><\/a><br \/>\n<a href=\"https:\/\/play.google.com\/store\/apps\/details?id=it.innocentiemangonipiante.clienti&#038;hl=it\" rel=\"nofollow noopener\" target=\"_blank\"><img decoding=\"async\" src=\"\/wp-content\/uploads\/2023\/07\/googleplay-1.jpg\" alt=\"scarica app innocenti e mangoni su google play\" title=\"\"><\/a><\/p>\n<ul>\n<li>\n<p>        <img decoding=\"async\" src=\"\/wp-content\/uploads\/2025\/01\/Plant-app-2025-1-1.jpg\" alt=\"app innocenti e mangoni su smartphone\" title=\"\"><\/p>\n<p><a href=\"https:\/\/apps.innocentiemangonipiante.it\/\">Read more<\/a><\/p>\n<\/li>\n<li>\n<p>        <img decoding=\"async\" src=\"\/wp-content\/uploads\/2025\/01\/Plant-app-2025-2-esp.jpg\" alt=\"dashboard app innocenti e mangoni su smartphone\" title=\"\"><\/p>\n<p><a href=\"https:\/\/apps.innocentiemangonipiante.it\/\">Read more<\/a><\/p>\n<\/li>\n<li>\n<p>        <img decoding=\"async\" src=\"\/wp-content\/uploads\/2025\/01\/Plant-app-2025-3-esp-1.jpg\" alt=\"cerca pianta su app innocenti e mangoni su smartphone\" title=\"\"><\/p>\n<p><a href=\"https:\/\/apps.innocentiemangonipiante.it\/\">Read more<\/a><\/p>\n<\/li>\n<li>\n<p>        <img decoding=\"async\" src=\"\/wp-content\/uploads\/2025\/01\/Plant-app-2025-4-esp.jpg\" alt=\"offerte personalizzate su app innocenti e mangoni su smartphone\" title=\"\"><\/p>\n<p><a href=\"https:\/\/apps.innocentiemangonipiante.it\/\">Read more<\/a><\/p>\n<\/li>\n<li>\n<p>        <img decoding=\"async\" src=\"\/wp-content\/uploads\/2025\/01\/Plant-app-2025-5-esp.jpg\" alt=\"elenco ordini su app innocenti e mangoni su smartphone\" title=\"\"><\/p>\n<p><a href=\"https:\/\/apps.innocentiemangonipiante.it\/\">Read more<\/a><\/p>\n<\/li>\n<li>\n<p>        <img decoding=\"async\" src=\"\/wp-content\/uploads\/2025\/01\/Plant-app-2025-6-esp.jpg\" alt=\"carrello dell&#039;app innocenti e mangoni su smartphone\" title=\"\"><\/p>\n<p><a href=\"https:\/\/apps.innocentiemangonipiante.it\/\">Read more<\/a><\/p>\n<\/li>\n<li>\n<p>        <img decoding=\"async\" src=\"\/wp-content\/uploads\/2025\/01\/Plant-app-2025-7-esp.jpg\" alt=\"nursery virtual tour su app innocenti e mangoni su smartphone\" title=\"\"><\/p>\n<p><a href=\"https:\/\/apps.innocentiemangonipiante.it\/\">Read more<\/a><\/p>\n<\/li>\n<\/ul>\n<p><a href=\"https:\/\/apps.apple.com\/it\/app\/i-m-plant\/id1553071465\" rel=\"nofollow noopener\" target=\"_blank\"><img decoding=\"async\" src=\"\/wp-content\/uploads\/2023\/07\/appstore.jpg\" alt=\"scarica app innocenti e mangoni su app store\" title=\"\"><\/a><br \/>\n<a href=\"https:\/\/play.google.com\/store\/apps\/details?id=it.innocentiemangonipiante.clienti&#038;hl=it\" rel=\"nofollow noopener\" target=\"_blank\"><img decoding=\"async\" src=\"\/wp-content\/uploads\/2023\/07\/googleplay-1.jpg\" alt=\"scarica app innocenti e mangoni su google play\" title=\"\"><\/a><\/p>\n<p><!--more--><br \/>\n<!-- {\"name\":\"PAGINA SCARICA APP\",\"type\":\"layout\",\"children\":[{\"type\":\"section\",\"props\":{\"class\":\"videoapp\",\"css\":\".el-section {aspect-ratio: 16\\\/9;}\",\"header_transparent\":\"dark\",\"image_position\":\"center-center\",\"padding\":\"xlarge\",\"style\":\"default\",\"title_breakpoint\":\"xl\",\"title_position\":\"top-left\",\"title_rotation\":\"left\",\"vertical_align\":\"middle\",\"video\":\"wp-content\\\/uploads\\\/2025\\\/09\\\/Video-presentazione-APP.mp4\",\"video_height\":\"800\",\"width\":\"\"},\"children\":[{\"type\":\"row\",\"children\":[{\"type\":\"column\",\"props\":{\"image_position\":\"center-center\",\"position_sticky_breakpoint\":\"m\",\"width_medium\":\"1-1\"}}]}],\"name\":\"AAA-RIGA-VERDE\"},{\"type\":\"section\",\"props\":{\"class\":\"tastiscaricoapp\",\"image_position\":\"center-center\",\"style\":\"default\",\"title_breakpoint\":\"xl\",\"title_position\":\"top-left\",\"title_rotation\":\"left\",\"vertical_align\":\"middle\",\"width\":\"xlarge\"},\"children\":[{\"type\":\"row\",\"props\":{\"layout\":\"1-2,1-2\"},\"children\":[{\"type\":\"column\",\"props\":{\"image_position\":\"center-center\",\"position_sticky_breakpoint\":\"m\",\"width_medium\":\"1-2\"},\"children\":[{\"type\":\"image\",\"props\":{\"image\":\"wp-content\\\/uploads\\\/2023\\\/07\\\/appstore.jpg\",\"image_alt\":\"scarica app innocenti e mangoni su app store\",\"image_svg_color\":\"emphasis\",\"link\":\"https:\\\/\\\/apps.apple.com\\\/it\\\/app\\\/i-m-plant\\\/id1553071465\",\"margin\":\"default\",\"text_align\":\"right\"}}]},{\"type\":\"column\",\"props\":{\"image_position\":\"center-center\",\"position_sticky_breakpoint\":\"m\",\"width_medium\":\"1-2\"},\"children\":[{\"type\":\"image\",\"props\":{\"image\":\"wp-content\\\/uploads\\\/2023\\\/07\\\/googleplay-1.jpg\",\"image_alt\":\"scarica app innocenti e mangoni su google play\",\"image_svg_color\":\"emphasis\",\"link\":\"https:\\\/\\\/play.google.com\\\/store\\\/apps\\\/details?id=it.innocentiemangonipiante.clienti&hl=it\",\"margin\":\"default\"}}]}]}]},{\"type\":\"section\",\"props\":{\"image\":\"images\\\/2021\\\/icone\\\/iem-vivaio--109.jpg\",\"image_position\":\"bottom-right\",\"style\":\"default\",\"title_breakpoint\":\"xl\",\"title_position\":\"top-left\",\"title_rotation\":\"left\",\"vertical_align\":\"middle\",\"width\":\"xlarge\"},\"children\":[{\"type\":\"row\",\"children\":[{\"type\":\"column\",\"props\":{\"image_position\":\"center-center\",\"position_sticky_breakpoint\":\"m\"},\"children\":[{\"type\":\"headline\",\"props\":{\"content\":\"Descarga la App & Mantente conectado\",\"title_color\":\"primary\",\"title_element\":\"h1\",\"title_style\":\"heading-medium\"}}]}]},{\"type\":\"row\",\"children\":[{\"type\":\"column\",\"props\":{\"image_position\":\"center-center\",\"position_sticky_breakpoint\":\"m\"},\"children\":[{\"type\":\"text\",\"props\":{\"column_breakpoint\":\"m\",\"content\":\"\n\n<p>I&amp;M PLANT.APP es el vivero digital de plantas Innocenti &amp; Mangoni.<\\\/p>\\n\n\n<p>Eliminar las distancias mediante el uso de tecnolog\\u00edas. Una aplicaci\\u00f3n para todo: comunicarse con su gerente de ventas dedicado, recibir ofertas personalizadas, conocer la disponibilidad de nuestras plantas, ingresar a nuestros viveros a trav\\u00e9s de la nueva experiencia de los recorridos virtuales 360\\u00b0.<\\\/p>\\n\n\n<p>Queremos que la digitalizaci\\u00f3n de nuestros viveros se pueda poner al servicio de todos nuestros operadores clientes para mejorar los abastecimientos y consultas.<\\\/p>\\n\n\n<p>La I&amp;M PLANT.APP permite a cada uno de nuestros clientes, ya sea un Garden Center, una Empresa del Paisaje, un Viverista, un Ente P\\u00fablico o un General Contractor, entrar virtualmente en nuestro vivero, descubrir todas las variedades de plantas que producimos, Elija la cantidad y el tama\\u00f1o que desee y realizar un pedido.<\\\/p>\\n\n\n<p>Nos gusta pensar en nuestras plantas como parte integral de nuestra familia y nuestra tierra.<\\\/p>\\n\n\n<p>Los cuidamos con constancia y amor en la f\\u00e9rtil llanura de Pistoia en m\\u00e1s de 320 hect\\u00e1reas con m\\u00e1s de 1500 variedades entre plantas ornamentales de todas las formas, tama\\u00f1os, \\u00e1rboles y con\\u00edferas, especies mediterr\\u00e1neas, \\u00e1rboles frutales, rosas, plantas formadas por el arte Topiaria de las formas naturales a las m\\u00e1s geom\\u00e9tricas o exc\\u00e9ntricas.<\\\/p>\\n\n\n<p>Los principales sectores de producci\\u00f3n son:<\\\/p>\",\"margin\":\"default\"}},{\"type\":\"list\",\"props\":{\"column\":\"1-2\",\"column_breakpoint\":\"m\",\"image_align\":\"left\",\"image_svg_color\":\"emphasis\",\"image_vertical_align\":true,\"list_element\":\"ul\",\"list_horizontal_separator\":\", \",\"list_marker\":\"disc\",\"list_size\":\"large\",\"list_type\":\"vertical\",\"show_image\":true,\"show_link\":true},\"children\":[{\"type\":\"list_item\",\"props\":{\"content\":\"PLANTAS J\\u00d3VENES\"}},{\"type\":\"list_item\",\"props\":{\"content\":\"CULTIVO EN CAMPO ABIERTO\"}},{\"type\":\"list_item\",\"props\":{\"content\":\"CULTIVO EN CONTENEDOR\"}},{\"type\":\"list_item\",\"props\":{\"content\":\"PLANTAS FORMADAS\"}}]},{\"type\":\"text\",\"props\":{\"column_breakpoint\":\"m\",\"content\":\"\n\n<p>Descarga la I&amp;M PLANT.APP, mantente conectado con nosotros.<\\\/p>\",\"margin\":\"default\"}},{\"type\":\"divider\",\"props\":{\"divider_element\":\"hr\"}}]}]}]},{\"type\":\"section\",\"props\":{\"class\":\"tastiscaricoapp\",\"image_position\":\"center-center\",\"style\":\"default\",\"title_breakpoint\":\"xl\",\"title_position\":\"top-left\",\"title_rotation\":\"left\",\"vertical_align\":\"middle\",\"width\":\"xlarge\"},\"children\":[{\"type\":\"row\",\"props\":{\"layout\":\"1-2,1-2\"},\"children\":[{\"type\":\"column\",\"props\":{\"image_position\":\"center-center\",\"position_sticky_breakpoint\":\"m\",\"width_medium\":\"1-2\"},\"children\":[{\"type\":\"image\",\"props\":{\"image\":\"wp-content\\\/uploads\\\/2023\\\/07\\\/appstore.jpg\",\"image_alt\":\"scarica app innocenti e mangoni su app store\",\"image_svg_color\":\"emphasis\",\"link\":\"https:\\\/\\\/apps.apple.com\\\/it\\\/app\\\/i-m-plant\\\/id1553071465\",\"margin\":\"default\",\"text_align\":\"right\"}}]},{\"type\":\"column\",\"props\":{\"image_position\":\"center-center\",\"position_sticky_breakpoint\":\"m\",\"width_medium\":\"1-2\"},\"children\":[{\"type\":\"image\",\"props\":{\"image\":\"wp-content\\\/uploads\\\/2023\\\/07\\\/googleplay-1.jpg\",\"image_alt\":\"scarica app innocenti e mangoni su google play\",\"image_svg_color\":\"emphasis\",\"link\":\"https:\\\/\\\/play.google.com\\\/store\\\/apps\\\/details?id=it.innocentiemangonipiante.clienti&hl=it\",\"margin\":\"default\"}}]}]}]},{\"type\":\"section\",\"props\":{\"image\":\"wp-content\\\/uploads\\\/2023\\\/08\\\/piedino-1.svg\",\"image_position\":\"center-center\",\"media_overlay\":\"#F5F5F3\",\"padding\":\"none\",\"style\":\"default\",\"title_breakpoint\":\"xl\",\"title_position\":\"top-left\",\"title_rotation\":\"left\",\"vertical_align\":\"middle\",\"width\":\"\"},\"children\":[{\"type\":\"row\",\"children\":[{\"type\":\"column\",\"props\":{\"image_position\":\"center-center\",\"position_sticky_breakpoint\":\"m\"},\"children\":[{\"type\":\"overlay-slider\",\"props\":{\"image_transition\":\"scale-up\",\"image_width\":\"400\",\"link_style\":\"default\",\"link_text\":\"Read more\",\"margin\":\"default\",\"meta_align\":\"below-title\",\"meta_element\":\"div\",\"meta_style\":\"text-meta\",\"nav\":\"\",\"nav_align\":\"center\",\"nav_breakpoint\":\"s\",\"overlay_hover\":true,\"overlay_mode\":\"caption\",\"overlay_padding\":\"large\",\"overlay_position\":\"bottom-center\",\"overlay_style\":\"overlay-primary\",\"overlay_transition\":\"fade\",\"show_content\":false,\"show_hover_image\":true,\"show_link\":false,\"show_meta\":true,\"show_title\":false,\"slidenav\":\"outside\",\"slidenav_breakpoint\":\"s\",\"slidenav_margin\":\"medium\",\"slidenav_outside_breakpoint\":\"xl\",\"slider_autoplay\":true,\"slider_autoplay_pause\":true,\"slider_center\":true,\"slider_gap\":\"default\",\"slider_width\":\"fixed\",\"slider_width_default\":\"1-1\",\"slider_width_medium\":\"1-4\",\"text_align\":\"center\",\"title_element\":\"h3\",\"title_hover_style\":\"reset\"},\"children\":[{\"type\":\"overlay-slider_item\",\"props\":{\"content\":\"\",\"image\":\"wp-content\\\/uploads\\\/2025\\\/01\\\/Plant-app-2025-1-1.jpg\",\"image_alt\":\"app innocenti e mangoni su smartphone\",\"link\":\"https:\\\/\\\/apps.innocentiemangonipiante.it\\\/\",\"title\":\"\"}},{\"type\":\"overlay-slider_item\",\"props\":{\"content\":\"\",\"image\":\"wp-content\\\/uploads\\\/2025\\\/01\\\/Plant-app-2025-2-esp.jpg\",\"image_alt\":\"dashboard app innocenti e mangoni su smartphone\",\"link\":\"https:\\\/\\\/apps.innocentiemangonipiante.it\\\/\",\"title\":\"\"}},{\"type\":\"overlay-slider_item\",\"props\":{\"content\":\"\",\"image\":\"wp-content\\\/uploads\\\/2025\\\/01\\\/Plant-app-2025-3-esp-1.jpg\",\"image_alt\":\"cerca pianta su app innocenti e mangoni su smartphone\",\"link\":\"https:\\\/\\\/apps.innocentiemangonipiante.it\\\/\"}},{\"type\":\"overlay-slider_item\",\"props\":{\"content\":\"\",\"image\":\"wp-content\\\/uploads\\\/2025\\\/01\\\/Plant-app-2025-4-esp.jpg\",\"image_alt\":\"offerte personalizzate su app innocenti e mangoni su smartphone\",\"link\":\"https:\\\/\\\/apps.innocentiemangonipiante.it\\\/\"}},{\"type\":\"overlay-slider_item\",\"props\":{\"content\":\"\",\"image\":\"wp-content\\\/uploads\\\/2025\\\/01\\\/Plant-app-2025-5-esp.jpg\",\"image_alt\":\"elenco ordini su app innocenti e mangoni su smartphone\",\"link\":\"https:\\\/\\\/apps.innocentiemangonipiante.it\\\/\"}},{\"type\":\"overlay-slider_item\",\"props\":{\"content\":\"\",\"image\":\"wp-content\\\/uploads\\\/2025\\\/01\\\/Plant-app-2025-6-esp.jpg\",\"image_alt\":\"carrello dell'app innocenti e mangoni su smartphone\",\"link\":\"https:\\\/\\\/apps.innocentiemangonipiante.it\\\/\"}},{\"type\":\"overlay-slider_item\",\"props\":{\"content\":\"\",\"image\":\"wp-content\\\/uploads\\\/2025\\\/01\\\/Plant-app-2025-7-esp.jpg\",\"image_alt\":\"nursery virtual tour su app innocenti e mangoni su smartphone\",\"link\":\"https:\\\/\\\/apps.innocentiemangonipiante.it\\\/\"}}]}]}]}]},{\"type\":\"section\",\"props\":{\"class\":\"tastiscaricoapp\",\"image_position\":\"center-center\",\"style\":\"default\",\"title_breakpoint\":\"xl\",\"title_position\":\"top-left\",\"title_rotation\":\"left\",\"vertical_align\":\"middle\",\"width\":\"xlarge\"},\"children\":[{\"type\":\"row\",\"props\":{\"layout\":\"1-2,1-2\"},\"children\":[{\"type\":\"column\",\"props\":{\"image_position\":\"center-center\",\"position_sticky_breakpoint\":\"m\",\"width_medium\":\"1-2\"},\"children\":[{\"type\":\"image\",\"props\":{\"image\":\"wp-content\\\/uploads\\\/2023\\\/07\\\/appstore.jpg\",\"image_alt\":\"scarica app innocenti e mangoni su app store\",\"image_svg_color\":\"emphasis\",\"link\":\"https:\\\/\\\/apps.apple.com\\\/it\\\/app\\\/i-m-plant\\\/id1553071465\",\"margin\":\"default\",\"text_align\":\"right\"}}]},{\"type\":\"column\",\"props\":{\"image_position\":\"center-center\",\"position_sticky_breakpoint\":\"m\",\"width_medium\":\"1-2\"},\"children\":[{\"type\":\"image\",\"props\":{\"image\":\"wp-content\\\/uploads\\\/2023\\\/07\\\/googleplay-1.jpg\",\"image_alt\":\"scarica app innocenti e mangoni su google play\",\"image_svg_color\":\"emphasis\",\"link\":\"https:\\\/\\\/play.google.com\\\/store\\\/apps\\\/details?id=it.innocentiemangonipiante.clienti&hl=it\",\"margin\":\"default\"}}]}]}]}],\"version\":\"4.2.13\",\"yooessentialsVersion\":\"2.1.5\"} --><\/p>\n","protected":false},"excerpt":{"rendered":"<div>\n<p>\u00a0<\/p>\n<p>\u00a0<\/p>\n<p>\u00a0<\/p>\n<p>\u00a0<\/p>\n<p>\u00a0<\/p>\n<p>\u00a0<\/p>\n<p>\u00a0<\/p>\n<p>\u00a0<\/p>\n<p>\u00a0<\/p>\n<p>\u00a0<\/p>\n<p>\u00a0<\/p>\n<\/div>\n<h1>Download I&#038;M App. Stay Connected<\/h1>\n<div>\n<p><strong>I&amp;M PLANT.APP<\/strong> is the digital nursery of Innocenti &amp; Mangoni Piante.<\/p>\n<p>Shorten the distance with the use of technology. An App that does it all: communicate with your dedicated sales manager, receive personalized offers, check availability of our plants, enter our nurseries through the new 360\u00b0 virtual tour experience.<\/p>\n<p>We aim to put at disposal the digitalization of our nurseries to our clients in order to improve supply and consulting services.<\/p>\n<p><strong>I&amp;M PLANT.APP<\/strong> allows each of our customers, be these <strong>Garden Centres<\/strong>, <strong>Landscaping Companies<\/strong>, <strong>Plant Nurseries<\/strong>, <strong>Public Bodies<\/strong> or <strong>General Contractors<\/strong>, to virtually enter in our nursery, discover all the varieties of plants we grow, choose preferred quantities and sizes and place an order.<\/p>\n<p>We like to think that our plants are an integral part of our family and of our land.<\/p>\n<p>We look after them with consistency and love in the fertile plain in Pistoia of over 320 hectares where we grow 1500 varieties of ornamental plants of every shape and size, trees and shrubs, Mediterranean species, fruit trees, roses, species grown using topiary techniques from natural shapes to the most geometrical or eccentric designs.<\/p>\n<p>Our main production sectors are:<\/p>\n<p><strong>YOUNG PLANTS NURSERY<\/strong><\/p>\n<p><strong>OPEN GROUND NURSERY<\/strong><\/p>\n<p><strong>CONTAINER NURSERY<\/strong><\/p>\n<p><strong>SHAPED PLANTS<\/strong><\/p>\n<p>\u00a0<\/p>\n<p>Download <strong>I&amp;M PLANT.APP<\/strong>, stay connected with us.<\/p>\n<\/div>\n<hr>\n<p><video src=\"\/images\/video\/ad%20app%20INGLESEmp4.mp4\" poster=\"\"><\/video><br \/>\n<a href=\"https:\/\/apps.apple.com\/us\/app\/i-m-plant\/id1553071465\"><img decoding=\"async\" src=\"http:\/\/innocentiemangonipiante.it\/wp-content\/uploads\/2011\/05\/appstore.jpg\" alt=\"\"><\/a><br \/>\n<a href=\"https:\/\/play.google.com\/store\/apps\/details?id=it.innocentiemangonipiante.clienti&#038;hl=en\"><img decoding=\"async\" src=\"http:\/\/innocentiemangonipiante.it\/wp-content\/uploads\/2011\/05\/googleplay.jpg\" alt=\"\"><\/a><\/p>\n<hr>\n<ul>\n<li>\n<p>        <img decoding=\"async\" src=\"http:\/\/innocentiemangonipiante.it\/wp-content\/uploads\/2021\/02\/screenshot_iphone_11_amm_APP-scaled.jpg\" alt=\"\"><\/p>\n<div>\n<p>Testo funzionalit\u00e0 di nquesta pagina\u00a0Testo funzionalit\u00e0 di nquesta paginaTesto funzionalit\u00e0 di nquesta paginaTesto funzionalit\u00e0 di nquesta paginaTesto funzionalit\u00e0 di nquesta paginaTesto funzionalit\u00e0 di nquesta paginaTesto funzionalit\u00e0 di <strong>nquesta<\/strong> paginaTesto funzionalit\u00e0 di nquesta pagina<\/p>\n<p>\u00a0<\/p>\n<p><strong><a href=\"INSTALLA ADESSO\">INSTALLA ADESSO<\/a><\/strong><\/p>\n<\/div>\n<p><a href=\"#\">Read more<\/a><\/p>\n<\/li>\n<li>\n<p>        <img decoding=\"async\" src=\"http:\/\/innocentiemangonipiante.it\/wp-content\/uploads\/2021\/02\/screenshot_iphone_11_amm_DASHBOARD-scaled.jpg\" alt=\"\"><\/p>\n<div>\n<p>Testo funzionalit\u00e0 di nquesta pagina\u00a0Testo funzionalit\u00e0 di nquesta paginaTesto funzionalit\u00e0 di nquesta paginaTesto funzionalit\u00e0 di nquesta paginaTesto funzionalit\u00e0 di nquesta paginaTesto funzionalit\u00e0 di nquesta paginaTesto funzionalit\u00e0 di\u00a0<strong>nquesta<\/strong>\u00a0paginaTesto funzionalit\u00e0 di nquesta pagina<\/p>\n<p>\u00a0<\/p>\n<p><strong><a href=\"INSTALLA ADESSO\">INSTALLA ADESSO<\/a><\/strong><\/p>\n<\/div>\n<\/li>\n<li>\n<p>        <img decoding=\"async\" src=\"http:\/\/innocentiemangonipiante.it\/wp-content\/uploads\/2021\/02\/screenshot_iphone_11_amm_CERCA_PIANTA-scaled.jpg\" alt=\"\"><\/p>\n<div>\n<p>Testo funzionalit\u00e0 di nquesta pagina\u00a0Testo funzionalit\u00e0 di nquesta paginaTesto funzionalit\u00e0 di nquesta paginaTesto funzionalit\u00e0 di nquesta paginaTesto funzionalit\u00e0 di nquesta paginaTesto funzionalit\u00e0 di nquesta paginaTesto funzionalit\u00e0 di\u00a0<strong>nquesta<\/strong>\u00a0paginaTesto funzionalit\u00e0 di nquesta pagina<\/p>\n<p>\u00a0<\/p>\n<p><strong><a href=\"INSTALLA ADESSO\">INSTALLA ADESSO<\/a><\/strong><\/p>\n<\/div>\n<\/li>\n<li>\n<p>        <img decoding=\"async\" src=\"http:\/\/innocentiemangonipiante.it\/wp-content\/uploads\/2021\/02\/screenshot_iphone_11_amm_OFFERTE_PERSONALIZZATE-scaled.jpg\" alt=\"\"><\/p>\n<div>\n<p>Testo funzionalit\u00e0 di nquesta pagina\u00a0Testo funzionalit\u00e0 di nquesta paginaTesto funzionalit\u00e0 di nquesta paginaTesto funzionalit\u00e0 di nquesta paginaTesto funzionalit\u00e0 di nquesta paginaTesto funzionalit\u00e0 di nquesta paginaTesto funzionalit\u00e0 di\u00a0<strong>nquesta<\/strong>\u00a0paginaTesto funzionalit\u00e0 di nquesta pagina<\/p>\n<p>\u00a0<\/p>\n<p><strong><a href=\"INSTALLA ADESSO\">INSTALLA ADESSO<\/a><\/strong><\/p>\n<\/div>\n<\/li>\n<li>\n<p>        <img decoding=\"async\" src=\"http:\/\/innocentiemangonipiante.it\/wp-content\/uploads\/2021\/02\/screenshot_iphone_11_amm_ELENCO_ORDINI.jpg\" alt=\"\"><\/p>\n<div>\n<p>Testo funzionalit\u00e0 di nquesta pagina\u00a0Testo funzionalit\u00e0 di nquesta paginaTesto funzionalit\u00e0 di nquesta paginaTesto funzionalit\u00e0 di nquesta paginaTesto funzionalit\u00e0 di nquesta paginaTesto funzionalit\u00e0 di nquesta paginaTesto funzionalit\u00e0 di\u00a0<strong>nquesta<\/strong>\u00a0paginaTesto funzionalit\u00e0 di nquesta pagina<\/p>\n<p>\u00a0<\/p>\n<p><strong><a href=\"INSTALLA ADESSO\">INSTALLA ADESSO<\/a><\/strong><\/p>\n<\/div>\n<\/li>\n<li>\n<p>        <img decoding=\"async\" src=\"http:\/\/innocentiemangonipiante.it\/wp-content\/uploads\/2021\/02\/screenshot_iphone_11_amm_METTI_NEL_CARRELLO-scaled.jpg\" alt=\"\"><\/p>\n<div>\n<p>Testo funzionalit\u00e0 di nquesta pagina\u00a0Testo funzionalit\u00e0 di nquesta paginaTesto funzionalit\u00e0 di nquesta paginaTesto funzionalit\u00e0 di nquesta paginaTesto funzionalit\u00e0 di nquesta paginaTesto funzionalit\u00e0 di nquesta paginaTesto funzionalit\u00e0 di\u00a0<strong>nquesta<\/strong>\u00a0paginaTesto funzionalit\u00e0 di nquesta pagina<\/p>\n<p>\u00a0<\/p>\n<p><strong><a href=\"INSTALLA ADESSO\">INSTALLA ADESSO<\/a><\/strong><\/p>\n<\/div>\n<\/li>\n<li>\n<p>        <img decoding=\"async\" src=\"http:\/\/innocentiemangonipiante.it\/wp-content\/uploads\/2021\/02\/screenshot_iphone_11_amm_VIRTUAL_TOUR-scaled.jpg\" alt=\"\"><\/p>\n<div>\n<p>Testo funzionalit\u00e0 di nquesta pagina\u00a0Testo funzionalit\u00e0 di nquesta paginaTesto funzionalit\u00e0 di nquesta paginaTesto funzionalit\u00e0 di nquesta paginaTesto funzionalit\u00e0 di nquesta paginaTesto funzionalit\u00e0 di nquesta paginaTesto funzionalit\u00e0 di\u00a0<strong>nquesta<\/strong>\u00a0paginaTesto funzionalit\u00e0 di nquesta pagina<\/p>\n<p>\u00a0<\/p>\n<p><strong><a href=\"INSTALLA ADESSO\">INSTALLA ADESSO<\/a><\/strong><\/p>\n<\/div>\n<\/li>\n<\/ul>\n<p><a href=\"https:\/\/apps.apple.com\/us\/app\/i-m-plant\/id1553071465\"><img decoding=\"async\" src=\"http:\/\/innocentiemangonipiante.it\/wp-content\/uploads\/2011\/05\/appstore.jpg\" alt=\"\"><\/a><br \/>\n<a href=\"https:\/\/play.google.com\/store\/apps\/details?id=it.innocentiemangonipiante.clienti&#038;hl=en\"><img decoding=\"async\" src=\"http:\/\/innocentiemangonipiante.it\/wp-content\/uploads\/2011\/05\/googleplay.jpg\" alt=\"\"><\/a><\/p>\n","protected":false},"author":2,"featured_media":17318,"parent":0,"menu_order":6,"comment_status":"open","ping_status":"closed","template":"","meta":{"_acf_changed":false,"footnotes":""},"class_list":["post-9074","page","type-page","status-publish","has-post-thumbnail","hentry"],"acf":[],"_links":{"self":[{"href":"https:\/\/innocentiemangonipiante.it\/es\/wp-json\/wp\/v2\/pages\/9074","targetHints":{"allow":["GET"]}}],"collection":[{"href":"https:\/\/innocentiemangonipiante.it\/es\/wp-json\/wp\/v2\/pages"}],"about":[{"href":"https:\/\/innocentiemangonipiante.it\/es\/wp-json\/wp\/v2\/types\/page"}],"author":[{"embeddable":true,"href":"https:\/\/innocentiemangonipiante.it\/es\/wp-json\/wp\/v2\/users\/2"}],"replies":[{"embeddable":true,"href":"https:\/\/innocentiemangonipiante.it\/es\/wp-json\/wp\/v2\/comments?post=9074"}],"version-history":[{"count":0,"href":"https:\/\/innocentiemangonipiante.it\/es\/wp-json\/wp\/v2\/pages\/9074\/revisions"}],"wp:featuredmedia":[{"embeddable":true,"href":"https:\/\/innocentiemangonipiante.it\/es\/wp-json\/wp\/v2\/media\/17318"}],"wp:attachment":[{"href":"https:\/\/innocentiemangonipiante.it\/es\/wp-json\/wp\/v2\/media?parent=9074"}],"curies":[{"name":"wp","href":"https:\/\/api.w.org\/{rel}","templated":true}]}}