{"id":9076,"date":"2020-04-27T19:34:02","date_gmt":"2020-04-27T17:34:02","guid":{"rendered":"http:\/\/innocentiemangonipiante.it\/2020\/04\/27\/certificaciones\/"},"modified":"2024-01-16T17:41:55","modified_gmt":"2024-01-16T16:41:55","slug":"plantas-certificadas","status":"publish","type":"page","link":"https:\/\/innocentiemangonipiante.it\/es\/plantas-certificadas\/","title":{"rendered":"Certificaciones"},"content":{"rendered":"<h1>Certificaciones de calidad<\/h1>\n<div>\n<p><strong>Inspirados por la gratitud y el respeto por la naturaleza. Todos los d\u00edas.<\/strong><\/p>\n<p>Son el cuidado diario de nuestras plantas, la elecci\u00f3n de t\u00e9cnicas de cultivo tecnol\u00f3gicamente avanzadas y eco-sostenibles los que mueven nuestro trabajo.<\/p>\n<p>Utilizamos nuestras mentes y nuestras manos para seleccionar, <strong>cultivar y cultivar nuestras plantas<\/strong>, para dise\u00f1ar cada exigencia paisaj\u00edstica con innovaci\u00f3n, transparencia y sobre todo sostenibilidad.<\/p>\n<p>Ponemos todo nuestro conocimiento y habilidades adquiridas en d\u00e9cadas de trabajo en cada planta que cultivamos, <strong>para que la pr\u00f3xima generaci\u00f3n de plantas sea m\u00e1s fuerte y exuberante para la pr\u00f3xima generaci\u00f3n de personas.<\/strong><\/p>\n<\/div>\n<div>\n<p>    <img decoding=\"async\" src=\"\/wp-content\/uploads\/2023\/07\/iem-vivaio-58.jpg\" alt=\"apporre certificazione piante\" title=\"\"><\/p>\n<h3>Vivaio 1<\/h3>\n<\/div>\n<div>\n<p>        <img decoding=\"async\" src=\"\/wp-content\/uploads\/2023\/07\/CERTIFICAZIONE-AMBIENTALE-MPS.png\" alt=\"LOGO CERTIFICAZIONE AMBIENTALE MPS\" title=\"\"><\/p>\n<h3>Certificati\u00f3n Ambiental MPS (CLASS A)<\/h3>\n<div>\n<p>La <strong>certificaci\u00f3n medioambiental MPS garantiza la calidad y la sostenibilidad<\/strong> del sector del vivero. Al <strong>registrar nuestro consumo<\/strong>, podemos monitorear el nivel de producci\u00f3n sostenible y realizar los cambios necesarios para trabajar <strong>reduciendo el impacto ambiental<\/strong>. Este tipo de certificaci\u00f3n garantiza no solo la sostenibilidad ambiental sino tambi\u00e9n el respeto del cliente y las condiciones de trabajo \u00e9ticas.<\/p>\n<\/div>\n<\/div>\n<div>\n<p>        <img decoding=\"async\" src=\"\/wp-content\/uploads\/2023\/07\/global-gap-logo-w500x461.png\" alt=\"logo global gap\" title=\"\"><\/p>\n<h3>Global Gap Certificaci\u00f3n<\/h3>\n<div>\n<p>Global Gap establece est\u00e1ndares voluntarios para la certificaci\u00f3n de productos agr\u00edcolas y vegetales en todo el mundo con el objetivo de uniformar las <strong>buenas pr\u00e1cticas agr\u00edcolas (G.A.P.).<\/strong> Es la certificaci\u00f3n que garantiza a nuestros clientes la calidad, la seguridad y la trazabilidad documentada de nuestra producci\u00f3n de viveros.<\/p>\n<\/div>\n<\/div>\n<p><!--more--><br \/>\n<!-- {\"name\":\"pagina sezioni menu principale\",\"type\":\"layout\",\"children\":[{\"name\":\"Hero\",\"type\":\"section\",\"props\":{\"header_transparent\":\"dark\",\"header_transparent_noplaceholder\":true,\"height\":\"percent\",\"image\":\"wp-content\\\/uploads\\\/2023\\\/07\\\/iem-vivaio-167.jpg\",\"image_position\":\"center-center\",\"image_size\":\"cover\",\"image_width\":\"2560\",\"overlap\":false,\"padding\":\"xlarge\",\"style\":\"secondary\",\"title_breakpoint\":\"xl\",\"title_position\":\"top-left\",\"title_rotation\":\"left\",\"vertical_align\":\"middle\",\"video_height\":\"1200\",\"width\":\"\"},\"children\":[{\"type\":\"row\",\"children\":[{\"type\":\"column\",\"props\":{\"image_position\":\"center-center\",\"position_sticky_breakpoint\":\"m\",\"width_medium\":\"1-1\"}}]}]},{\"name\":\"About\",\"type\":\"section\",\"props\":{\"animation\":\"fade\",\"image_position\":\"center-center\",\"overlap\":true,\"padding\":\"large\",\"padding_remove_bottom\":false,\"style\":\"default\",\"title_breakpoint\":\"xl\",\"title_position\":\"top-left\",\"title_rotation\":\"left\",\"vertical_align\":\"middle\",\"width\":\"large\"},\"children\":[{\"type\":\"row\",\"props\":{\"column_gap\":\"large\",\"layout\":\"1-2,1-2\",\"row_gap\":\"large\"},\"children\":[{\"type\":\"column\",\"props\":{\"image_position\":\"center-center\",\"position_sticky_breakpoint\":\"m\",\"width_medium\":\"1-2\"},\"children\":[{\"type\":\"headline\",\"props\":{\"content\":\"Certificaciones de calidad\",\"margin\":\"remove-vertical\",\"title_color\":\"primary\",\"title_element\":\"h1\",\"title_style\":\"heading-small\"}},{\"type\":\"text\",\"props\":{\"column_breakpoint\":\"m\",\"content\":\"\n\n<p><strong>Inspirados por la gratitud y el respeto por la naturaleza. Todos los d\\u00edas.<\\\/strong><\\\/p>\\n\n\n<p>Son el cuidado diario de nuestras plantas, la elecci\\u00f3n de t\\u00e9cnicas de cultivo tecnol\\u00f3gicamente avanzadas y eco-sostenibles los que mueven nuestro trabajo.<\\\/p>\\n\n\n<p>Utilizamos nuestras mentes y nuestras manos para seleccionar, <strong>cultivar y cultivar nuestras plantas<\\\/strong>, para dise\\u00f1ar cada exigencia paisaj\\u00edstica con innovaci\\u00f3n, transparencia y sobre todo sostenibilidad.<\\\/p>\\n\n\n<p>Ponemos todo nuestro conocimiento y habilidades adquiridas en d\\u00e9cadas de trabajo en cada planta que cultivamos, <strong>para que la pr\\u00f3xima generaci\\u00f3n de plantas sea m\\u00e1s fuerte y exuberante para la pr\\u00f3xima generaci\\u00f3n de personas.<\\\/strong><\\\/p>\",\"margin\":\"medium\",\"margin_remove_top\":false}}]},{\"type\":\"column\",\"props\":{\"image_position\":\"center-center\",\"position_sticky_breakpoint\":\"m\",\"vertical_align\":\"bottom\",\"width_medium\":\"1-2\"},\"children\":[{\"type\":\"gallery\",\"props\":{\"class\":\"uk-hidden-touch\",\"css\":\".el-element .el-item > :nth-child(2) { z-index: 1; }\",\"filter\":false,\"filter_align\":\"left\",\"filter_all\":true,\"filter_grid_breakpoint\":\"m\",\"filter_grid_width\":\"auto\",\"filter_position\":\"top\",\"filter_style\":\"tab\",\"grid_column_gap\":\"small\",\"grid_default\":\"1\",\"grid_medium\":\"\",\"grid_row_gap\":\"small\",\"item_animation\":true,\"lightbox\":false,\"link_style\":\"default\",\"link_text\":\"\",\"margin\":\"\",\"meta_align\":\"below-title\",\"meta_element\":\"div\",\"meta_style\":\"text-meta\",\"overlay_hover\":false,\"overlay_link\":false,\"overlay_mode\":\"caption\",\"overlay_position\":\"top\",\"overlay_style\":\"overlay-primary\",\"overlay_transition\":\"fade\",\"parallax_easing\":\"1\",\"position_bottom\":\"-150\",\"show_content\":true,\"show_hover_image\":true,\"show_link\":true,\"show_meta\":false,\"show_title\":false,\"text_align\":\"center\",\"text_color\":\"light\",\"title_element\":\"h3\",\"title_hover_style\":\"reset\"},\"children\":[{\"type\":\"gallery_item\",\"props\":{\"hover_image\":\"\",\"image\":\"wp-content\\\/uploads\\\/2023\\\/07\\\/iem-vivaio-58.jpg\",\"image_alt\":\"apporre certificazione piante\",\"title\":\"Vivaio 1\"}}]}]}]}]},{\"type\":\"section\",\"props\":{\"image_position\":\"center-center\",\"padding_remove_top\":false,\"style\":\"muted\",\"title_breakpoint\":\"xl\",\"title_position\":\"top-left\",\"title_rotation\":\"left\",\"vertical_align\":\"middle\",\"width\":\"xlarge\"},\"children\":[{\"type\":\"row\",\"props\":{\"column_gap\":\"large\",\"divider\":true,\"layout\":\"1-2,1-2\",\"row_gap\":\"large\"},\"children\":[{\"type\":\"column\",\"props\":{\"image_position\":\"center-center\",\"position_sticky_breakpoint\":\"m\",\"width_medium\":\"1-2\"},\"children\":[{\"type\":\"panel\",\"props\":{\"content\":\"\n\n<p>La <strong>certificaci\\u00f3n medioambiental MPS garantiza la calidad y la sostenibilidad<\\\/strong> del sector del vivero. Al <strong>registrar nuestro consumo<\\\/strong>, podemos monitorear el nivel de producci\\u00f3n sostenible y realizar los cambios necesarios para trabajar <strong>reduciendo el impacto ambiental<\\\/strong>. Este tipo de certificaci\\u00f3n garantiza no solo la sostenibilidad ambiental sino tambi\\u00e9n el respeto del cliente y las condiciones de trabajo \\u00e9ticas.<\\\/p>\",\"content_column_breakpoint\":\"m\",\"icon_width\":80,\"image\":\"wp-content\\\/uploads\\\/2023\\\/07\\\/CERTIFICAZIONE-AMBIENTALE-MPS.png\",\"image_align\":\"left\",\"image_alt\":\"LOGO CERTIFICAZIONE AMBIENTALE MPS\",\"image_grid_breakpoint\":\"m\",\"image_grid_width\":\"2-5\",\"image_height\":\"220\",\"image_svg_color\":\"emphasis\",\"image_vertical_align\":false,\"link_style\":\"default\",\"link_text\":\"Read more\",\"margin\":\"default\",\"meta_align\":\"below-title\",\"meta_element\":\"div\",\"meta_style\":\"text-meta\",\"text_align\":\"justify\",\"title\":\"Certificati\\u00f3n Ambiental MPS (CLASS A)\",\"title_align\":\"top\",\"title_element\":\"h3\",\"title_grid_breakpoint\":\"m\",\"title_grid_width\":\"1-2\",\"title_hover_style\":\"reset\"}}]},{\"type\":\"column\",\"props\":{\"image_position\":\"center-center\",\"position_sticky_breakpoint\":\"m\",\"width_medium\":\"1-2\"},\"children\":[{\"type\":\"panel\",\"props\":{\"content\":\"\n\n<p>Global Gap establece est\\u00e1ndares voluntarios para la certificaci\\u00f3n de productos agr\\u00edcolas y vegetales en todo el mundo con el objetivo de uniformar las <strong>buenas pr\\u00e1cticas agr\\u00edcolas (G.A.P.).<\\\/strong> Es la certificaci\\u00f3n que garantiza a nuestros clientes la calidad, la seguridad y la trazabilidad documentada de nuestra producci\\u00f3n de viveros.<\\\/p>\",\"content_column_breakpoint\":\"m\",\"icon_width\":80,\"image\":\"wp-content\\\/uploads\\\/2023\\\/07\\\/global-gap-logo-w500x461.png\",\"image_align\":\"left\",\"image_alt\":\"logo global gap\",\"image_grid_breakpoint\":\"m\",\"image_grid_width\":\"2-5\",\"image_height\":\"220\",\"image_svg_color\":\"emphasis\",\"image_vertical_align\":false,\"link_style\":\"default\",\"link_text\":\"Read more\",\"margin\":\"default\",\"meta_align\":\"below-title\",\"meta_element\":\"div\",\"meta_style\":\"text-meta\",\"text_align\":\"justify\",\"title\":\"Global Gap Certificaci\\u00f3n\",\"title_align\":\"top\",\"title_element\":\"h3\",\"title_grid_breakpoint\":\"m\",\"title_grid_width\":\"1-2\",\"title_hover_style\":\"reset\"}}]}]}]},{\"type\":\"section\",\"props\":{\"image_position\":\"center-center\",\"style\":\"default\",\"title_breakpoint\":\"xl\",\"title_position\":\"top-left\",\"title_rotation\":\"left\",\"vertical_align\":\"middle\",\"width\":\"default\"},\"children\":[{\"type\":\"row\",\"children\":[{\"type\":\"column\",\"props\":{\"image_position\":\"center-center\",\"position_sticky_breakpoint\":\"m\"}}]}]}],\"version\":\"4.2.11\",\"yooessentialsVersion\":\"2.1.5\"} --><\/p>\n","protected":false},"excerpt":{"rendered":"\n<div>certificaciones<\/div>\n<h1>Certificaciones de calidad<\/h1>\n<div>\n<p class=\"p1\"><strong>Inspirados por la gratitud y el respeto por la naturaleza. Todos los d\u00edas.<\/strong><\/p>\n<p class=\"p2\">Son el cuidado diario de nuestras plantas, la elecci\u00f3n de t\u00e9cnicas de cultivo tecnol\u00f3gicamente avanzadas y eco-sostenibles los que mueven nuestro trabajo.<\/p>\n<\/div>\n<div>\n<p class=\"p1\">Utilizamos nuestras mentes y nuestras manos para seleccionar, <strong>cultivar y cultivar nuestras plantas<\/strong>, para dise\u00f1ar cada exigencia paisaj\u00edstica con innovaci\u00f3n, transparencia y sobre todo sostenibilidad.<\/p>\n<p class=\"p2\">Ponemos todo nuestro conocimiento y habilidades adquiridas en d\u00e9cadas de trabajo en cada planta que cultivamos, <strong>para que la pr\u00f3xima generaci\u00f3n de plantas sea m\u00e1s fuerte y exuberante para la pr\u00f3xima generaci\u00f3n de personas.<\/strong><\/p>\n<\/div>\n<div>\n<p><img loading=\"lazy\" decoding=\"async\" class=\" size-full wp-image-7545\" src=\"http:\/\/innocentiemangonipiante.it\/wp-content\/uploads\/2017\/03\/CERTIFICAZIONE-AMBIENTALE-MPS.png\" alt=\"\" width=\"146\" height=\"146\" srcset=\"https:\/\/innocentiemangonipiante.it\/wp-content\/uploads\/2017\/03\/CERTIFICAZIONE-AMBIENTALE-MPS.png 500w, https:\/\/innocentiemangonipiante.it\/wp-content\/uploads\/2017\/03\/CERTIFICAZIONE-AMBIENTALE-MPS-300x300.png 300w, https:\/\/innocentiemangonipiante.it\/wp-content\/uploads\/2017\/03\/CERTIFICAZIONE-AMBIENTALE-MPS-100x100.png 100w, https:\/\/innocentiemangonipiante.it\/wp-content\/uploads\/2017\/03\/CERTIFICAZIONE-AMBIENTALE-MPS-150x150.png 150w\" sizes=\"auto, (max-width: 146px) 100vw, 146px\" \/><img loading=\"lazy\" decoding=\"async\" class=\" size-full wp-image-7550\" src=\"http:\/\/innocentiemangonipiante.it\/wp-content\/uploads\/2017\/03\/logo-global-gap.jpg\" alt=\"\" width=\"166\" height=\"166\" srcset=\"https:\/\/innocentiemangonipiante.it\/wp-content\/uploads\/2017\/03\/logo-global-gap.jpg 500w, https:\/\/innocentiemangonipiante.it\/wp-content\/uploads\/2017\/03\/logo-global-gap-300x300.jpg 300w, https:\/\/innocentiemangonipiante.it\/wp-content\/uploads\/2017\/03\/logo-global-gap-100x100.jpg 100w, https:\/\/innocentiemangonipiante.it\/wp-content\/uploads\/2017\/03\/logo-global-gap-150x150.jpg 150w\" sizes=\"auto, (max-width: 166px) 100vw, 166px\" \/><\/p>\n<\/div>\n<p><img decoding=\"async\" src=\"http:\/\/innocentiemangonipiante.it\/wp-content\/uploads\/2020\/04\/iem-vivaio-58.jpg\" alt=\"\"><\/p>\n<div>\n<h3>Certificati\u00f3n Ambiental MPS (CLASS A)<\/h3>\n<p class=\"p1\">La <strong>certificaci\u00f3n medioambiental MPS garantiza la calidad y la sostenibilidad<\/strong> del sector del vivero.<\/p>\n<p class=\"p1\">Al <strong>registrar nuestro consumo<\/strong>, podemos monitorear el nivel de producci\u00f3n sostenible y realizar los cambios necesarios para trabajar <strong>reduciendo el impacto ambiental<\/strong>.<\/p>\n<p class=\"p1\">Este tipo de certificaci\u00f3n garantiza no solo la sostenibilidad ambiental sino tambi\u00e9n el respeto del cliente y las condiciones de trabajo \u00e9ticas.<\/p>\n<p>\u00a0<\/p>\n<\/div>\n<div>\n<h3>Global Gap\u00a0Certificaci\u00f3n<\/h3>\n<p class=\"p1\">Global Gap establece est\u00e1ndares voluntarios para la certificaci\u00f3n de productos agr\u00edcolas y vegetales en todo el mundo con el objetivo de uniformar las <strong>buenas pr\u00e1cticas agr\u00edcolas (G.A.P.).<\/strong><\/p>\n<p class=\"p1\">Es la certificaci\u00f3n que garantiza a nuestros clientes la calidad, la seguridad y la trazabilidad documentada de nuestra producci\u00f3n de viveros.<\/p>\n<\/div>\n<p><img decoding=\"async\" src=\"http:\/\/innocentiemangonipiante.it\/wp-content\/uploads\/2014\/11\/elemento-1.png\" alt=\"\"><\/p>\n","protected":false},"author":2,"featured_media":8556,"parent":0,"menu_order":1,"comment_status":"open","ping_status":"open","template":"","meta":{"_acf_changed":false,"footnotes":""},"class_list":["post-9076","page","type-page","status-publish","has-post-thumbnail","hentry"],"acf":[],"_links":{"self":[{"href":"https:\/\/innocentiemangonipiante.it\/es\/wp-json\/wp\/v2\/pages\/9076","targetHints":{"allow":["GET"]}}],"collection":[{"href":"https:\/\/innocentiemangonipiante.it\/es\/wp-json\/wp\/v2\/pages"}],"about":[{"href":"https:\/\/innocentiemangonipiante.it\/es\/wp-json\/wp\/v2\/types\/page"}],"author":[{"embeddable":true,"href":"https:\/\/innocentiemangonipiante.it\/es\/wp-json\/wp\/v2\/users\/2"}],"replies":[{"embeddable":true,"href":"https:\/\/innocentiemangonipiante.it\/es\/wp-json\/wp\/v2\/comments?post=9076"}],"version-history":[{"count":0,"href":"https:\/\/innocentiemangonipiante.it\/es\/wp-json\/wp\/v2\/pages\/9076\/revisions"}],"wp:featuredmedia":[{"embeddable":true,"href":"https:\/\/innocentiemangonipiante.it\/es\/wp-json\/wp\/v2\/media\/8556"}],"wp:attachment":[{"href":"https:\/\/innocentiemangonipiante.it\/es\/wp-json\/wp\/v2\/media?parent=9076"}],"curies":[{"name":"wp","href":"https:\/\/api.w.org\/{rel}","templated":true}]}}