{"id":9078,"date":"2020-12-18T15:56:07","date_gmt":"2020-12-18T14:56:07","guid":{"rendered":"http:\/\/innocentiemangonipiante.it\/2020\/12\/18\/contratistas-y-verde-publico\/"},"modified":"2024-01-16T17:46:54","modified_gmt":"2024-01-16T16:46:54","slug":"contratistas-y-verde-publico","status":"publish","type":"page","link":"https:\/\/innocentiemangonipiante.it\/es\/contratistas-y-verde-publico\/","title":{"rendered":"Contratistas y verde p\u00fablico"},"content":{"rendered":"<h1>Suministro de plantas para contratistas y verde p\u00fablico<\/h1>\n<div>\n<p>Desde hace muchos a\u00f1os nos ocupamos del s<strong>uministro de plantas para el verde p\u00fablico<\/strong>.<\/p>\n<p>Colaboramos con contratistas de toda Europa y del mundo y ponemos nuestras plantas al servicio de proyectos que contribuyan a que las ciudades sean cada vez m\u00e1s verdes.<\/p>\n<p>Dialogamos cada d\u00eda con contratistas expertos, con gran conocimiento de las plantas como nosotros y juntos afrontamos los desaf\u00edos que de vez en cuando es normal encontrar en la realizaci\u00f3n de obras ambiciosas.<\/p>\n<\/div>\n<div>\n<p>El\u00a0<strong>cat\u00e1logo de plantas Innocenti y Mangoni incluye todo lo mejor del vivero ornamental<\/strong>, desde plantas peque\u00f1as hasta\u00a0<strong>grandes arboledas<\/strong>. Un amplio surtido de especies y variedades para satisfacer cualquier petici\u00f3n y dar vida a lugares p\u00fablicos, pero tambi\u00e9n privados, donde la naturaleza y el verde sean los verdaderos protagonistas.<\/p>\n<\/div>\n<p><img decoding=\"async\" src=\"\/wp-content\/uploads\/2023\/07\/etichette-piante.jpg\" alt=\"etichetta su pianta\" title=\"\"><br \/>\n<img decoding=\"async\" src=\"\/wp-content\/uploads\/2016\/11\/iem-vivaio-66.jpg\" alt=\"shipping plants all over the world\" title=\"\"><\/p>\n<div>\n<ul>\n<li>\n<h5><strong>\u00c1RBOLES<\/strong><\/h5>\n<\/li>\n<li>\n<h5><strong>ARBUSTOS<\/strong><\/h5>\n<\/li>\n<li>\n<h5><strong>CON\u00cdFERAS<\/strong><\/h5>\n<\/li>\n<li>\n<h5><strong>PERENNES<\/strong><\/h5>\n<\/li>\n<li>\n<h5><strong>HELECHOS<\/strong><\/h5>\n<\/li>\n<li>\n<h5><strong>\u00c1RBOLES FRUTALES<\/strong><\/h5>\n<\/li>\n<li>\n<h5><strong>GRAM\u00cdNEAS<\/strong><\/h5>\n<\/li>\n<li>\n<h5><strong>ENREDADERAS<\/strong><\/h5>\n<\/li>\n<li>\n<h5><strong>ARTE TOPIARIA<\/strong><\/h5>\n<\/li>\n<li>\n<h5><strong>C\u00cdTRICOS<strong><\/strong><\/strong><\/h5>\n<\/li>\n<\/ul>\n<\/div>\n<p><!--more--><br \/>\n<!-- {\"name\":\"servizi-e-logistica\",\"type\":\"layout\",\"children\":[{\"name\":\"Hero\",\"type\":\"section\",\"props\":{\"header_transparent\":\"dark\",\"header_transparent_noplaceholder\":true,\"height\":\"percent\",\"image\":\"wp-content\\\/uploads\\\/2023\\\/07\\\/iem-vivaio-101.jpg\",\"image_position\":\"bottom-center\",\"image_size\":\"width-1-1\",\"image_width\":\"2560\",\"overlap\":false,\"padding\":\"xlarge\",\"style\":\"secondary\",\"title_breakpoint\":\"xl\",\"title_position\":\"top-left\",\"title_rotation\":\"left\",\"vertical_align\":\"middle\",\"video_height\":\"1200\",\"width\":\"\"},\"children\":[{\"type\":\"row\",\"children\":[{\"type\":\"column\",\"props\":{\"image_position\":\"center-center\",\"position_sticky_breakpoint\":\"m\",\"width_medium\":\"1-1\"}}]}]},{\"name\":\"testo\",\"type\":\"section\",\"props\":{\"image_position\":\"center-center\",\"padding\":\"large\",\"padding_remove_bottom\":true,\"style\":\"default\",\"title_breakpoint\":\"xl\",\"title_position\":\"top-left\",\"title_rotation\":\"left\",\"vertical_align\":\"middle\",\"width\":\"default\"},\"children\":[{\"type\":\"row\",\"children\":[{\"type\":\"column\",\"props\":{\"image_position\":\"center-center\",\"position_sticky_breakpoint\":\"m\"},\"children\":[{\"type\":\"headline\",\"props\":{\"content\":\"Suministro de plantas para contratistas y verde p\\u00fablico\",\"text_align\":\"center\",\"title_color\":\"primary\",\"title_element\":\"h1\",\"title_style\":\"heading-medium\"}},{\"type\":\"text\",\"props\":{\"column_breakpoint\":\"m\",\"content\":\"\n\n<p>Desde hace muchos a\\u00f1os nos ocupamos del s<strong>uministro de plantas para el verde p\\u00fablico<\\\/strong>.<\\\/p>\\n\n\n<p>Colaboramos con contratistas de toda Europa y del mundo y ponemos nuestras plantas al servicio de proyectos que contribuyan a que las ciudades sean cada vez m\\u00e1s verdes.<\\\/p>\\n\n\n<p>Dialogamos cada d\\u00eda con contratistas expertos, con gran conocimiento de las plantas como nosotros y juntos afrontamos los desaf\\u00edos que de vez en cuando es normal encontrar en la realizaci\\u00f3n de obras ambiciosas.<\\\/p>\",\"margin\":\"default\",\"text_align\":\"center\"}}]}]}]},{\"name\":\"About\",\"type\":\"section\",\"props\":{\"image_position\":\"center-center\",\"padding_remove_top\":false,\"style\":\"default\",\"title_breakpoint\":\"xl\",\"title_position\":\"center-right\",\"title_rotation\":\"left\",\"vertical_align\":\"middle\",\"width\":\"xlarge\"},\"children\":[{\"type\":\"row\",\"props\":{\"column_gap\":\"large\",\"layout\":\"1-2,1-2\",\"row_gap\":\"large\",\"vertical_align\":false},\"children\":[{\"type\":\"column\",\"props\":{\"image_position\":\"center-center\",\"position_sticky_breakpoint\":\"m\",\"width_medium\":\"1-2\",\"width_small\":\"1-2\"},\"children\":[{\"type\":\"divider\",\"props\":{\"divider_align\":\"left\",\"divider_align_breakpoint\":\"s\",\"divider_align_fallback\":\"center\",\"divider_element\":\"div\",\"divider_style\":\"small\"}},{\"type\":\"text\",\"props\":{\"column_breakpoint\":\"m\",\"content\":\"\n\n<p>El\\u00a0<strong>cat\\u00e1logo de plantas Innocenti y Mangoni incluye todo lo mejor del vivero ornamental<\\\/strong>, desde plantas peque\\u00f1as hasta\\u00a0<strong>grandes arboledas<\\\/strong>. Un amplio surtido de especies y variedades para satisfacer cualquier petici\\u00f3n y dar vida a lugares p\\u00fablicos, pero tambi\\u00e9n privados, donde la naturaleza y el verde sean los verdaderos protagonistas.<\\\/p>\",\"margin\":\"large\",\"margin_remove_top\":true,\"maxwidth\":\"xlarge\",\"maxwidth_breakpoint\":\"m\",\"text_align\":\"left\",\"text_align_breakpoint\":\"s\",\"text_align_fallback\":\"center\"}},{\"type\":\"image\",\"props\":{\"image\":\"wp-content\\\/uploads\\\/2023\\\/07\\\/etichette-piante.jpg\",\"image_alt\":\"etichetta su pianta\",\"image_svg_color\":\"emphasis\",\"image_width\":\"650\",\"margin\":\"default\"}}]},{\"type\":\"column\",\"props\":{\"image_position\":\"center-center\",\"order_first\":\"s\",\"position_sticky_breakpoint\":\"m\",\"width_medium\":\"1-2\",\"width_small\":\"1-2\"},\"children\":[{\"type\":\"image\",\"props\":{\"image\":\"wp-content\\\/uploads\\\/2016\\\/11\\\/iem-vivaio-66.jpg\",\"image_alt\":\"shipping plants all over the world\",\"image_svg_color\":\"emphasis\",\"image_width\":\"650\",\"margin\":\"large\"}},{\"type\":\"text\",\"props\":{\"column\":\"1-2\",\"column_breakpoint\":\"m\",\"content\":\"\n\n<ul>\\n\n\n<li>\\n\n\n<h5><strong>\\u00c1RBOLES<\\\/strong><\\\/h5>\\n<\\\/li>\\n\n\n<li>\\n\n\n<h5><strong>ARBUSTOS<\\\/strong><\\\/h5>\\n<\\\/li>\\n\n\n<li>\\n\n\n<h5><strong>CON\\u00cdFERAS<\\\/strong><\\\/h5>\\n<\\\/li>\\n\n\n<li>\\n\n\n<h5><strong>PERENNES<\\\/strong><\\\/h5>\\n<\\\/li>\\n\n\n<li>\\n\n\n<h5><strong>HELECHOS<\\\/strong><\\\/h5>\\n<\\\/li>\\n\n\n<li>\\n\n\n<h5><strong>\\u00c1RBOLES FRUTALES<\\\/strong><\\\/h5>\\n<\\\/li>\\n\n\n<li>\\n\n\n<h5><strong>GRAM\\u00cdNEAS<\\\/strong><\\\/h5>\\n<\\\/li>\\n\n\n<li>\\n\n\n<h5><strong>ENREDADERAS<\\\/strong><\\\/h5>\\n<\\\/li>\\n\n\n<li>\\n\n\n<h5><strong>ARTE TOPIARIA<\\\/strong><\\\/h5>\\n<\\\/li>\\n\n\n<li>\\n\n\n<h5><strong>C\\u00cdTRICOS<strong><\\\/strong><\\\/strong><\\\/h5>\\n<\\\/li>\\n<\\\/ul>\",\"margin\":\"default\"}}]}]}]},{\"type\":\"section\",\"props\":{\"image_position\":\"center-center\",\"overlap\":false,\"padding\":\"none\",\"style\":\"default\",\"title_breakpoint\":\"xl\",\"title_position\":\"top-left\",\"title_rotation\":\"left\",\"vertical_align\":\"middle\",\"width\":\"\"},\"children\":[{\"type\":\"row\",\"children\":[{\"type\":\"column\",\"props\":{\"image_position\":\"center-center\",\"position_sticky_breakpoint\":\"m\",\"width_medium\":\"1-1\"}}]}]}],\"version\":\"4.2.11\",\"yooessentialsVersion\":\"2.1.5\"} --><\/p>\n","protected":false},"excerpt":{"rendered":"\n<div>\n<p class=\"p1\">CONTRATISTAS Y VERDE P\u00daBLICO<\/p>\n<\/div>\n<h1>\n<p class=\"p1\">SUMINISTRO DE PLANTAS PARA CONTRATISTAS Y VERDE P\u00daBLICO<\/p>\n<\/h1>\n<div>\n<p class=\"p1\">Desde hace muchos a\u00f1os nos ocupamos del s<strong>uministro de plantas para el verde p\u00fablico<\/strong>.<\/p>\n<p class=\"p1\">Colaboramos con contratistas de toda Europa y del mundo y ponemos nuestras plantas al servicio de proyectos que contribuyan a que las ciudades sean cada vez m\u00e1s verdes.<\/p>\n<p class=\"p1\">Dialogamos cada d\u00eda con contratistas expertos, con gran conocimiento de las plantas como nosotros y juntos afrontamos los desaf\u00edos que de vez en cuando es normal encontrar en la realizaci\u00f3n de obras ambiciosas.<\/p>\n<p class=\"p2\">\n<p class=\"p1\">\n<\/div>\n<div>\n<p class=\"p1\">El <strong>cat\u00e1logo de plantas Innocenti y Mangoni incluye todo lo mejor del vivero ornamental<\/strong>, desde plantas peque\u00f1as hasta <strong>grandes arboledas<\/strong>. Un amplio surtido de especies y variedades para satisfacer cualquier petici\u00f3n y dar vida a lugares p\u00fablicos, pero tambi\u00e9n privados, donde la naturaleza y el verde sean los verdaderos protagonistas.<\/p>\n<p class=\"p2\">\n<\/div>\n<p><img decoding=\"async\" src=\"http:\/\/innocentiemangonipiante.it\/wp-content\/uploads\/2020\/04\/iem-vivaio-58.jpg\" alt=\"\"><br \/>\n<img decoding=\"async\" src=\"http:\/\/innocentiemangonipiante.it\/wp-content\/uploads\/2017\/05\/iem-vivaio-66.jpg\" alt=\"\"><\/p>\n<div>\n<ul>\n<li>\n<h5><strong>\u00c1RBOLES<\/strong><\/h5>\n<\/li>\n<li>\n<h5><strong>ARBUSTOS<\/strong><\/h5>\n<\/li>\n<li>\n<h5><strong>CON\u00cdFERAS<\/strong><\/h5>\n<\/li>\n<li>\n<h5><strong>PERENNES<\/strong><\/h5>\n<\/li>\n<li>\n<h5><strong>HELECHOS<\/strong><\/h5>\n<\/li>\n<li>\n<h5><strong>\u00c1RBOLES FRUTALES<\/strong><\/h5>\n<\/li>\n<li>\n<h5><strong>GRAM\u00cdNEAS<\/strong><\/h5>\n<\/li>\n<li>\n<h5><strong>ENREDADERAS<\/strong><\/h5>\n<\/li>\n<li>\n<h5><strong>ARTE TOPIARIA<\/strong><\/h5>\n<\/li>\n<li>\n<h5><strong>C\u00cdTRICOS<strong><\/strong><\/strong><\/h5>\n<\/li>\n<\/ul>\n<\/div>\n<p><img decoding=\"async\" src=\"http:\/\/innocentiemangonipiante.it\/wp-content\/uploads\/2014\/11\/elemento-1.png\" alt=\"\"><\/p>\n","protected":false},"author":2,"featured_media":17565,"parent":0,"menu_order":8,"comment_status":"open","ping_status":"closed","template":"","meta":{"_acf_changed":false,"footnotes":""},"class_list":["post-9078","page","type-page","status-publish","has-post-thumbnail","hentry"],"acf":[],"_links":{"self":[{"href":"https:\/\/innocentiemangonipiante.it\/es\/wp-json\/wp\/v2\/pages\/9078","targetHints":{"allow":["GET"]}}],"collection":[{"href":"https:\/\/innocentiemangonipiante.it\/es\/wp-json\/wp\/v2\/pages"}],"about":[{"href":"https:\/\/innocentiemangonipiante.it\/es\/wp-json\/wp\/v2\/types\/page"}],"author":[{"embeddable":true,"href":"https:\/\/innocentiemangonipiante.it\/es\/wp-json\/wp\/v2\/users\/2"}],"replies":[{"embeddable":true,"href":"https:\/\/innocentiemangonipiante.it\/es\/wp-json\/wp\/v2\/comments?post=9078"}],"version-history":[{"count":0,"href":"https:\/\/innocentiemangonipiante.it\/es\/wp-json\/wp\/v2\/pages\/9078\/revisions"}],"wp:featuredmedia":[{"embeddable":true,"href":"https:\/\/innocentiemangonipiante.it\/es\/wp-json\/wp\/v2\/media\/17565"}],"wp:attachment":[{"href":"https:\/\/innocentiemangonipiante.it\/es\/wp-json\/wp\/v2\/media?parent=9078"}],"curies":[{"name":"wp","href":"https:\/\/api.w.org\/{rel}","templated":true}]}}