{"id":9081,"date":"2016-11-24T10:50:00","date_gmt":"2016-11-24T09:50:00","guid":{"rendered":"http:\/\/innocentiemangonipiante.it\/2021\/01\/05\/centro-de-jardineria-y-gdo\/"},"modified":"2024-01-16T17:39:21","modified_gmt":"2024-01-16T16:39:21","slug":"centro-de-jardineria-y-gdo","status":"publish","type":"page","link":"https:\/\/innocentiemangonipiante.it\/es\/centro-de-jardineria-y-gdo\/","title":{"rendered":"Centro de Jardiner\u00eca y GDO"},"content":{"rendered":"<h1>Centro de jardiner\u00eda y GDO<\/h1>\n<div>\n<p>Cultivamos plantas para <strong>Garden Center y GDO<\/strong>. Para cada uno la soluci\u00f3n correcta.<\/p>\n<p>Una amplia gama de persistentes en contenedores de 10, 18 y 30 litros. Rico surtido de plantas formadas originales: desde medio tallo, mini tallos, jardinero y espaldera, hasta cl\u00e1sicos bons\u00e1is. <strong>Gran disponibilidad de arbustos, incluyendo numerosas variedades de aceros japoneses y bamb\u00fas.<\/strong><\/p>\n<p><strong>Amplia selecci\u00f3n de con\u00edferas enanas y de r\u00e1pido crecimiento<\/strong>. \u00c1rboles frutales en variedades seleccionadas. Plantas trepadoras de hoja perenne o caracterizadas por floraciones emocionantes.<\/p>\n<p><strong>Herb\u00e1ceas perennes, gram\u00edneas y rosas de los m\u00e1s diversos colores y porte<\/strong>. Plantas mediterr\u00e1neas y palmas de las m\u00e1s cl\u00e1sicas a las m\u00e1s ex\u00f3ticas.<\/p>\n<\/div>\n<ul>\n<li>\n<\/li>\n<li>\n<\/li>\n<\/ul>\n<h3>M\u00c1S DE 1200 PLANTAS DISPONIBLES<\/h3>\n<div>\n<p>En nuestros viveros damos la bienvenida a los clientes para que puedan ver de cerca, conocer nuestras plantas y seleccionar con nuestra ayuda las m\u00e1s adecuadas para su negocio.<\/p>\n<\/div>\n<div>\n<\/div>\n<p>\n    <a href=\"\/es\/todas-las-plantas\/\">Descubre todas las plantas que cultivamos<\/a>\n<\/p>\n<ul>\n<li>\n<p>        <img decoding=\"async\" src=\"\/wp-content\/uploads\/2023\/07\/1IN0016-scaled.jpg\" alt=\"\" title=\"\"><\/p>\n<h3>_1IN0016<\/h3>\n<\/li>\n<li>\n<p>        <img decoding=\"async\" src=\"\/wp-content\/uploads\/2023\/07\/1IN0029-scaled.jpg\" alt=\"\" title=\"\"><\/p>\n<h3>_1IN0029<\/h3>\n<\/li>\n<li>\n<p>        <img decoding=\"async\" src=\"\/wp-content\/uploads\/2023\/07\/1IN8884-scaled.jpg\" alt=\"\" title=\"\"><\/p>\n<h3>_1IN8884<\/h3>\n<\/li>\n<li>\n<p>        <img decoding=\"async\" src=\"\/wp-content\/uploads\/2023\/07\/1IN8907-scaled.jpg\" alt=\"\" title=\"\"><\/p>\n<h3>_1IN8907<\/h3>\n<\/li>\n<li>\n<p>        <img decoding=\"async\" src=\"\/wp-content\/uploads\/2023\/07\/NIC6714-scaled.jpg\" alt=\"\" title=\"\"><\/p>\n<h3>_NIC6714<\/h3>\n<\/li>\n<li>\n<p>        <img decoding=\"async\" src=\"\/wp-content\/uploads\/2023\/07\/DJI_0098-scaled.jpg\" alt=\"\" title=\"\"><\/p>\n<h3>DCIM100MEDIADJI_0098.JPG<\/h3>\n<\/li>\n<\/ul>\n<p><!--more--><br \/>\n<!-- {\"name\":\"IT- GARDEN CENTER\",\"type\":\"layout\",\"children\":[{\"name\":\"Hero\",\"type\":\"section\",\"props\":{\"header_transparent\":\"dark\",\"header_transparent_noplaceholder\":true,\"height\":\"percent\",\"image\":\"wp-content\\\/uploads\\\/2023\\\/07\\\/garden-center-e-gdo.jpg\",\"image_position\":\"center-center\",\"image_size\":\"cover\",\"image_width\":\"2560\",\"overlap\":false,\"padding\":\"xlarge\",\"style\":\"secondary\",\"title_breakpoint\":\"xl\",\"title_position\":\"top-left\",\"title_rotation\":\"left\",\"vertical_align\":\"middle\",\"video_height\":\"1200\",\"width\":\"\"},\"children\":[{\"type\":\"row\",\"children\":[{\"type\":\"column\",\"props\":{\"image_position\":\"center-center\",\"position_sticky_breakpoint\":\"m\",\"width_medium\":\"1-1\"}}]}]},{\"name\":\"About\",\"type\":\"section\",\"props\":{\"animation\":\"fade\",\"image_position\":\"center-center\",\"overlap\":true,\"padding\":\"xlarge\",\"style\":\"default\",\"title_breakpoint\":\"xl\",\"title_position\":\"top-left\",\"title_rotation\":\"left\",\"vertical_align\":\"middle\",\"width\":\"large\"},\"children\":[{\"type\":\"row\",\"props\":{\"column_gap\":\"large\",\"layout\":\"1-2,1-2\",\"row_gap\":\"large\"},\"children\":[{\"type\":\"column\",\"props\":{\"image_position\":\"center-center\",\"position_sticky_breakpoint\":\"m\",\"width_medium\":\"1-2\"},\"children\":[{\"type\":\"headline\",\"props\":{\"content\":\"Centro de jardiner\\u00eda y GDO\",\"margin\":\"remove-vertical\",\"title_color\":\"primary\",\"title_element\":\"h1\",\"title_style\":\"heading-small\"}},{\"type\":\"text\",\"props\":{\"column_breakpoint\":\"m\",\"content\":\"\n\n<p>Cultivamos plantas para <strong>Garden Center y GDO<\\\/strong>. Para cada uno la soluci\\u00f3n correcta.<\\\/p>\\n\n\n<p>Una amplia gama de persistentes en contenedores de 10, 18 y 30 litros. Rico surtido de plantas formadas originales: desde medio tallo, mini tallos, jardinero y espaldera, hasta cl\\u00e1sicos bons\\u00e1is. <strong>Gran disponibilidad de arbustos, incluyendo numerosas variedades de aceros japoneses y bamb\\u00fas.<\\\/strong><\\\/p>\\n\n\n<p><strong>Amplia selecci\\u00f3n de con\\u00edferas enanas y de r\\u00e1pido crecimiento<\\\/strong>. \\u00c1rboles frutales en variedades seleccionadas. Plantas trepadoras de hoja perenne o caracterizadas por floraciones emocionantes.<\\\/p>\\n\n\n<p><strong>Herb\\u00e1ceas perennes, gram\\u00edneas y rosas de los m\\u00e1s diversos colores y porte<\\\/strong>. Plantas mediterr\\u00e1neas y palmas de las m\\u00e1s cl\\u00e1sicas a las m\\u00e1s ex\\u00f3ticas.<\\\/p>\",\"margin\":\"default\"}}]},{\"type\":\"column\",\"props\":{\"image_position\":\"center-center\",\"position_sticky_breakpoint\":\"m\",\"width_medium\":\"1-2\"},\"children\":[{\"type\":\"grid\",\"props\":{\"class\":\"uk-hidden-touch\",\"content_column_breakpoint\":\"m\",\"css\":\".el-element .el-item > :nth-child(2) { z-index: 1; }\",\"filter\":false,\"filter_align\":\"left\",\"filter_all\":true,\"filter_grid_breakpoint\":\"m\",\"filter_grid_width\":\"auto\",\"filter_position\":\"top\",\"filter_style\":\"tab\",\"grid_column_gap\":\"small\",\"grid_default\":\"2\",\"grid_medium\":\"2\",\"grid_row_gap\":\"small\",\"icon_width\":80,\"image_align\":\"top\",\"image_grid_breakpoint\":\"m\",\"image_grid_width\":\"1-2\",\"image_height\":\"1000\",\"image_svg_color\":\"emphasis\",\"image_width\":\"610\",\"item_animation\":true,\"lightbox\":false,\"link_style\":\"default\",\"link_text\":\"\",\"margin\":\"default\",\"meta_align\":\"below-title\",\"meta_element\":\"div\",\"meta_style\":\"text-meta\",\"show_content\":true,\"show_image\":true,\"show_link\":true,\"show_meta\":false,\"show_title\":true,\"text_align\":\"left\",\"title_align\":\"top\",\"title_element\":\"h3\",\"title_grid_breakpoint\":\"m\",\"title_grid_width\":\"1-2\",\"title_hover_style\":\"reset\",\"title_link\":true,\"title_margin\":\"small\",\"title_style\":\"text-small\"},\"children\":[{\"type\":\"grid_item\",\"source\":{\"query\":{\"name\":\"products.customProduct\",\"arguments\":{\"terms\":[],\"product_cat_operator\":\"IN\",\"product_tag_operator\":\"IN\",\"product_visibility_operator\":\"IN\",\"users\":[],\"users_operator\":\"IN\",\"offset\":0,\"order\":\"date\",\"order_direction\":\"DESC\",\"id\":188}},\"props\":{\"title\":{\"filters\":{\"search\":\"\"},\"name\":\"title\"},\"image\":{\"filters\":{\"search\":\"\"},\"name\":\"featuredImage.url\"},\"image_alt\":{\"filters\":{\"search\":\"\"},\"name\":\"featuredImage.alt\"},\"link\":{\"filters\":{\"search\":\"\"},\"name\":\"link\"},\"link_aria_label\":{\"filters\":{\"search\":\"\"},\"name\":\"title\"}}}},{\"type\":\"grid_item\",\"source\":{\"query\":{\"name\":\"products.customProduct\",\"arguments\":{\"terms\":[],\"product_cat_operator\":\"IN\",\"product_tag_operator\":\"IN\",\"product_visibility_operator\":\"IN\",\"users\":[],\"users_operator\":\"IN\",\"offset\":0,\"order\":\"date\",\"order_direction\":\"DESC\",\"id\":958}},\"props\":{\"title\":{\"filters\":{\"search\":\"\"},\"name\":\"title\"},\"image\":{\"filters\":{\"search\":\"\"},\"name\":\"featuredImage.url\"},\"image_alt\":{\"filters\":{\"search\":\"\"},\"name\":\"featuredImage.alt\"},\"link\":{\"filters\":{\"search\":\"\"},\"name\":\"link\"},\"link_aria_label\":{\"filters\":{\"search\":\"\"},\"name\":\"title\"}}}}]}]}]}]},{\"name\":\"Menu\",\"type\":\"section\",\"props\":{\"animation\":\"fade\",\"image\":\"wp-content\\\/uploads\\\/2021\\\/01\\\/garden-center4.jpg\",\"image_position\":\"center-center\",\"image_size\":\"cover\",\"image_width\":\"2560\",\"media_overlay\":\"rgba(34, 32, 30, 0.7)\",\"overlap\":true,\"padding\":\"large\",\"preserve_color\":false,\"style\":\"secondary\",\"title_breakpoint\":\"xl\",\"title_position\":\"top-left\",\"title_rotation\":\"left\",\"vertical_align\":\"middle\",\"width\":\"large\"},\"children\":[{\"type\":\"row\",\"children\":[{\"type\":\"column\",\"props\":{\"image_position\":\"center-center\",\"position_sticky_breakpoint\":\"m\",\"width_medium\":\"1-1\"},\"children\":[{\"type\":\"headline\",\"props\":{\"content\":\"M\\u00c1S DE 1200 PLANTAS DISPONIBLES\",\"margin\":\"remove-vertical\",\"text_align\":\"center\",\"text_align_breakpoint\":\"s\",\"title_element\":\"h3\",\"title_style\":\"heading-small\"}},{\"type\":\"text\",\"props\":{\"block_align\":\"center\",\"column_breakpoint\":\"m\",\"content\":\"\n\n<p>En nuestros viveros damos la bienvenida a los clientes para que puedan ver de cerca, conocer nuestras plantas y seleccionar con nuestra ayuda las m\\u00e1s adecuadas para su negocio.<\\\/p>\",\"margin\":\"default\",\"text_align\":\"center\",\"text_style\":\"large\"}},{\"type\":\"grid\",\"props\":{\"content_column_breakpoint\":\"m\",\"content_style\":\"text-lead\",\"filter_align\":\"left\",\"filter_all\":true,\"filter_grid_breakpoint\":\"m\",\"filter_grid_width\":\"auto\",\"filter_position\":\"top\",\"filter_style\":\"tab\",\"grid_default\":\"1\",\"grid_medium\":\"\",\"grid_small\":\"3\",\"icon_width\":80,\"image_align\":\"top\",\"image_grid_breakpoint\":\"m\",\"image_grid_width\":\"1-2\",\"image_height\":\"400\",\"image_link\":true,\"image_svg_color\":\"emphasis\",\"image_width\":\"400\",\"item_animation\":true,\"link_style\":\"default\",\"link_text\":\"\",\"margin\":\"large\",\"meta_align\":\"below-title\",\"meta_element\":\"div\",\"meta_style\":\"text-meta\",\"parallax_easing\":\"1\",\"show_content\":true,\"show_image\":true,\"show_link\":true,\"show_meta\":true,\"show_title\":true,\"text_align\":\"center\",\"title_align\":\"top\",\"title_element\":\"h3\",\"title_grid_breakpoint\":\"m\",\"title_grid_width\":\"1-2\",\"title_hover_style\":\"reset\",\"yooessentials_access_conditions\":[],\"yooessentials_access_mode\":\"AND\"},\"children\":[{\"type\":\"grid_item\",\"source\":{\"props\":{\"title\":{\"filters\":{\"search\":\"\"},\"name\":\"title\"},\"image\":{\"filters\":{\"search\":\"\"},\"name\":\"featuredImage.url\"},\"image_alt\":{\"filters\":{\"search\":\"\"},\"name\":\"featuredImage.alt\"},\"link\":{\"filters\":{\"search\":\"\"},\"name\":\"link\"},\"_condition\":{\"filters\":{\"condition\":\"!!\"},\"name\":\"featuredImage.url\"}},\"query\":{\"name\":\"products.customProducts\",\"arguments\":{\"terms\":[],\"product_cat_operator\":\"IN\",\"product_tag_operator\":\"IN\",\"product_visibility_operator\":\"IN\",\"users\":[],\"users_operator\":\"IN\",\"offset\":0,\"limit\":3,\"order\":\"rand\",\"order_direction\":\"DESC\"}}},\"props\":{\"yooessentials_access_conditions\":[],\"yooessentials_access_mode\":\"AND\"}}]},{\"type\":\"button\",\"props\":{\"button_size\":\"large\",\"grid_column_gap\":\"small\",\"grid_row_gap\":\"small\",\"margin\":\"\",\"text_align\":\"center\"},\"children\":[{\"type\":\"button_item\",\"props\":{\"button_style\":\"default\",\"content\":\"Descubre todas las plantas que cultivamos\",\"icon_align\":\"left\",\"link\":\"es\\\/todas-las-plantas\\\/\"}}]}]}]}]},{\"type\":\"section\",\"props\":{\"animation\":\"fade\",\"animation_delay\":\"100\",\"image_position\":\"center-center\",\"padding_remove_bottom\":true,\"style\":\"primary\",\"title_breakpoint\":\"xl\",\"title_position\":\"top-left\",\"title_rotation\":\"left\",\"vertical_align\":\"middle\",\"width\":\"\"},\"children\":[{\"type\":\"row\",\"children\":[{\"type\":\"column\",\"props\":{\"image_position\":\"center-center\",\"position_sticky_breakpoint\":\"m\"},\"children\":[{\"type\":\"headline\",\"props\":{\"text_align\":\"center\",\"title_decoration\":\"line\",\"title_element\":\"h2\",\"title_style\":\"h2\"},\"source\":{\"query\":{\"name\":\"pages.singlePage\"},\"props\":{\"content\":{\"filters\":{\"search\":\"\"},\"name\":\"title\"}}}},{\"type\":\"gallery\",\"props\":{\"filter_align\":\"left\",\"filter_all\":true,\"filter_grid_breakpoint\":\"m\",\"filter_grid_width\":\"auto\",\"filter_position\":\"top\",\"filter_style\":\"tab\",\"grid_column_gap\":\"collapse\",\"grid_default\":\"2\",\"grid_medium\":\"3\",\"grid_row_gap\":\"collapse\",\"image_height\":\"600\",\"image_width\":\"900\",\"item_animation\":true,\"link_style\":\"default\",\"link_text\":\"Read more\",\"margin\":\"default\",\"meta_align\":\"below-title\",\"meta_element\":\"div\",\"meta_style\":\"text-meta\",\"overlay_hover\":false,\"overlay_mode\":\"cover\",\"overlay_position\":\"center\",\"overlay_style\":\"\",\"overlay_transition\":\"fade\",\"show_content\":false,\"show_hover_image\":true,\"show_link\":true,\"show_meta\":false,\"show_title\":false,\"text_align\":\"center\",\"text_color\":\"light\",\"title_element\":\"h3\",\"title_hover_style\":\"reset\"},\"children\":[{\"type\":\"gallery_item\",\"props\":{\"image\":\"wp-content\\\/uploads\\\/2023\\\/07\\\/1IN0016-scaled.jpg\",\"title\":\"_1IN0016\"}},{\"type\":\"gallery_item\",\"props\":{\"image\":\"wp-content\\\/uploads\\\/2023\\\/07\\\/1IN0029-scaled.jpg\",\"title\":\"_1IN0029\"}},{\"type\":\"gallery_item\",\"props\":{\"image\":\"wp-content\\\/uploads\\\/2023\\\/07\\\/1IN8884-scaled.jpg\",\"title\":\"_1IN8884\"}},{\"type\":\"gallery_item\",\"props\":{\"image\":\"wp-content\\\/uploads\\\/2023\\\/07\\\/1IN8907-scaled.jpg\",\"title\":\"_1IN8907\"}},{\"type\":\"gallery_item\",\"props\":{\"image\":\"wp-content\\\/uploads\\\/2023\\\/07\\\/NIC6714-scaled.jpg\",\"title\":\"_NIC6714\"}},{\"type\":\"gallery_item\",\"props\":{\"image\":\"wp-content\\\/uploads\\\/2023\\\/07\\\/DJI_0098-scaled.jpg\",\"title\":\"DCIM100MEDIADJI_0098.JPG\"}}]}]}]}]}],\"version\":\"4.2.11\",\"yooessentialsVersion\":\"2.1.5\"} --><\/p>\n","protected":false},"excerpt":{"rendered":"\n<div>\n<p class=\"p1\">CENTRO DE JARDINER\u00cdA Y GDO<\/p>\n<\/div>\n<h1>\n<p class=\"p1\">CENTRO DE JARDINER\u00cdA Y GDO<\/p>\n<\/h1>\n<div>\n<p class=\"p1\">Cultivamos plantas para <strong>Garden Center y GDO<\/strong>. Para cada uno la soluci\u00f3n correcta.<\/p>\n<p class=\"p1\">Una amplia gama de persistentes en contenedores de 10, 18 y 30 litros. Rico surtido de plantas formadas originales: desde medio tallo, mini tallos, jardinero y espaldera, hasta cl\u00e1sicos bons\u00e1is. <strong>Gran disponibilidad de arbustos, incluyendo numerosas variedades de aceros japoneses y bamb\u00fas.<\/strong><\/p>\n<\/div>\n<div>\n<p class=\"p1\"><strong>Amplia selecci\u00f3n de con\u00edferas enanas y de r\u00e1pido crecimiento<\/strong>. \u00c1rboles frutales en variedades seleccionadas. Plantas trepadoras de hoja perenne o caracterizadas por floraciones emocionantes.<\/p>\n<p class=\"p1\"><strong>Herb\u00e1ceas perennes, gram\u00edneas y rosas de los m\u00e1s diversos colores y porte<\/strong>. Plantas mediterr\u00e1neas y palmas de las m\u00e1s cl\u00e1sicas a las m\u00e1s ex\u00f3ticas.<\/p>\n<\/div>\n<p><img decoding=\"async\" src=\"http:\/\/innocentiemangonipiante.it\/wp-content\/uploads\/2021\/01\/garden-center2.jpg\" alt=\"production and sale of plants in large-scale distribution and garden centers\"><br \/>\n<img decoding=\"async\" src=\"http:\/\/innocentiemangonipiante.it\/wp-content\/uploads\/2021\/01\/garden-center4.jpg\" alt=\"plants for garden centre\"><\/p>\n<div>\n<p class=\"p1\">\n<p class=\"p1\">En nuestros viveros damos la bienvenida a los clientes para que puedan ver de cerca, conocer nuestras plantas y seleccionar con nuestra ayuda las m\u00e1s adecuadas para su negocio.<\/p>\n<h5>\u00a0<\/h5>\n<\/div>\n<p><img decoding=\"async\" src=\"http:\/\/innocentiemangonipiante.it\/wp-content\/uploads\/2014\/11\/elemento-1.png\" alt=\"\"><\/p>\n","protected":false},"author":2,"featured_media":17528,"parent":0,"menu_order":7,"comment_status":"open","ping_status":"closed","template":"","meta":{"_acf_changed":false,"footnotes":""},"class_list":["post-9081","page","type-page","status-publish","has-post-thumbnail","hentry"],"acf":[],"_links":{"self":[{"href":"https:\/\/innocentiemangonipiante.it\/es\/wp-json\/wp\/v2\/pages\/9081","targetHints":{"allow":["GET"]}}],"collection":[{"href":"https:\/\/innocentiemangonipiante.it\/es\/wp-json\/wp\/v2\/pages"}],"about":[{"href":"https:\/\/innocentiemangonipiante.it\/es\/wp-json\/wp\/v2\/types\/page"}],"author":[{"embeddable":true,"href":"https:\/\/innocentiemangonipiante.it\/es\/wp-json\/wp\/v2\/users\/2"}],"replies":[{"embeddable":true,"href":"https:\/\/innocentiemangonipiante.it\/es\/wp-json\/wp\/v2\/comments?post=9081"}],"version-history":[{"count":0,"href":"https:\/\/innocentiemangonipiante.it\/es\/wp-json\/wp\/v2\/pages\/9081\/revisions"}],"wp:featuredmedia":[{"embeddable":true,"href":"https:\/\/innocentiemangonipiante.it\/es\/wp-json\/wp\/v2\/media\/17528"}],"wp:attachment":[{"href":"https:\/\/innocentiemangonipiante.it\/es\/wp-json\/wp\/v2\/media?parent=9081"}],"curies":[{"name":"wp","href":"https:\/\/api.w.org\/{rel}","templated":true}]}}