{"id":9084,"date":"2016-11-24T10:56:00","date_gmt":"2016-11-24T09:56:00","guid":{"rendered":"http:\/\/innocentiemangonipiante.it\/2016\/11\/24\/servicios-y-logistica-de-plantas\/"},"modified":"2024-01-16T12:15:25","modified_gmt":"2024-01-16T11:15:25","slug":"servicios-personalizados-para-el-cliente","status":"publish","type":"page","link":"https:\/\/innocentiemangonipiante.it\/es\/servicios-personalizados-para-el-cliente\/","title":{"rendered":"Servicios"},"content":{"rendered":"<h1>Servicios personalizados<\/h1>\n<div>\n<p><strong>Cada planta que sale de nuestros viveros<\/strong> se somete a una cuidadosa fase de elecci\u00f3n por nuestro personal de calidad, para luego pasar a la fase de embalaje para evitar el deterioro de los art\u00edculos durante la carga y el transporte.<\/p>\n<p><strong>A petici\u00f3n espec\u00edfica del cliente, realizamos embalajes y env\u00edos en palets o carros CC<\/strong>, si el tipo de plantas requerido lo permite. Nuestro personal altamente especializado realiza la fase de carga teniendo cuidado de preservar la integridad de cada planta.<\/p>\n<p>Trav\u00e9s de estos cuidadosos y probados procedimientos garantizamos que la <strong>calidad de las plantas<\/strong> permanezca inalterada durante todo el transporte.<\/p>\n<p>Tambi\u00e9n podemos ofrecer a cada uno de nuestros clientes un servicio gratuito de etiquetado que incluye c\u00f3digo de barras, caracter\u00edsticas completas de cada art\u00edculo y su precio de venta.<\/p>\n<p>Adem\u00e1s, <strong>hemos creado una l\u00ednea de etiquetas fotogr\u00e1ficas, donde cada variedad se presenta a trav\u00e9s de una hermosa imagen<\/strong> y una serie de caracter\u00edsticas e informaci\u00f3n \u00fatiles para el usuario final.<\/p>\n<\/div>\n<ul>\n<li>\n<p>        <img decoding=\"async\" src=\"\/wp-content\/uploads\/2023\/08\/foglia-1-scura.svg\" alt=\"\" title=\"\"><\/p>\n<div>OFERTAS PERSONALIZADAS<\/div>\n<\/li>\n<li>\n<p>        <img decoding=\"async\" src=\"\/wp-content\/uploads\/2023\/08\/foglia-2-chiara.svg\" alt=\"Elemento foglia 2 chiara\" title=\"\"><\/p>\n<div>BOX PALLETS<\/div>\n<\/li>\n<li>\n<p>        <img decoding=\"async\" src=\"\/wp-content\/uploads\/2023\/08\/foglia-1-scura.svg\" alt=\"\" title=\"\"><\/p>\n<div>BOGIES CC<\/div>\n<\/li>\n<li>\n<p>        <img decoding=\"async\" src=\"\/wp-content\/uploads\/2023\/08\/foglia-2-chiara.svg\" alt=\"\" title=\"\"><\/p>\n<div>ETIQUETAS CON PRECIO DE VENTA<\/div>\n<\/li>\n<li>\n<p>        <img decoding=\"async\" src=\"\/wp-content\/uploads\/2023\/08\/foglia-1-scura.svg\" alt=\"\" title=\"\"><\/p>\n<div>ETIQUETAS FOTOGR\u00c1FICAS<\/div>\n<\/li>\n<li>\n<p>        <img decoding=\"async\" src=\"\/wp-content\/uploads\/2023\/08\/foglia-2-chiara.svg\" alt=\"\" title=\"\"><\/p>\n<div>OFERTAS PERSONALIZADAS<\/div>\n<\/li>\n<\/ul>\n<p><img decoding=\"async\" src=\"\/wp-content\/uploads\/2023\/07\/iem-vivaio-67.jpg\" alt=\"logistica piante nel mondo\" title=\"\"><\/p>\n<h3>Log\u00edstica<\/h3>\n<div>Disponemos de una log\u00edstica de alto rendimiento que nos permite, gracias a la experiencia y profesionalidad adquirida a lo largo de los a\u00f1os, garantizar env\u00edos r\u00e1pidos y capilares a todos los destinos.<\/div>\n<p>\n    <a href=\"\/es\/logistica-de-plantas\/\">Nuestra log\u00edstica<\/a>\n<\/p>\n<h3>Webshop<\/h3>\n<div>Entra en el vivero virtual de plantas Innocenti &#038; Mangoni. Un servicio dedicado a los profesionales del campo: centros de jardiner\u00eda, viveristas, arquitectos de paisajes. Los clientes registrados podr\u00e1n:<\/div>\n<ul>\n<li>\n<p>        <img decoding=\"async\" src=\"\/wp-content\/uploads\/2023\/08\/foglia-2-chiara.svg\" alt=\"Elemento foglia 2 chiara\" title=\"\"><\/p>\n<div>\n<p>Consultar nuestra gama de variedades<\/p>\n<\/div>\n<\/li>\n<li>\n<p>        <img decoding=\"async\" src=\"\/wp-content\/uploads\/2023\/08\/foglia-2-scura.svg\" alt=\"Elemento foglia 2 chiara\" title=\"\"><\/p>\n<div>\n<p>Mostrar fotos de productos<\/p>\n<\/div>\n<\/li>\n<li>\n<p>        <img decoding=\"async\" src=\"\/wp-content\/uploads\/2023\/08\/foglia-2-chiara.svg\" alt=\"Elemento foglia 2 chiara\" title=\"\"><\/p>\n<div>\n<p>Generar \u00f3rdenes<\/p>\n<\/div>\n<\/li>\n<li>\n<p>        <img decoding=\"async\" src=\"\/wp-content\/uploads\/2023\/08\/foglia-2-scura.svg\" alt=\"\" title=\"\"><\/p>\n<div>\n<p>D\u00e9jese inspirar por las ofertas del momento<\/p>\n<\/div>\n<\/li>\n<\/ul>\n<div>Disponible en versi\u00f3n Desktop para un uso ideal desde tu oficina o en versi\u00f3n Mobile descargando la app en las tiendas (App Store y Google Play).<\/div>\n<p>\n    <a href=\"\/es\/negocio-plantas-online\/\">Nuestra negocio de plantas en l\u00ednea<\/a>\n<\/p>\n<p><img decoding=\"async\" src=\"\/wp-content\/uploads\/2023\/07\/accesso-webshop-corretto.png\" alt=\"accesso allo webshop innocenti e mangoni da desktop\" title=\"\"><br \/>\n<img decoding=\"async\" src=\"\/wp-content\/uploads\/2024\/01\/sales-department-DJI_0142.jpg\" alt=\"Sales department\" title=\"\"><\/p>\n<h3>Sales department<\/h3>\n<p><!--more--><br \/>\n<!-- {\"type\":\"layout\",\"children\":[{\"name\":\"Hero\",\"type\":\"section\",\"props\":{\"header_transparent\":\"dark\",\"header_transparent_noplaceholder\":true,\"height\":\"percent\",\"image\":\"wp-content\\\/uploads\\\/2023\\\/07\\\/DJI_0495.jpg\",\"image_position\":\"center-center\",\"image_size\":\"cover\",\"image_width\":\"2560\",\"overlap\":false,\"padding\":\"xlarge\",\"style\":\"secondary\",\"title_breakpoint\":\"xl\",\"title_position\":\"top-left\",\"title_rotation\":\"left\",\"vertical_align\":\"middle\",\"video_height\":\"1200\",\"width\":\"\"},\"children\":[{\"type\":\"row\",\"children\":[{\"type\":\"column\",\"props\":{\"image_position\":\"center-center\",\"position_sticky_breakpoint\":\"m\",\"width_medium\":\"1-1\"}}]}]},{\"type\":\"section\",\"props\":{\"image_position\":\"center-center\",\"padding\":\"large\",\"style\":\"default\",\"title_breakpoint\":\"xl\",\"title_position\":\"top-left\",\"title_rotation\":\"left\",\"vertical_align\":\"middle\",\"width\":\"large\"},\"children\":[{\"type\":\"row\",\"children\":[{\"type\":\"column\",\"props\":{\"image_position\":\"center-center\",\"position_sticky_breakpoint\":\"m\",\"width_medium\":\"1-1\"},\"children\":[{\"type\":\"headline\",\"props\":{\"content\":\"Servicios personalizados\",\"title_color\":\"primary\",\"title_element\":\"h1\",\"title_style\":\"heading-medium\"}},{\"type\":\"text\",\"props\":{\"column_breakpoint\":\"m\",\"content\":\"\n\n<p><strong>Cada planta que sale de nuestros viveros<\\\/strong> se somete a una cuidadosa fase de elecci\\u00f3n por nuestro personal de calidad, para luego pasar a la fase de embalaje para evitar el deterioro de los art\\u00edculos durante la carga y el transporte.<\\\/p>\\n\n\n<p><strong>A petici\\u00f3n espec\\u00edfica del cliente, realizamos embalajes y env\\u00edos en palets o carros CC<\\\/strong>, si el tipo de plantas requerido lo permite. Nuestro personal altamente especializado realiza la fase de carga teniendo cuidado de preservar la integridad de cada planta.<\\\/p>\\n\n\n<p>Trav\\u00e9s de estos cuidadosos y probados procedimientos garantizamos que la <strong>calidad de las plantas<\\\/strong> permanezca inalterada durante todo el transporte.<\\\/p>\\n\n\n<p>Tambi\\u00e9n podemos ofrecer a cada uno de nuestros clientes un servicio gratuito de etiquetado que incluye c\\u00f3digo de barras, caracter\\u00edsticas completas de cada art\\u00edculo y su precio de venta.<\\\/p>\\n\n\n<p>Adem\\u00e1s, <strong>hemos creado una l\\u00ednea de etiquetas fotogr\\u00e1ficas, donde cada variedad se presenta a trav\\u00e9s de una hermosa imagen<\\\/strong> y una serie de caracter\\u00edsticas e informaci\\u00f3n \\u00fatiles para el usuario final.<\\\/p>\",\"margin\":\"default\"}},{\"type\":\"list\",\"props\":{\"block_align\":\"center\",\"column\":\"1-3\",\"column_breakpoint\":\"s\",\"icon_color\":\"primary\",\"image_align\":\"left\",\"image_svg_color\":\"emphasis\",\"image_vertical_align\":true,\"list_element\":\"ul\",\"list_horizontal_separator\":\", \",\"list_size\":\"large\",\"list_type\":\"vertical\",\"margin\":\"large\",\"margin_remove_bottom\":true,\"show_image\":true,\"show_link\":true},\"children\":[{\"type\":\"list_item\",\"props\":{\"content\":\"OFERTAS PERSONALIZADAS\",\"icon\":\"\",\"image\":\"wp-content\\\/uploads\\\/2023\\\/08\\\/foglia-1-scura.svg\"}},{\"type\":\"list_item\",\"props\":{\"content\":\"BOX PALLETS\",\"icon\":\"\",\"image\":\"wp-content\\\/uploads\\\/2023\\\/08\\\/foglia-2-chiara.svg\",\"image_alt\":\"Elemento foglia 2 chiara\"}},{\"type\":\"list_item\",\"props\":{\"content\":\"BOGIES CC\",\"icon\":\"\",\"image\":\"wp-content\\\/uploads\\\/2023\\\/08\\\/foglia-1-scura.svg\"}},{\"type\":\"list_item\",\"props\":{\"content\":\"ETIQUETAS CON PRECIO DE VENTA\",\"icon\":\"\",\"image\":\"wp-content\\\/uploads\\\/2023\\\/08\\\/foglia-2-chiara.svg\"}},{\"type\":\"list_item\",\"props\":{\"content\":\"ETIQUETAS FOTOGR\\u00c1FICAS\",\"icon\":\"\",\"image\":\"wp-content\\\/uploads\\\/2023\\\/08\\\/foglia-1-scura.svg\"}},{\"type\":\"list_item\",\"props\":{\"content\":\"OFERTAS PERSONALIZADAS\",\"icon\":\"\",\"image\":\"wp-content\\\/uploads\\\/2023\\\/08\\\/foglia-2-chiara.svg\"}}]}]}]}]},{\"type\":\"section\",\"props\":{\"image_position\":\"center-center\",\"padding\":\"none\",\"padding_remove_bottom\":false,\"padding_remove_top\":false,\"style\":\"muted\",\"title_breakpoint\":\"xl\",\"title_position\":\"top-left\",\"title_rotation\":\"left\",\"vertical_align\":\"middle\",\"width\":\"large\",\"width_expand\":\"left\"},\"children\":[{\"type\":\"row\",\"props\":{\"column_gap\":\"large\",\"layout\":\"2-3,1-3\",\"row_gap\":\"large\"},\"children\":[{\"type\":\"column\",\"props\":{\"image_position\":\"center-center\",\"position_sticky_breakpoint\":\"m\",\"vertical_align\":\"middle\",\"width_large\":\"2-3\"},\"children\":[{\"type\":\"image\",\"props\":{\"animation\":\"none\",\"container_padding_remove\":true,\"image\":\"wp-content\\\/uploads\\\/2023\\\/07\\\/iem-vivaio-67.jpg\",\"image_alt\":\"logistica piante nel mondo\",\"image_loading\":true,\"image_svg_color\":\"emphasis\",\"image_width\":\"1300\",\"margin\":\"\",\"parallax_easing\":\"0.3\",\"parallax_end\":\"20vh + 20%\",\"parallax_x\":\"-50,0\"}}]},{\"type\":\"column\",\"props\":{\"image_position\":\"center-center\",\"position_sticky_breakpoint\":\"m\",\"vertical_align\":\"middle\",\"width_large\":\"1-3\"},\"children\":[{\"type\":\"divider\",\"props\":{\"animation\":\"none\",\"divider_align\":\"left\",\"divider_align_breakpoint\":\"l\",\"divider_align_fallback\":\"center\",\"divider_element\":\"div\",\"divider_style\":\"small\",\"parallax_x\":\"150,0\"}},{\"type\":\"headline\",\"props\":{\"animation\":\"none\",\"content\":\"Log\\u00edstica\",\"margin_remove_top\":true,\"parallax_end\":\"60vh + 60%\",\"parallax_y\":\"0,-50\",\"text_align\":\"left\",\"text_align_breakpoint\":\"l\",\"text_align_fallback\":\"center\",\"title_element\":\"h3\",\"title_style\":\"h1\"}},{\"type\":\"text\",\"props\":{\"animation\":\"none\",\"block_align_breakpoint\":\"l\",\"block_align_fallback\":\"center\",\"column_breakpoint\":\"m\",\"content\":\"Disponemos de una log\\u00edstica de alto rendimiento que nos permite, gracias a la experiencia y profesionalidad adquirida a lo largo de los a\\u00f1os, garantizar env\\u00edos r\\u00e1pidos y capilares a todos los destinos.\",\"margin\":\"medium\",\"margin_remove_top\":false,\"maxwidth\":\"xlarge\",\"maxwidth_breakpoint\":\"m\",\"parallax_easing\":\"0.3\",\"parallax_x\":\"150,0\",\"text_align\":\"left\",\"text_align_breakpoint\":\"l\",\"text_align_fallback\":\"center\"}},{\"type\":\"button\",\"props\":{\"animation\":\"none\",\"grid_column_gap\":\"small\",\"grid_row_gap\":\"small\",\"margin\":\"\",\"parallax_easing\":\"0.3\",\"parallax_x\":\"150,0\",\"text_align\":\"left\",\"text_align_breakpoint\":\"l\",\"text_align_fallback\":\"center\"},\"children\":[{\"type\":\"button_item\",\"props\":{\"button_style\":\"text\",\"content\":\"Nuestra log\\u00edstica\",\"icon_align\":\"left\",\"link\":\"es\\\/logistica-de-plantas\\\/\"}}]}]}]}],\"name\":\"Portfolio 01\"},{\"type\":\"section\",\"props\":{\"image_position\":\"center-center\",\"padding\":\"large\",\"padding_remove_bottom\":false,\"padding_remove_top\":false,\"style\":\"default\",\"title_breakpoint\":\"xl\",\"title_position\":\"top-left\",\"title_rotation\":\"left\",\"vertical_align\":\"middle\",\"width\":\"large\",\"width_expand\":\"right\"},\"children\":[{\"type\":\"row\",\"props\":{\"column_gap\":\"large\",\"layout\":\"1-3,2-3\",\"row_gap\":\"large\"},\"children\":[{\"type\":\"column\",\"props\":{\"image_position\":\"center-center\",\"order_first\":\"l\",\"position_sticky_breakpoint\":\"m\",\"vertical_align\":\"middle\",\"width_large\":\"1-3\"},\"children\":[{\"type\":\"divider\",\"props\":{\"animation\":\"none\",\"divider_align\":\"left\",\"divider_align_breakpoint\":\"l\",\"divider_align_fallback\":\"center\",\"divider_element\":\"div\",\"divider_style\":\"small\",\"parallax_x\":\"150,0\"}},{\"type\":\"headline\",\"props\":{\"animation\":\"parallax\",\"content\":\"Webshop\",\"margin_remove_top\":true,\"parallax_breakpoint\":\"m\",\"parallax_easing\":\"1\",\"parallax_end\":\"60vh + 60%\",\"parallax_opacity\":\"0.3,1\",\"parallax_y\":\"30,0\",\"text_align\":\"left\",\"text_align_breakpoint\":\"l\",\"text_align_fallback\":\"center\",\"title_element\":\"h3\",\"title_style\":\"h1\"}},{\"type\":\"text\",\"props\":{\"animation\":\"none\",\"block_align_breakpoint\":\"l\",\"block_align_fallback\":\"center\",\"column_breakpoint\":\"m\",\"content\":\"Entra en el vivero virtual de plantas Innocenti & Mangoni. Un servicio dedicado a los profesionales del campo: centros de jardiner\\u00eda, viveristas, arquitectos de paisajes. Los clientes registrados podr\\u00e1n:\",\"margin\":\"medium\",\"margin_remove_top\":false,\"maxwidth\":\"xlarge\",\"maxwidth_breakpoint\":\"m\",\"parallax_breakpoint\":\"m\",\"parallax_easing\":\"0.3\",\"parallax_end\":\"50vh + 50%\",\"parallax_opacity\":\"0.7,1\",\"parallax_x\":\"-150,0\",\"text_align\":\"left\",\"text_align_breakpoint\":\"l\",\"text_align_fallback\":\"center\"}},{\"type\":\"list\",\"props\":{\"block_align\":\"center\",\"column_breakpoint\":\"s\",\"icon_color\":\"primary\",\"image_align\":\"left\",\"image_svg_color\":\"emphasis\",\"image_vertical_align\":false,\"list_element\":\"ul\",\"list_horizontal_separator\":\", \",\"list_type\":\"vertical\",\"margin\":\"medium\",\"margin_remove_bottom\":false,\"maxwidth\":\"2xlarge\",\"show_image\":true,\"show_link\":true},\"children\":[{\"type\":\"list_item\",\"props\":{\"content\":\"\n\n<p>Consultar nuestra gama de variedades<\\\/p>\",\"icon\":\"\",\"image\":\"wp-content\\\/uploads\\\/2023\\\/08\\\/foglia-2-chiara.svg\",\"image_alt\":\"Elemento foglia 2 chiara\"}},{\"type\":\"list_item\",\"props\":{\"content\":\"\n\n<p>Mostrar fotos de productos<\\\/p>\",\"icon\":\"\",\"image\":\"wp-content\\\/uploads\\\/2023\\\/08\\\/foglia-2-scura.svg\",\"image_alt\":\"Elemento foglia 2 chiara\"}},{\"type\":\"list_item\",\"props\":{\"content\":\"\n\n<p>Generar \\u00f3rdenes<\\\/p>\",\"icon\":\"\",\"image\":\"wp-content\\\/uploads\\\/2023\\\/08\\\/foglia-2-chiara.svg\",\"image_alt\":\"Elemento foglia 2 chiara\"}},{\"type\":\"list_item\",\"props\":{\"content\":\"\n\n<p>D\\u00e9jese inspirar por las ofertas del momento<\\\/p>\",\"icon\":\"\",\"image\":\"wp-content\\\/uploads\\\/2023\\\/08\\\/foglia-2-scura.svg\"}}]},{\"type\":\"text\",\"props\":{\"animation\":\"none\",\"block_align_breakpoint\":\"l\",\"block_align_fallback\":\"center\",\"column_breakpoint\":\"m\",\"content\":\"Disponible en versi\\u00f3n Desktop para un uso ideal desde tu oficina o en versi\\u00f3n Mobile descargando la app en las tiendas (App Store y Google Play).\",\"margin\":\"medium\",\"margin_remove_top\":false,\"maxwidth\":\"xlarge\",\"maxwidth_breakpoint\":\"m\",\"parallax_breakpoint\":\"m\",\"parallax_easing\":\"0.3\",\"parallax_end\":\"50vh + 50%\",\"parallax_opacity\":\"0.7,1\",\"parallax_x\":\"-150,0\",\"text_align\":\"left\",\"text_align_breakpoint\":\"l\",\"text_align_fallback\":\"center\"}},{\"type\":\"button\",\"props\":{\"animation\":\"none\",\"grid_column_gap\":\"small\",\"grid_row_gap\":\"small\",\"margin\":\"\",\"parallax_breakpoint\":\"m\",\"parallax_easing\":\"0.3\",\"parallax_end\":\"50vh + 50%\",\"parallax_opacity\":\"0.7,1\",\"parallax_x\":\"-150,0\",\"text_align\":\"left\",\"text_align_breakpoint\":\"l\",\"text_align_fallback\":\"center\"},\"children\":[{\"type\":\"button_item\",\"props\":{\"button_style\":\"text\",\"content\":\"Nuestra negocio de plantas en l\\u00ednea\",\"icon_align\":\"left\",\"link\":\"es\\\/negocio-plantas-online\\\/\"}}]}]},{\"type\":\"column\",\"props\":{\"image_position\":\"center-center\",\"order_first\":\"xs\",\"position_sticky_breakpoint\":\"m\",\"vertical_align\":\"middle\",\"width_large\":\"2-3\"},\"children\":[{\"type\":\"image\",\"props\":{\"animation\":\"none\",\"container_padding_remove\":true,\"image\":\"wp-content\\\/uploads\\\/2023\\\/07\\\/accesso-webshop-corretto.png\",\"image_alt\":\"accesso allo webshop innocenti e mangoni da desktop\",\"image_svg_color\":\"emphasis\",\"image_width\":\"700\",\"margin\":\"\",\"parallax_easing\":\"0.3\",\"parallax_end\":\"20vh + 20%\",\"parallax_x\":\"-50,0\",\"text_align\":\"center\"}}]}]}],\"name\":\"servizi webshop - 2024\"},{\"type\":\"section\",\"props\":{\"image_position\":\"center-center\",\"padding\":\"large\",\"padding_remove_bottom\":true,\"padding_remove_top\":true,\"style\":\"muted\",\"title_breakpoint\":\"xl\",\"title_position\":\"top-left\",\"title_rotation\":\"left\",\"vertical_align\":\"middle\",\"width\":\"large\",\"width_expand\":\"left\"},\"children\":[{\"type\":\"row\",\"props\":{\"column_gap\":\"large\",\"layout\":\"2-3,1-3\",\"row_gap\":\"large\"},\"children\":[{\"type\":\"column\",\"props\":{\"image_position\":\"center-center\",\"position_sticky_breakpoint\":\"m\",\"vertical_align\":\"middle\",\"width_large\":\"2-3\"},\"children\":[{\"type\":\"image\",\"props\":{\"animation\":\"none\",\"container_padding_remove\":true,\"image\":\"wp-content\\\/uploads\\\/2024\\\/01\\\/sales-department-DJI_0142.jpg\",\"image_alt\":\"Sales department\",\"image_svg_color\":\"emphasis\",\"image_width\":\"1300\",\"margin\":\"\",\"parallax_easing\":\"0.3\",\"parallax_end\":\"20vh + 20%\",\"parallax_x\":\"-50,0\",\"text_align\":\"center\"}}]},{\"type\":\"column\",\"props\":{\"image_position\":\"center-center\",\"position_sticky_breakpoint\":\"m\",\"vertical_align\":\"middle\",\"width_large\":\"1-3\"},\"children\":[{\"type\":\"divider\",\"props\":{\"animation\":\"none\",\"divider_align\":\"left\",\"divider_align_breakpoint\":\"l\",\"divider_align_fallback\":\"center\",\"divider_element\":\"div\",\"divider_style\":\"small\",\"parallax_x\":\"150,0\"}},{\"type\":\"headline\",\"props\":{\"animation\":\"parallax\",\"content\":\"Sales department\",\"margin_remove_top\":true,\"parallax_breakpoint\":\"m\",\"parallax_easing\":\"1\",\"parallax_end\":\"60vh + 60%\",\"parallax_opacity\":\"0.3,1\",\"parallax_y\":\"30,0\",\"text_align\":\"left\",\"text_align_breakpoint\":\"l\",\"text_align_fallback\":\"center\",\"title_element\":\"h3\",\"title_style\":\"h1\"}}]}]}],\"name\":\"servizi sales department - 2024\"},{\"type\":\"section\",\"props\":{\"image_position\":\"center-center\",\"style\":\"default\",\"title_breakpoint\":\"xl\",\"title_position\":\"top-left\",\"title_rotation\":\"left\",\"vertical_align\":\"middle\",\"width\":\"default\"},\"children\":[{\"type\":\"row\",\"children\":[{\"type\":\"column\",\"props\":{\"image_position\":\"center-center\",\"position_sticky_breakpoint\":\"m\"}}]}]}],\"version\":\"4.2.11\",\"yooessentialsVersion\":\"2.1.5\"} --><\/p>\n","protected":false},"excerpt":{"rendered":"<div>SERVICIOS PERSONALIZADOS<\/div>\n<h1>SERVICIOS PERSONALIZADOS<\/h1>\n<div>\n<p><strong>Cada planta que sale de nuestros viveros<\/strong> se somete a una cuidadosa fase de elecci\u00f3n por nuestro personal de calidad, para luego pasar a la fase de embalaje para evitar el deterioro de los art\u00edculos durante la carga y el transporte.<\/p>\n<p><strong>A petici\u00f3n espec\u00edfica del cliente, realizamos embalajes y env\u00edos en palets o carros CC<\/strong>, si el tipo de plantas requerido lo permite. Nuestro personal altamente especializado realiza la fase de carga teniendo cuidado de preservar la integridad de cada planta.<\/p>\n<\/div>\n<div>\n<p>trav\u00e9s de estos cuidadosos y probados procedimientos garantizamos que la <strong>calidad de las plantas<\/strong> permanezca inalterada durante todo el transporte.<\/p>\n<p>Tambi\u00e9n podemos ofrecer a cada uno de nuestros clientes un servicio gratuito de etiquetado que incluye c\u00f3digo de barras, caracter\u00edsticas completas de cada art\u00edculo y su precio de venta.<\/p>\n<p>Adem\u00e1s, <strong>hemos creado una l\u00ednea de etiquetas fotogr\u00e1ficas, donde cada variedad se presenta a trav\u00e9s de una hermosa imagen<\/strong> y una serie de caracter\u00edsticas e informaci\u00f3n \u00fatiles para el usuario final.<\/p>\n<\/div>\n<p><img decoding=\"async\" src=\"http:\/\/innocentiemangonipiante.it\/wp-content\/uploads\/2016\/11\/iem-vivaio-58.jpg\" alt=\"CUSTOMER SERVICES plants\"><br \/>\n<img decoding=\"async\" src=\"http:\/\/innocentiemangonipiante.it\/wp-content\/uploads\/2016\/11\/iem-vivaio-66.jpg\" alt=\"shipping plants all over the world\"><\/p>\n<div>\n<ul>\n<li>\n<h5><span>ETIQUETAS PERSONALIZADAS<\/span><\/h5>\n<\/li>\n<li>\n<h5><strong>BOX PALLETS<\/strong><\/h5>\n<\/li>\n<li>\n<h5><span>BOGIES CC<\/span><\/h5>\n<\/li>\n<li>\n<h5><span>ETIQUETAS CON PRECIO DE VENTA<\/span><\/h5>\n<\/li>\n<li>\n<h5><span>ETIQUETAS FOTOGR\u00c1FICAS<\/span><\/h5>\n<\/li>\n<li>\n<h5><span>OFERTAS PERSONALIZADAS<\/span><\/h5>\n<\/li>\n<\/ul>\n<\/div>\n<p><img decoding=\"async\" src=\"http:\/\/innocentiemangonipiante.it\/wp-content\/uploads\/2014\/11\/elemento-1.png\" alt=\"\"><\/p>\n<h2>LOG\u00cdSTICA<\/h2>\n<h2>PLANTAS DIRECCI\u00d3N MUNDO<\/h2>\n<div>\n<p><strong>We offer an efficient logistic service<\/strong> and thanks to our experience and professionalism gained over the years we guarantee quick and <strong>capillary shipment in every part of the world<\/strong>.<\/p>\n<p><strong>Today we ship to over 50 countries<\/strong> in the world from Northern Europe to North Africa as far as the Far East.<\/p>\n<\/div>\n<p>\n    <a href=\"index.php?option=com_content&#038;view=article&#038;id=751&#038;catid=133&#038;lang=es-ES\">CONT\u00c1CTENOS<\/a>\n<\/p>\n<p><img decoding=\"async\" src=\"http:\/\/innocentiemangonipiante.it\/wp-content\/uploads\/2016\/11\/iem-vivaio-68.jpg\" alt=\"services and logistic\"><br \/>\n<img decoding=\"async\" src=\"http:\/\/innocentiemangonipiante.it\/wp-content\/uploads\/2016\/11\/iem-vivaio-37.jpg\" alt=\"PLANTS AIMED WORLDWIDE\"><br \/>\n<img decoding=\"async\" src=\"http:\/\/innocentiemangonipiante.it\/wp-content\/uploads\/2014\/11\/elemento-1.png\" alt=\"\"><\/p>\n","protected":false},"author":2,"featured_media":11651,"parent":0,"menu_order":2,"comment_status":"open","ping_status":"open","template":"","meta":{"_acf_changed":false,"footnotes":""},"class_list":["post-9084","page","type-page","status-publish","has-post-thumbnail","hentry"],"acf":[],"_links":{"self":[{"href":"https:\/\/innocentiemangonipiante.it\/es\/wp-json\/wp\/v2\/pages\/9084","targetHints":{"allow":["GET"]}}],"collection":[{"href":"https:\/\/innocentiemangonipiante.it\/es\/wp-json\/wp\/v2\/pages"}],"about":[{"href":"https:\/\/innocentiemangonipiante.it\/es\/wp-json\/wp\/v2\/types\/page"}],"author":[{"embeddable":true,"href":"https:\/\/innocentiemangonipiante.it\/es\/wp-json\/wp\/v2\/users\/2"}],"replies":[{"embeddable":true,"href":"https:\/\/innocentiemangonipiante.it\/es\/wp-json\/wp\/v2\/comments?post=9084"}],"version-history":[{"count":0,"href":"https:\/\/innocentiemangonipiante.it\/es\/wp-json\/wp\/v2\/pages\/9084\/revisions"}],"wp:featuredmedia":[{"embeddable":true,"href":"https:\/\/innocentiemangonipiante.it\/es\/wp-json\/wp\/v2\/media\/11651"}],"wp:attachment":[{"href":"https:\/\/innocentiemangonipiante.it\/es\/wp-json\/wp\/v2\/media?parent=9084"}],"curies":[{"name":"wp","href":"https:\/\/api.w.org\/{rel}","templated":true}]}}