{"id":9087,"date":"2022-07-26T18:45:46","date_gmt":"2022-07-26T16:45:46","guid":{"rendered":"http:\/\/innocentiemangonipiante.it\/2017\/03\/31\/produccion-ecologica\/"},"modified":"2025-10-06T12:33:42","modified_gmt":"2025-10-06T10:33:42","slug":"produccion-ecologica-sostenible-de-plantas","status":"publish","type":"page","link":"https:\/\/innocentiemangonipiante.it\/es\/produccion-ecologica-sostenible-de-plantas\/","title":{"rendered":"Programamos el futuro"},"content":{"rendered":"<h1>Programamos el futuro<\/h1>\n<div>\n<p>En los \u00faltimos a\u00f1os, con la r\u00e1pida aceleraci\u00f3n del <strong>cambio clim\u00e1tico, todos estamos llamados a planificar el futur<\/strong>o de las pr\u00f3ximas generaciones. Especialmente una empresa de viveros como la nuestra debe estar a la vanguardia de esta programaci\u00f3n, porque las plantas son fundamentales para la vida. Por eso, sentamos las bases todos los d\u00edas para mejorar, a\u00f1adir y reforzar la idea del vivero responsable y sostenible.<\/p>\n<p><strong>Programaci\u00f3n significa tambi\u00e9n atenci\u00f3n a las innovaciones<\/strong>. Es por eso que en nuestros viveros estamos incorporando la tecnolog\u00eda que permite ahorrar recursos, monitorear continuamente los procesos de producci\u00f3n y, en consecuencia, reducir los residuos.<\/p>\n<p>Nuestros ciclos de <strong>producci\u00f3n ecosostenibles son reconocidos por la certificaci\u00f3n medioambiental MPS (clase A) y GLOBAL GAP,<\/strong> reconocidas internacionalmente y que certifican la sostenibilidad de las plantas producidas por nuestra empresa.<\/p>\n<\/div>\n<ul>\n<li>\n<p>        <img decoding=\"async\" src=\"\/wp-content\/uploads\/2025\/10\/mps.png\" alt=\"certificazione mps Innocenti &#038; Mangoni Piante\" title=\"\"><\/p>\n<h3>Certificati\u00f3n Ambiental MPS<\/h3>\n<p> (class A)<\/p>\n<div>\n<p><span>La\u00a0<\/span><strong>certificaci\u00f3n medioambiental MPS garantiza la calidad y la sostenibilidad<\/strong><span>\u00a0del sector del vivero. Al\u00a0<\/span><strong>registrar nuestro consumo<\/strong><span>, podemos monitorear el nivel de producci\u00f3n sostenible y realizar los cambios necesarios para trabajar\u00a0<\/span><strong>reduciendo el impacto ambiental<\/strong><span>. Este tipo de certificaci\u00f3n garantiza no solo la sostenibilidad ambiental sino tambi\u00e9n el respeto del cliente y las condiciones de trabajo \u00e9ticas.<\/span><\/p>\n<\/div>\n<p><a href=\"\/wp-content\/uploads\/2025\/10\/MPS-fino-al-2.11.25.pdf\">Descargar certificaci\u00f3n<\/a><\/p>\n<\/li>\n<li>\n<p>        <img decoding=\"async\" src=\"\/wp-content\/uploads\/2025\/10\/globalgap.png\" alt=\"certificazione global gap Innocenti &#038; Mangoni Piante\" title=\"\"><\/p>\n<h3>Global Gap Certificaci\u00f3n<\/h3>\n<div>\n<p><span>Global Gap establece est\u00e1ndares voluntarios para la certificaci\u00f3n de productos agr\u00edcolas y vegetales en todo el mundo con el objetivo de uniformar las\u00a0<\/span><strong>buenas pr\u00e1cticas agr\u00edcolas (G.A.P.).<\/strong><\/p>\n<p><span>Es la certificaci\u00f3n que garantiza a nuestros clientes la calidad, la seguridad y la trazabilidad documentada de nuestra producci\u00f3n de viveros.<\/span><\/p>\n<\/div>\n<p><a href=\"\/wp-content\/uploads\/2025\/10\/LoC-GRASP-INNOCENTI-E-MANGONI-PIANTE.pdf\">Descargar certificaci\u00f3n<\/a><\/p>\n<\/li>\n<\/ul>\n<h2>CALIDAD EN UN VIVERO SOSTENIBLE<\/h2>\n<hr>\n<ul>\n<li>\n<p>        <img decoding=\"async\" src=\"\/wp-content\/uploads\/2023\/07\/recupero-delle-acque-h2o-closed-cycle.png\" alt=\"Recuperaci\u00f3n de las aguas\" title=\"\"><\/p>\n<h3>Recuperaci\u00f3n de las aguas<\/h3>\n<div>\n<p>Estamos muy atentos a la <strong>gesti\u00f3n del agua<\/strong> mediante el uso de sistemas de riego localizados en la totalidad de nuestros viveros.<\/p>\n<p>En cada unidad productiva est\u00e1 activo un <strong>sistema de recuperaci\u00f3n de las aguas<\/strong> no absorbidas por nuestras plantas.<\/p>\n<\/div>\n<\/li>\n<li>\n<p>        <img decoding=\"async\" src=\"\/wp-content\/uploads\/2023\/07\/impianti-fotovoltaici-energie-rinnovabili.png\" alt=\"Energie rinnovabili\" title=\"\"><\/p>\n<h3>Energ\u00edas renovables<\/h3>\n<div>\n<p>Hasta la fecha hemos instalado, en los techos de nuestras naves, plantas fotovoltaicas por un total de <strong>250 KW<\/strong>, para las necesidades de nuestras producciones, con la perspectiva de alcanzar los <strong>500 KW<\/strong> en los pr\u00f3ximos meses.<\/p>\n<\/div>\n<\/li>\n<li>\n<p>        <img decoding=\"async\" src=\"\/wp-content\/uploads\/2023\/07\/pacciamanti-naturali-mulching.png\" alt=\"Mantillo natural\" title=\"\"><\/p>\n<h3>Mantillo natural<\/h3>\n<div>\n<p>Uso de <strong>mantillo natural<\/strong>, producido a partir de desechos de madera para combatir de manera sostenible el desarrollo de \u00abmalerbas\u00bb en nuestros cultivos en contenedores.<\/p>\n<\/div>\n<\/li>\n<li>\n<p>        <img decoding=\"async\" src=\"\/wp-content\/uploads\/2023\/07\/vasi-riciclabili-senza-carbonfossile.png\" alt=\"Macetas 100% reciclables y sostenibles\" title=\"\"><\/p>\n<h3>100% reciclables y sostenibles<\/h3>\n<div>\n<p><strong>Macetas 100% reciclables y sostenibles<\/strong>, es decir, sin mol\u00e9culas derivadas del carb\u00f3n f\u00f3sil, se utilizan desde hace algunos a\u00f1os para la producci\u00f3n de plantas j\u00f3venes y para toda la gama destinada a los centros de jardiner\u00eda.<\/p>\n<\/div>\n<\/li>\n<\/ul>\n<h3>MEJORAMOS LA SANIDAD FITOSANITARIA RESPETANDO EL MEDIO AMBIENTE<\/h3>\n<h3>Cultivamos las plantas m\u00e1s y m\u00e1s responsablemente.<\/h3>\n<div>\n<p>Hemos reducido dr\u00e1sticamente el uso de pesticidas utilizando t\u00e9cnicas alternativas naturales como el mantillo org\u00e1nico y el uso de microorganismos naturales.<\/p>\n<p>Gracias al cultivo de plantas con flores y plantas ornamentales contribuimos a mantener h\u00e1bitats y fuentes alimentarias para los insectos polinizadores, tan importantes para la supervivencia de las plantas y, en consecuencia, de toda la especie humana.<\/p>\n<\/div>\n<ul>\n<li>\n<p>        <img decoding=\"async\" src=\"\/wp-content\/uploads\/2023\/07\/1IN8109-scaled.jpg\" alt=\"serra giovani piante\" title=\"\"><\/p>\n<h3>Vivaio 1<\/h3>\n<\/li>\n<li>\n<p>        <img decoding=\"async\" src=\"\/wp-content\/uploads\/2023\/07\/1IN8059-scaled.jpg\" alt=\"\" title=\"\"><\/p>\n<\/li>\n<\/ul>\n<ul>\n<li>\n<p>        <img decoding=\"async\" src=\"\/wp-content\/uploads\/2023\/07\/1IN8057-scaled.jpg\" alt=\"\" title=\"\"><\/p>\n<h3>_1IN8057<\/h3>\n<\/li>\n<li>\n<p>        <img decoding=\"async\" src=\"\/wp-content\/uploads\/2023\/07\/DSC07862-scaled.jpg\" alt=\"\" title=\"\"><\/p>\n<h3>DSC07862<\/h3>\n<\/li>\n<li>\n<p>        <img decoding=\"async\" src=\"\/wp-content\/uploads\/2023\/07\/1IN8384-scaled.jpg\" alt=\"\" title=\"\"><\/p>\n<h3>_1IN8384<\/h3>\n<\/li>\n<\/ul>\n<p><!--more--><br \/>\n<!-- {\"name\":\"IT- SOSTENIBILITA\",\"type\":\"layout\",\"children\":[{\"name\":\"Sostenibilit\\u00e0 Testata - 2024\",\"type\":\"section\",\"props\":{\"header_transparent\":\"dark\",\"header_transparent_noplaceholder\":true,\"height\":\"percent\",\"image\":\"wp-content\\\/uploads\\\/2023\\\/07\\\/iem-vivaio-94.jpg\",\"image_focal_point\":\"center-right\",\"image_position\":\"center-right\",\"image_size\":\"cover\",\"image_width\":\"2560\",\"overlap\":false,\"padding\":\"xlarge\",\"style\":\"secondary\",\"title_breakpoint\":\"xl\",\"title_position\":\"top-left\",\"title_rotation\":\"left\",\"vertical_align\":\"middle\",\"video_height\":\"1200\",\"width\":\"\"},\"children\":[{\"type\":\"row\",\"children\":[{\"type\":\"column\",\"props\":{\"image_position\":\"center-center\",\"position_sticky_breakpoint\":\"m\",\"width_medium\":\"1-1\"}}]}]},{\"type\":\"section\",\"props\":{\"image_position\":\"center-center\",\"padding\":\"large\",\"style\":\"default\",\"title_breakpoint\":\"xl\",\"title_position\":\"top-left\",\"title_rotation\":\"left\",\"vertical_align\":\"middle\",\"width\":\"large\"},\"children\":[{\"type\":\"row\",\"children\":[{\"type\":\"column\",\"props\":{\"image_position\":\"center-center\",\"position_sticky_breakpoint\":\"m\",\"width_medium\":\"1-1\"},\"children\":[{\"type\":\"headline\",\"props\":{\"animation\":\"none\",\"content\":\"Programamos el futuro\",\"margin\":\"small\",\"parallax_breakpoint\":\"m\",\"parallax_easing\":\"0.8\",\"parallax_end\":\"5vh + 5%\",\"parallax_opacity\":\"1,0\",\"parallax_y\":\"0,40\",\"title_color\":\"primary\",\"title_element\":\"h1\",\"title_style\":\"heading-medium\"}},{\"type\":\"text\",\"props\":{\"column_breakpoint\":\"m\",\"content\":\"\n\n<p>En los \\u00faltimos a\\u00f1os, con la r\\u00e1pida aceleraci\\u00f3n del <strong>cambio clim\\u00e1tico, todos estamos llamados a planificar el futur<\\\/strong>o de las pr\\u00f3ximas generaciones. Especialmente una empresa de viveros como la nuestra debe estar a la vanguardia de esta programaci\\u00f3n, porque las plantas son fundamentales para la vida. Por eso, sentamos las bases todos los d\\u00edas para mejorar, a\\u00f1adir y reforzar la idea del vivero responsable y sostenible.<\\\/p>\\n\n\n<p><strong>Programaci\\u00f3n significa tambi\\u00e9n atenci\\u00f3n a las innovaciones<\\\/strong>. Es por eso que en nuestros viveros estamos incorporando la tecnolog\\u00eda que permite ahorrar recursos, monitorear continuamente los procesos de producci\\u00f3n y, en consecuencia, reducir los residuos.<\\\/p>\\n\n\n<p>Nuestros ciclos de <strong>producci\\u00f3n ecosostenibles son reconocidos por la certificaci\\u00f3n medioambiental MPS (clase A) y GLOBAL GAP,<\\\/strong> reconocidas internacionalmente y que certifican la sostenibilidad de las plantas producidas por nuestra empresa.<\\\/p>\",\"margin\":\"default\"}},{\"type\":\"grid\",\"props\":{\"content_column_breakpoint\":\"m\",\"filter_align\":\"left\",\"filter_all\":true,\"filter_grid_breakpoint\":\"m\",\"filter_grid_width\":\"auto\",\"filter_position\":\"top\",\"filter_style\":\"tab\",\"grid_default\":\"1\",\"grid_medium\":\"\",\"grid_small\":\"2\",\"icon_width\":80,\"image_align\":\"left\",\"image_grid_breakpoint\":\"m\",\"image_grid_column_gap\":\"small\",\"image_grid_row_gap\":\"medium\",\"image_grid_width\":\"1-3\",\"image_height\":\"200\",\"image_svg_color\":\"emphasis\",\"item_animation\":true,\"link_style\":\"default\",\"link_target\":true,\"link_text\":\"Descargar certificaci\\u00f3n\",\"margin\":\"default\",\"meta_align\":\"below-title\",\"meta_element\":\"div\",\"meta_margin\":\"remove\",\"meta_style\":\"h5\",\"panel_padding\":\"default\",\"panel_style\":\"card-default\",\"show_content\":true,\"show_image\":true,\"show_link\":true,\"show_meta\":true,\"show_title\":true,\"title_align\":\"top\",\"title_color\":\"primary\",\"title_element\":\"h3\",\"title_grid_breakpoint\":\"m\",\"title_grid_width\":\"1-2\",\"title_hover_style\":\"reset\",\"title_style\":\"h3\"},\"children\":[{\"type\":\"grid_item\",\"props\":{\"content\":\"\n\n<p><span>La\\u00a0<\\\/span><strong>certificaci\\u00f3n medioambiental MPS garantiza la calidad y la sostenibilidad<\\\/strong><span>\\u00a0del sector del vivero. Al\\u00a0<\\\/span><strong>registrar nuestro consumo<\\\/strong><span>, podemos monitorear el nivel de producci\\u00f3n sostenible y realizar los cambios necesarios para trabajar\\u00a0<\\\/span><strong>reduciendo el impacto ambiental<\\\/strong><span>. Este tipo de certificaci\\u00f3n garantiza no solo la sostenibilidad ambiental sino tambi\\u00e9n el respeto del cliente y las condiciones de trabajo \\u00e9ticas.<\\\/span><\\\/p>\",\"image\":\"wp-content\\\/uploads\\\/2025\\\/10\\\/mps.png\",\"image_alt\":\"certificazione mps Innocenti & Mangoni Piante\",\"link\":\"wp-content\\\/uploads\\\/2025\\\/10\\\/MPS-fino-al-2.11.25.pdf\",\"meta\":\" (class A)\",\"title\":\"Certificati\\u00f3n Ambiental MPS\"}},{\"type\":\"grid_item\",\"props\":{\"content\":\"\n\n<p><span>Global Gap establece est\\u00e1ndares voluntarios para la certificaci\\u00f3n de productos agr\\u00edcolas y vegetales en todo el mundo con el objetivo de uniformar las\\u00a0<\\\/span><strong>buenas pr\\u00e1cticas agr\\u00edcolas (G.A.P.).<\\\/strong><\\\/p>\\n\n\n<p><span>Es la certificaci\\u00f3n que garantiza a nuestros clientes la calidad, la seguridad y la trazabilidad documentada de nuestra producci\\u00f3n de viveros.<\\\/span><\\\/p>\",\"image\":\"wp-content\\\/uploads\\\/2025\\\/10\\\/globalgap.png\",\"image_alt\":\"certificazione global gap Innocenti & Mangoni Piante\",\"link\":\"wp-content\\\/uploads\\\/2025\\\/10\\\/LoC-GRASP-INNOCENTI-E-MANGONI-PIANTE.pdf\",\"title\":\"Global Gap Certificaci\\u00f3n\"}}],\"name\":\"Sostenibilit\\u00e0 certificati - 2024\"}]}],\"props\":{\"width\":\"default\"}}],\"name\":\"AAA-RIGA-VERDE\"},{\"name\":\"Tagline\",\"type\":\"section\",\"props\":{\"image_position\":\"center-center\",\"image_size\":\"cover\",\"padding\":\"small\",\"padding_remove_bottom\":false,\"style\":\"muted\",\"title_breakpoint\":\"xl\",\"title_position\":\"top-left\",\"title_rotation\":\"left\",\"vertical_align\":\"middle\",\"width\":\"xlarge\"},\"children\":[{\"type\":\"row\",\"children\":[{\"type\":\"column\",\"props\":{\"image_position\":\"center-center\",\"position_sticky_breakpoint\":\"m\",\"width_medium\":\"1-1\"},\"children\":[{\"type\":\"headline\",\"props\":{\"block_align\":\"center\",\"content\":\"CALIDAD EN UN VIVERO SOSTENIBLE\",\"maxwidth\":\"xlarge\",\"text_align\":\"center\",\"title_element\":\"h2\",\"title_style\":\"h2\"}},{\"type\":\"divider\",\"props\":{\"divider_element\":\"hr\"}},{\"type\":\"grid\",\"props\":{\"content_column_breakpoint\":\"m\",\"filter_align\":\"left\",\"filter_all\":true,\"filter_grid_breakpoint\":\"m\",\"filter_grid_width\":\"auto\",\"filter_position\":\"top\",\"filter_style\":\"tab\",\"grid_column_gap\":\"large\",\"grid_default\":\"1\",\"grid_large\":\"4\",\"grid_medium\":\"2\",\"grid_row_gap\":\"large\",\"grid_small\":\"2\",\"grid_xlarge\":\"4\",\"icon_width\":80,\"image_align\":\"top\",\"image_grid_breakpoint\":\"m\",\"image_grid_width\":\"1-2\",\"image_svg_color\":\"emphasis\",\"item_animation\":true,\"link_style\":\"default\",\"link_text\":\"Read more\",\"margin\":\"default\",\"meta_align\":\"below-title\",\"meta_element\":\"div\",\"meta_style\":\"text-meta\",\"show_content\":true,\"show_image\":true,\"show_link\":true,\"show_meta\":true,\"show_title\":true,\"title_align\":\"top\",\"title_element\":\"h3\",\"title_grid_breakpoint\":\"m\",\"title_grid_width\":\"1-2\",\"title_hover_style\":\"reset\"},\"children\":[{\"type\":\"grid_item\",\"props\":{\"content\":\"\n\n<p>Estamos muy atentos a la <strong>gesti\\u00f3n del agua<\\\/strong> mediante el uso de sistemas de riego localizados en la totalidad de nuestros viveros.<\\\/p>\\n\n\n<p>En cada unidad productiva est\\u00e1 activo un <strong>sistema de recuperaci\\u00f3n de las aguas<\\\/strong> no absorbidas por nuestras plantas.<\\\/p>\",\"image\":\"wp-content\\\/uploads\\\/2023\\\/07\\\/recupero-delle-acque-h2o-closed-cycle.png\",\"image_alt\":\"Recuperaci\\u00f3n de las aguas\",\"title\":\"Recuperaci\\u00f3n de las aguas\"}},{\"type\":\"grid_item\",\"props\":{\"content\":\"\n\n<p>Hasta la fecha hemos instalado, en los techos de nuestras naves, plantas fotovoltaicas por un total de <strong>250 KW<\\\/strong>, para las necesidades de nuestras producciones, con la perspectiva de alcanzar los <strong>500 KW<\\\/strong> en los pr\\u00f3ximos meses.<\\\/p>\",\"image\":\"wp-content\\\/uploads\\\/2023\\\/07\\\/impianti-fotovoltaici-energie-rinnovabili.png\",\"image_alt\":\"Energie rinnovabili\",\"title\":\"Energ\\u00edas renovables\"}},{\"type\":\"grid_item\",\"props\":{\"content\":\"\n\n<p>Uso de <strong>mantillo natural<\\\/strong>, producido a partir de desechos de madera para combatir de manera sostenible el desarrollo de \\u00abmalerbas\\u00bb en nuestros cultivos en contenedores.<\\\/p>\",\"image\":\"wp-content\\\/uploads\\\/2023\\\/07\\\/pacciamanti-naturali-mulching.png\",\"image_alt\":\"Mantillo natural\",\"title\":\"Mantillo natural\"}},{\"type\":\"grid_item\",\"props\":{\"content\":\"\n\n<p><strong>Macetas 100% reciclables y sostenibles<\\\/strong>, es decir, sin mol\\u00e9culas derivadas del carb\\u00f3n f\\u00f3sil, se utilizan desde hace algunos a\\u00f1os para la producci\\u00f3n de plantas j\\u00f3venes y para toda la gama destinada a los centros de jardiner\\u00eda.<\\\/p>\",\"image\":\"wp-content\\\/uploads\\\/2023\\\/07\\\/vasi-riciclabili-senza-carbonfossile.png\",\"image_alt\":\"Macetas 100% reciclables y sostenibles\",\"title\":\"100% reciclables y sostenibles\"}}]}]}]}]},{\"name\":\"elemento sostenibilit\\u00e0\",\"type\":\"section\",\"props\":{\"height\":\"percent\",\"image\":\"wp-content\\\/uploads\\\/2023\\\/07\\\/1IN8157.jpg\",\"image_effect\":\"parallax\",\"image_parallax_bgy\":\"0,100\",\"image_parallax_easing\":\"1\",\"image_position\":\"center-center\",\"image_size\":\"cover\",\"image_width\":\"2560\",\"padding\":\"xlarge\",\"style\":\"default\",\"text_color\":\"light\",\"title_breakpoint\":\"xl\",\"title_position\":\"center-left\",\"title_rotation\":\"left\",\"vertical_align\":\"bottom\",\"width\":\"xlarge\"},\"children\":[{\"type\":\"row\",\"children\":[{\"type\":\"column\",\"props\":{\"image_position\":\"center-center\",\"position_sticky_breakpoint\":\"m\",\"width_medium\":\"1-1\"},\"children\":[{\"type\":\"headline\",\"props\":{\"content\":\"MEJORAMOS LA SANIDAD FITOSANITARIA RESPETANDO EL MEDIO AMBIENTE\",\"text_align\":\"center\",\"title_element\":\"h3\",\"title_style\":\"heading-small\"}}]}]}]},{\"name\":\"About\",\"type\":\"section\",\"props\":{\"animation\":\"fade\",\"image_position\":\"center-center\",\"overlap\":true,\"padding\":\"xlarge\",\"style\":\"default\",\"title_breakpoint\":\"xl\",\"title_position\":\"top-left\",\"title_rotation\":\"left\",\"vertical_align\":\"middle\",\"width\":\"large\"},\"children\":[{\"type\":\"row\",\"props\":{\"column_gap\":\"large\",\"layout\":\"1-2,1-2\",\"row_gap\":\"large\"},\"children\":[{\"type\":\"column\",\"props\":{\"image_position\":\"center-center\",\"position_sticky_breakpoint\":\"m\",\"width_medium\":\"1-2\"},\"children\":[{\"type\":\"headline\",\"props\":{\"content\":\"Cultivamos las plantas m\\u00e1s y m\\u00e1s responsablemente.\",\"margin\":\"remove-vertical\",\"title_color\":\"primary\",\"title_element\":\"h3\",\"title_style\":\"heading-small\"}},{\"type\":\"text\",\"props\":{\"column_breakpoint\":\"m\",\"content\":\"\n\n<p>Hemos reducido dr\\u00e1sticamente el uso de pesticidas utilizando t\\u00e9cnicas alternativas naturales como el mantillo org\\u00e1nico y el uso de microorganismos naturales.<\\\/p>\\n\n\n<p>Gracias al cultivo de plantas con flores y plantas ornamentales contribuimos a mantener h\\u00e1bitats y fuentes alimentarias para los insectos polinizadores, tan importantes para la supervivencia de las plantas y, en consecuencia, de toda la especie humana.<\\\/p>\",\"margin\":\"large\"}}]},{\"type\":\"column\",\"props\":{\"image_position\":\"center-center\",\"position_sticky_breakpoint\":\"m\",\"width_medium\":\"1-2\"},\"children\":[{\"type\":\"gallery\",\"props\":{\"class\":\"uk-hidden-touch\",\"css\":\".el-element .el-item > :nth-child(2) { z-index: 1; }\",\"filter\":false,\"filter_align\":\"left\",\"filter_all\":true,\"filter_grid_breakpoint\":\"m\",\"filter_grid_width\":\"auto\",\"filter_position\":\"top\",\"filter_style\":\"tab\",\"grid_column_gap\":\"small\",\"grid_default\":\"2\",\"grid_medium\":\"2\",\"grid_row_gap\":\"small\",\"image_height\":\"1000\",\"image_width\":\"610\",\"item_animation\":true,\"lightbox\":true,\"link_style\":\"default\",\"link_text\":\"\",\"margin\":\"default\",\"meta_align\":\"below-title\",\"meta_element\":\"div\",\"meta_style\":\"text-meta\",\"overlay_hover\":false,\"overlay_link\":true,\"overlay_mode\":\"caption\",\"overlay_position\":\"top\",\"overlay_style\":\"overlay-primary\",\"overlay_transition\":\"fade\",\"parallax_easing\":\"1\",\"show_content\":true,\"show_hover_image\":true,\"show_link\":true,\"show_meta\":false,\"show_title\":false,\"text_align\":\"center\",\"text_color\":\"light\",\"title_element\":\"h3\",\"title_hover_style\":\"reset\"},\"children\":[{\"type\":\"gallery_item\",\"props\":{\"hover_image\":\"\",\"image\":\"wp-content\\\/uploads\\\/2023\\\/07\\\/1IN8109-scaled.jpg\",\"image_alt\":\"serra giovani piante\",\"title\":\"Vivaio 1\"}},{\"type\":\"gallery_item\",\"props\":{\"image\":\"wp-content\\\/uploads\\\/2023\\\/07\\\/1IN8059-scaled.jpg\"}}]}]}]}]},{\"type\":\"section\",\"props\":{\"animation\":\"fade\",\"animation_delay\":\"100\",\"image_position\":\"center-center\",\"padding_remove_bottom\":true,\"style\":\"primary\",\"title_breakpoint\":\"xl\",\"title_position\":\"top-left\",\"title_rotation\":\"left\",\"vertical_align\":\"middle\",\"width\":\"\"},\"children\":[{\"type\":\"row\",\"children\":[{\"type\":\"column\",\"props\":{\"image_position\":\"center-center\",\"position_sticky_breakpoint\":\"m\"},\"children\":[{\"type\":\"headline\",\"props\":{\"text_align\":\"center\",\"title_decoration\":\"line\",\"title_element\":\"div\",\"title_style\":\"h2\"},\"source\":{\"query\":{\"name\":\"pages.singlePage\"},\"props\":{\"content\":{\"filters\":{\"search\":\"\"},\"name\":\"title\"}}}},{\"type\":\"gallery\",\"props\":{\"filter_align\":\"left\",\"filter_all\":true,\"filter_grid_breakpoint\":\"m\",\"filter_grid_width\":\"auto\",\"filter_position\":\"top\",\"filter_style\":\"tab\",\"grid_column_gap\":\"collapse\",\"grid_default\":\"2\",\"grid_medium\":\"3\",\"grid_row_gap\":\"collapse\",\"image_height\":\"600\",\"image_width\":\"900\",\"item_animation\":true,\"link_style\":\"default\",\"link_text\":\"Read more\",\"margin\":\"default\",\"meta_align\":\"below-title\",\"meta_element\":\"div\",\"meta_style\":\"text-meta\",\"overlay_hover\":false,\"overlay_mode\":\"cover\",\"overlay_position\":\"center\",\"overlay_style\":\"\",\"overlay_transition\":\"fade\",\"show_content\":false,\"show_hover_image\":true,\"show_link\":true,\"show_meta\":false,\"show_title\":false,\"text_align\":\"center\",\"text_color\":\"light\",\"title_element\":\"h3\",\"title_hover_style\":\"reset\"},\"children\":[{\"type\":\"gallery_item\",\"props\":{\"image\":\"wp-content\\\/uploads\\\/2023\\\/07\\\/1IN8057-scaled.jpg\",\"title\":\"_1IN8057\"}},{\"type\":\"gallery_item\",\"props\":{\"image\":\"wp-content\\\/uploads\\\/2023\\\/07\\\/DSC07862-scaled.jpg\",\"title\":\"DSC07862\"}},{\"type\":\"gallery_item\",\"props\":{\"image\":\"wp-content\\\/uploads\\\/2023\\\/07\\\/1IN8384-scaled.jpg\",\"title\":\"_1IN8384\"}}]}]}]}],\"name\":\"galleria pie di pagina\"}],\"version\":\"4.2.13\",\"yooessentialsVersion\":\"2.1.5\"} --><\/p>\n","protected":false},"excerpt":{"rendered":"\n<div>We plan the future<\/div>\n<div>\n<p>En los \u00faltimos a\u00f1os, con la r\u00e1pida aceleraci\u00f3n del <strong>cambio clim\u00e1tico, todos estamos llamados a planificar el futur<\/strong>o de las pr\u00f3ximas generaciones. Especialmente una empresa de viveros como la nuestra debe estar a la vanguardia de esta programaci\u00f3n, porque las plantas son fundamentales para la vida. Por eso, sentamos las bases todos los d\u00edas para mejorar, a\u00f1adir y reforzar la idea del vivero responsable y sostenible.<\/p>\n<p><strong>Programaci\u00f3n significa tambi\u00e9n atenci\u00f3n a las innovaciones<\/strong>. Es por eso que en nuestros viveros estamos incorporando la tecnolog\u00eda que permite ahorrar recursos, monitorear continuamente los procesos de producci\u00f3n y, en consecuencia, reducir los residuos.<\/p>\n<p>Nuestros ciclos de <strong>producci\u00f3n ecosostenibles son reconocidos por la certificaci\u00f3n medioambiental MPS (clase A) y GLOBAL GAP,<\/strong> reconocidas internacionalmente y que certifican la sostenibilidad de las plantas producidas por nuestra empresa.<\/p>\n<\/div>\n<ul>\n<li>\n<p>        <img decoding=\"async\" src=\"http:\/\/innocentiemangonipiante.it\/wp-content\/uploads\/2017\/03\/CERTIFICAZIONE-AMBIENTALE-MPS.png\" alt=\"\"><\/p>\n<\/li>\n<li>\n<p>        <img decoding=\"async\" src=\"http:\/\/innocentiemangonipiante.it\/wp-content\/uploads\/2017\/03\/logo-global-gap.jpg\" alt=\"\"><\/p>\n<\/li>\n<\/ul>\n<h1>CALIDAD EN UN VIVERO SOSTENIBLE<\/h1>\n<hr>\n<p><img decoding=\"async\" src=\"http:\/\/innocentiemangonipiante.it\/wp-content\/uploads\/2017\/03\/H2O-CLOSED-CYRCLE.jpg\" alt=\"\"><\/p>\n<h2>RECUPERACI\u00d3N DE LAS AGUAS<\/h2>\n<div>\n<p>Estamos muy atentos a la <strong>gesti\u00f3n del agua<\/strong> mediante el uso de sistemas de riego localizados en la totalidad de nuestros viveros.<\/p>\n<p>En cada unidad productiva est\u00e1 activo un <strong>sistema de recuperaci\u00f3n de las aguas<\/strong> no absorbidas por nuestras plantas.<\/p>\n<\/p>\n<\/div>\n<p><img decoding=\"async\" src=\"http:\/\/innocentiemangonipiante.it\/wp-content\/uploads\/2017\/03\/RENOWABLE-ENERGIES.jpg\" alt=\"\"><\/p>\n<h2><span>ENERG\u00cdAS RENOVABLES<\/span><\/h2>\n<div>\n<p>Hasta la fecha hemos instalado, en los techos de nuestras naves, <strong>plantas fotovoltaicas por un total de 250 KW<\/strong>, para las necesidades de nuestras producciones, con la perspectiva de alcanzar los 500 KW en los pr\u00f3ximos meses.<\/p>\n<\/p>\n<\/div>\n<p><img decoding=\"async\" src=\"http:\/\/innocentiemangonipiante.it\/wp-content\/uploads\/2017\/03\/MULCHING.jpg\" alt=\"\"><\/p>\n<h2><span>MANTILLO NATURAL<\/span><\/h2>\n<div>\n<p>Uso de <strong>mantillo natural<\/strong>, producido a partir de desechos de madera para combatir de manera sostenible el <strong>desarrollo de \u00abmalerbas\u00bb<\/strong> en nuestros cultivos en contenedores.<\/p>\n<\/div>\n<p><img decoding=\"async\" src=\"http:\/\/innocentiemangonipiante.it\/wp-content\/uploads\/2017\/03\/CARBON-FREE.jpg\" alt=\"\"><\/p>\n<h2><span>JARRAS 100% RECICLABLES<\/span><\/h2>\n<div>\n<p><strong>Macetas 100% reciclables y sostenibles<\/strong>, es decir, sin mol\u00e9culas derivadas del carb\u00f3n f\u00f3sil, se utilizan desde hace algunos a\u00f1os para la producci\u00f3n de plantas j\u00f3venes y para toda la gama destinada a los centros de jardiner\u00eda.<\/p>\n<\/div>\n<hr>\n<p><img decoding=\"async\" src=\"http:\/\/innocentiemangonipiante.it\/wp-content\/uploads\/2011\/05\/alto.png\" alt=\"\"><\/p>\n","protected":false},"author":2,"featured_media":12150,"parent":0,"menu_order":5,"comment_status":"open","ping_status":"closed","template":"","meta":{"_acf_changed":false,"footnotes":""},"class_list":["post-9087","page","type-page","status-publish","has-post-thumbnail","hentry"],"acf":[],"_links":{"self":[{"href":"https:\/\/innocentiemangonipiante.it\/es\/wp-json\/wp\/v2\/pages\/9087","targetHints":{"allow":["GET"]}}],"collection":[{"href":"https:\/\/innocentiemangonipiante.it\/es\/wp-json\/wp\/v2\/pages"}],"about":[{"href":"https:\/\/innocentiemangonipiante.it\/es\/wp-json\/wp\/v2\/types\/page"}],"author":[{"embeddable":true,"href":"https:\/\/innocentiemangonipiante.it\/es\/wp-json\/wp\/v2\/users\/2"}],"replies":[{"embeddable":true,"href":"https:\/\/innocentiemangonipiante.it\/es\/wp-json\/wp\/v2\/comments?post=9087"}],"version-history":[{"count":0,"href":"https:\/\/innocentiemangonipiante.it\/es\/wp-json\/wp\/v2\/pages\/9087\/revisions"}],"wp:featuredmedia":[{"embeddable":true,"href":"https:\/\/innocentiemangonipiante.it\/es\/wp-json\/wp\/v2\/media\/12150"}],"wp:attachment":[{"href":"https:\/\/innocentiemangonipiante.it\/es\/wp-json\/wp\/v2\/media?parent=9087"}],"curies":[{"name":"wp","href":"https:\/\/api.w.org\/{rel}","templated":true}]}}