{"id":9094,"date":"2017-05-01T12:15:00","date_gmt":"2017-05-01T10:15:00","guid":{"rendered":"http:\/\/innocentiemangonipiante.it\/2017\/05\/01\/cultivamos-la-calidad\/"},"modified":"2026-02-19T15:29:19","modified_gmt":"2026-02-19T14:29:19","slug":"crecemos-calidad","status":"publish","type":"page","link":"https:\/\/innocentiemangonipiante.it\/es\/crecemos-calidad\/","title":{"rendered":"Cultivamos la calidad"},"content":{"rendered":"<h1>Ra\u00edces s\u00f3lidas: dos familias, un proyecto compartido<\/h1>\n<div>\n<p><strong>Hemos nacido aqu\u00ed, en Pistoia, en el coraz\u00f3n de la Toscana, cuna indiscutible de la cultura y la belleza.<\/strong><\/p>\n<p>Hace <strong>75<\/strong> a\u00f1os en nuestra tierra plantamos las primeras semillas, regamos los primeros cultivos y cuidamos las primeras peque\u00f1as plantas que con el tiempo crecieron junto a nuestra actividad y a todas las personas que la animan cada d\u00eda.<\/p>\n<p><strong>Pasi\u00f3n<\/strong> por esta tierra, <strong>amor<\/strong> por el trabajo duro, profundo <strong>respeto<\/strong> por la naturaleza, por nuestros colaboradores y por nuestros clientes son los valores que cultivamos con cuidado y que gu\u00edan nuestras elecciones. <strong>Siempre<\/strong>.<\/p>\n<p>Nuestra historia es la de dos familias, <strong>Innocenti y Mangoni<\/strong>, que gracias a la uni\u00f3n han dado vida a una importante realidad viva\u00edstica cada vez m\u00e1s comprometida con el cultivo sostenible.<\/p>\n<p><strong>Agostino Innocenti<\/strong> y <strong>Marcello Mangoni<\/strong> fueron los primeros en cultivar las plantas, las cuidaron, las vieron brotar y transformarse en \u00e1rboles exuberantes, enamor\u00e1ndose d\u00eda tras d\u00eda de su trabajo.<\/p>\n<p>Es gracias a la <strong>pasi\u00f3n<\/strong> que han transmitido a sus hijos y nietos que la empresa ha podido crecer y desarrollarse en Italia y en el mundo.<\/p>\n<\/div>\n<ul>\n<li>\n<p>        <img decoding=\"async\" src=\"\/wp-content\/uploads\/2023\/09\/ritratto-agostino-innocenti.jpg\" alt=\"Ritratto Agostino Innocenti\" title=\"\"><\/p>\n<div>Agostino Innocenti<\/div>\n<\/li>\n<li>\n<p>        <img decoding=\"async\" src=\"\/wp-content\/uploads\/2023\/09\/ritratto-marcello-mangoni.jpg\" alt=\"Ritratto Marcello Mangoni\" title=\"\"><\/p>\n<div>Marcello Mangoni<\/div>\n<\/li>\n<\/ul>\n<h3>\n<p><strong>QUALITY<\/strong><br \/><strong>PLANTS<\/strong><\/p>\n<\/h3>\n<div>\n<div class=\"page\" title=\"Page 12\">\n<div class=\"layoutArea\">\n<div class=\"column\">\n<p>M\u00e1s de <strong>1600 variedades<\/strong> de plantas en <strong>19 sitios<\/strong> concentrados en la f\u00e9rtil llanura de Pistoia para un total de <strong>355 hect\u00e1reas<\/strong> de viveros.<\/p>\n<p>Producimos \u00e1rboles y con\u00edferas, especies mediterr\u00e1neas, \u00e1rboles frutales, setos, rosas, plantas formadas por el arte topiario, gram\u00edneas, perennes y helechos.<\/p>\n<p>Obtener la m\u00e1xima calidad de nuestro trabajo, respetando al m\u00e1ximo el medio ambiente y los valores de nuestra empresa.<\/p>\n<p>Esta es la calidad que entendemos, posible gracias a nuestro equipo de trabajo, experimentado y constantemente actualizado, gracias a las tecnolog\u00edas y al respeto de un protocolo de trabajo que garantiza a nuestros clientes el mejor producto que pueden encontrar en el mercado.<\/p>\n<\/div>\n<\/div>\n<\/div>\n<\/div>\n<p><img decoding=\"async\" src=\"\/wp-content\/uploads\/2023\/06\/1IN8243-team-2022.jpeg\" alt=\"\" title=\"\"><\/p>\n<ul>\n<li>\n<h3>Producci\u00f3n<\/h3>\n<\/li>\n<li>\n<h3>Sostenibilidad<\/h3>\n<\/li>\n<li>\n<\/li>\n<\/ul>\n<p><!--more--><br \/>\n<!-- {\"type\":\"layout\",\"children\":[{\"name\":\"testata azienda 2024 - TUTTE\",\"type\":\"section\",\"props\":{\"header_transparent\":\"dark\",\"header_transparent_noplaceholder\":true,\"height\":\"percent\",\"image\":\"wp-content\\\/uploads\\\/2023\\\/06\\\/1IN1293-5.jpeg\",\"image_position\":\"center-center\",\"image_size\":\"cover\",\"image_width\":\"2560\",\"padding\":\"small\",\"padding_remove_bottom\":false,\"padding_remove_top\":false,\"style\":\"default\",\"text_color\":\"light\",\"title_breakpoint\":\"xl\",\"title_position\":\"top-left\",\"title_rotation\":\"left\",\"vertical_align\":\"bottom\",\"width\":\"xlarge\"},\"children\":[{\"type\":\"row\",\"children\":[{\"type\":\"column\",\"props\":{\"image_position\":\"center-center\",\"position_sticky_breakpoint\":\"m\",\"width_medium\":\"1-1\"}}]}]},{\"type\":\"section\",\"props\":{\"image_position\":\"center-center\",\"padding\":\"large\",\"padding_remove_bottom\":false,\"padding_remove_top\":false,\"style\":\"default\",\"text_color\":\"light\",\"title_breakpoint\":\"xl\",\"title_position\":\"top-left\",\"title_rotation\":\"left\",\"vertical_align\":\"middle\",\"width\":\"large\"},\"children\":[{\"type\":\"row\",\"props\":{\"width\":\"default\"},\"children\":[{\"type\":\"column\",\"props\":{\"image_position\":\"center-center\",\"position_sticky_breakpoint\":\"m\",\"width_medium\":\"1-1\"},\"children\":[{\"type\":\"headline\",\"props\":{\"content\":\"Ra\\u00edces s\\u00f3lidas: dos familias, un proyecto compartido\",\"margin\":\"default\",\"text_align\":\"left\",\"text_align_breakpoint\":\"m\",\"text_align_fallback\":\"center\",\"title_color\":\"primary\",\"title_element\":\"h1\",\"title_style\":\"heading-medium\"}},{\"type\":\"text\",\"props\":{\"column\":\"1-2\",\"column_breakpoint\":\"m\",\"content\":\"\n\n<p><strong>Hemos nacido aqu\\u00ed, en Pistoia, en el coraz\\u00f3n de la Toscana, cuna indiscutible de la cultura y la belleza.<\\\/strong><\\\/p>\\n\n\n<p>Hace <strong>75<\\\/strong> a\\u00f1os en nuestra tierra plantamos las primeras semillas, regamos los primeros cultivos y cuidamos las primeras peque\\u00f1as plantas que con el tiempo crecieron junto a nuestra actividad y a todas las personas que la animan cada d\\u00eda.<\\\/p>\\n\n\n<p><strong>Pasi\\u00f3n<\\\/strong> por esta tierra, <strong>amor<\\\/strong> por el trabajo duro, profundo <strong>respeto<\\\/strong> por la naturaleza, por nuestros colaboradores y por nuestros clientes son los valores que cultivamos con cuidado y que gu\\u00edan nuestras elecciones. <strong>Siempre<\\\/strong>.<\\\/p>\\n\n\n<p>Nuestra historia es la de dos familias, <strong>Innocenti y Mangoni<\\\/strong>, que gracias a la uni\\u00f3n han dado vida a una importante realidad viva\\u00edstica cada vez m\\u00e1s comprometida con el cultivo sostenible.<\\\/p>\\n\n\n<p><strong>Agostino Innocenti<\\\/strong> y <strong>Marcello Mangoni<\\\/strong> fueron los primeros en cultivar las plantas, las cuidaron, las vieron brotar y transformarse en \\u00e1rboles exuberantes, enamor\\u00e1ndose d\\u00eda tras d\\u00eda de su trabajo.<\\\/p>\\n\n\n<p>Es gracias a la <strong>pasi\\u00f3n<\\\/strong> que han transmitido a sus hijos y nietos que la empresa ha podido crecer y desarrollarse en Italia y en el mundo.<\\\/p>\",\"margin\":\"default\"}},{\"type\":\"grid\",\"props\":{\"content_column_breakpoint\":\"m\",\"filter_align\":\"left\",\"filter_all\":true,\"filter_grid_breakpoint\":\"m\",\"filter_grid_width\":\"auto\",\"filter_position\":\"top\",\"filter_style\":\"tab\",\"grid_default\":\"1\",\"grid_medium\":\"\",\"grid_small\":\"2\",\"icon_width\":80,\"image_align\":\"top\",\"image_grid_breakpoint\":\"m\",\"image_grid_width\":\"1-2\",\"image_svg_color\":\"emphasis\",\"item_animation\":true,\"lightbox\":false,\"link_style\":\"default\",\"link_text\":\"\",\"margin\":\"default\",\"meta_align\":\"below-title\",\"meta_element\":\"div\",\"meta_style\":\"text-meta\",\"panel_link\":false,\"parallax_easing\":\"1\",\"show_content\":true,\"show_image\":true,\"show_link\":true,\"show_meta\":true,\"show_title\":true,\"title_align\":\"top\",\"title_color\":\"muted\",\"title_decoration\":\"line\",\"title_element\":\"div\",\"title_grid_breakpoint\":\"m\",\"title_grid_width\":\"1-2\",\"title_hover_style\":\"reset\",\"title_margin\":\"small\",\"title_style\":\"h6\"},\"children\":[{\"type\":\"grid_item\",\"props\":{\"image\":\"wp-content\\\/uploads\\\/2023\\\/09\\\/ritratto-agostino-innocenti.jpg\",\"image_alt\":\"Ritratto Agostino Innocenti\",\"meta\":\"\",\"title\":\"Agostino Innocenti\"}},{\"type\":\"grid_item\",\"props\":{\"content\":\"\",\"image\":\"wp-content\\\/uploads\\\/2023\\\/09\\\/ritratto-marcello-mangoni.jpg\",\"image_alt\":\"Ritratto Marcello Mangoni\",\"meta\":\"\",\"title\":\"Marcello Mangoni\"}}]}]}]}],\"name\":\"Solide radici\"},{\"type\":\"section\",\"props\":{\"height\":\"percent\",\"image_position\":\"center-center\",\"padding_remove_bottom\":true,\"padding_remove_top\":true,\"style\":\"muted\",\"title_breakpoint\":\"xl\",\"title_position\":\"top-left\",\"title_rotation\":\"left\",\"vertical_align\":\"middle\",\"width\":\"\"},\"children\":[{\"type\":\"row\",\"props\":{\"column_gap\":\"collapse\",\"height\":\"percent\",\"layout\":\"1-2,1-2\",\"row_gap\":\"collapse\",\"width_expand\":\"left\"},\"children\":[{\"type\":\"column\",\"props\":{\"image\":\"wp-content\\\/uploads\\\/2023\\\/09\\\/DSC09057-scaled.jpg\",\"image_position\":\"center-center\",\"image_size\":\"height-1-1\",\"position_sticky\":\"column\",\"position_sticky_breakpoint\":\"m\",\"text_color\":\"light\",\"vertical_align\":\"middle\",\"width_large\":\"1-2\"},\"children\":[{\"type\":\"headline\",\"props\":{\"content\":\"\n\n<p><strong>QUALITY<\\\/strong><br \\\/><strong>PLANTS<\\\/strong><\\\/p>\",\"title_color\":\"primary\",\"title_element\":\"h3\",\"title_font_family\":\"secondary\",\"title_style\":\"heading-large\"}}]},{\"type\":\"column\",\"props\":{\"image\":\"wp-content\\\/uploads\\\/2023\\\/09\\\/6252-scaled-e1694792092946.jpg\",\"image_position\":\"bottom-right\",\"image_size\":\"width-1-1\",\"media_background\":\"#FFFFFF\",\"media_overlay\":\"rgba(255, 255, 255, 0.65)\",\"padding\":\"large\",\"position_sticky_breakpoint\":\"m\",\"vertical_align\":\"middle\",\"width_large\":\"1-2\"},\"children\":[{\"type\":\"text\",\"props\":{\"column_breakpoint\":\"m\",\"content\":\"\n\n<div class=\\\"page\\\" title=\\\"Page 12\\\">\\n\n\n<div class=\\\"layoutArea\\\">\\n\n\n<div class=\\\"column\\\">\\n\n\n<p>M\\u00e1s de <strong>1600 variedades<\\\/strong> de plantas en <strong>19 sitios<\\\/strong> concentrados en la f\\u00e9rtil llanura de Pistoia para un total de <strong>355 hect\\u00e1reas<\\\/strong> de viveros.<\\\/p>\\n\n\n<p>Producimos \\u00e1rboles y con\\u00edferas, especies mediterr\\u00e1neas, \\u00e1rboles frutales, setos, rosas, plantas formadas por el arte topiario, gram\\u00edneas, perennes y helechos.<\\\/p>\\n\n\n<p>Obtener la m\\u00e1xima calidad de nuestro trabajo, respetando al m\\u00e1ximo el medio ambiente y los valores de nuestra empresa.<\\\/p>\\n\n\n<p>Esta es la calidad que entendemos, posible gracias a nuestro equipo de trabajo, experimentado y constantemente actualizado, gracias a las tecnolog\\u00edas y al respeto de un protocolo de trabajo que garantiza a nuestros clientes el mejor producto que pueden encontrar en el mercado.<\\\/p>\\n<\\\/div>\\n<\\\/div>\\n<\\\/div>\",\"margin\":\"default\",\"maxwidth\":\"medium\",\"text_align\":\"left\"}}]}]},{\"type\":\"row\",\"props\":{\"column_gap\":\"collapse\",\"row_gap\":\"collapse\"},\"children\":[{\"type\":\"column\",\"props\":{\"image_position\":\"center-center\",\"padding\":\"xsmall\",\"position_sticky_breakpoint\":\"m\",\"style\":\"tile-primary\"}}]}],\"name\":\"quality plants\"},{\"type\":\"section\",\"props\":{\"height\":\"percent\",\"image_position\":\"center-center\",\"padding_remove_bottom\":true,\"padding_remove_top\":true,\"status\":\"disabled\",\"style\":\"muted\",\"title_breakpoint\":\"xl\",\"title_position\":\"top-left\",\"title_rotation\":\"left\",\"vertical_align\":\"middle\",\"width\":\"\"},\"children\":[{\"type\":\"row\",\"props\":{\"column_gap\":\"collapse\",\"height\":\"percent\",\"row_gap\":\"collapse\",\"width_expand\":\"left\"},\"children\":[{\"type\":\"column\",\"props\":{\"image\":\"wp-content\\\/uploads\\\/2023\\\/09\\\/leaf-2-e1694792969134.png\",\"image_position\":\"center-left\",\"image_size\":\"height-1-1\",\"media_background\":\"#FFFFFF\",\"media_overlay\":\"rgba(255, 255, 255, 0.73)\",\"position_sticky\":\"column\",\"position_sticky_breakpoint\":\"m\",\"text_color\":\"dark\",\"vertical_align\":\"middle\"},\"children\":[{\"type\":\"headline\",\"props\":{\"block_align\":\"center\",\"content\":\"\n\n<p><strong>PROGRAMAMOS<\\\/strong><br \\\/><strong>EL FUTURO<\\\/strong><\\\/p>\",\"maxwidth\":\"large\",\"text_align\":\"left\",\"title_color\":\"muted\",\"title_element\":\"h2\",\"title_font_family\":\"default\",\"title_style\":\"heading-small\"}},{\"type\":\"text\",\"props\":{\"block_align\":\"center\",\"column_breakpoint\":\"m\",\"content\":\"\n\n<p>En los \\u00faltimos a\\u00f1os, con la r\\u00e1pida aceleraci\\u00f3n de los cambios clim\\u00e1ticos, todos estamos llamados a planificar el futuro de las pr\\u00f3ximas generaciones. Especialmente una empresa de viveros como la nuestra debe estar a la vanguardia de esta programaci\\u00f3n, porque las plantas son fundamentales para la vida.<br \\\/>Por eso, sentamos las bases todos los d\\u00edas para mejorar, a\\u00f1adir y reforzar la idea del vivero responsable y sostenible.<br \\\/>Programaci\\u00f3n significa tambi\\u00e9n atenci\\u00f3n a las innovaciones. Es por eso que en nuestros viveros estamos incorporando la tecnolog\\u00eda que permite ahorrar recursos, monitorear continuamente los procesos de producci\\u00f3n y, en consecuencia, reducir los residuos.<br \\\/>Nuestros ciclos de producci\\u00f3n ecosostenibles son reconocidos por la certificaci\\u00f3n medioambiental <strong>MPS (clase A)<\\\/strong> y <strong>GLOBAL GAP<\\\/strong>, reconocidas internacionalmente y que certifican la sostenibilidad de las plantas producidas por nuestra empresa.<\\\/p>\",\"margin\":\"default\",\"maxwidth\":\"large\",\"text_align\":\"left\"}},{\"type\":\"button\",\"props\":{\"block_align\":\"center\",\"button_size\":\"large\",\"grid_column_gap\":\"small\",\"grid_row_gap\":\"small\",\"margin\":\"default\",\"maxwidth\":\"large\",\"text_align\":\"left\"},\"children\":[{\"type\":\"button_item\",\"props\":{\"button_style\":\"text\",\"content\":\"Scopri di pi\\u00f9 sulla sostenibilit\\u00e0\",\"icon\":\"arrow-right\",\"icon_align\":\"right\",\"link\":\"programmiamo-il-futuro\\\/\"}}]}]}]}],\"name\":\"quality plants\"},{\"name\":\"Foto famiglia oggi\",\"type\":\"section\",\"props\":{\"image_effect\":\"parallax\",\"image_parallax_bgy\":\"0,100\",\"image_parallax_easing\":\"1\",\"image_position\":\"center-center\",\"image_size\":\"width-1-1\",\"overlap\":false,\"padding\":\"xsmall\",\"padding_remove_bottom\":false,\"padding_remove_top\":true,\"style\":\"default\",\"text_color\":\"light\",\"title_breakpoint\":\"xl\",\"title_position\":\"center-left\",\"title_rotation\":\"left\",\"vertical_align\":\"bottom\",\"width\":\"\"},\"children\":[{\"type\":\"row\",\"children\":[{\"type\":\"column\",\"props\":{\"image_position\":\"center-center\",\"position_sticky_breakpoint\":\"m\",\"width_medium\":\"1-1\"},\"children\":[{\"type\":\"image\",\"props\":{\"image\":\"wp-content\\\/uploads\\\/2023\\\/06\\\/1IN8243-team-2022.jpeg\",\"image_height\":\"1200\",\"image_svg_color\":\"emphasis\",\"image_width\":\"2560\",\"margin\":\"default\"}}]}]}]},{\"type\":\"section\",\"props\":{\"image_position\":\"center-center\",\"padding\":\"none\",\"style\":\"default\",\"title_breakpoint\":\"xl\",\"title_position\":\"top-left\",\"title_rotation\":\"left\",\"vertical_align\":\"middle\",\"width\":\"\"},\"children\":[{\"type\":\"row\",\"children\":[{\"type\":\"column\",\"props\":{\"image_position\":\"center-center\",\"position_sticky_breakpoint\":\"m\"},\"children\":[{\"type\":\"gallery\",\"props\":{\"filter_align\":\"left\",\"filter_all\":true,\"filter_grid_breakpoint\":\"m\",\"filter_grid_width\":\"auto\",\"filter_position\":\"top\",\"filter_style\":\"tab\",\"grid_column_gap\":\"collapse\",\"grid_default\":\"1\",\"grid_medium\":\"3\",\"grid_row_gap\":\"collapse\",\"image_height\":\"500\",\"image_width\":\"850\",\"item_animation\":true,\"link_size\":\"large\",\"link_style\":\"primary\",\"link_text\":\"\",\"margin\":\"default\",\"meta_align\":\"below-title\",\"meta_element\":\"div\",\"meta_style\":\"text-meta\",\"overlay_hover\":false,\"overlay_link\":true,\"overlay_margin\":\"small\",\"overlay_maxwidth\":\"medium\",\"overlay_mode\":\"caption\",\"overlay_position\":\"bottom-center\",\"overlay_style\":\"overlay-default\",\"overlay_transition\":\"fade\",\"show_content\":true,\"show_hover_image\":true,\"show_link\":true,\"show_meta\":true,\"show_title\":true,\"text_align\":\"center\",\"text_color\":\"light\",\"title_element\":\"h3\",\"title_hover_style\":\"reset\"},\"children\":[{\"type\":\"gallery_item\",\"source\":{\"query\":{\"name\":\"pages.customPage\",\"arguments\":{\"users\":[],\"users_operator\":\"IN\",\"offset\":0,\"order\":\"date\",\"order_direction\":\"DESC\",\"id\":18532}},\"props\":{\"image\":{\"filters\":{\"search\":\"\"},\"name\":\"featuredImage.url\"},\"image_alt\":{\"filters\":{\"search\":\"\"},\"name\":\"featuredImage.alt\"},\"link\":{\"filters\":{\"search\":\"\"},\"name\":\"link\"}}},\"props\":{\"meta\":\"\",\"title\":\"Producci\\u00f3n\"}},{\"type\":\"gallery_item\",\"props\":{\"title\":\"Sostenibilidad\"},\"source\":{\"query\":{\"name\":\"pages.customPage\",\"arguments\":{\"users\":[],\"users_operator\":\"IN\",\"offset\":0,\"order\":\"date\",\"order_direction\":\"DESC\",\"id\":9087}},\"props\":{\"image\":{\"filters\":{\"search\":\"\"},\"name\":\"featuredImage.url\"},\"image_alt\":{\"filters\":{\"search\":\"\"},\"name\":\"featuredImage.alt\"},\"link\":{\"filters\":{\"search\":\"\"},\"name\":\"link\"}}}},{\"type\":\"gallery_item\",\"props\":{\"text_color\":\"light\"},\"source\":{\"query\":{\"name\":\"pages.customPage\",\"arguments\":{\"users\":[],\"users_operator\":\"IN\",\"offset\":0,\"order\":\"date\",\"order_direction\":\"DESC\",\"id\":9084}},\"props\":{\"image\":{\"filters\":{\"search\":\"\"},\"name\":\"featuredImage.url\"},\"image_alt\":{\"filters\":{\"search\":\"\"},\"name\":\"featuredImage.alt\"},\"link\":{\"filters\":{\"search\":\"\"},\"name\":\"link\"},\"title\":{\"filters\":{\"search\":\"\"},\"name\":\"title\"}}}}]}]}]}]}],\"version\":\"4.2.13\",\"yooessentialsVersion\":\"2.1.5\"} --><\/p>\n","protected":false},"excerpt":{"rendered":"\n<div>CULTIVAMOS LA CALIDAD<\/div>\n<h1>CULTIVAMOS LA CALIDAD<\/h1>\n<div>\n<p><strong>Inspirados por la gratitud y el respeto por la naturaleza. Todos los d\u00edas.<\/strong>.<\/p>\n<p>Son el cuidado diario de nuestras plantas, la elecci\u00f3n de t\u00e9cnicas de cultivo tecnol\u00f3gicamente avanzadas y eco-sostenibles los que mueven nuestro trabajo.<\/p>\n<p><strong>Utilizamos nuestras mentes y nuestras manos para seleccionar, cultivar y cultivar nuestras plantas, para dise\u00f1ar cada exigencia paisaj\u00edstica con innovaci\u00f3n, transparencia y sobre todo sostenibilidad.<\/p>\n<\/div>\n<div>\n<p>Ponemos todo nuestro conocimiento y habilidades adquiridas en d\u00e9cadas de trabajo en cada <strong>planta<\/strong>\u00a0que cultivamos, para que la pr\u00f3xima generaci\u00f3n de plantas sea m\u00e1s fuerte y exuberante para la pr\u00f3xima generaci\u00f3n de personas.<\/p>\n<\/div>\n<p><img decoding=\"async\" src=\"http:\/\/innocentiemangonipiante.it\/wp-content\/uploads\/2017\/05\/iem-vivaio-129.jpg\" alt=\"\"><br \/>\n<img decoding=\"async\" src=\"http:\/\/innocentiemangonipiante.it\/wp-content\/uploads\/2017\/05\/iem-vivaio-197.jpg\" alt=\"\"><\/p>\n<div>\n<h2>ENTRA EN NUESTRO VIVERO DIGITAL<\/h2>\n<div>\n<p>Una app para comunicar, recibir ofertas, documentos y conocer las disponibilidades.<\/p>\n<\/div>\n<p><a href=\"#8\">Download app<\/a><\/p>\n<\/div>\n<p><img decoding=\"async\" src=\"http:\/\/innocentiemangonipiante.it\/wp-content\/uploads\/2014\/11\/elemento-1.png\" alt=\"\"><\/p>\n<h2>UNA HISTORIA DE CRECIMIENTO<\/h2>\n<h2>UNA HISTORIA DE CRECIMIENTO<\/h2>\n<h5>desde\u00a01950<\/h5>\n<div>\n<p><strong>Hemos nacido aqu\u00ed, en Pistoia<\/strong>, en el coraz\u00f3n de la Toscana, cuna indiscutible de la cultura y la belleza.<\/p>\n<p>Hace <strong>70 a\u00f1os<\/strong> en nuestra tierra plantamos las primeras semillas, regamos los primeros cultivos y cuidamos las primeras peque\u00f1as plantas que con el tiempo crecieron junto a nuestra actividad y a todas las personas que la animan cada d\u00eda.<\/p>\n<p>Pasi\u00f3n por esta tierra, amor por el trabajo duro, <strong>profundo respeto por la naturaleza<\/strong>, por nuestros colaboradores y por nuestros clientes son los valores que cultivamos con cuidado y que gu\u00edan nuestras elecciones. Siempre.<\/p>\n<p><strong>Nuestra historia es la de dos familias, Innocenti y Mangoni<\/strong>, que gracias a la uni\u00f3n han dado vida a una importante realidad viva\u00edstica cada vez m\u00e1s comprometida con el cultivo sostenible.<\/p>\n<p><strong>Agostino Innocenti y Marcello Mangoni<\/strong> fueron los primeros en cultivar las plantas, las cuidaron, las vieron brotar y transformarse en \u00e1rboles exuberantes, enamor\u00e1ndose d\u00eda tras d\u00eda de su trabajo.<\/p>\n<p>Es gracias a la <strong>pasi\u00f3n<\/strong> que han transmitido a sus hijos y nietos que la empresa ha podido crecer y desarrollarse en Italia y en el mundo.<\/p>\n<\/div>\n<p>\n    <a href=\"index.php?option=com_content&#038;view=article&#038;id=751&#038;catid=133&#038;lang=es-ES\">CONT\u00c1CTENOS<\/a>\n<\/p>\n<p><img decoding=\"async\" src=\"http:\/\/innocentiemangonipiante.it\/wp-content\/uploads\/2017\/05\/iem-vivaio-4.jpg\" alt=\"\"><br \/>\n<img decoding=\"async\" src=\"http:\/\/innocentiemangonipiante.it\/wp-content\/uploads\/2017\/05\/iem-vivaio-3.jpg\" alt=\"\"><\/p>\n<h2>UNA BELLEZA NATURAL<\/h2>\n<div>\n<p>Utilizamos las manos para producir belleza natural.<\/p>\n<p>Nuestro trabajo comienza con peque\u00f1as semillas que se dejan envolver por la tierra y contin\u00faa hasta que cada planta encuentra un nuevo hogar en su paisaje, haci\u00e9ndolo \u00fanico.<\/p>\n<p>Compartimos conocimientos, experiencias y amor por el verde con jardineros, arquitectos y paisajistas.<\/p>\n<p>Estamos orgullosos de ayudar a dar forma a un mundo cada vez m\u00e1s verde.<\/p>\n<\/div>\n<p><img decoding=\"async\" src=\"http:\/\/innocentiemangonipiante.it\/wp-content\/uploads\/2017\/05\/iem-vivaio-15.jpg\" alt=\"\"><br \/>\n<img decoding=\"async\" src=\"http:\/\/innocentiemangonipiante.it\/wp-content\/uploads\/2014\/11\/elemento-1.png\" alt=\"\"><\/p>\n","protected":false},"author":2,"featured_media":9421,"parent":0,"menu_order":4,"comment_status":"open","ping_status":"open","template":"","meta":{"_acf_changed":false,"footnotes":""},"class_list":["post-9094","page","type-page","status-publish","has-post-thumbnail","hentry"],"acf":[],"_links":{"self":[{"href":"https:\/\/innocentiemangonipiante.it\/es\/wp-json\/wp\/v2\/pages\/9094","targetHints":{"allow":["GET"]}}],"collection":[{"href":"https:\/\/innocentiemangonipiante.it\/es\/wp-json\/wp\/v2\/pages"}],"about":[{"href":"https:\/\/innocentiemangonipiante.it\/es\/wp-json\/wp\/v2\/types\/page"}],"author":[{"embeddable":true,"href":"https:\/\/innocentiemangonipiante.it\/es\/wp-json\/wp\/v2\/users\/2"}],"replies":[{"embeddable":true,"href":"https:\/\/innocentiemangonipiante.it\/es\/wp-json\/wp\/v2\/comments?post=9094"}],"version-history":[{"count":0,"href":"https:\/\/innocentiemangonipiante.it\/es\/wp-json\/wp\/v2\/pages\/9094\/revisions"}],"wp:featuredmedia":[{"embeddable":true,"href":"https:\/\/innocentiemangonipiante.it\/es\/wp-json\/wp\/v2\/media\/9421"}],"wp:attachment":[{"href":"https:\/\/innocentiemangonipiante.it\/es\/wp-json\/wp\/v2\/media?parent=9094"}],"curies":[{"name":"wp","href":"https:\/\/api.w.org\/{rel}","templated":true}]}}