{"id":15699,"date":"2023-11-03T23:04:46","date_gmt":"2023-11-03T22:04:46","guid":{"rendered":"http:\/\/innocentiemangonipiante.it\/abies-nordmanniana\/"},"modified":"2023-11-08T15:27:33","modified_gmt":"2023-11-08T14:27:33","slug":"abies-nordmanniana","status":"publish","type":"product","link":"https:\/\/innocentiemangonipiante.it\/es\/abies-nordmanniana\/","title":{"rendered":"ABIES nordmanniana"},"content":{"rendered":"<p>Porte c\u00f3nico. Follaje espeso, l\u00facido, de color verde intenso en la parte superior y blanco opaco debajo. Agujas de 2-3 cm. Muy bonita reacci\u00f3n al transplante. Suporta bien la sequ\u00eda y puede ser plantado en altitud. Crecimiento lento.<\/p>\n","protected":false},"excerpt":{"rendered":"<p>Porte c\u00f3nico. Follaje espeso, l\u00facido, de color verde intenso en la parte superior y blanco opaco debajo. Agujas de 2-3 cm. Muy bonita reacci\u00f3n al transplante. Suporta bien la sequ\u00eda y puede ser plantado en altitud. Crecimiento lento.<\/p>\n","protected":false},"featured_media":70,"template":"","meta":{"_acf_changed":false},"product_brand":[],"product_cat":[8826],"product_tag":[10899],"class_list":{"0":"post-15699","1":"product","2":"type-product","3":"status-publish","4":"has-post-thumbnail","6":"product_cat-coniferas","7":"product_tag-natural-es","8":"pa_altezza-massima-20-metros","9":"pa_altezza-massima-30-metros","10":"pa_condizionamento-clt-es","11":"pa_condizionamento-placa","12":"pa_condizionamento-vs-es","13":"pa_famiglia-pinaceae-es","14":"pa_genere-abies-es","15":"pa_origine-caucaso-es","16":"pa_portamento-conico-es","17":"pa_resistenza-climatica-muy-elevada","18":"pa_resistenza-del-suolo-resistente-a-la-humedad","19":"pa_resistenza-del-suolo-resistente-a-los-suelos-secos","20":"pa_utilizzo-parques","22":"first","23":"instock","24":"purchasable","25":"product-type-simple"},"acf":[],"_links":{"self":[{"href":"https:\/\/innocentiemangonipiante.it\/es\/wp-json\/wp\/v2\/product\/15699","targetHints":{"allow":["GET"]}}],"collection":[{"href":"https:\/\/innocentiemangonipiante.it\/es\/wp-json\/wp\/v2\/product"}],"about":[{"href":"https:\/\/innocentiemangonipiante.it\/es\/wp-json\/wp\/v2\/types\/product"}],"wp:featuredmedia":[{"embeddable":true,"href":"https:\/\/innocentiemangonipiante.it\/es\/wp-json\/wp\/v2\/media\/70"}],"wp:attachment":[{"href":"https:\/\/innocentiemangonipiante.it\/es\/wp-json\/wp\/v2\/media?parent=15699"}],"wp:term":[{"taxonomy":"product_brand","embeddable":true,"href":"https:\/\/innocentiemangonipiante.it\/es\/wp-json\/wp\/v2\/product_brand?post=15699"},{"taxonomy":"product_cat","embeddable":true,"href":"https:\/\/innocentiemangonipiante.it\/es\/wp-json\/wp\/v2\/product_cat?post=15699"},{"taxonomy":"product_tag","embeddable":true,"href":"https:\/\/innocentiemangonipiante.it\/es\/wp-json\/wp\/v2\/product_tag?post=15699"}],"curies":[{"name":"wp","href":"https:\/\/api.w.org\/{rel}","templated":true}]}}