{"id":15701,"date":"2023-11-03T23:04:29","date_gmt":"2023-11-03T22:04:29","guid":{"rendered":"http:\/\/innocentiemangonipiante.it\/abies-koreana\/"},"modified":"2023-11-08T15:27:24","modified_gmt":"2023-11-08T14:27:24","slug":"abies-koreana","status":"publish","type":"product","link":"https:\/\/innocentiemangonipiante.it\/es\/abies-koreana\/","title":{"rendered":"ABIES koreana"},"content":{"rendered":"<p>Con\u00edfera de porte c\u00f3nico con hojas verde oscuro luciente, plateadas en la p\u00e1gina inferior. En joven edad produce conos cil\u00edndricos de color azul viola hasta 7 cm de longitud.<\/p>\n","protected":false},"excerpt":{"rendered":"<p>Con\u00edfera de porte c\u00f3nico con hojas verde oscuro luciente, plateadas en la p\u00e1gina inferior. En joven edad produce conos cil\u00edndricos de color azul viola hasta 7 cm de longitud.<\/p>\n","protected":false},"featured_media":9833,"template":"","meta":{"_acf_changed":false},"product_brand":[],"product_cat":[8826],"product_tag":[10899],"class_list":{"0":"post-15701","1":"product","2":"type-product","3":"status-publish","4":"has-post-thumbnail","6":"product_cat-coniferas","7":"product_tag-natural-es","8":"pa_altezza-massima-500-es","9":"pa_altezza-massima-1000-es-2","10":"pa_famiglia-pinaceae-es","11":"pa_genere-abies-es","12":"pa_inquinamento-resistente-al-smog","13":"pa_origine-asia-oriental","14":"pa_portamento-conico-es","15":"pa_resistenza-climatica-muy-elevada","16":"pa_resistenza-del-suolo-resistente-a-la-humedad","17":"pa_utilizzo-parques","19":"first","20":"instock","21":"purchasable","22":"product-type-simple"},"acf":[],"_links":{"self":[{"href":"https:\/\/innocentiemangonipiante.it\/es\/wp-json\/wp\/v2\/product\/15701","targetHints":{"allow":["GET"]}}],"collection":[{"href":"https:\/\/innocentiemangonipiante.it\/es\/wp-json\/wp\/v2\/product"}],"about":[{"href":"https:\/\/innocentiemangonipiante.it\/es\/wp-json\/wp\/v2\/types\/product"}],"wp:featuredmedia":[{"embeddable":true,"href":"https:\/\/innocentiemangonipiante.it\/es\/wp-json\/wp\/v2\/media\/9833"}],"wp:attachment":[{"href":"https:\/\/innocentiemangonipiante.it\/es\/wp-json\/wp\/v2\/media?parent=15701"}],"wp:term":[{"taxonomy":"product_brand","embeddable":true,"href":"https:\/\/innocentiemangonipiante.it\/es\/wp-json\/wp\/v2\/product_brand?post=15701"},{"taxonomy":"product_cat","embeddable":true,"href":"https:\/\/innocentiemangonipiante.it\/es\/wp-json\/wp\/v2\/product_cat?post=15701"},{"taxonomy":"product_tag","embeddable":true,"href":"https:\/\/innocentiemangonipiante.it\/es\/wp-json\/wp\/v2\/product_tag?post=15701"}],"curies":[{"name":"wp","href":"https:\/\/api.w.org\/{rel}","templated":true}]}}