{"id":15703,"date":"2023-11-03T23:05:17","date_gmt":"2023-11-03T22:05:17","guid":{"rendered":"http:\/\/innocentiemangonipiante.it\/abies-pinsapo\/"},"modified":"2023-11-08T15:27:52","modified_gmt":"2023-11-08T14:27:52","slug":"abies-pinsapo","status":"publish","type":"product","link":"https:\/\/innocentiemangonipiante.it\/es\/abies-pinsapo\/","title":{"rendered":"ABIES pinsapo"},"content":{"rendered":"<p>Grande con\u00edfera de porte c\u00f3nico. Las agujas son cortas, espesas y r\u00edgidas y de un color que tira a verde-gris. Suporta bien el calor fuerte y la sequ\u00eda.<\/p>\n","protected":false},"excerpt":{"rendered":"<p>Grande con\u00edfera de porte c\u00f3nico. Las agujas son cortas, espesas y r\u00edgidas y de un color que tira a verde-gris. Suporta bien el calor fuerte y la sequ\u00eda.<\/p>\n","protected":false},"featured_media":94,"template":"","meta":{"_acf_changed":false},"product_brand":[],"product_cat":[8826],"product_tag":[10899],"class_list":{"0":"post-15703","1":"product","2":"type-product","3":"status-publish","4":"has-post-thumbnail","6":"product_cat-coniferas","7":"product_tag-natural-es","8":"pa_altezza-massima-15-metros","9":"pa_altezza-massima-20-metros","10":"pa_condizionamento-clt-es","11":"pa_condizionamento-placa","12":"pa_famiglia-pinaceae-es","13":"pa_genere-abies-es","14":"pa_origine-espana","15":"pa_portamento-conico-es","16":"pa_resistenza-climatica-muy-elevada","17":"pa_resistenza-del-suolo-resistente-a-la-humedad","18":"pa_resistenza-del-suolo-resistente-a-los-suelos-calcareos","19":"pa_resistenza-del-suolo-resistente-a-los-suelos-secos","20":"pa_utilizzo-parques","22":"first","23":"instock","24":"purchasable","25":"product-type-simple"},"acf":[],"_links":{"self":[{"href":"https:\/\/innocentiemangonipiante.it\/es\/wp-json\/wp\/v2\/product\/15703","targetHints":{"allow":["GET"]}}],"collection":[{"href":"https:\/\/innocentiemangonipiante.it\/es\/wp-json\/wp\/v2\/product"}],"about":[{"href":"https:\/\/innocentiemangonipiante.it\/es\/wp-json\/wp\/v2\/types\/product"}],"wp:featuredmedia":[{"embeddable":true,"href":"https:\/\/innocentiemangonipiante.it\/es\/wp-json\/wp\/v2\/media\/94"}],"wp:attachment":[{"href":"https:\/\/innocentiemangonipiante.it\/es\/wp-json\/wp\/v2\/media?parent=15703"}],"wp:term":[{"taxonomy":"product_brand","embeddable":true,"href":"https:\/\/innocentiemangonipiante.it\/es\/wp-json\/wp\/v2\/product_brand?post=15703"},{"taxonomy":"product_cat","embeddable":true,"href":"https:\/\/innocentiemangonipiante.it\/es\/wp-json\/wp\/v2\/product_cat?post=15703"},{"taxonomy":"product_tag","embeddable":true,"href":"https:\/\/innocentiemangonipiante.it\/es\/wp-json\/wp\/v2\/product_tag?post=15703"}],"curies":[{"name":"wp","href":"https:\/\/api.w.org\/{rel}","templated":true}]}}