{"id":15710,"date":"2023-11-03T23:06:45","date_gmt":"2023-11-03T22:06:45","guid":{"rendered":"http:\/\/innocentiemangonipiante.it\/acacia-semperflorens\/"},"modified":"2023-11-08T15:28:59","modified_gmt":"2023-11-08T14:28:59","slug":"acacia-semperflorens","status":"publish","type":"product","link":"https:\/\/innocentiemangonipiante.it\/es\/acacia-semperflorens\/","title":{"rendered":"ACACIA semperflorens"},"content":{"rendered":"<p>Arbusto grande o \u00e1rbol peque\u00f1o, perennifolio, de color verde que tira al azul. Florece durante todo el a\u00f1o.<\/p>\n","protected":false},"excerpt":{"rendered":"<p>Arbusto grande o \u00e1rbol peque\u00f1o, perennifolio, de color verde que tira al azul. Florece durante todo el a\u00f1o.<\/p>\n","protected":false},"featured_media":149,"template":"","meta":{"_acf_changed":false},"product_brand":[],"product_cat":[8815],"product_tag":[10899],"class_list":{"0":"post-15710","1":"product","2":"type-product","3":"status-publish","4":"has-post-thumbnail","6":"product_cat-arboles-y-arbustos-persistentes","7":"product_tag-natural-es","8":"pa_altezza-massima-500-es","9":"pa_altezza-massima-800-es","10":"pa_colore-delle-foglie-azul","11":"pa_colore-fioritura-amarillo","12":"pa_condizionamento-clt-es","13":"pa_famiglia-leguminosae-es","14":"pa_genere-acacia-es","15":"pa_origine-australia-es","16":"pa_periodo-fioritura-abril","17":"pa_periodo-fioritura-agosto-es","18":"pa_periodo-fioritura-diciembre","19":"pa_periodo-fioritura-enero","20":"pa_periodo-fioritura-febrero","21":"pa_periodo-fioritura-julio","22":"pa_periodo-fioritura-junio","23":"pa_periodo-fioritura-marzo-es","24":"pa_periodo-fioritura-mayo","25":"pa_periodo-fioritura-noviembre","26":"pa_periodo-fioritura-octubre","27":"pa_periodo-fioritura-septiembre","28":"pa_portamento-arrotondato-es","29":"pa_profumo-delicato-es","30":"pa_resistenza-climatica-plantas-con-baja-resistencia-climatica","31":"pa_resistenza-del-suolo-resistente-a-los-suelos-calcareos","32":"pa_salinita-resistente-alla-salsedine-es","33":"pa_utilizzo-parques","34":"pa_utilizzo-pequenos-jardines","36":"first","37":"instock","38":"purchasable","39":"product-type-simple"},"acf":[],"_links":{"self":[{"href":"https:\/\/innocentiemangonipiante.it\/es\/wp-json\/wp\/v2\/product\/15710","targetHints":{"allow":["GET"]}}],"collection":[{"href":"https:\/\/innocentiemangonipiante.it\/es\/wp-json\/wp\/v2\/product"}],"about":[{"href":"https:\/\/innocentiemangonipiante.it\/es\/wp-json\/wp\/v2\/types\/product"}],"wp:featuredmedia":[{"embeddable":true,"href":"https:\/\/innocentiemangonipiante.it\/es\/wp-json\/wp\/v2\/media\/149"}],"wp:attachment":[{"href":"https:\/\/innocentiemangonipiante.it\/es\/wp-json\/wp\/v2\/media?parent=15710"}],"wp:term":[{"taxonomy":"product_brand","embeddable":true,"href":"https:\/\/innocentiemangonipiante.it\/es\/wp-json\/wp\/v2\/product_brand?post=15710"},{"taxonomy":"product_cat","embeddable":true,"href":"https:\/\/innocentiemangonipiante.it\/es\/wp-json\/wp\/v2\/product_cat?post=15710"},{"taxonomy":"product_tag","embeddable":true,"href":"https:\/\/innocentiemangonipiante.it\/es\/wp-json\/wp\/v2\/product_tag?post=15710"}],"curies":[{"name":"wp","href":"https:\/\/api.w.org\/{rel}","templated":true}]}}