{"id":15724,"date":"2023-11-03T23:16:13","date_gmt":"2023-11-03T22:16:13","guid":{"rendered":"http:\/\/innocentiemangonipiante.it\/acer-platanoides-faassens-black\/"},"modified":"2023-11-08T18:21:02","modified_gmt":"2023-11-08T17:21:02","slug":"acer-platanoides-faassens-black","status":"publish","type":"product","link":"https:\/\/innocentiemangonipiante.it\/es\/acer-platanoides-faassens-black\/","title":{"rendered":"ACER platanoides &#8216;Faassen&#8217;s Black&#8217;"},"content":{"rendered":"<p>Parecido a Acer platanoides \u2018Crimson King\u2019 pero con hojas rojo p\u00farpura m\u00e1s oscuro, arrolladas sobre los m\u00e1rgenes, que vuelven rojo vivo en oto\u00f1o.<\/p>\n","protected":false},"excerpt":{"rendered":"<p>Parecido a Acer platanoides \u2018Crimson King\u2019 pero con hojas rojo p\u00farpura m\u00e1s oscuro, arrolladas sobre los m\u00e1rgenes, que vuelven rojo vivo en oto\u00f1o.<\/p>\n","protected":false},"featured_media":358,"template":"","meta":{"_acf_changed":false},"product_brand":[],"product_cat":[8814],"product_tag":[10899],"class_list":{"0":"post-15724","1":"product","2":"type-product","3":"status-publish","4":"has-post-thumbnail","6":"product_cat-arboles-y-arbustos-de-hoja-caduca","7":"product_tag-natural-es","8":"pa_altezza-massima-20-metros","9":"pa_altezza-massima-25-metros","10":"pa_colore-delle-foglie-rojas","11":"pa_famiglia-aceraceae-es","12":"pa_genere-acer-es","13":"pa_inquinamento-resistente-al-smog","14":"pa_origine-holanda","15":"pa_portamento-arrotondato-es","16":"pa_resistenza-climatica-muy-elevada","17":"pa_resistenza-del-suolo-resistente-a-la-humedad","18":"pa_resistenza-del-suolo-resistente-a-los-suelos-calcareos","19":"pa_salinita-resistente-alla-salsedine-es","20":"pa_utilizzo-avenidas","21":"pa_utilizzo-parques","23":"first","24":"instock","25":"purchasable","26":"product-type-simple"},"acf":[],"_links":{"self":[{"href":"https:\/\/innocentiemangonipiante.it\/es\/wp-json\/wp\/v2\/product\/15724","targetHints":{"allow":["GET"]}}],"collection":[{"href":"https:\/\/innocentiemangonipiante.it\/es\/wp-json\/wp\/v2\/product"}],"about":[{"href":"https:\/\/innocentiemangonipiante.it\/es\/wp-json\/wp\/v2\/types\/product"}],"wp:featuredmedia":[{"embeddable":true,"href":"https:\/\/innocentiemangonipiante.it\/es\/wp-json\/wp\/v2\/media\/358"}],"wp:attachment":[{"href":"https:\/\/innocentiemangonipiante.it\/es\/wp-json\/wp\/v2\/media?parent=15724"}],"wp:term":[{"taxonomy":"product_brand","embeddable":true,"href":"https:\/\/innocentiemangonipiante.it\/es\/wp-json\/wp\/v2\/product_brand?post=15724"},{"taxonomy":"product_cat","embeddable":true,"href":"https:\/\/innocentiemangonipiante.it\/es\/wp-json\/wp\/v2\/product_cat?post=15724"},{"taxonomy":"product_tag","embeddable":true,"href":"https:\/\/innocentiemangonipiante.it\/es\/wp-json\/wp\/v2\/product_tag?post=15724"}],"curies":[{"name":"wp","href":"https:\/\/api.w.org\/{rel}","templated":true}]}}