{"id":15730,"date":"2023-11-03T23:15:41","date_gmt":"2023-11-03T22:15:41","guid":{"rendered":"http:\/\/innocentiemangonipiante.it\/acer-platanoides-crimson-king\/"},"modified":"2023-11-08T18:20:35","modified_gmt":"2023-11-08T17:20:35","slug":"acer-platanoides-crimson-king","status":"publish","type":"product","link":"https:\/\/innocentiemangonipiante.it\/es\/acer-platanoides-crimson-king\/","title":{"rendered":"ACER platanoides &#8216;Crimson King&#8217;"},"content":{"rendered":"<p>\u00c1rbol caduco de porte redondeado. Vigoroso. Las hojas son grandes, de 3 a 5 l\u00f3bulos, de color rojo p\u00farpura muy oscuro. Produce flores amarillas difuminadas de rojo en abril-mayo.<\/p>\n","protected":false},"excerpt":{"rendered":"<p>\u00c1rbol caduco de porte redondeado. Vigoroso. Las hojas son grandes, de 3 a 5 l\u00f3bulos, de color rojo p\u00farpura muy oscuro. Produce flores amarillas difuminadas de rojo en abril-mayo.<\/p>\n","protected":false},"featured_media":338,"template":"","meta":{"_acf_changed":false},"product_brand":[],"product_cat":[8814],"product_tag":[10899],"class_list":{"0":"post-15730","1":"product","2":"type-product","3":"status-publish","4":"has-post-thumbnail","6":"product_cat-arboles-y-arbustos-de-hoja-caduca","7":"product_tag-natural-es","8":"pa_altezza-massima-20-metros","9":"pa_altezza-massima-25-metros","10":"pa_colore-delle-foglie-rojas","11":"pa_colore-fioritura-amarillo","12":"pa_famiglia-aceraceae-es","13":"pa_genere-acer-es","14":"pa_inquinamento-resistente-al-smog","15":"pa_origine-origine-delle-piante-u-s-a-es","16":"pa_periodo-fioritura-abril","17":"pa_periodo-fioritura-mayo","18":"pa_portamento-arrotondato-es","19":"pa_resistenza-climatica-muy-elevada","20":"pa_resistenza-del-suolo-resistente-a-la-humedad","21":"pa_resistenza-del-suolo-resistente-a-los-suelos-calcareos","22":"pa_salinita-resistente-alla-salsedine-es","23":"pa_utilizzo-avenidas","24":"pa_utilizzo-parques","26":"first","27":"instock","28":"purchasable","29":"product-type-simple"},"acf":[],"_links":{"self":[{"href":"https:\/\/innocentiemangonipiante.it\/es\/wp-json\/wp\/v2\/product\/15730","targetHints":{"allow":["GET"]}}],"collection":[{"href":"https:\/\/innocentiemangonipiante.it\/es\/wp-json\/wp\/v2\/product"}],"about":[{"href":"https:\/\/innocentiemangonipiante.it\/es\/wp-json\/wp\/v2\/types\/product"}],"wp:featuredmedia":[{"embeddable":true,"href":"https:\/\/innocentiemangonipiante.it\/es\/wp-json\/wp\/v2\/media\/338"}],"wp:attachment":[{"href":"https:\/\/innocentiemangonipiante.it\/es\/wp-json\/wp\/v2\/media?parent=15730"}],"wp:term":[{"taxonomy":"product_brand","embeddable":true,"href":"https:\/\/innocentiemangonipiante.it\/es\/wp-json\/wp\/v2\/product_brand?post=15730"},{"taxonomy":"product_cat","embeddable":true,"href":"https:\/\/innocentiemangonipiante.it\/es\/wp-json\/wp\/v2\/product_cat?post=15730"},{"taxonomy":"product_tag","embeddable":true,"href":"https:\/\/innocentiemangonipiante.it\/es\/wp-json\/wp\/v2\/product_tag?post=15730"}],"curies":[{"name":"wp","href":"https:\/\/api.w.org\/{rel}","templated":true}]}}