{"id":15739,"date":"2023-11-03T23:11:32","date_gmt":"2023-11-03T22:11:32","guid":{"rendered":"http:\/\/innocentiemangonipiante.it\/acer-palmatum-dissectum-inaba-shidare\/"},"modified":"2023-11-08T15:44:49","modified_gmt":"2023-11-08T14:44:49","slug":"acer-palmatum-dissectum-inaba-shidare","status":"publish","type":"product","link":"https:\/\/innocentiemangonipiante.it\/es\/acer-palmatum-dissectum-inaba-shidare\/","title":{"rendered":"ACER palmatum &#8216;Dissectum Inaba Shidare&#8217;"},"content":{"rendered":"<p>El crecimiento es m\u00e1s erecto que su especie, pero tambi\u00e9n colgante. Las hojas rojo purpura tienen esto color tambien en verano. El color oto\u00f1al es rojo Crimson.<\/p>\n","protected":false},"excerpt":{"rendered":"<p>El crecimiento es m\u00e1s erecto que su especie, pero tambi\u00e9n colgante. Las hojas rojo purpura tienen esto color tambien en verano. El color oto\u00f1al es rojo Crimson.<\/p>\n","protected":false},"featured_media":274,"template":"","meta":{"_acf_changed":false},"product_brand":[],"product_cat":[8814],"product_tag":[10899,8566,10903,8402],"class_list":{"0":"post-15739","1":"product","2":"type-product","3":"status-publish","4":"has-post-thumbnail","6":"product_cat-arboles-y-arbustos-de-hoja-caduca","7":"product_tag-natural-es","8":"product_tag-medio-tallo","9":"product_tag-recepado","10":"product_tag-tallo-alto","11":"pa_altezza-massima-200-es","12":"pa_altezza-massima-300-es","13":"pa_colore-delle-foglie-rojas","14":"pa_condizionamento-caja-de-madera","15":"pa_condizionamento-clt-es","16":"pa_condizionamento-florero-cuadrado","17":"pa_condizionamento-vs-es","18":"pa_famiglia-aceraceae-es","19":"pa_genere-acer-es","20":"pa_origine-asia-oriental","21":"pa_portamento-piangente-es","22":"pa_resistenza-climatica-muy-elevada","23":"pa_utilizzo-pequenos-jardines","25":"first","26":"instock","27":"purchasable","28":"product-type-simple"},"acf":[],"_links":{"self":[{"href":"https:\/\/innocentiemangonipiante.it\/es\/wp-json\/wp\/v2\/product\/15739","targetHints":{"allow":["GET"]}}],"collection":[{"href":"https:\/\/innocentiemangonipiante.it\/es\/wp-json\/wp\/v2\/product"}],"about":[{"href":"https:\/\/innocentiemangonipiante.it\/es\/wp-json\/wp\/v2\/types\/product"}],"wp:featuredmedia":[{"embeddable":true,"href":"https:\/\/innocentiemangonipiante.it\/es\/wp-json\/wp\/v2\/media\/274"}],"wp:attachment":[{"href":"https:\/\/innocentiemangonipiante.it\/es\/wp-json\/wp\/v2\/media?parent=15739"}],"wp:term":[{"taxonomy":"product_brand","embeddable":true,"href":"https:\/\/innocentiemangonipiante.it\/es\/wp-json\/wp\/v2\/product_brand?post=15739"},{"taxonomy":"product_cat","embeddable":true,"href":"https:\/\/innocentiemangonipiante.it\/es\/wp-json\/wp\/v2\/product_cat?post=15739"},{"taxonomy":"product_tag","embeddable":true,"href":"https:\/\/innocentiemangonipiante.it\/es\/wp-json\/wp\/v2\/product_tag?post=15739"}],"curies":[{"name":"wp","href":"https:\/\/api.w.org\/{rel}","templated":true}]}}