{"id":15742,"date":"2023-11-03T23:11:12","date_gmt":"2023-11-03T22:11:12","guid":{"rendered":"http:\/\/innocentiemangonipiante.it\/acer-palmatum-dissectum-atropurpureum\/"},"modified":"2023-11-08T15:35:13","modified_gmt":"2023-11-08T14:35:13","slug":"acer-palmatum-dissectum-atropurpureum","status":"publish","type":"product","link":"https:\/\/innocentiemangonipiante.it\/es\/acer-palmatum-dissectum-atropurpureum\/","title":{"rendered":"ACER palmatum &#8216;Dissectum Atropurpureum&#8217;"},"content":{"rendered":"<p>Porte redondeado, crecimiento lento, hojas de 7 a 11 l\u00f3bulos muy recortadas de color verde-rojo que varia a rojo-p\u00farpura en oto\u00f1o.<\/p>\n","protected":false},"excerpt":{"rendered":"<p>Porte redondeado, crecimiento lento, hojas de 7 a 11 l\u00f3bulos muy recortadas de color verde-rojo que varia a rojo-p\u00farpura en oto\u00f1o.<\/p>\n","protected":false},"featured_media":262,"template":"","meta":{"_acf_changed":false},"product_brand":[],"product_cat":[8814],"product_tag":[10899,8737,8566,10903,8402],"class_list":{"0":"post-15742","1":"product","2":"type-product","3":"status-publish","4":"has-post-thumbnail","6":"product_cat-arboles-y-arbustos-de-hoja-caduca","7":"product_tag-natural-es","8":"product_tag-cuarto-de-tallo","9":"product_tag-medio-tallo","10":"product_tag-recepado","11":"product_tag-tallo-alto","12":"pa_altezza-massima-200-es","13":"pa_altezza-massima-300-es","14":"pa_colore-delle-foglie-variegadas","15":"pa_condizionamento-bol","16":"pa_condizionamento-caja-de-madera","17":"pa_condizionamento-clt-es","18":"pa_condizionamento-florero-cuadrado","19":"pa_famiglia-aceraceae-es","20":"pa_genere-acer-es","21":"pa_origine-asia-oriental","22":"pa_portamento-piangente-es","23":"pa_resistenza-climatica-muy-elevada","24":"pa_utilizzo-pequenos-jardines","26":"first","27":"instock","28":"purchasable","29":"product-type-simple"},"acf":[],"_links":{"self":[{"href":"https:\/\/innocentiemangonipiante.it\/es\/wp-json\/wp\/v2\/product\/15742","targetHints":{"allow":["GET"]}}],"collection":[{"href":"https:\/\/innocentiemangonipiante.it\/es\/wp-json\/wp\/v2\/product"}],"about":[{"href":"https:\/\/innocentiemangonipiante.it\/es\/wp-json\/wp\/v2\/types\/product"}],"wp:featuredmedia":[{"embeddable":true,"href":"https:\/\/innocentiemangonipiante.it\/es\/wp-json\/wp\/v2\/media\/262"}],"wp:attachment":[{"href":"https:\/\/innocentiemangonipiante.it\/es\/wp-json\/wp\/v2\/media?parent=15742"}],"wp:term":[{"taxonomy":"product_brand","embeddable":true,"href":"https:\/\/innocentiemangonipiante.it\/es\/wp-json\/wp\/v2\/product_brand?post=15742"},{"taxonomy":"product_cat","embeddable":true,"href":"https:\/\/innocentiemangonipiante.it\/es\/wp-json\/wp\/v2\/product_cat?post=15742"},{"taxonomy":"product_tag","embeddable":true,"href":"https:\/\/innocentiemangonipiante.it\/es\/wp-json\/wp\/v2\/product_tag?post=15742"}],"curies":[{"name":"wp","href":"https:\/\/api.w.org\/{rel}","templated":true}]}}