{"id":15744,"date":"2023-11-03T23:10:41","date_gmt":"2023-11-03T22:10:41","guid":{"rendered":"http:\/\/innocentiemangonipiante.it\/acer-palmatum-bloodgood\/"},"modified":"2023-11-08T15:34:46","modified_gmt":"2023-11-08T14:34:46","slug":"acer-palmatum-bloodgood","status":"publish","type":"product","link":"https:\/\/innocentiemangonipiante.it\/es\/acer-palmatum-bloodgood\/","title":{"rendered":"ACER palmatum &#8216;Bloodgood&#8217;"},"content":{"rendered":"<p>Hojas de 5 l\u00f3bulos de color rojo p\u00farpura oscuro que se convierte en rojo vivo en ot\u00f5no. Exposici\u00f3n: de soleada a semi-sombra.<\/p>\n","protected":false},"excerpt":{"rendered":"<p>Hojas de 5 l\u00f3bulos de color rojo p\u00farpura oscuro que se convierte en rojo vivo en ot\u00f5no. Exposici\u00f3n: de soleada a semi-sombra.<\/p>\n","protected":false},"featured_media":244,"template":"","meta":{"_acf_changed":false},"product_brand":[],"product_cat":[8814],"product_tag":[10899,8402],"class_list":{"0":"post-15744","1":"product","2":"type-product","3":"status-publish","4":"has-post-thumbnail","6":"product_cat-arboles-y-arbustos-de-hoja-caduca","7":"product_tag-natural-es","8":"product_tag-tallo-alto","9":"pa_altezza-massima-400-es","10":"pa_altezza-massima-600-es","11":"pa_colore-delle-foglie-rojas","12":"pa_condizionamento-bol","13":"pa_condizionamento-clt-es","14":"pa_condizionamento-vs-es","15":"pa_famiglia-aceraceae-es","16":"pa_genere-acer-es","17":"pa_origine-asia-oriental","18":"pa_portamento-arrotondato-es","19":"pa_resistenza-climatica-muy-elevada","20":"pa_utilizzo-pequenos-jardines","22":"first","23":"instock","24":"purchasable","25":"product-type-simple"},"acf":[],"_links":{"self":[{"href":"https:\/\/innocentiemangonipiante.it\/es\/wp-json\/wp\/v2\/product\/15744","targetHints":{"allow":["GET"]}}],"collection":[{"href":"https:\/\/innocentiemangonipiante.it\/es\/wp-json\/wp\/v2\/product"}],"about":[{"href":"https:\/\/innocentiemangonipiante.it\/es\/wp-json\/wp\/v2\/types\/product"}],"wp:featuredmedia":[{"embeddable":true,"href":"https:\/\/innocentiemangonipiante.it\/es\/wp-json\/wp\/v2\/media\/244"}],"wp:attachment":[{"href":"https:\/\/innocentiemangonipiante.it\/es\/wp-json\/wp\/v2\/media?parent=15744"}],"wp:term":[{"taxonomy":"product_brand","embeddable":true,"href":"https:\/\/innocentiemangonipiante.it\/es\/wp-json\/wp\/v2\/product_brand?post=15744"},{"taxonomy":"product_cat","embeddable":true,"href":"https:\/\/innocentiemangonipiante.it\/es\/wp-json\/wp\/v2\/product_cat?post=15744"},{"taxonomy":"product_tag","embeddable":true,"href":"https:\/\/innocentiemangonipiante.it\/es\/wp-json\/wp\/v2\/product_tag?post=15744"}],"curies":[{"name":"wp","href":"https:\/\/api.w.org\/{rel}","templated":true}]}}