{"id":15749,"date":"2023-11-03T23:09:29","date_gmt":"2023-11-03T22:09:29","guid":{"rendered":"http:\/\/innocentiemangonipiante.it\/acer-negundo\/"},"modified":"2023-11-08T15:33:43","modified_gmt":"2023-11-08T14:33:43","slug":"acer-negundo","status":"publish","type":"product","link":"https:\/\/innocentiemangonipiante.it\/es\/acer-negundo\/","title":{"rendered":"ACER negundo"},"content":{"rendered":"<p>\u00c1rbol caduco, crecimiento r\u00e1pido, hojas pinnadas de color verde vivo que se convierten en amarillas en ot\u00f5no. Exposici\u00f3n soleada.<\/p>\n","protected":false},"excerpt":{"rendered":"<p>\u00c1rbol caduco, crecimiento r\u00e1pido, hojas pinnadas de color verde vivo que se convierten en amarillas en ot\u00f5no. Exposici\u00f3n soleada.<\/p>\n","protected":false},"featured_media":206,"template":"","meta":{"_acf_changed":false},"product_brand":[],"product_cat":[8814],"product_tag":[10899,8402],"class_list":{"0":"post-15749","1":"product","2":"type-product","3":"status-publish","4":"has-post-thumbnail","6":"product_cat-arboles-y-arbustos-de-hoja-caduca","7":"product_tag-natural-es","8":"product_tag-tallo-alto","9":"pa_altezza-massima-15-metros","10":"pa_altezza-massima-20-metros","11":"pa_condizionamento-clt-es","12":"pa_condizionamento-placa","13":"pa_famiglia-aceraceae-es","14":"pa_genere-acer-es","15":"pa_inquinamento-resistente-al-smog","16":"pa_origine-origine-delle-piante-u-s-a-es","17":"pa_portamento-de-columna-es","18":"pa_resistenza-climatica-muy-elevada","19":"pa_resistenza-del-suolo-resistente-a-la-humedad","20":"pa_resistenza-del-suolo-resistente-a-los-suelos-calcareos","21":"pa_salinita-resistente-alla-salsedine-es","22":"pa_utilizzo-parques","23":"pa_utilizzo-setos","25":"first","26":"instock","27":"purchasable","28":"product-type-simple"},"acf":[],"_links":{"self":[{"href":"https:\/\/innocentiemangonipiante.it\/es\/wp-json\/wp\/v2\/product\/15749","targetHints":{"allow":["GET"]}}],"collection":[{"href":"https:\/\/innocentiemangonipiante.it\/es\/wp-json\/wp\/v2\/product"}],"about":[{"href":"https:\/\/innocentiemangonipiante.it\/es\/wp-json\/wp\/v2\/types\/product"}],"wp:featuredmedia":[{"embeddable":true,"href":"https:\/\/innocentiemangonipiante.it\/es\/wp-json\/wp\/v2\/media\/206"}],"wp:attachment":[{"href":"https:\/\/innocentiemangonipiante.it\/es\/wp-json\/wp\/v2\/media?parent=15749"}],"wp:term":[{"taxonomy":"product_brand","embeddable":true,"href":"https:\/\/innocentiemangonipiante.it\/es\/wp-json\/wp\/v2\/product_brand?post=15749"},{"taxonomy":"product_cat","embeddable":true,"href":"https:\/\/innocentiemangonipiante.it\/es\/wp-json\/wp\/v2\/product_cat?post=15749"},{"taxonomy":"product_tag","embeddable":true,"href":"https:\/\/innocentiemangonipiante.it\/es\/wp-json\/wp\/v2\/product_tag?post=15749"}],"curies":[{"name":"wp","href":"https:\/\/api.w.org\/{rel}","templated":true}]}}