{"id":15750,"date":"2023-11-03T23:09:24","date_gmt":"2023-11-03T22:09:24","guid":{"rendered":"http:\/\/innocentiemangonipiante.it\/acer-monspessulanum\/"},"modified":"2023-11-08T15:33:37","modified_gmt":"2023-11-08T14:33:37","slug":"acer-monspessulanum","status":"publish","type":"product","link":"https:\/\/innocentiemangonipiante.it\/es\/acer-monspessulanum\/","title":{"rendered":"ACER monspessulanum"},"content":{"rendered":"<p>Peque\u00f1o \u00e1rbol caduco de porte redondeado. Las hojas, son cori\u00e1ceas, brillantes, de color verde oscuro, largas de 3-5 cm con 3 l\u00f3bulos redondeados que se ti\u00f1en de amarillo oro en oto\u00f1o.<\/p>\n","protected":false},"excerpt":{"rendered":"<p>Peque\u00f1o \u00e1rbol caduco de porte redondeado. Las hojas, son cori\u00e1ceas, brillantes, de color verde oscuro, largas de 3-5 cm con 3 l\u00f3bulos redondeados que se ti\u00f1en de amarillo oro en oto\u00f1o.<\/p>\n","protected":false},"featured_media":200,"template":"","meta":{"_acf_changed":false},"product_brand":[],"product_cat":[8814,9232],"product_tag":[10899,8598,8402],"class_list":{"0":"post-15750","1":"product","2":"type-product","3":"status-publish","4":"has-post-thumbnail","6":"product_cat-arboles-y-arbustos-de-hoja-caduca","7":"product_cat-arboles-y-plantas-del-futuro","8":"product_tag-natural-es","9":"product_tag-multitronco-es-2","10":"product_tag-tallo-alto","11":"pa_altezza-massima-800-es","12":"pa_altezza-massima-1000-es-2","13":"pa_condizionamento-clt-es","14":"pa_condizionamento-placa","15":"pa_famiglia-aceraceae-es","16":"pa_genere-acer-es","17":"pa_origine-francia","18":"pa_portamento-arrotondato-es","19":"pa_resistenza-climatica-media-elevada","20":"pa_resistenza-del-suolo-resistente-a-los-suelos-calcareos","21":"pa_resistenza-del-suolo-resistente-a-los-suelos-pobres","22":"pa_resistenza-del-suolo-resistente-a-los-suelos-secos","23":"pa_salinita-resistente-alla-salsedine-es","24":"pa_utilizzo-avenidas","25":"pa_utilizzo-pequenos-jardines","27":"first","28":"instock","29":"purchasable","30":"product-type-simple"},"acf":[],"_links":{"self":[{"href":"https:\/\/innocentiemangonipiante.it\/es\/wp-json\/wp\/v2\/product\/15750","targetHints":{"allow":["GET"]}}],"collection":[{"href":"https:\/\/innocentiemangonipiante.it\/es\/wp-json\/wp\/v2\/product"}],"about":[{"href":"https:\/\/innocentiemangonipiante.it\/es\/wp-json\/wp\/v2\/types\/product"}],"wp:featuredmedia":[{"embeddable":true,"href":"https:\/\/innocentiemangonipiante.it\/es\/wp-json\/wp\/v2\/media\/200"}],"wp:attachment":[{"href":"https:\/\/innocentiemangonipiante.it\/es\/wp-json\/wp\/v2\/media?parent=15750"}],"wp:term":[{"taxonomy":"product_brand","embeddable":true,"href":"https:\/\/innocentiemangonipiante.it\/es\/wp-json\/wp\/v2\/product_brand?post=15750"},{"taxonomy":"product_cat","embeddable":true,"href":"https:\/\/innocentiemangonipiante.it\/es\/wp-json\/wp\/v2\/product_cat?post=15750"},{"taxonomy":"product_tag","embeddable":true,"href":"https:\/\/innocentiemangonipiante.it\/es\/wp-json\/wp\/v2\/product_tag?post=15750"}],"curies":[{"name":"wp","href":"https:\/\/api.w.org\/{rel}","templated":true}]}}