{"id":15753,"date":"2023-11-03T23:19:29","date_gmt":"2023-11-03T22:19:29","guid":{"rendered":"http:\/\/innocentiemangonipiante.it\/acer-x-freemanii-marmo\/"},"modified":"2023-11-08T18:24:51","modified_gmt":"2023-11-08T17:24:51","slug":"acer-x-freemanii-marmo","status":"publish","type":"product","link":"https:\/\/innocentiemangonipiante.it\/es\/acer-x-freemanii-marmo\/","title":{"rendered":"ACER x freemanii &#8216;Marmo&#8217;"},"content":{"rendered":"<p>Gran \u00e1rbol con intensa coloraci\u00f3n oto\u00f1al. Ideal para alineaci\u00f3n y zonas de aparcamiento donde se requiere porte erecto y gran desarrollo.<\/p>\n","protected":false},"excerpt":{"rendered":"<p>Gran \u00e1rbol con intensa coloraci\u00f3n oto\u00f1al. Ideal para alineaci\u00f3n y zonas de aparcamiento donde se requiere porte erecto y gran desarrollo.<\/p>\n","protected":false},"featured_media":505,"template":"","meta":{"_acf_changed":false},"product_brand":[],"product_cat":[8814],"product_tag":[10899,8598,8402],"class_list":{"0":"post-15753","1":"product","2":"type-product","3":"status-publish","4":"has-post-thumbnail","6":"product_cat-arboles-y-arbustos-de-hoja-caduca","7":"product_tag-natural-es","8":"product_tag-multitronco-es-2","9":"product_tag-tallo-alto","10":"pa_altezza-massima-20-metros","11":"pa_altezza-massima-25-metros","12":"pa_condizionamento-clt-es","13":"pa_condizionamento-placa","14":"pa_famiglia-aceraceae-es","15":"pa_genere-acer-es","16":"pa_inquinamento-resistente-al-smog","17":"pa_origine-origine-delle-piante-u-s-a-es","18":"pa_portamento-de-columna-es","19":"pa_resistenza-climatica-muy-elevada","20":"pa_resistenza-del-suolo-resistente-a-la-humedad","21":"pa_resistenza-del-suolo-resistente-a-los-suelos-secos","22":"pa_utilizzo-avenidas","24":"first","25":"instock","26":"purchasable","27":"product-type-simple"},"acf":[],"_links":{"self":[{"href":"https:\/\/innocentiemangonipiante.it\/es\/wp-json\/wp\/v2\/product\/15753","targetHints":{"allow":["GET"]}}],"collection":[{"href":"https:\/\/innocentiemangonipiante.it\/es\/wp-json\/wp\/v2\/product"}],"about":[{"href":"https:\/\/innocentiemangonipiante.it\/es\/wp-json\/wp\/v2\/types\/product"}],"wp:featuredmedia":[{"embeddable":true,"href":"https:\/\/innocentiemangonipiante.it\/es\/wp-json\/wp\/v2\/media\/505"}],"wp:attachment":[{"href":"https:\/\/innocentiemangonipiante.it\/es\/wp-json\/wp\/v2\/media?parent=15753"}],"wp:term":[{"taxonomy":"product_brand","embeddable":true,"href":"https:\/\/innocentiemangonipiante.it\/es\/wp-json\/wp\/v2\/product_brand?post=15753"},{"taxonomy":"product_cat","embeddable":true,"href":"https:\/\/innocentiemangonipiante.it\/es\/wp-json\/wp\/v2\/product_cat?post=15753"},{"taxonomy":"product_tag","embeddable":true,"href":"https:\/\/innocentiemangonipiante.it\/es\/wp-json\/wp\/v2\/product_tag?post=15753"}],"curies":[{"name":"wp","href":"https:\/\/api.w.org\/{rel}","templated":true}]}}