{"id":15757,"date":"2023-11-03T23:19:07","date_gmt":"2023-11-03T22:19:07","guid":{"rendered":"http:\/\/innocentiemangonipiante.it\/acer-x-freemanii-autumn-blaze\/"},"modified":"2023-11-08T18:24:05","modified_gmt":"2023-11-08T17:24:05","slug":"acer-x-freemanii-autumn-blaze","status":"publish","type":"product","link":"https:\/\/innocentiemangonipiante.it\/es\/acer-x-freemanii-autumn-blaze\/","title":{"rendered":"ACER x freemanii &#8216;Autumn Blaze&#8217; \u00ae"},"content":{"rendered":"<p>\u00c1rbol caduco de gran desarrollo. Porte erguido. Las hojas, con 3 a 5 l\u00f3bulos (que recuerdan las de un Acer saccharinum) son de color verde brillante y se ti\u00f1en de impresionantes colores amarillo-anaranjados en oto\u00f1o.<\/p>\n","protected":false},"excerpt":{"rendered":"<p>\u00c1rbol caduco de gran desarrollo. Porte erguido. Las hojas, con 3 a 5 l\u00f3bulos (que recuerdan las de un Acer saccharinum) son de color verde brillante y se ti\u00f1en de impresionantes colores amarillo-anaranjados en oto\u00f1o.<\/p>\n","protected":false},"featured_media":487,"template":"","meta":{"_acf_changed":false},"product_brand":[],"product_cat":[8814,9232],"product_tag":[10899,8598,8402],"class_list":{"0":"post-15757","1":"product","2":"type-product","3":"status-publish","4":"has-post-thumbnail","6":"product_cat-arboles-y-arbustos-de-hoja-caduca","7":"product_cat-arboles-y-plantas-del-futuro","8":"product_tag-natural-es","9":"product_tag-multitronco-es-2","10":"product_tag-tallo-alto","11":"pa_altezza-massima-20-metros","12":"pa_altezza-massima-25-metros","13":"pa_condizionamento-clt-es","14":"pa_condizionamento-placa","15":"pa_famiglia-aceraceae-es","16":"pa_genere-acer-es","17":"pa_inquinamento-resistente-al-smog","18":"pa_origine-origine-delle-piante-u-s-a-es","19":"pa_portamento-piramidale-es","20":"pa_resistenza-climatica-muy-elevada","21":"pa_resistenza-del-suolo-resistente-a-la-humedad","22":"pa_resistenza-del-suolo-resistente-a-los-suelos-secos","23":"pa_utilizzo-parques","25":"first","26":"instock","27":"purchasable","28":"product-type-simple"},"acf":[],"_links":{"self":[{"href":"https:\/\/innocentiemangonipiante.it\/es\/wp-json\/wp\/v2\/product\/15757","targetHints":{"allow":["GET"]}}],"collection":[{"href":"https:\/\/innocentiemangonipiante.it\/es\/wp-json\/wp\/v2\/product"}],"about":[{"href":"https:\/\/innocentiemangonipiante.it\/es\/wp-json\/wp\/v2\/types\/product"}],"wp:featuredmedia":[{"embeddable":true,"href":"https:\/\/innocentiemangonipiante.it\/es\/wp-json\/wp\/v2\/media\/487"}],"wp:attachment":[{"href":"https:\/\/innocentiemangonipiante.it\/es\/wp-json\/wp\/v2\/media?parent=15757"}],"wp:term":[{"taxonomy":"product_brand","embeddable":true,"href":"https:\/\/innocentiemangonipiante.it\/es\/wp-json\/wp\/v2\/product_brand?post=15757"},{"taxonomy":"product_cat","embeddable":true,"href":"https:\/\/innocentiemangonipiante.it\/es\/wp-json\/wp\/v2\/product_cat?post=15757"},{"taxonomy":"product_tag","embeddable":true,"href":"https:\/\/innocentiemangonipiante.it\/es\/wp-json\/wp\/v2\/product_tag?post=15757"}],"curies":[{"name":"wp","href":"https:\/\/api.w.org\/{rel}","templated":true}]}}