{"id":15758,"date":"2023-11-03T23:08:02","date_gmt":"2023-11-03T22:08:02","guid":{"rendered":"http:\/\/innocentiemangonipiante.it\/acer-campestre-red-shine\/"},"modified":"2023-11-08T15:29:59","modified_gmt":"2023-11-08T14:29:59","slug":"acer-campestre-red-shine","status":"publish","type":"product","link":"https:\/\/innocentiemangonipiante.it\/es\/acer-campestre-red-shine\/","title":{"rendered":"ACER campestre &#8216;Red Shine&#8217;"},"content":{"rendered":"<p>Peque\u00f1o \u00e1rbol de forma uniforme y copa estrecha y piramidal. Lo m\u00e1s sorprendente, sin embargo, es el color de las hojas. En especial el follaje juvenil es rojo oscuro.<\/p>\n","protected":false},"excerpt":{"rendered":"<p>Peque\u00f1o \u00e1rbol de forma uniforme y copa estrecha y piramidal. Lo m\u00e1s sorprendente, sin embargo, es el color de las hojas. En especial el follaje juvenil es rojo oscuro.<\/p>\n","protected":false},"featured_media":180,"template":"","meta":{"_acf_changed":false},"product_brand":[],"product_cat":[8814],"product_tag":[10899,8598,8402],"class_list":{"0":"post-15758","1":"product","2":"type-product","3":"status-publish","4":"has-post-thumbnail","6":"product_cat-arboles-y-arbustos-de-hoja-caduca","7":"product_tag-natural-es","8":"product_tag-multitronco-es-2","9":"product_tag-tallo-alto","10":"pa_altezza-massima-1000-es-2","11":"pa_altezza-massima-15-metros","12":"pa_colore-delle-foglie-rojas","13":"pa_condizionamento-clt-es","14":"pa_condizionamento-placa","15":"pa_famiglia-aceraceae-es","16":"pa_genere-acer-es","17":"pa_inquinamento-resistente-al-smog","18":"pa_origine-norte-de-europa-es-2","19":"pa_portamento-conico-es","20":"pa_resistenza-climatica-muy-elevada","21":"pa_resistenza-del-suolo-resistente-a-los-suelos-calcareos","22":"pa_salinita-resistente-alla-salsedine-es","23":"pa_utilizzo-avenidas","24":"pa_utilizzo-parques","26":"first","27":"instock","28":"purchasable","29":"product-type-simple"},"acf":[],"_links":{"self":[{"href":"https:\/\/innocentiemangonipiante.it\/es\/wp-json\/wp\/v2\/product\/15758","targetHints":{"allow":["GET"]}}],"collection":[{"href":"https:\/\/innocentiemangonipiante.it\/es\/wp-json\/wp\/v2\/product"}],"about":[{"href":"https:\/\/innocentiemangonipiante.it\/es\/wp-json\/wp\/v2\/types\/product"}],"wp:featuredmedia":[{"embeddable":true,"href":"https:\/\/innocentiemangonipiante.it\/es\/wp-json\/wp\/v2\/media\/180"}],"wp:attachment":[{"href":"https:\/\/innocentiemangonipiante.it\/es\/wp-json\/wp\/v2\/media?parent=15758"}],"wp:term":[{"taxonomy":"product_brand","embeddable":true,"href":"https:\/\/innocentiemangonipiante.it\/es\/wp-json\/wp\/v2\/product_brand?post=15758"},{"taxonomy":"product_cat","embeddable":true,"href":"https:\/\/innocentiemangonipiante.it\/es\/wp-json\/wp\/v2\/product_cat?post=15758"},{"taxonomy":"product_tag","embeddable":true,"href":"https:\/\/innocentiemangonipiante.it\/es\/wp-json\/wp\/v2\/product_tag?post=15758"}],"curies":[{"name":"wp","href":"https:\/\/api.w.org\/{rel}","templated":true}]}}