{"id":15759,"date":"2023-11-03T23:07:39","date_gmt":"2023-11-03T22:07:39","guid":{"rendered":"http:\/\/innocentiemangonipiante.it\/acer-campestre-globosum\/"},"modified":"2023-11-08T15:29:40","modified_gmt":"2023-11-08T14:29:40","slug":"acer-campestre-globosum","status":"publish","type":"product","link":"https:\/\/innocentiemangonipiante.it\/es\/acer-campestre-globosum\/","title":{"rendered":"ACER campestre &#8216;Globosum&#8217;"},"content":{"rendered":"<p>\u00c1rbol caduco de crecimiento lento con corona rededondeada. Follaje verde que se ti\u00f1e de amarillo oro en oto\u00f1o.<\/p>\n","protected":false},"excerpt":{"rendered":"<p>\u00c1rbol caduco de crecimiento lento con corona rededondeada. Follaje verde que se ti\u00f1e de amarillo oro en oto\u00f1o.<\/p>\n","protected":false},"featured_media":174,"template":"","meta":{"_acf_changed":false},"product_brand":[],"product_cat":[8814],"product_tag":[10899,8706,8402],"class_list":{"0":"post-15759","1":"product","2":"type-product","3":"status-publish","4":"has-post-thumbnail","6":"product_cat-arboles-y-arbustos-de-hoja-caduca","7":"product_tag-natural-es","8":"product_tag-bola","9":"product_tag-tallo-alto","10":"pa_altezza-massima-300-es","11":"pa_altezza-massima-400-es","12":"pa_condizionamento-clt-es","13":"pa_condizionamento-placa","14":"pa_famiglia-aceraceae-es","15":"pa_genere-acer-es","16":"pa_inquinamento-resistente-al-smog","17":"pa_origine-norte-de-europa-es-2","18":"pa_portamento-arrotondato-es","19":"pa_resistenza-climatica-muy-elevada","20":"pa_resistenza-del-suolo-resistente-a-los-suelos-calcareos","21":"pa_resistenza-del-suolo-resistente-a-los-suelos-pobres","22":"pa_resistenza-del-suolo-resistente-a-los-suelos-secos","23":"pa_salinita-resistente-alla-salsedine-es","24":"pa_utilizzo-avenidas","25":"pa_utilizzo-parques","26":"pa_utilizzo-pequenos-jardines","28":"first","29":"instock","30":"purchasable","31":"product-type-simple"},"acf":[],"_links":{"self":[{"href":"https:\/\/innocentiemangonipiante.it\/es\/wp-json\/wp\/v2\/product\/15759","targetHints":{"allow":["GET"]}}],"collection":[{"href":"https:\/\/innocentiemangonipiante.it\/es\/wp-json\/wp\/v2\/product"}],"about":[{"href":"https:\/\/innocentiemangonipiante.it\/es\/wp-json\/wp\/v2\/types\/product"}],"wp:featuredmedia":[{"embeddable":true,"href":"https:\/\/innocentiemangonipiante.it\/es\/wp-json\/wp\/v2\/media\/174"}],"wp:attachment":[{"href":"https:\/\/innocentiemangonipiante.it\/es\/wp-json\/wp\/v2\/media?parent=15759"}],"wp:term":[{"taxonomy":"product_brand","embeddable":true,"href":"https:\/\/innocentiemangonipiante.it\/es\/wp-json\/wp\/v2\/product_brand?post=15759"},{"taxonomy":"product_cat","embeddable":true,"href":"https:\/\/innocentiemangonipiante.it\/es\/wp-json\/wp\/v2\/product_cat?post=15759"},{"taxonomy":"product_tag","embeddable":true,"href":"https:\/\/innocentiemangonipiante.it\/es\/wp-json\/wp\/v2\/product_tag?post=15759"}],"curies":[{"name":"wp","href":"https:\/\/api.w.org\/{rel}","templated":true}]}}