{"id":15761,"date":"2023-11-03T23:07:20","date_gmt":"2023-11-03T22:07:20","guid":{"rendered":"http:\/\/innocentiemangonipiante.it\/acer-campestre\/"},"modified":"2023-11-08T15:29:22","modified_gmt":"2023-11-08T14:29:22","slug":"acer-campestre","status":"publish","type":"product","link":"https:\/\/innocentiemangonipiante.it\/es\/acer-campestre\/","title":{"rendered":"ACER campestre"},"content":{"rendered":"<p>\u00c1rbol caduco de crecimiento lento con corona rededondeada. Follaje verde que se ti\u00f1e de amarillo-oro en oto\u00f1o. Muy adapto a sitios urbanos, suporta todos los suelos, tambi\u00e9n secos y calc\u00e1reos.<\/p>\n","protected":false},"excerpt":{"rendered":"<p>\u00c1rbol caduco de crecimiento lento con corona rededondeada. Follaje verde que se ti\u00f1e de amarillo-oro en oto\u00f1o. Muy adapto a sitios urbanos, suporta todos los suelos, tambi\u00e9n secos y calc\u00e1reos.<\/p>\n","protected":false},"featured_media":161,"template":"","meta":{"_acf_changed":false},"product_brand":[],"product_cat":[8814,9232],"product_tag":[10899,8598,8402,8426],"class_list":{"0":"post-15761","1":"product","2":"type-product","3":"status-publish","4":"has-post-thumbnail","6":"product_cat-arboles-y-arbustos-de-hoja-caduca","7":"product_cat-arboles-y-plantas-del-futuro","8":"product_tag-natural-es","9":"product_tag-multitronco-es-2","10":"product_tag-tallo-alto","11":"product_tag-tronco-alto-espaldera","12":"pa_altezza-massima-1000-es-2","13":"pa_altezza-massima-15-metros","14":"pa_condizionamento-clt-es","15":"pa_condizionamento-placa","16":"pa_condizionamento-vs-es","17":"pa_famiglia-aceraceae-es","18":"pa_genere-acer-es","19":"pa_inquinamento-resistente-al-smog","20":"pa_origine-asia-es","21":"pa_portamento-arrotondato-es","22":"pa_resistenza-climatica-muy-elevada","23":"pa_resistenza-del-suolo-resistente-a-los-suelos-calcareos","24":"pa_resistenza-del-suolo-resistente-a-los-suelos-pobres","25":"pa_resistenza-del-suolo-resistente-a-los-suelos-secos","26":"pa_salinita-resistente-alla-salsedine-es","27":"pa_utilizzo-avenidas","28":"pa_utilizzo-parques","30":"first","31":"instock","32":"purchasable","33":"product-type-simple"},"acf":[],"_links":{"self":[{"href":"https:\/\/innocentiemangonipiante.it\/es\/wp-json\/wp\/v2\/product\/15761","targetHints":{"allow":["GET"]}}],"collection":[{"href":"https:\/\/innocentiemangonipiante.it\/es\/wp-json\/wp\/v2\/product"}],"about":[{"href":"https:\/\/innocentiemangonipiante.it\/es\/wp-json\/wp\/v2\/types\/product"}],"wp:featuredmedia":[{"embeddable":true,"href":"https:\/\/innocentiemangonipiante.it\/es\/wp-json\/wp\/v2\/media\/161"}],"wp:attachment":[{"href":"https:\/\/innocentiemangonipiante.it\/es\/wp-json\/wp\/v2\/media?parent=15761"}],"wp:term":[{"taxonomy":"product_brand","embeddable":true,"href":"https:\/\/innocentiemangonipiante.it\/es\/wp-json\/wp\/v2\/product_brand?post=15761"},{"taxonomy":"product_cat","embeddable":true,"href":"https:\/\/innocentiemangonipiante.it\/es\/wp-json\/wp\/v2\/product_cat?post=15761"},{"taxonomy":"product_tag","embeddable":true,"href":"https:\/\/innocentiemangonipiante.it\/es\/wp-json\/wp\/v2\/product_tag?post=15761"}],"curies":[{"name":"wp","href":"https:\/\/api.w.org\/{rel}","templated":true}]}}