{"id":15764,"date":"2023-11-03T23:19:41","date_gmt":"2023-11-03T22:19:41","guid":{"rendered":"http:\/\/innocentiemangonipiante.it\/acer-x-zoeschense-annae\/"},"modified":"2023-11-08T18:25:01","modified_gmt":"2023-11-08T17:25:01","slug":"acer-x-zoeschense-annae","status":"publish","type":"product","link":"https:\/\/innocentiemangonipiante.it\/es\/acer-x-zoeschense-annae\/","title":{"rendered":"ACER x zoeschense &#8216;Annae&#8217;"},"content":{"rendered":"<p>Arbusto o peque\u00f1o \u00e1rbol con hoja caduca a 5 lobos, de color verde brillante en verano, que vuelve de amarillo a rojo a p\u00farpura en oto\u00f1o.<\/p>\n","protected":false},"excerpt":{"rendered":"<p>Arbusto o peque\u00f1o \u00e1rbol con hoja caduca a 5 lobos, de color verde brillante en verano, que vuelve de amarillo a rojo a p\u00farpura en oto\u00f1o.<\/p>\n","protected":false},"featured_media":511,"template":"","meta":{"_acf_changed":false},"product_brand":[],"product_cat":[8814],"product_tag":[10899,8402],"class_list":{"0":"post-15764","1":"product","2":"type-product","3":"status-publish","4":"has-post-thumbnail","6":"product_cat-arboles-y-arbustos-de-hoja-caduca","7":"product_tag-natural-es","8":"product_tag-tallo-alto","9":"pa_altezza-massima-1000-es-2","10":"pa_altezza-massima-15-metros","11":"pa_condizionamento-placa","12":"pa_famiglia-aceraceae-es","13":"pa_genere-acer-es","14":"pa_inquinamento-resistente-al-smog","15":"pa_origine-alemania","16":"pa_portamento-arrotondato-es","17":"pa_resistenza-climatica-muy-elevada","18":"pa_resistenza-del-suolo-resistente-a-los-suelos-calcareos","19":"pa_resistenza-del-suolo-resistente-a-los-suelos-secos","20":"pa_utilizzo-parques","21":"pa_utilizzo-pequenos-jardines","23":"first","24":"instock","25":"purchasable","26":"product-type-simple"},"acf":[],"_links":{"self":[{"href":"https:\/\/innocentiemangonipiante.it\/es\/wp-json\/wp\/v2\/product\/15764","targetHints":{"allow":["GET"]}}],"collection":[{"href":"https:\/\/innocentiemangonipiante.it\/es\/wp-json\/wp\/v2\/product"}],"about":[{"href":"https:\/\/innocentiemangonipiante.it\/es\/wp-json\/wp\/v2\/types\/product"}],"wp:featuredmedia":[{"embeddable":true,"href":"https:\/\/innocentiemangonipiante.it\/es\/wp-json\/wp\/v2\/media\/511"}],"wp:attachment":[{"href":"https:\/\/innocentiemangonipiante.it\/es\/wp-json\/wp\/v2\/media?parent=15764"}],"wp:term":[{"taxonomy":"product_brand","embeddable":true,"href":"https:\/\/innocentiemangonipiante.it\/es\/wp-json\/wp\/v2\/product_brand?post=15764"},{"taxonomy":"product_cat","embeddable":true,"href":"https:\/\/innocentiemangonipiante.it\/es\/wp-json\/wp\/v2\/product_cat?post=15764"},{"taxonomy":"product_tag","embeddable":true,"href":"https:\/\/innocentiemangonipiante.it\/es\/wp-json\/wp\/v2\/product_tag?post=15764"}],"curies":[{"name":"wp","href":"https:\/\/api.w.org\/{rel}","templated":true}]}}