{"id":15765,"date":"2023-11-03T23:18:50","date_gmt":"2023-11-03T22:18:50","guid":{"rendered":"http:\/\/innocentiemangonipiante.it\/acer-truncatum-pacific-sunset\/"},"modified":"2023-11-08T18:23:50","modified_gmt":"2023-11-08T17:23:50","slug":"acer-truncatum-pacific-sunset","status":"publish","type":"product","link":"https:\/\/innocentiemangonipiante.it\/es\/acer-truncatum-pacific-sunset\/","title":{"rendered":"ACER truncatum &#8216;Pacific Sunset&#8217; \u00ae"},"content":{"rendered":"<p>El porte es erecto y redondeado con ramificaci\u00f3n fine, follaje verde oscuro luciente que vuelve al amarillo, naranja y rojo en oto\u00f1o. Variedad muy vers\u00e1til.<\/p>\n","protected":false},"excerpt":{"rendered":"<p>El porte es erecto y redondeado con ramificaci\u00f3n fine, follaje verde oscuro luciente que vuelve al amarillo, naranja y rojo en oto\u00f1o. Variedad muy vers\u00e1til.<\/p>\n","protected":false},"featured_media":475,"template":"","meta":{"_acf_changed":false},"product_brand":[],"product_cat":[8814],"product_tag":[10899,8402],"class_list":{"0":"post-15765","1":"product","2":"type-product","3":"status-publish","4":"has-post-thumbnail","6":"product_cat-arboles-y-arbustos-de-hoja-caduca","7":"product_tag-natural-es","8":"product_tag-tallo-alto","9":"pa_altezza-massima-1000-es-2","10":"pa_altezza-massima-15-metros","11":"pa_condizionamento-clt-es","12":"pa_condizionamento-placa","13":"pa_famiglia-aceraceae-es","14":"pa_genere-acer-es","15":"pa_origine-origine-delle-piante-u-s-a-es","16":"pa_portamento-arrotondato-es","17":"pa_resistenza-climatica-muy-elevada","18":"pa_utilizzo-avenidas","19":"pa_utilizzo-parques","21":"first","22":"instock","23":"purchasable","24":"product-type-simple"},"acf":[],"_links":{"self":[{"href":"https:\/\/innocentiemangonipiante.it\/es\/wp-json\/wp\/v2\/product\/15765","targetHints":{"allow":["GET"]}}],"collection":[{"href":"https:\/\/innocentiemangonipiante.it\/es\/wp-json\/wp\/v2\/product"}],"about":[{"href":"https:\/\/innocentiemangonipiante.it\/es\/wp-json\/wp\/v2\/types\/product"}],"wp:featuredmedia":[{"embeddable":true,"href":"https:\/\/innocentiemangonipiante.it\/es\/wp-json\/wp\/v2\/media\/475"}],"wp:attachment":[{"href":"https:\/\/innocentiemangonipiante.it\/es\/wp-json\/wp\/v2\/media?parent=15765"}],"wp:term":[{"taxonomy":"product_brand","embeddable":true,"href":"https:\/\/innocentiemangonipiante.it\/es\/wp-json\/wp\/v2\/product_brand?post=15765"},{"taxonomy":"product_cat","embeddable":true,"href":"https:\/\/innocentiemangonipiante.it\/es\/wp-json\/wp\/v2\/product_cat?post=15765"},{"taxonomy":"product_tag","embeddable":true,"href":"https:\/\/innocentiemangonipiante.it\/es\/wp-json\/wp\/v2\/product_tag?post=15765"}],"curies":[{"name":"wp","href":"https:\/\/api.w.org\/{rel}","templated":true}]}}