{"id":15767,"date":"2023-11-03T23:18:13","date_gmt":"2023-11-03T22:18:13","guid":{"rendered":"http:\/\/innocentiemangonipiante.it\/acer-saccharinum\/"},"modified":"2023-11-08T18:23:20","modified_gmt":"2023-11-08T17:23:20","slug":"acer-saccharinum","status":"publish","type":"product","link":"https:\/\/innocentiemangonipiante.it\/es\/acer-saccharinum\/","title":{"rendered":"ACER saccharinum"},"content":{"rendered":"<p>\u00c1rbol caduco de gran porte. La corteza es de color gris-pardo. Las hojas son opuestas, con 3-5 l\u00f3bulos, largos 8-12 cm, de color verde medio y se colorean de naranja-rojizo en oto\u00f1o. Se adapta bien a terrenos h\u00famedos. Necesita de bastante espacio y suporta mal la poda.<\/p>\n","protected":false},"excerpt":{"rendered":"<p>\u00c1rbol caduco de gran porte. La corteza es de color gris-pardo. Las hojas son opuestas, con 3-5 l\u00f3bulos, largos 8-12 cm, de color verde medio y se colorean de naranja-rojizo en oto\u00f1o. Se adapta bien a terrenos h\u00famedos. Necesita de bastante espacio y suporta mal la poda.<\/p>\n","protected":false},"featured_media":450,"template":"","meta":{"_acf_changed":false},"product_brand":[],"product_cat":[8814],"product_tag":[10899],"class_list":{"0":"post-15767","1":"product","2":"type-product","3":"status-publish","4":"has-post-thumbnail","6":"product_cat-arboles-y-arbustos-de-hoja-caduca","7":"product_tag-natural-es","8":"pa_altezza-massima-20-metros","9":"pa_altezza-massima-30-metros","10":"pa_famiglia-aceraceae-es","11":"pa_genere-acer-es","12":"pa_inquinamento-resistente-al-smog","13":"pa_origine-origine-delle-piante-u-s-a-es","14":"pa_portamento-arrotondato-es","15":"pa_resistenza-climatica-muy-elevada","16":"pa_resistenza-del-suolo-resistente-a-la-humedad","17":"pa_resistenza-del-suolo-resistente-a-los-suelos-pobres","18":"pa_resistenza-del-suolo-resistente-a-los-suelos-secos","19":"pa_salinita-resistente-alla-salsedine-es","20":"pa_utilizzo-parques","22":"first","23":"instock","24":"purchasable","25":"product-type-simple"},"acf":[],"_links":{"self":[{"href":"https:\/\/innocentiemangonipiante.it\/es\/wp-json\/wp\/v2\/product\/15767","targetHints":{"allow":["GET"]}}],"collection":[{"href":"https:\/\/innocentiemangonipiante.it\/es\/wp-json\/wp\/v2\/product"}],"about":[{"href":"https:\/\/innocentiemangonipiante.it\/es\/wp-json\/wp\/v2\/types\/product"}],"wp:featuredmedia":[{"embeddable":true,"href":"https:\/\/innocentiemangonipiante.it\/es\/wp-json\/wp\/v2\/media\/450"}],"wp:attachment":[{"href":"https:\/\/innocentiemangonipiante.it\/es\/wp-json\/wp\/v2\/media?parent=15767"}],"wp:term":[{"taxonomy":"product_brand","embeddable":true,"href":"https:\/\/innocentiemangonipiante.it\/es\/wp-json\/wp\/v2\/product_brand?post=15767"},{"taxonomy":"product_cat","embeddable":true,"href":"https:\/\/innocentiemangonipiante.it\/es\/wp-json\/wp\/v2\/product_cat?post=15767"},{"taxonomy":"product_tag","embeddable":true,"href":"https:\/\/innocentiemangonipiante.it\/es\/wp-json\/wp\/v2\/product_tag?post=15767"}],"curies":[{"name":"wp","href":"https:\/\/api.w.org\/{rel}","templated":true}]}}