{"id":15773,"date":"2023-11-03T23:17:23","date_gmt":"2023-11-03T22:17:23","guid":{"rendered":"http:\/\/innocentiemangonipiante.it\/acer-rubrum-burgundy-belle\/"},"modified":"2023-11-08T18:22:33","modified_gmt":"2023-11-08T17:22:33","slug":"acer-rubrum-burgundy-belle","status":"publish","type":"product","link":"https:\/\/innocentiemangonipiante.it\/es\/acer-rubrum-burgundy-belle\/","title":{"rendered":"ACER rubrum &#8216;Burgundy Belle&#8217; \u00ae"},"content":{"rendered":"<p>\u00c1rbol mediano, muy r\u00fastico por su resistencia a la sequ\u00eda y a las bajas temperaturas (-30 sin da\u00f1os). Compacto, con corona oval. Hojas verde oscuro y rojo brillante en oto\u00f1o.<\/p>\n","protected":false},"excerpt":{"rendered":"<p>\u00c1rbol mediano, muy r\u00fastico por su resistencia a la sequ\u00eda y a las bajas temperaturas (-30 sin da\u00f1os). Compacto, con corona oval. Hojas verde oscuro y rojo brillante en oto\u00f1o.<\/p>\n","protected":false},"featured_media":413,"template":"","meta":{"_acf_changed":false},"product_brand":[],"product_cat":[8814],"product_tag":[10899,8598,8402],"class_list":{"0":"post-15773","1":"product","2":"type-product","3":"status-publish","4":"has-post-thumbnail","6":"product_cat-arboles-y-arbustos-de-hoja-caduca","7":"product_tag-natural-es","8":"product_tag-multitronco-es-2","9":"product_tag-tallo-alto","10":"pa_altezza-massima-1000-es-2","11":"pa_altezza-massima-15-metros","12":"pa_condizionamento-clt-es","13":"pa_condizionamento-placa","14":"pa_famiglia-aceraceae-es","15":"pa_genere-acer-es","16":"pa_inquinamento-resistente-al-smog","17":"pa_origine-origine-delle-piante-u-s-a-es","18":"pa_portamento-arrotondato-es","19":"pa_resistenza-climatica-muy-elevada","20":"pa_resistenza-del-suolo-resistente-a-la-humedad","21":"pa_resistenza-del-suolo-resistente-a-los-suelos-calcareos","22":"pa_utilizzo-parques","24":"first","25":"instock","26":"purchasable","27":"product-type-simple"},"acf":[],"_links":{"self":[{"href":"https:\/\/innocentiemangonipiante.it\/es\/wp-json\/wp\/v2\/product\/15773","targetHints":{"allow":["GET"]}}],"collection":[{"href":"https:\/\/innocentiemangonipiante.it\/es\/wp-json\/wp\/v2\/product"}],"about":[{"href":"https:\/\/innocentiemangonipiante.it\/es\/wp-json\/wp\/v2\/types\/product"}],"wp:featuredmedia":[{"embeddable":true,"href":"https:\/\/innocentiemangonipiante.it\/es\/wp-json\/wp\/v2\/media\/413"}],"wp:attachment":[{"href":"https:\/\/innocentiemangonipiante.it\/es\/wp-json\/wp\/v2\/media?parent=15773"}],"wp:term":[{"taxonomy":"product_brand","embeddable":true,"href":"https:\/\/innocentiemangonipiante.it\/es\/wp-json\/wp\/v2\/product_brand?post=15773"},{"taxonomy":"product_cat","embeddable":true,"href":"https:\/\/innocentiemangonipiante.it\/es\/wp-json\/wp\/v2\/product_cat?post=15773"},{"taxonomy":"product_tag","embeddable":true,"href":"https:\/\/innocentiemangonipiante.it\/es\/wp-json\/wp\/v2\/product_tag?post=15773"}],"curies":[{"name":"wp","href":"https:\/\/api.w.org\/{rel}","templated":true}]}}