{"id":15774,"date":"2023-11-03T23:17:10","date_gmt":"2023-11-03T22:17:10","guid":{"rendered":"http:\/\/innocentiemangonipiante.it\/acer-rubrum\/"},"modified":"2023-11-08T18:22:22","modified_gmt":"2023-11-08T17:22:22","slug":"acer-rubrum","status":"publish","type":"product","link":"https:\/\/innocentiemangonipiante.it\/es\/acer-rubrum\/","title":{"rendered":"ACER rubrum"},"content":{"rendered":"<p>\u00c1rbol caduco con porte redondeado y expandido. Hojas ovaladas con 3-5 lobulos, verde oscuro, hasta 10cm de longitud, blanco azul sobre la p\u00e1gina inferior. Bonita coloraci\u00f3n rojo vivo en oto\u00f1o.<\/p>\n","protected":false},"excerpt":{"rendered":"<p>\u00c1rbol caduco con porte redondeado y expandido. Hojas ovaladas con 3-5 lobulos, verde oscuro, hasta 10cm de longitud, blanco azul sobre la p\u00e1gina inferior. Bonita coloraci\u00f3n rojo vivo en oto\u00f1o.<\/p>\n","protected":false},"featured_media":401,"template":"","meta":{"_acf_changed":false},"product_brand":[],"product_cat":[8814,9232],"product_tag":[10899,8598,8402],"class_list":{"0":"post-15774","1":"product","2":"type-product","3":"status-publish","4":"has-post-thumbnail","6":"product_cat-arboles-y-arbustos-de-hoja-caduca","7":"product_cat-arboles-y-plantas-del-futuro","8":"product_tag-natural-es","9":"product_tag-multitronco-es-2","10":"product_tag-tallo-alto","11":"pa_altezza-massima-15-metros","12":"pa_altezza-massima-20-metros","13":"pa_condizionamento-clt-es","14":"pa_condizionamento-placa","15":"pa_famiglia-aceraceae-es","16":"pa_genere-acer-es","17":"pa_inquinamento-resistente-al-smog","18":"pa_origine-origine-delle-piante-u-s-a-es","19":"pa_portamento-arrotondato-es","20":"pa_resistenza-climatica-muy-elevada","21":"pa_resistenza-del-suolo-resistente-a-los-suelos-secos","22":"pa_salinita-resistente-alla-salsedine-es","23":"pa_utilizzo-avenidas","24":"pa_utilizzo-parques","26":"first","27":"instock","28":"purchasable","29":"product-type-simple"},"acf":[],"_links":{"self":[{"href":"https:\/\/innocentiemangonipiante.it\/es\/wp-json\/wp\/v2\/product\/15774","targetHints":{"allow":["GET"]}}],"collection":[{"href":"https:\/\/innocentiemangonipiante.it\/es\/wp-json\/wp\/v2\/product"}],"about":[{"href":"https:\/\/innocentiemangonipiante.it\/es\/wp-json\/wp\/v2\/types\/product"}],"wp:featuredmedia":[{"embeddable":true,"href":"https:\/\/innocentiemangonipiante.it\/es\/wp-json\/wp\/v2\/media\/401"}],"wp:attachment":[{"href":"https:\/\/innocentiemangonipiante.it\/es\/wp-json\/wp\/v2\/media?parent=15774"}],"wp:term":[{"taxonomy":"product_brand","embeddable":true,"href":"https:\/\/innocentiemangonipiante.it\/es\/wp-json\/wp\/v2\/product_brand?post=15774"},{"taxonomy":"product_cat","embeddable":true,"href":"https:\/\/innocentiemangonipiante.it\/es\/wp-json\/wp\/v2\/product_cat?post=15774"},{"taxonomy":"product_tag","embeddable":true,"href":"https:\/\/innocentiemangonipiante.it\/es\/wp-json\/wp\/v2\/product_tag?post=15774"}],"curies":[{"name":"wp","href":"https:\/\/api.w.org\/{rel}","templated":true}]}}