{"id":15776,"date":"2023-11-03T23:16:57","date_gmt":"2023-11-03T22:16:57","guid":{"rendered":"http:\/\/innocentiemangonipiante.it\/acer-pseudoplatanus-atropurpureum\/"},"modified":"2023-11-08T18:22:10","modified_gmt":"2023-11-08T17:22:10","slug":"acer-pseudoplatanus-atropurpureum","status":"publish","type":"product","link":"https:\/\/innocentiemangonipiante.it\/es\/acer-pseudoplatanus-atropurpureum\/","title":{"rendered":"ACER pseudoplatanus &#8216;Atropurpureum&#8217;"},"content":{"rendered":"<p>Hojas verde oscuro y rojo p\u00farpura en la p\u00e1gina inferior, con pec\u00edolos rojos.<\/p>\n","protected":false},"excerpt":{"rendered":"<p>Hojas verde oscuro y rojo p\u00farpura en la p\u00e1gina inferior, con pec\u00edolos rojos.<\/p>\n","protected":false},"featured_media":389,"template":"","meta":{"_acf_changed":false},"product_brand":[],"product_cat":[8814],"product_tag":[10899,8402],"class_list":{"0":"post-15776","1":"product","2":"type-product","3":"status-publish","4":"has-post-thumbnail","6":"product_cat-arboles-y-arbustos-de-hoja-caduca","7":"product_tag-natural-es","8":"product_tag-tallo-alto","9":"pa_altezza-massima-20-metros","10":"pa_altezza-massima-30-metros","11":"pa_colore-delle-foglie-rojas","12":"pa_condizionamento-placa","13":"pa_famiglia-aceraceae-es","14":"pa_genere-acer-es","15":"pa_inquinamento-resistente-al-smog","16":"pa_origine-alemania","17":"pa_portamento-piramidale-es","18":"pa_resistenza-climatica-muy-elevada","19":"pa_resistenza-del-suolo-resistente-a-la-humedad","20":"pa_resistenza-del-suolo-resistente-a-los-suelos-calcareos","21":"pa_resistenza-del-suolo-resistente-a-los-suelos-secos","22":"pa_salinita-resistente-alla-salsedine-es","23":"pa_utilizzo-avenidas","24":"pa_utilizzo-parques","26":"first","27":"instock","28":"purchasable","29":"product-type-simple"},"acf":[],"_links":{"self":[{"href":"https:\/\/innocentiemangonipiante.it\/es\/wp-json\/wp\/v2\/product\/15776","targetHints":{"allow":["GET"]}}],"collection":[{"href":"https:\/\/innocentiemangonipiante.it\/es\/wp-json\/wp\/v2\/product"}],"about":[{"href":"https:\/\/innocentiemangonipiante.it\/es\/wp-json\/wp\/v2\/types\/product"}],"wp:featuredmedia":[{"embeddable":true,"href":"https:\/\/innocentiemangonipiante.it\/es\/wp-json\/wp\/v2\/media\/389"}],"wp:attachment":[{"href":"https:\/\/innocentiemangonipiante.it\/es\/wp-json\/wp\/v2\/media?parent=15776"}],"wp:term":[{"taxonomy":"product_brand","embeddable":true,"href":"https:\/\/innocentiemangonipiante.it\/es\/wp-json\/wp\/v2\/product_brand?post=15776"},{"taxonomy":"product_cat","embeddable":true,"href":"https:\/\/innocentiemangonipiante.it\/es\/wp-json\/wp\/v2\/product_cat?post=15776"},{"taxonomy":"product_tag","embeddable":true,"href":"https:\/\/innocentiemangonipiante.it\/es\/wp-json\/wp\/v2\/product_tag?post=15776"}],"curies":[{"name":"wp","href":"https:\/\/api.w.org\/{rel}","templated":true}]}}