{"id":15780,"date":"2023-11-03T23:21:29","date_gmt":"2023-11-03T22:21:29","guid":{"rendered":"http:\/\/innocentiemangonipiante.it\/aesculus-hippocastanum-pyramidalis\/"},"modified":"2023-11-08T18:26:33","modified_gmt":"2023-11-08T17:26:33","slug":"aesculus-hippocastanum-pyramidalis","status":"publish","type":"product","link":"https:\/\/innocentiemangonipiante.it\/es\/aesculus-hippocastanum-pyramidalis\/","title":{"rendered":"AESCULUS hippocastanum &#8216;Pyramidalis&#8217;"},"content":{"rendered":"<p>Peque\u00f1o \u00e1rbol caduco, de porte columnar con hojas de color verde oscuro que viran a amarillo en oto\u00f1o produce flores blancas manchadas de rojo-amarillo recogidas en mazorcas verticales.<\/p>\n","protected":false},"excerpt":{"rendered":"<p>Peque\u00f1o \u00e1rbol caduco, de porte columnar con hojas de color verde oscuro que viran a amarillo en oto\u00f1o produce flores blancas manchadas de rojo-amarillo recogidas en mazorcas verticales.<\/p>\n","protected":false},"featured_media":530,"template":"","meta":{"_acf_changed":false},"product_brand":[],"product_cat":[8814],"product_tag":[10899],"class_list":{"0":"post-15780","1":"product","2":"type-product","3":"status-publish","4":"has-post-thumbnail","6":"product_cat-arboles-y-arbustos-de-hoja-caduca","7":"product_tag-natural-es","8":"pa_altezza-massima-800-es","9":"pa_altezza-massima-1000-es-2","10":"pa_colore-fioritura-blanco","11":"pa_famiglia-hippocastanaceae-es","12":"pa_genere-aesculus-es","13":"pa_inquinamento-resistente-al-smog","14":"pa_origine-europa-central","15":"pa_periodo-fioritura-abril","16":"pa_periodo-fioritura-mayo","17":"pa_portamento-de-columna-es","18":"pa_profumo-intenso-es","19":"pa_resistenza-climatica-muy-elevada","20":"pa_resistenza-del-suolo-resistente-a-la-humedad","21":"pa_resistenza-del-suolo-resistente-a-los-suelos-calcareos","22":"pa_salinita-resistente-alla-salsedine-es","23":"pa_utilizzo-parques","25":"first","26":"instock","27":"purchasable","28":"product-type-simple"},"acf":[],"_links":{"self":[{"href":"https:\/\/innocentiemangonipiante.it\/es\/wp-json\/wp\/v2\/product\/15780","targetHints":{"allow":["GET"]}}],"collection":[{"href":"https:\/\/innocentiemangonipiante.it\/es\/wp-json\/wp\/v2\/product"}],"about":[{"href":"https:\/\/innocentiemangonipiante.it\/es\/wp-json\/wp\/v2\/types\/product"}],"wp:featuredmedia":[{"embeddable":true,"href":"https:\/\/innocentiemangonipiante.it\/es\/wp-json\/wp\/v2\/media\/530"}],"wp:attachment":[{"href":"https:\/\/innocentiemangonipiante.it\/es\/wp-json\/wp\/v2\/media?parent=15780"}],"wp:term":[{"taxonomy":"product_brand","embeddable":true,"href":"https:\/\/innocentiemangonipiante.it\/es\/wp-json\/wp\/v2\/product_brand?post=15780"},{"taxonomy":"product_cat","embeddable":true,"href":"https:\/\/innocentiemangonipiante.it\/es\/wp-json\/wp\/v2\/product_cat?post=15780"},{"taxonomy":"product_tag","embeddable":true,"href":"https:\/\/innocentiemangonipiante.it\/es\/wp-json\/wp\/v2\/product_tag?post=15780"}],"curies":[{"name":"wp","href":"https:\/\/api.w.org\/{rel}","templated":true}]}}