{"id":15781,"date":"2023-11-03T23:21:24","date_gmt":"2023-11-03T22:21:24","guid":{"rendered":"http:\/\/innocentiemangonipiante.it\/aesculus-hippocastanum-baumannii\/"},"modified":"2023-11-08T18:26:27","modified_gmt":"2023-11-08T17:26:27","slug":"aesculus-hippocastanum-baumannii","status":"publish","type":"product","link":"https:\/\/innocentiemangonipiante.it\/es\/aesculus-hippocastanum-baumannii\/","title":{"rendered":"AESCULUS hippocastanum &#8216;Baumannii&#8217;"},"content":{"rendered":"<p>\u00c1rbol caduco de gran desarrollo, de porte extendido y regular. Las hojas, de 10 a 20 cm de largo, de 5-7 l\u00f3bulos, son de color verde oscuro y asumen tonalidades de amarillo en oto\u00f1o. Produce flores de color blanco puro, dobles y est\u00e9riles. Exige una exposici\u00f3n soleada, suelos frescos y h\u00famedos. Soporta la caliza.<\/p>\n","protected":false},"excerpt":{"rendered":"<p>\u00c1rbol caduco de gran desarrollo, de porte extendido y regular. Las hojas, de 10 a 20 cm de largo, de 5-7 l\u00f3bulos, son de color verde oscuro y asumen tonalidades de amarillo en oto\u00f1o. Produce flores de color blanco puro, dobles y est\u00e9riles. Exige una exposici\u00f3n soleada, suelos frescos y h\u00famedos. Soporta la caliza.<\/p>\n","protected":false},"featured_media":524,"template":"","meta":{"_acf_changed":false},"product_brand":[],"product_cat":[8814],"product_tag":[10899,8402],"class_list":{"0":"post-15781","1":"product","2":"type-product","3":"status-publish","4":"has-post-thumbnail","6":"product_cat-arboles-y-arbustos-de-hoja-caduca","7":"product_tag-natural-es","8":"product_tag-tallo-alto","9":"pa_altezza-massima-15-metros","10":"pa_altezza-massima-25-metros","11":"pa_colore-fioritura-blanco","12":"pa_condizionamento-clt-es","13":"pa_condizionamento-placa","14":"pa_famiglia-hippocastanaceae-es","15":"pa_genere-aesculus-es","16":"pa_inquinamento-resistente-al-smog","17":"pa_origine-europe-es","18":"pa_periodo-fioritura-abril","19":"pa_periodo-fioritura-mayo","20":"pa_portamento-arrotondato-es","21":"pa_profumo-intenso-es","22":"pa_resistenza-climatica-muy-elevada","23":"pa_resistenza-del-suolo-resistente-a-la-humedad","24":"pa_resistenza-del-suolo-resistente-a-los-suelos-calcareos","25":"pa_salinita-resistente-alla-salsedine-es","26":"pa_utilizzo-avenidas","27":"pa_utilizzo-parques","29":"first","30":"instock","31":"purchasable","32":"product-type-simple"},"acf":[],"_links":{"self":[{"href":"https:\/\/innocentiemangonipiante.it\/es\/wp-json\/wp\/v2\/product\/15781","targetHints":{"allow":["GET"]}}],"collection":[{"href":"https:\/\/innocentiemangonipiante.it\/es\/wp-json\/wp\/v2\/product"}],"about":[{"href":"https:\/\/innocentiemangonipiante.it\/es\/wp-json\/wp\/v2\/types\/product"}],"wp:featuredmedia":[{"embeddable":true,"href":"https:\/\/innocentiemangonipiante.it\/es\/wp-json\/wp\/v2\/media\/524"}],"wp:attachment":[{"href":"https:\/\/innocentiemangonipiante.it\/es\/wp-json\/wp\/v2\/media?parent=15781"}],"wp:term":[{"taxonomy":"product_brand","embeddable":true,"href":"https:\/\/innocentiemangonipiante.it\/es\/wp-json\/wp\/v2\/product_brand?post=15781"},{"taxonomy":"product_cat","embeddable":true,"href":"https:\/\/innocentiemangonipiante.it\/es\/wp-json\/wp\/v2\/product_cat?post=15781"},{"taxonomy":"product_tag","embeddable":true,"href":"https:\/\/innocentiemangonipiante.it\/es\/wp-json\/wp\/v2\/product_tag?post=15781"}],"curies":[{"name":"wp","href":"https:\/\/api.w.org\/{rel}","templated":true}]}}