{"id":15801,"date":"2023-11-03T23:23:31","date_gmt":"2023-11-03T22:23:31","guid":{"rendered":"http:\/\/innocentiemangonipiante.it\/agave-americana\/"},"modified":"2023-11-08T18:28:52","modified_gmt":"2023-11-08T17:28:52","slug":"agave-americana","status":"publish","type":"product","link":"https:\/\/innocentiemangonipiante.it\/es\/agave-americana\/","title":{"rendered":"AGAVE americana"},"content":{"rendered":"<p>Suculenta de hojas r\u00edgidas y carnosas con \u00e1pices y m\u00e1rgenes espinosos de color gris verde, que pueden alcanzar hasta los 2 metros de longitud. En verano produce ramilletes de color verde amarillo, largos unos 9-10 cm, en pan\u00edculas largas hasta 8 metros.<\/p>\n","protected":false},"excerpt":{"rendered":"<p>Suculenta de hojas r\u00edgidas y carnosas con \u00e1pices y m\u00e1rgenes espinosos de color gris verde, que pueden alcanzar hasta los 2 metros de longitud. En verano produce ramilletes de color verde amarillo, largos unos 9-10 cm, en pan\u00edculas largas hasta 8 metros.<\/p>\n","protected":false},"featured_media":591,"template":"","meta":{"_acf_changed":false},"product_brand":[],"product_cat":[8831,9232],"product_tag":[10899],"class_list":{"0":"post-15801","1":"product","2":"type-product","3":"status-publish","4":"has-post-thumbnail","6":"product_cat-palmaceas-y-suculentas","7":"product_cat-arboles-y-plantas-del-futuro","8":"product_tag-natural-es","9":"pa_altezza-massima-150-es","10":"pa_altezza-massima-200-es","11":"pa_colore-delle-foglie-grises-es","12":"pa_colore-fioritura-amarillo","13":"pa_condizionamento-bol","14":"pa_condizionamento-clt-es","15":"pa_famiglia-agavaceae-es","16":"pa_genere-agave-es","17":"pa_origine-mexico-es","18":"pa_periodo-fioritura-agosto-es","19":"pa_periodo-fioritura-julio","20":"pa_portamento-eretto-es","21":"pa_resistenza-climatica-muy-baja","22":"pa_resistenza-del-suolo-resistente-a-los-suelos-secos","23":"pa_salinita-resistente-alla-salsedine-es","24":"pa_utilizzo-parques","25":"pa_utilizzo-pequenos-jardines","27":"first","28":"instock","29":"purchasable","30":"product-type-simple"},"acf":[],"_links":{"self":[{"href":"https:\/\/innocentiemangonipiante.it\/es\/wp-json\/wp\/v2\/product\/15801","targetHints":{"allow":["GET"]}}],"collection":[{"href":"https:\/\/innocentiemangonipiante.it\/es\/wp-json\/wp\/v2\/product"}],"about":[{"href":"https:\/\/innocentiemangonipiante.it\/es\/wp-json\/wp\/v2\/types\/product"}],"wp:featuredmedia":[{"embeddable":true,"href":"https:\/\/innocentiemangonipiante.it\/es\/wp-json\/wp\/v2\/media\/591"}],"wp:attachment":[{"href":"https:\/\/innocentiemangonipiante.it\/es\/wp-json\/wp\/v2\/media?parent=15801"}],"wp:term":[{"taxonomy":"product_brand","embeddable":true,"href":"https:\/\/innocentiemangonipiante.it\/es\/wp-json\/wp\/v2\/product_brand?post=15801"},{"taxonomy":"product_cat","embeddable":true,"href":"https:\/\/innocentiemangonipiante.it\/es\/wp-json\/wp\/v2\/product_cat?post=15801"},{"taxonomy":"product_tag","embeddable":true,"href":"https:\/\/innocentiemangonipiante.it\/es\/wp-json\/wp\/v2\/product_tag?post=15801"}],"curies":[{"name":"wp","href":"https:\/\/api.w.org\/{rel}","templated":true}]}}