{"id":15802,"date":"2023-11-03T23:25:13","date_gmt":"2023-11-03T22:25:13","guid":{"rendered":"http:\/\/innocentiemangonipiante.it\/ailanthus-glandulosa\/"},"modified":"2023-11-08T18:30:55","modified_gmt":"2023-11-08T17:30:55","slug":"ailanthus-glandulosa","status":"publish","type":"product","link":"https:\/\/innocentiemangonipiante.it\/es\/ailanthus-glandulosa\/","title":{"rendered":"AILANTHUS glandulosa"},"content":{"rendered":"<p>\u00c1rbol caduco de porte extendido con grandes hojas oblongas-el\u00edpticas de color verde. Florece en verano en panojas terminales de peque\u00f1as flores amarillo-verduscas, seguidas de frutos de color rojo-marr\u00f3n. Exposici\u00f3n soleada. Excepcional adaptaci\u00f3n a suelos pobres, malos, secos. Soporta excepcionalmente la sequ\u00eda.<\/p>\n","protected":false},"excerpt":{"rendered":"<p>\u00c1rbol caduco de porte extendido con grandes hojas oblongas-el\u00edpticas de color verde. Florece en verano en panojas terminales de peque\u00f1as flores amarillo-verduscas, seguidas de frutos de color rojo-marr\u00f3n. Exposici\u00f3n soleada. Excepcional adaptaci\u00f3n a suelos pobres, malos, secos. Soporta excepcionalmente la sequ\u00eda.<\/p>\n","protected":false},"featured_media":638,"template":"","meta":{"_acf_changed":false},"product_brand":[],"product_cat":[8814],"product_tag":[10899,8402],"class_list":{"0":"post-15802","1":"product","2":"type-product","3":"status-publish","4":"has-post-thumbnail","6":"product_cat-arboles-y-arbustos-de-hoja-caduca","7":"product_tag-natural-es","8":"product_tag-tallo-alto","9":"pa_altezza-massima-20-metros","10":"pa_altezza-massima-25-metros","11":"pa_colore-fioritura-amarillo","12":"pa_condizionamento-placa","13":"pa_famiglia-simaraoubaceae-es","14":"pa_genere-ailanthus-es","15":"pa_inquinamento-resistente-al-smog","16":"pa_origine-asia-oriental","17":"pa_periodo-fioritura-agosto-es","18":"pa_periodo-fioritura-julio","19":"pa_periodo-fioritura-junio","20":"pa_portamento-arrotondato-es","21":"pa_resistenza-climatica-muy-elevada","22":"pa_resistenza-del-suolo-resistente-a-los-suelos-calcareos","23":"pa_resistenza-del-suolo-resistente-a-los-suelos-pobres","24":"pa_resistenza-del-suolo-resistente-a-los-suelos-secos","25":"pa_salinita-resistente-alla-salsedine-es","26":"pa_utilizzo-avenidas","27":"pa_utilizzo-parques","29":"first","30":"instock","31":"purchasable","32":"product-type-simple"},"acf":[],"_links":{"self":[{"href":"https:\/\/innocentiemangonipiante.it\/es\/wp-json\/wp\/v2\/product\/15802","targetHints":{"allow":["GET"]}}],"collection":[{"href":"https:\/\/innocentiemangonipiante.it\/es\/wp-json\/wp\/v2\/product"}],"about":[{"href":"https:\/\/innocentiemangonipiante.it\/es\/wp-json\/wp\/v2\/types\/product"}],"wp:featuredmedia":[{"embeddable":true,"href":"https:\/\/innocentiemangonipiante.it\/es\/wp-json\/wp\/v2\/media\/638"}],"wp:attachment":[{"href":"https:\/\/innocentiemangonipiante.it\/es\/wp-json\/wp\/v2\/media?parent=15802"}],"wp:term":[{"taxonomy":"product_brand","embeddable":true,"href":"https:\/\/innocentiemangonipiante.it\/es\/wp-json\/wp\/v2\/product_brand?post=15802"},{"taxonomy":"product_cat","embeddable":true,"href":"https:\/\/innocentiemangonipiante.it\/es\/wp-json\/wp\/v2\/product_cat?post=15802"},{"taxonomy":"product_tag","embeddable":true,"href":"https:\/\/innocentiemangonipiante.it\/es\/wp-json\/wp\/v2\/product_tag?post=15802"}],"curies":[{"name":"wp","href":"https:\/\/api.w.org\/{rel}","templated":true}]}}