{"id":15806,"date":"2023-11-03T23:25:45","date_gmt":"2023-11-03T22:25:45","guid":{"rendered":"http:\/\/innocentiemangonipiante.it\/albizia-julibrissin\/"},"modified":"2023-11-08T18:31:26","modified_gmt":"2023-11-08T17:31:26","slug":"albizia-julibrissin","status":"publish","type":"product","link":"https:\/\/innocentiemangonipiante.it\/es\/albizia-julibrissin\/","title":{"rendered":"ALBIZIA julibrissin"},"content":{"rendered":"<p>\u00c1rbol caduco de tama\u00f1o medio, de porte extendido, que asume forma de c\u00fapula en edad adulta. Las hojas, de color verde claro a verde medio, son de 30 a 40 cm de largo. De julio a septiembre produce ramilletes terminales de flores de 7-15 cm de ancho de color rosa. Prefiere una exposici\u00f3n soleada, terrenos frescos y h\u00famedos.<\/p>\n","protected":false},"excerpt":{"rendered":"<p>\u00c1rbol caduco de tama\u00f1o medio, de porte extendido, que asume forma de c\u00fapula en edad adulta. Las hojas, de color verde claro a verde medio, son de 30 a 40 cm de largo. De julio a septiembre produce ramilletes terminales de flores de 7-15 cm de ancho de color rosa. Prefiere una exposici\u00f3n soleada, terrenos [&hellip;]<\/p>\n","protected":false},"featured_media":656,"template":"","meta":{"_acf_changed":false},"product_brand":[],"product_cat":[8814,9232],"product_tag":[10899,8566,8598,8402],"class_list":{"0":"post-15806","1":"product","2":"type-product","3":"status-publish","4":"has-post-thumbnail","6":"product_cat-arboles-y-arbustos-de-hoja-caduca","7":"product_cat-arboles-y-plantas-del-futuro","8":"product_tag-natural-es","9":"product_tag-medio-tallo","10":"product_tag-multitronco-es-2","11":"product_tag-tallo-alto","12":"pa_altezza-massima-500-es","13":"pa_altezza-massima-800-es","14":"pa_colore-fioritura-rosado","15":"pa_condizionamento-clt-es","16":"pa_condizionamento-placa","17":"pa_famiglia-leguminosae-es","18":"pa_genere-albizia-es","19":"pa_origine-asia-oriental","20":"pa_periodo-fioritura-agosto-es","21":"pa_periodo-fioritura-julio","22":"pa_periodo-fioritura-septiembre","23":"pa_portamento-eretto-es","24":"pa_resistenza-climatica-media-elevada","25":"pa_resistenza-del-suolo-resistente-a-los-suelos-calcareos","26":"pa_resistenza-del-suolo-resistente-a-los-suelos-secos","27":"pa_utilizzo-parques","29":"first","30":"instock","31":"purchasable","32":"product-type-simple"},"acf":[],"_links":{"self":[{"href":"https:\/\/innocentiemangonipiante.it\/es\/wp-json\/wp\/v2\/product\/15806","targetHints":{"allow":["GET"]}}],"collection":[{"href":"https:\/\/innocentiemangonipiante.it\/es\/wp-json\/wp\/v2\/product"}],"about":[{"href":"https:\/\/innocentiemangonipiante.it\/es\/wp-json\/wp\/v2\/types\/product"}],"wp:featuredmedia":[{"embeddable":true,"href":"https:\/\/innocentiemangonipiante.it\/es\/wp-json\/wp\/v2\/media\/656"}],"wp:attachment":[{"href":"https:\/\/innocentiemangonipiante.it\/es\/wp-json\/wp\/v2\/media?parent=15806"}],"wp:term":[{"taxonomy":"product_brand","embeddable":true,"href":"https:\/\/innocentiemangonipiante.it\/es\/wp-json\/wp\/v2\/product_brand?post=15806"},{"taxonomy":"product_cat","embeddable":true,"href":"https:\/\/innocentiemangonipiante.it\/es\/wp-json\/wp\/v2\/product_cat?post=15806"},{"taxonomy":"product_tag","embeddable":true,"href":"https:\/\/innocentiemangonipiante.it\/es\/wp-json\/wp\/v2\/product_tag?post=15806"}],"curies":[{"name":"wp","href":"https:\/\/api.w.org\/{rel}","templated":true}]}}