{"id":15807,"date":"2023-11-03T23:27:08","date_gmt":"2023-11-03T22:27:08","guid":{"rendered":"http:\/\/innocentiemangonipiante.it\/alnus-x-spaethii\/"},"modified":"2023-11-08T18:32:40","modified_gmt":"2023-11-08T17:32:40","slug":"alnus-x-spaethii","status":"publish","type":"product","link":"https:\/\/innocentiemangonipiante.it\/es\/alnus-x-spaethii\/","title":{"rendered":"ALNUS x spaethii"},"content":{"rendered":"<p>\u00c1rbol medio, vigoroso, de crecimiento r\u00e1pido. Muy atractivo en primavera por la abundante producci\u00f3n de racimos colgantes de color amarillo claro.<\/p>\n","protected":false},"excerpt":{"rendered":"<p>\u00c1rbol medio, vigoroso, de crecimiento r\u00e1pido. Muy atractivo en primavera por la abundante producci\u00f3n de racimos colgantes de color amarillo claro.<\/p>\n","protected":false},"featured_media":693,"template":"","meta":{"_acf_changed":false},"product_brand":[],"product_cat":[8814,9232],"product_tag":[10899,8402],"class_list":{"0":"post-15807","1":"product","2":"type-product","3":"status-publish","4":"has-post-thumbnail","6":"product_cat-arboles-y-arbustos-de-hoja-caduca","7":"product_cat-arboles-y-plantas-del-futuro","8":"product_tag-natural-es","9":"product_tag-tallo-alto","10":"pa_altezza-massima-15-metros","11":"pa_altezza-massima-20-metros","12":"pa_condizionamento-clt-es","13":"pa_condizionamento-placa","14":"pa_famiglia-betulaceae-es","15":"pa_genere-alnus-es","16":"pa_origine-alemania","17":"pa_portamento-piramidale-es","18":"pa_resistenza-climatica-muy-elevada","19":"pa_resistenza-del-suolo-resistente-a-los-suelos-calcareos","20":"pa_salinita-resistente-alla-salsedine-es","21":"pa_utilizzo-avenidas","23":"first","24":"instock","25":"purchasable","26":"product-type-simple"},"acf":[],"_links":{"self":[{"href":"https:\/\/innocentiemangonipiante.it\/es\/wp-json\/wp\/v2\/product\/15807","targetHints":{"allow":["GET"]}}],"collection":[{"href":"https:\/\/innocentiemangonipiante.it\/es\/wp-json\/wp\/v2\/product"}],"about":[{"href":"https:\/\/innocentiemangonipiante.it\/es\/wp-json\/wp\/v2\/types\/product"}],"wp:featuredmedia":[{"embeddable":true,"href":"https:\/\/innocentiemangonipiante.it\/es\/wp-json\/wp\/v2\/media\/693"}],"wp:attachment":[{"href":"https:\/\/innocentiemangonipiante.it\/es\/wp-json\/wp\/v2\/media?parent=15807"}],"wp:term":[{"taxonomy":"product_brand","embeddable":true,"href":"https:\/\/innocentiemangonipiante.it\/es\/wp-json\/wp\/v2\/product_brand?post=15807"},{"taxonomy":"product_cat","embeddable":true,"href":"https:\/\/innocentiemangonipiante.it\/es\/wp-json\/wp\/v2\/product_cat?post=15807"},{"taxonomy":"product_tag","embeddable":true,"href":"https:\/\/innocentiemangonipiante.it\/es\/wp-json\/wp\/v2\/product_tag?post=15807"}],"curies":[{"name":"wp","href":"https:\/\/api.w.org\/{rel}","templated":true}]}}