{"id":15810,"date":"2023-11-03T23:26:50","date_gmt":"2023-11-03T22:26:50","guid":{"rendered":"http:\/\/innocentiemangonipiante.it\/alnus-glutinosa\/"},"modified":"2023-11-08T18:32:30","modified_gmt":"2023-11-08T17:32:30","slug":"alnus-glutinosa","status":"publish","type":"product","link":"https:\/\/innocentiemangonipiante.it\/es\/alnus-glutinosa\/","title":{"rendered":"ALNUS glutinosa"},"content":{"rendered":"<p>El porte anchamente c\u00f3nico con hojas ovadas, verde oscuro. A final de invierno produce una abundante cantidad de amentos colgantes de color amarillo dorado. Crecimiento r\u00e1pido, prefiere suelos h\u00famedos y f\u00e9rtiles. Sensible a los rayos U.V. directos a nivel del tronco. Mejor proteger.<\/p>\n","protected":false},"excerpt":{"rendered":"<p>El porte anchamente c\u00f3nico con hojas ovadas, verde oscuro. A final de invierno produce una abundante cantidad de amentos colgantes de color amarillo dorado. Crecimiento r\u00e1pido, prefiere suelos h\u00famedos y f\u00e9rtiles. Sensible a los rayos U.V. directos a nivel del tronco. Mejor proteger.<\/p>\n","protected":false},"featured_media":675,"template":"","meta":{"_acf_changed":false},"product_brand":[],"product_cat":[8814],"product_tag":[10899,8402],"class_list":{"0":"post-15810","1":"product","2":"type-product","3":"status-publish","4":"has-post-thumbnail","6":"product_cat-arboles-y-arbustos-de-hoja-caduca","7":"product_tag-natural-es","8":"product_tag-tallo-alto","9":"pa_altezza-massima-1000-es-2","10":"pa_altezza-massima-15-metros","11":"pa_condizionamento-clt-es","12":"pa_condizionamento-placa","13":"pa_famiglia-betulaceae-es","14":"pa_genere-alnus-es","15":"pa_inquinamento-resistente-al-smog","16":"pa_origine-sur-de-europa-es","17":"pa_portamento-piramidale-es","18":"pa_resistenza-climatica-muy-elevada","19":"pa_resistenza-del-suolo-resistente-a-los-suelos-calcareos","20":"pa_salinita-resistente-alla-salsedine-es","21":"pa_utilizzo-parques","23":"first","24":"instock","25":"purchasable","26":"product-type-simple"},"acf":[],"_links":{"self":[{"href":"https:\/\/innocentiemangonipiante.it\/es\/wp-json\/wp\/v2\/product\/15810","targetHints":{"allow":["GET"]}}],"collection":[{"href":"https:\/\/innocentiemangonipiante.it\/es\/wp-json\/wp\/v2\/product"}],"about":[{"href":"https:\/\/innocentiemangonipiante.it\/es\/wp-json\/wp\/v2\/types\/product"}],"wp:featuredmedia":[{"embeddable":true,"href":"https:\/\/innocentiemangonipiante.it\/es\/wp-json\/wp\/v2\/media\/675"}],"wp:attachment":[{"href":"https:\/\/innocentiemangonipiante.it\/es\/wp-json\/wp\/v2\/media?parent=15810"}],"wp:term":[{"taxonomy":"product_brand","embeddable":true,"href":"https:\/\/innocentiemangonipiante.it\/es\/wp-json\/wp\/v2\/product_brand?post=15810"},{"taxonomy":"product_cat","embeddable":true,"href":"https:\/\/innocentiemangonipiante.it\/es\/wp-json\/wp\/v2\/product_cat?post=15810"},{"taxonomy":"product_tag","embeddable":true,"href":"https:\/\/innocentiemangonipiante.it\/es\/wp-json\/wp\/v2\/product_tag?post=15810"}],"curies":[{"name":"wp","href":"https:\/\/api.w.org\/{rel}","templated":true}]}}