{"id":15811,"date":"2023-11-03T23:26:38","date_gmt":"2023-11-03T22:26:38","guid":{"rendered":"http:\/\/innocentiemangonipiante.it\/alnus-cordata\/"},"modified":"2023-11-08T18:32:23","modified_gmt":"2023-11-08T17:32:23","slug":"alnus-cordata","status":"publish","type":"product","link":"https:\/\/innocentiemangonipiante.it\/es\/alnus-cordata\/","title":{"rendered":"ALNUS cordata"},"content":{"rendered":"<p>\u00c1rbol c\u00f3nico con hojas verde sombrio. Bonita coloraci\u00f3n oto\u00f1ale. Muy interessante por la capacidad de adaptarse a tierra pobre y inundada. Muy bonito como rompeviento.<\/p>\n","protected":false},"excerpt":{"rendered":"<p>\u00c1rbol c\u00f3nico con hojas verde sombrio. Bonita coloraci\u00f3n oto\u00f1ale. Muy interessante por la capacidad de adaptarse a tierra pobre y inundada. Muy bonito como rompeviento.<\/p>\n","protected":false},"featured_media":669,"template":"","meta":{"_acf_changed":false},"product_brand":[],"product_cat":[8814],"product_tag":[10899,8402],"class_list":{"0":"post-15811","1":"product","2":"type-product","3":"status-publish","4":"has-post-thumbnail","6":"product_cat-arboles-y-arbustos-de-hoja-caduca","7":"product_tag-natural-es","8":"product_tag-tallo-alto","9":"pa_altezza-massima-1000-es-2","10":"pa_altezza-massima-15-metros","11":"pa_condizionamento-placa","12":"pa_famiglia-betulaceae-es","13":"pa_genere-alnus-es","14":"pa_inquinamento-resistente-al-smog","15":"pa_origine-corcega","16":"pa_origine-italia-es","17":"pa_portamento-piramidale-es","18":"pa_resistenza-climatica-muy-elevada","19":"pa_resistenza-del-suolo-resistente-a-la-humedad","20":"pa_resistenza-del-suolo-resistente-a-los-suelos-pobres","21":"pa_utilizzo-avenidas","22":"pa_utilizzo-setos","24":"first","25":"instock","26":"purchasable","27":"product-type-simple"},"acf":[],"_links":{"self":[{"href":"https:\/\/innocentiemangonipiante.it\/es\/wp-json\/wp\/v2\/product\/15811","targetHints":{"allow":["GET"]}}],"collection":[{"href":"https:\/\/innocentiemangonipiante.it\/es\/wp-json\/wp\/v2\/product"}],"about":[{"href":"https:\/\/innocentiemangonipiante.it\/es\/wp-json\/wp\/v2\/types\/product"}],"wp:featuredmedia":[{"embeddable":true,"href":"https:\/\/innocentiemangonipiante.it\/es\/wp-json\/wp\/v2\/media\/669"}],"wp:attachment":[{"href":"https:\/\/innocentiemangonipiante.it\/es\/wp-json\/wp\/v2\/media?parent=15811"}],"wp:term":[{"taxonomy":"product_brand","embeddable":true,"href":"https:\/\/innocentiemangonipiante.it\/es\/wp-json\/wp\/v2\/product_brand?post=15811"},{"taxonomy":"product_cat","embeddable":true,"href":"https:\/\/innocentiemangonipiante.it\/es\/wp-json\/wp\/v2\/product_cat?post=15811"},{"taxonomy":"product_tag","embeddable":true,"href":"https:\/\/innocentiemangonipiante.it\/es\/wp-json\/wp\/v2\/product_tag?post=15811"}],"curies":[{"name":"wp","href":"https:\/\/api.w.org\/{rel}","templated":true}]}}