{"id":15816,"date":"2023-11-03T23:29:45","date_gmt":"2023-11-03T22:29:45","guid":{"rendered":"http:\/\/innocentiemangonipiante.it\/araucaria-araucana\/"},"modified":"2023-11-09T08:51:22","modified_gmt":"2023-11-09T07:51:22","slug":"araucaria-araucana","status":"publish","type":"product","link":"https:\/\/innocentiemangonipiante.it\/es\/araucaria-araucana\/","title":{"rendered":"ARAUCARIA araucana"},"content":{"rendered":"<p>Con\u00edfera de porte c\u00f3nico que asume una forma redondeada con los a\u00f1os. Las hojas son r\u00edgidas, de forma triangular, puntiagudas, de color verde oscuro brillante, dispuestas en espiral a lo largo de toda la rama. Exposici\u00f3n: soleada. Terrenos: ligeros y no demasiado ricos en caliza. Es resistente al viento y al ambiente urbano.<\/p>\n","protected":false},"excerpt":{"rendered":"<p>Con\u00edfera de porte c\u00f3nico que asume una forma redondeada con los a\u00f1os. Las hojas son r\u00edgidas, de forma triangular, puntiagudas, de color verde oscuro brillante, dispuestas en espiral a lo largo de toda la rama. Exposici\u00f3n: soleada. Terrenos: ligeros y no demasiado ricos en caliza. Es resistente al viento y al ambiente urbano.<\/p>\n","protected":false},"featured_media":730,"template":"","meta":{"_acf_changed":false},"product_brand":[],"product_cat":[8826],"product_tag":[10899],"class_list":{"0":"post-15816","1":"product","2":"type-product","3":"status-publish","4":"has-post-thumbnail","6":"product_cat-coniferas","7":"product_tag-natural-es","8":"pa_altezza-massima-20-metros","9":"pa_altezza-massima-30-metros","10":"pa_condizionamento-clt-es","11":"pa_condizionamento-vs-es","12":"pa_famiglia-araucariaceae-es","13":"pa_genere-araucaria-es","14":"pa_origine-sudamerica","15":"pa_portamento-piramidale-es","16":"pa_resistenza-climatica-muy-elevada","17":"pa_resistenza-del-suolo-resistente-a-la-humedad","18":"pa_utilizzo-parques","20":"first","21":"instock","22":"purchasable","23":"product-type-simple"},"acf":[],"_links":{"self":[{"href":"https:\/\/innocentiemangonipiante.it\/es\/wp-json\/wp\/v2\/product\/15816","targetHints":{"allow":["GET"]}}],"collection":[{"href":"https:\/\/innocentiemangonipiante.it\/es\/wp-json\/wp\/v2\/product"}],"about":[{"href":"https:\/\/innocentiemangonipiante.it\/es\/wp-json\/wp\/v2\/types\/product"}],"wp:featuredmedia":[{"embeddable":true,"href":"https:\/\/innocentiemangonipiante.it\/es\/wp-json\/wp\/v2\/media\/730"}],"wp:attachment":[{"href":"https:\/\/innocentiemangonipiante.it\/es\/wp-json\/wp\/v2\/media?parent=15816"}],"wp:term":[{"taxonomy":"product_brand","embeddable":true,"href":"https:\/\/innocentiemangonipiante.it\/es\/wp-json\/wp\/v2\/product_brand?post=15816"},{"taxonomy":"product_cat","embeddable":true,"href":"https:\/\/innocentiemangonipiante.it\/es\/wp-json\/wp\/v2\/product_cat?post=15816"},{"taxonomy":"product_tag","embeddable":true,"href":"https:\/\/innocentiemangonipiante.it\/es\/wp-json\/wp\/v2\/product_tag?post=15816"}],"curies":[{"name":"wp","href":"https:\/\/api.w.org\/{rel}","templated":true}]}}