{"id":15817,"date":"2023-11-03T23:29:59","date_gmt":"2023-11-03T22:29:59","guid":{"rendered":"http:\/\/innocentiemangonipiante.it\/arbutus-unedo\/"},"modified":"2023-11-09T08:52:05","modified_gmt":"2023-11-09T07:52:05","slug":"arbutus-unedo","status":"publish","type":"product","link":"https:\/\/innocentiemangonipiante.it\/es\/arbutus-unedo\/","title":{"rendered":"ARBUTUS unedo"},"content":{"rendered":"<p>\u00c1rbol o arbusto perenne de follaje de color verde intenso l\u00facido. La corteza es rugosa, de color rojo-marr\u00f3n. Las flores de color blanco-crema, a veces difuminadas de rosa, est\u00e1n dispuestas en panojas colgantes de 5-10 cm de dimensi\u00f3n. Los frutos, de color rojo, comestibles, de forma redondeada y con un di\u00e1metro de unos 2 cm, maduran en el oto\u00f1o del a\u00f1o sucesivo.<\/p>\n","protected":false},"excerpt":{"rendered":"<p>\u00c1rbol o arbusto perenne de follaje de color verde intenso l\u00facido. La corteza es rugosa, de color rojo-marr\u00f3n. Las flores de color blanco-crema, a veces difuminadas de rosa, est\u00e1n dispuestas en panojas colgantes de 5-10 cm de dimensi\u00f3n. Los frutos, de color rojo, comestibles, de forma redondeada y con un di\u00e1metro de unos 2 cm, [&hellip;]<\/p>\n","protected":false},"featured_media":736,"template":"","meta":{"_acf_changed":false},"product_brand":[],"product_cat":[8815,9232],"product_tag":[10899,8545,8566,8598,8500,8402,8790],"class_list":{"0":"post-15817","1":"product","2":"type-product","3":"status-publish","4":"has-post-thumbnail","6":"product_cat-arboles-y-arbustos-persistentes","7":"product_cat-arboles-y-plantas-del-futuro","8":"product_tag-natural-es","9":"product_tag-ejemplar","10":"product_tag-medio-tallo","11":"product_tag-multitronco-es-2","12":"product_tag-multitronco-con-copa-sombrilla","13":"product_tag-tallo-alto","14":"product_tag-troncos-viejos","15":"pa_altezza-massima-600-es","16":"pa_altezza-massima-12-metros","17":"pa_colore-fioritura-blanco","18":"pa_condizionamento-clt-es","19":"pa_condizionamento-vs-es","20":"pa_famiglia-ericaceae-es","21":"pa_genere-arbutus-es","22":"pa_origine-sur-de-europa-es","23":"pa_periodo-fioritura-noviembre","24":"pa_periodo-fioritura-octubre","25":"pa_periodo-fruttificazione-noviembre","26":"pa_portamento-arrotondato-es","27":"pa_resistenza-climatica-media-elevada","28":"pa_resistenza-del-suolo-resistente-a-los-suelos-calcareos","29":"pa_resistenza-del-suolo-resistente-a-los-suelos-secos","30":"pa_salinita-resistente-alla-salsedine-es","31":"pa_utilizzo-parques","32":"pa_utilizzo-pequenos-jardines","34":"first","35":"instock","36":"purchasable","37":"product-type-simple"},"acf":[],"_links":{"self":[{"href":"https:\/\/innocentiemangonipiante.it\/es\/wp-json\/wp\/v2\/product\/15817","targetHints":{"allow":["GET"]}}],"collection":[{"href":"https:\/\/innocentiemangonipiante.it\/es\/wp-json\/wp\/v2\/product"}],"about":[{"href":"https:\/\/innocentiemangonipiante.it\/es\/wp-json\/wp\/v2\/types\/product"}],"wp:featuredmedia":[{"embeddable":true,"href":"https:\/\/innocentiemangonipiante.it\/es\/wp-json\/wp\/v2\/media\/736"}],"wp:attachment":[{"href":"https:\/\/innocentiemangonipiante.it\/es\/wp-json\/wp\/v2\/media?parent=15817"}],"wp:term":[{"taxonomy":"product_brand","embeddable":true,"href":"https:\/\/innocentiemangonipiante.it\/es\/wp-json\/wp\/v2\/product_brand?post=15817"},{"taxonomy":"product_cat","embeddable":true,"href":"https:\/\/innocentiemangonipiante.it\/es\/wp-json\/wp\/v2\/product_cat?post=15817"},{"taxonomy":"product_tag","embeddable":true,"href":"https:\/\/innocentiemangonipiante.it\/es\/wp-json\/wp\/v2\/product_tag?post=15817"}],"curies":[{"name":"wp","href":"https:\/\/api.w.org\/{rel}","templated":true}]}}