{"id":15843,"date":"2023-11-03T23:40:53","date_gmt":"2023-11-03T22:40:53","guid":{"rendered":"http:\/\/innocentiemangonipiante.it\/bambusa-pseudosasa-japonica\/"},"modified":"2023-11-09T09:02:33","modified_gmt":"2023-11-09T08:02:33","slug":"bambusa-pseudosasa-japonica","status":"publish","type":"product","link":"https:\/\/innocentiemangonipiante.it\/es\/bambusa-pseudosasa-japonica\/","title":{"rendered":"BAMBUSA Pseudosasa japonica"},"content":{"rendered":"<p>Bamb\u00fa de medio desarrollo y de porte extendido. Los tallos finos son de color verde oliva cuando son j\u00f3venes y beige p\u00e1lido cuando son maduros. Las hojas, de porte colgante, son grandes, oblongas, de hasta 35 cm de longitud, de color verde oscuro. Variedad particularmente decorativa y muy resistente al hielo.<\/p>\n","protected":false},"excerpt":{"rendered":"<p>Bamb\u00fa de medio desarrollo y de porte extendido. Los tallos finos son de color verde oliva cuando son j\u00f3venes y beige p\u00e1lido cuando son maduros. Las hojas, de porte colgante, son grandes, oblongas, de hasta 35 cm de longitud, de color verde oscuro. Variedad particularmente decorativa y muy resistente al hielo.<\/p>\n","protected":false},"featured_media":981,"template":"","meta":{"_acf_changed":false},"product_brand":[],"product_cat":[8822],"product_tag":[10899,8494],"class_list":{"0":"post-15843","1":"product","2":"type-product","3":"status-publish","4":"has-post-thumbnail","6":"product_cat-bambu-es","7":"product_tag-natural-es","8":"product_tag-jardinera","9":"pa_altezza-massima-400-es","10":"pa_altezza-massima-600-es","11":"pa_condizionamento-clt-es","12":"pa_famiglia-graminaceae-es","13":"pa_genere-bambusa-es","14":"pa_origine-asia-oriental","15":"pa_portamento-de-columna-es","16":"pa_resistenza-climatica-muy-elevada","17":"pa_resistenza-del-suolo-resistente-a-la-humedad","18":"pa_utilizzo-parques","19":"pa_utilizzo-pequenos-jardines","20":"pa_utilizzo-setos","22":"first","23":"instock","24":"purchasable","25":"product-type-simple"},"acf":[],"_links":{"self":[{"href":"https:\/\/innocentiemangonipiante.it\/es\/wp-json\/wp\/v2\/product\/15843","targetHints":{"allow":["GET"]}}],"collection":[{"href":"https:\/\/innocentiemangonipiante.it\/es\/wp-json\/wp\/v2\/product"}],"about":[{"href":"https:\/\/innocentiemangonipiante.it\/es\/wp-json\/wp\/v2\/types\/product"}],"wp:featuredmedia":[{"embeddable":true,"href":"https:\/\/innocentiemangonipiante.it\/es\/wp-json\/wp\/v2\/media\/981"}],"wp:attachment":[{"href":"https:\/\/innocentiemangonipiante.it\/es\/wp-json\/wp\/v2\/media?parent=15843"}],"wp:term":[{"taxonomy":"product_brand","embeddable":true,"href":"https:\/\/innocentiemangonipiante.it\/es\/wp-json\/wp\/v2\/product_brand?post=15843"},{"taxonomy":"product_cat","embeddable":true,"href":"https:\/\/innocentiemangonipiante.it\/es\/wp-json\/wp\/v2\/product_cat?post=15843"},{"taxonomy":"product_tag","embeddable":true,"href":"https:\/\/innocentiemangonipiante.it\/es\/wp-json\/wp\/v2\/product_tag?post=15843"}],"curies":[{"name":"wp","href":"https:\/\/api.w.org\/{rel}","templated":true}]}}