{"id":15846,"date":"2023-11-03T23:40:35","date_gmt":"2023-11-03T22:40:35","guid":{"rendered":"http:\/\/innocentiemangonipiante.it\/bambusa-pleioblastus-fortunei\/"},"modified":"2023-11-09T09:02:16","modified_gmt":"2023-11-09T08:02:16","slug":"bambusa-pleioblastus-fortunei","status":"publish","type":"product","link":"https:\/\/innocentiemangonipiante.it\/es\/bambusa-pleioblastus-fortunei\/","title":{"rendered":"BAMBUSA Pleioblastus fortunei"},"content":{"rendered":"<p>Bamb\u00fa enano de porte erguido. Las ca\u00f1as huecas son de color verde p\u00e1lido. Las hojas lineales, de unos 14-15 cm de largo, son de color verde oscuro con un estriado de color crema.<\/p>\n","protected":false},"excerpt":{"rendered":"<p>Bamb\u00fa enano de porte erguido. Las ca\u00f1as huecas son de color verde p\u00e1lido. Las hojas lineales, de unos 14-15 cm de largo, son de color verde oscuro con un estriado de color crema.<\/p>\n","protected":false},"featured_media":963,"template":"","meta":{"_acf_changed":false},"product_brand":[],"product_cat":[8822],"product_tag":[10899],"class_list":{"0":"post-15846","1":"product","2":"type-product","3":"status-publish","4":"has-post-thumbnail","6":"product_cat-bambu-es","7":"product_tag-natural-es","8":"pa_altezza-massima-0_80-metros","9":"pa_altezza-massima-130-es","10":"pa_condizionamento-clt-es","11":"pa_famiglia-graminaceae-es","12":"pa_genere-bambusa-es","13":"pa_origine-asia-oriental","14":"pa_portamento-de-columna-es","15":"pa_resistenza-climatica-media-elevada","16":"pa_utilizzo-balcones","17":"pa_utilizzo-pequenos-jardines","19":"first","20":"instock","21":"purchasable","22":"product-type-simple"},"acf":[],"_links":{"self":[{"href":"https:\/\/innocentiemangonipiante.it\/es\/wp-json\/wp\/v2\/product\/15846","targetHints":{"allow":["GET"]}}],"collection":[{"href":"https:\/\/innocentiemangonipiante.it\/es\/wp-json\/wp\/v2\/product"}],"about":[{"href":"https:\/\/innocentiemangonipiante.it\/es\/wp-json\/wp\/v2\/types\/product"}],"wp:featuredmedia":[{"embeddable":true,"href":"https:\/\/innocentiemangonipiante.it\/es\/wp-json\/wp\/v2\/media\/963"}],"wp:attachment":[{"href":"https:\/\/innocentiemangonipiante.it\/es\/wp-json\/wp\/v2\/media?parent=15846"}],"wp:term":[{"taxonomy":"product_brand","embeddable":true,"href":"https:\/\/innocentiemangonipiante.it\/es\/wp-json\/wp\/v2\/product_brand?post=15846"},{"taxonomy":"product_cat","embeddable":true,"href":"https:\/\/innocentiemangonipiante.it\/es\/wp-json\/wp\/v2\/product_cat?post=15846"},{"taxonomy":"product_tag","embeddable":true,"href":"https:\/\/innocentiemangonipiante.it\/es\/wp-json\/wp\/v2\/product_tag?post=15846"}],"curies":[{"name":"wp","href":"https:\/\/api.w.org\/{rel}","templated":true}]}}