{"id":15849,"date":"2023-11-03T23:40:21","date_gmt":"2023-11-03T22:40:21","guid":{"rendered":"http:\/\/innocentiemangonipiante.it\/bambusa-phyllostachys-vivax-aureocaulis\/"},"modified":"2023-11-09T09:02:05","modified_gmt":"2023-11-09T08:02:05","slug":"bambusa-phyllostachys-vivax-aureocaulis","status":"publish","type":"product","link":"https:\/\/innocentiemangonipiante.it\/es\/bambusa-phyllostachys-vivax-aureocaulis\/","title":{"rendered":"BAMBUSA Phyllostachys vivax &#8216;Aureocaulis&#8217;"},"content":{"rendered":"<p>Bamb\u00fa de gran nivel de crecimiento. El follaje es del t\u00edpico color verde brillante. Los tallos alcanzan un di\u00e1metro de 1-1,5 cm y son de un color que va del verde al amarillo al naranja. Las nuevas vegetaciones se ti\u00f1en de rosa y rojo si est\u00e1n expuestas al sol. Muy resistente a las temperaturas bayas.<\/p>\n","protected":false},"excerpt":{"rendered":"<p>Bamb\u00fa de gran nivel de crecimiento. El follaje es del t\u00edpico color verde brillante. Los tallos alcanzan un di\u00e1metro de 1-1,5 cm y son de un color que va del verde al amarillo al naranja. Las nuevas vegetaciones se ti\u00f1en de rosa y rojo si est\u00e1n expuestas al sol. Muy resistente a las temperaturas bayas.<\/p>\n","protected":false},"featured_media":951,"template":"","meta":{"_acf_changed":false},"product_brand":[],"product_cat":[8822],"product_tag":[10899],"class_list":{"0":"post-15849","1":"product","2":"type-product","3":"status-publish","4":"has-post-thumbnail","6":"product_cat-bambu-es","7":"product_tag-natural-es","8":"pa_altezza-massima-1000-es-2","9":"pa_altezza-massima-15-metros","10":"pa_condizionamento-clt-es","11":"pa_famiglia-graminaceae-es","12":"pa_genere-bambusa-es","13":"pa_origine-asia-oriental","14":"pa_portamento-de-columna-es","15":"pa_resistenza-climatica-muy-elevada","16":"pa_resistenza-del-suolo-resistente-a-la-humedad","17":"pa_utilizzo-parques","18":"pa_utilizzo-setos","20":"first","21":"instock","22":"purchasable","23":"product-type-simple"},"acf":[],"_links":{"self":[{"href":"https:\/\/innocentiemangonipiante.it\/es\/wp-json\/wp\/v2\/product\/15849","targetHints":{"allow":["GET"]}}],"collection":[{"href":"https:\/\/innocentiemangonipiante.it\/es\/wp-json\/wp\/v2\/product"}],"about":[{"href":"https:\/\/innocentiemangonipiante.it\/es\/wp-json\/wp\/v2\/types\/product"}],"wp:featuredmedia":[{"embeddable":true,"href":"https:\/\/innocentiemangonipiante.it\/es\/wp-json\/wp\/v2\/media\/951"}],"wp:attachment":[{"href":"https:\/\/innocentiemangonipiante.it\/es\/wp-json\/wp\/v2\/media?parent=15849"}],"wp:term":[{"taxonomy":"product_brand","embeddable":true,"href":"https:\/\/innocentiemangonipiante.it\/es\/wp-json\/wp\/v2\/product_brand?post=15849"},{"taxonomy":"product_cat","embeddable":true,"href":"https:\/\/innocentiemangonipiante.it\/es\/wp-json\/wp\/v2\/product_cat?post=15849"},{"taxonomy":"product_tag","embeddable":true,"href":"https:\/\/innocentiemangonipiante.it\/es\/wp-json\/wp\/v2\/product_tag?post=15849"}],"curies":[{"name":"wp","href":"https:\/\/api.w.org\/{rel}","templated":true}]}}