{"id":15852,"date":"2023-11-03T23:39:46","date_gmt":"2023-11-03T22:39:46","guid":{"rendered":"http:\/\/innocentiemangonipiante.it\/bambusa-phyllostachys-bissetii\/"},"modified":"2023-11-09T09:01:29","modified_gmt":"2023-11-09T08:01:29","slug":"bambusa-phyllostachys-bissetii","status":"publish","type":"product","link":"https:\/\/innocentiemangonipiante.it\/es\/bambusa-phyllostachys-bissetii\/","title":{"rendered":"BAMBUSA Phyllostachys bissetii"},"content":{"rendered":"<p>Medio desarrollo. Los tallos, de color verde intenso, alcanzan un di\u00e1metro de 2,5-3,0 cm. Las hojas, tambi\u00e9n de un precioso color verde, son lanceoladas y alcanzan los 12-15 cm. Muy especial por la elevada resistencia al fr\u00edo (25\u00ba).<\/p>\n","protected":false},"excerpt":{"rendered":"<p>Medio desarrollo. Los tallos, de color verde intenso, alcanzan un di\u00e1metro de 2,5-3,0 cm. Las hojas, tambi\u00e9n de un precioso color verde, son lanceoladas y alcanzan los 12-15 cm. Muy especial por la elevada resistencia al fr\u00edo (25\u00ba).<\/p>\n","protected":false},"featured_media":932,"template":"","meta":{"_acf_changed":false},"product_brand":[],"product_cat":[8822],"product_tag":[10899,8494,8500],"class_list":{"0":"post-15852","1":"product","2":"type-product","3":"status-publish","4":"has-post-thumbnail","6":"product_cat-bambu-es","7":"product_tag-natural-es","8":"product_tag-jardinera","9":"product_tag-multitronco-con-copa-sombrilla","10":"pa_altezza-massima-500-es","11":"pa_altezza-massima-800-es","12":"pa_condizionamento-bol","13":"pa_condizionamento-clt-es","14":"pa_famiglia-graminaceae-es","15":"pa_genere-bambusa-es","16":"pa_origine-asia-oriental","17":"pa_portamento-de-columna-es","18":"pa_resistenza-climatica-muy-elevada","19":"pa_resistenza-del-suolo-resistente-a-la-humedad","20":"pa_utilizzo-parques","21":"pa_utilizzo-pequenos-jardines","22":"pa_utilizzo-setos","24":"first","25":"instock","26":"purchasable","27":"product-type-simple"},"acf":[],"_links":{"self":[{"href":"https:\/\/innocentiemangonipiante.it\/es\/wp-json\/wp\/v2\/product\/15852","targetHints":{"allow":["GET"]}}],"collection":[{"href":"https:\/\/innocentiemangonipiante.it\/es\/wp-json\/wp\/v2\/product"}],"about":[{"href":"https:\/\/innocentiemangonipiante.it\/es\/wp-json\/wp\/v2\/types\/product"}],"wp:featuredmedia":[{"embeddable":true,"href":"https:\/\/innocentiemangonipiante.it\/es\/wp-json\/wp\/v2\/media\/932"}],"wp:attachment":[{"href":"https:\/\/innocentiemangonipiante.it\/es\/wp-json\/wp\/v2\/media?parent=15852"}],"wp:term":[{"taxonomy":"product_brand","embeddable":true,"href":"https:\/\/innocentiemangonipiante.it\/es\/wp-json\/wp\/v2\/product_brand?post=15852"},{"taxonomy":"product_cat","embeddable":true,"href":"https:\/\/innocentiemangonipiante.it\/es\/wp-json\/wp\/v2\/product_cat?post=15852"},{"taxonomy":"product_tag","embeddable":true,"href":"https:\/\/innocentiemangonipiante.it\/es\/wp-json\/wp\/v2\/product_tag?post=15852"}],"curies":[{"name":"wp","href":"https:\/\/api.w.org\/{rel}","templated":true}]}}